{"id":1101,"date":"2025-02-15T07:05:58","date_gmt":"2025-02-15T07:05:58","guid":{"rendered":"https:\/\/www.packagingofchina.com\/?post_type=product&#038;p=1101"},"modified":"2025-02-15T07:05:58","modified_gmt":"2025-02-15T07:05:58","slug":"custom-cat-food-pouches","status":"publish","type":"product","link":"https:\/\/www.packagingofchina.com\/de\/product\/custom-cat-food-pouches\/","title":{"rendered":"Benutzerdefinierte Katzenfutter Beutel, gro\u00dfe Kapazit\u00e4t Haustier Verpackung Taschen L\u00f6sung"},"content":{"rendered":"<div class=\"wp-block-columns is-layout-flex wp-container-core-columns-is-layout-9d6595d7 wp-block-columns-is-layout-flex\">\n<div class=\"wp-block-column is-layout-flow wp-block-column-is-layout-flow\">\n<h3 class=\"wp-block-heading\">Features of Custom Cat Food Pouches<\/h3>\n\n\n\n<ul class=\"wp-block-list\">\n<li><strong>Umweltvertr\u00e4gliche Materialien<\/strong>: Custom cat food pouches using recyclable or biodegradable plastics, keeping pace with the environment, with lighter loads on the environment.<\/li>\n<\/ul>\n\n\n\n<p><\/p>\n\n\n\n<ul class=\"wp-block-list\">\n<li><strong>Sealed Design<\/strong>: High-tech sealing technology seals in the food&#8217;s freshness and nutritional value, keeps out air, moisture, and sunlight, and keeps food fresh for a long time.<\/li>\n<\/ul>\n\n\n\n<p><\/p>\n\n\n\n<ul class=\"wp-block-list\">\n<li><strong>Bequemlichkeit<\/strong>: Light in weight and easy to store, can be used outdoors or during travel, and convenient for pet owners to serve.<\/li>\n<\/ul>\n\n\n\n<ul class=\"wp-block-list\">\n<li><strong>Large Capacity<\/strong>: Custom cat food pouches hold up to 3kg of dry pet food, reducing the number of additions and saving you time.<\/li>\n<\/ul>\n\n\n\n<ul class=\"wp-block-list\">\n<li><strong>Moisture-Proof and Moisture-Proof<\/strong>: Special moisture-proof film structure prevents the cat food from being wet and extends the shelf life. <\/li>\n<\/ul>\n\n\n\n<p><\/p>\n\n\n\n<ul class=\"wp-block-list\">\n<li><strong>Customized Printing<\/strong>: Patterns, logos, and data can be tailored according to the brand&#8217;s needs to make the packaging stand out and boost the brand image.<\/li>\n<\/ul>\n<\/div>\n\n\n\n<div class=\"wp-block-column is-layout-flow wp-block-column-is-layout-flow\">\n<figure class=\"wp-block-image size-full\"><img decoding=\"async\" width=\"1476\" height=\"1476\" src=\"https:\/\/www.packagingofchina.com\/wp-content\/uploads\/2025\/02\/Custom-Pet-Food-PackagingY2302\uff0806\uff09-3.webp\" alt=\"Individuelle Katzenfutterbeutel - Y2302 (3)\" class=\"wp-image-1104\" srcset=\"https:\/\/www.packagingofchina.com\/wp-content\/uploads\/2025\/02\/Custom-Pet-Food-PackagingY2302\uff0806\uff09-3.webp 1476w, https:\/\/www.packagingofchina.com\/wp-content\/uploads\/2025\/02\/Custom-Pet-Food-PackagingY2302\uff0806\uff09-3-300x300.webp 300w, https:\/\/www.packagingofchina.com\/wp-content\/uploads\/2025\/02\/Custom-Pet-Food-PackagingY2302\uff0806\uff09-3-150x150.webp 150w, https:\/\/www.packagingofchina.com\/wp-content\/uploads\/2025\/02\/Custom-Pet-Food-PackagingY2302\uff0806\uff09-3-768x768.webp 768w, https:\/\/www.packagingofchina.com\/wp-content\/uploads\/2025\/02\/Custom-Pet-Food-PackagingY2302\uff0806\uff09-3-12x12.webp 12w, https:\/\/www.packagingofchina.com\/wp-content\/uploads\/2025\/02\/Custom-Pet-Food-PackagingY2302\uff0806\uff09-3-1200x1200.webp 1200w, https:\/\/www.packagingofchina.com\/wp-content\/uploads\/2025\/02\/Custom-Pet-Food-PackagingY2302\uff0806\uff09-3-600x600.webp 600w, https:\/\/www.packagingofchina.com\/wp-content\/uploads\/2025\/02\/Custom-Pet-Food-PackagingY2302\uff0806\uff09-3-100x100.webp 100w\" sizes=\"(max-width: 1476px) 100vw, 1476px\" \/><\/figure>\n<\/div>\n<\/div>\n\n\n\n<p><\/p>","protected":false},"excerpt":{"rendered":"<p>Our custom cat food pouches are produced using green materials and sophisticated sealing technology to maintain the freshness of the food and the nutrients contained therein. Meanwhile, they are water-proof and easy to store and transport. Customized designs enhance brand image and are your best option for pet food packaging. Let us help create the perfect packaging for your brand!<\/p>\n<h2>Parameters of Cat Food Pouches<\/h2>\n<ul>\n<li>Material: PET\/PE, PET\/NY\/PE, PET\/AL\/NY\/PE, usw.<\/li>\n<li>Bag Type: Custom Quad Seal Pouch for Pet Food<\/li>\n<li>Gr\u00f6\u00dfe des Beutels: Benutzerdefiniert<\/li>\n<li>Kundenspezifische Bestellung: Akzeptieren Sie OEM &amp; ODM<\/li>\n<li>Kostenlose Probe: Unterst\u00fctzung<\/li>\n<li>Usage: Snack Food, Baked, Confectionery<\/li>\n<li>Oberfl\u00e4chenbehandlung: Tiefdruck<\/li>\n<li>Farbe: Kann bis zu 10 Farben drucken<\/li>\n<li>Zertifizierungen: FDA, ISO, BRC, Sedex<\/li>\n<li>Zielm\u00e4rkte: \u00dcberall auf der Welt<\/li>\n<\/ul>","protected":false},"featured_media":1104,"comment_status":"closed","ping_status":"closed","template":"","meta":{"_acf_changed":false},"flexible-packaging":[28],"solution":[51,37,35],"product_brand":[],"product_cat":[16,44],"product_tag":[],"class_list":{"0":"post-1101","1":"product","2":"type-product","3":"status-publish","4":"has-post-thumbnail","6":"flexible-packaging-custom-quad-seal-pouch","7":"solution-moisture-proof","8":"solution-puncture-resistance","9":"solution-superior-resistance","10":"product_cat-custom-pet-care-packaging","11":"product_cat-dry-pet-food-packaging-wholesale","13":"first","14":"instock","15":"shipping-taxable","16":"product-type-simple"},"acf":[],"_links":{"self":[{"href":"https:\/\/www.packagingofchina.com\/de\/wp-json\/wp\/v2\/product\/1101","targetHints":{"allow":["GET"]}}],"collection":[{"href":"https:\/\/www.packagingofchina.com\/de\/wp-json\/wp\/v2\/product"}],"about":[{"href":"https:\/\/www.packagingofchina.com\/de\/wp-json\/wp\/v2\/types\/product"}],"replies":[{"embeddable":true,"href":"https:\/\/www.packagingofchina.com\/de\/wp-json\/wp\/v2\/comments?post=1101"}],"wp:featuredmedia":[{"embeddable":true,"href":"https:\/\/www.packagingofchina.com\/de\/wp-json\/wp\/v2\/media\/1104"}],"wp:attachment":[{"href":"https:\/\/www.packagingofchina.com\/de\/wp-json\/wp\/v2\/media?parent=1101"}],"wp:term":[{"taxonomy":"flexible-packaging","embeddable":true,"href":"https:\/\/www.packagingofchina.com\/de\/wp-json\/wp\/v2\/flexible-packaging?post=1101"},{"taxonomy":"solution","embeddable":true,"href":"https:\/\/www.packagingofchina.com\/de\/wp-json\/wp\/v2\/solution?post=1101"},{"taxonomy":"product_brand","embeddable":true,"href":"https:\/\/www.packagingofchina.com\/de\/wp-json\/wp\/v2\/product_brand?post=1101"},{"taxonomy":"product_cat","embeddable":true,"href":"https:\/\/www.packagingofchina.com\/de\/wp-json\/wp\/v2\/product_cat?post=1101"},{"taxonomy":"product_tag","embeddable":true,"href":"https:\/\/www.packagingofchina.com\/de\/wp-json\/wp\/v2\/product_tag?post=1101"}],"curies":[{"name":"wp","href":"https:\/\/api.w.org\/{rel}","templated":true}]}}