{"id":1127,"date":"2025-02-15T11:04:12","date_gmt":"2025-02-15T11:04:12","guid":{"rendered":"https:\/\/www.packagingofchina.com\/?post_type=product&#038;p=1127"},"modified":"2025-02-15T11:04:13","modified_gmt":"2025-02-15T11:04:13","slug":"custom-pet-food-packaging-bags","status":"publish","type":"product","link":"https:\/\/www.packagingofchina.com\/de\/product\/custom-pet-food-packaging-bags\/","title":{"rendered":"Individuell gestaltete Tierfutterverpackungen, Retorten-Hundefutterbeutel Gro\u00dfh\u00e4ndler"},"content":{"rendered":"<div class=\"wp-block-columns is-layout-flex wp-container-core-columns-is-layout-9d6595d7 wp-block-columns-is-layout-flex\">\n<div class=\"wp-block-column is-layout-flow wp-block-column-is-layout-flow\">\n<h3 class=\"wp-block-heading\">Features of Custom Design Pet Food Packaging<\/h3>\n\n\n\n<ul class=\"wp-block-list\">\n<li><strong>Extensive Customization<\/strong>: We provide high customization services, i.e., type of bag, size, color, print pattern, etc., according to customer needs to achieve maximum brand uniqueness. <\/li>\n<\/ul>\n\n\n\n<p><\/p>\n\n\n\n<ul class=\"wp-block-list\">\n<li><strong>Quality Materials<\/strong>: Our custom pet food packaging uses food-grade safety materials so that packaging does not affect the quality of pet food, and the bag is moisture-proof, water-proof, and UV-proof to preserve the freshness and nutritional value of the food.<\/li>\n<\/ul>\n\n\n\n<p><\/p>\n\n\n\n<ul class=\"wp-block-list\">\n<li><strong>Bulk Supply<\/strong>: As a professional dog food bags wholesaler, we possess streamlined production capacity and timely delivery to meet large-scale order needs and deliver the desired pet food bag to customers in good time.<\/li>\n<\/ul>\n\n\n\n<p><\/p>\n\n\n\n<ul class=\"wp-block-list\">\n<li> <strong>Environmentally Friendly Options<\/strong>: We promote environmentally friendly packaging solutions and develop recyclable and degradable materials to help brands achieve green development and reduce environmental pressure. <\/li>\n<\/ul>\n\n\n\n<p><\/p>\n\n\n\n<ul class=\"wp-block-list\">\n<li><strong>New Sealing Design<\/strong>: Good sealing technology keeps pet food from getting damp, ensures long-term preservation, and is easy to reuse.<\/li>\n<\/ul>\n<\/div>\n\n\n\n<div class=\"wp-block-column is-layout-flow wp-block-column-is-layout-flow\">\n<figure class=\"wp-block-image size-full\"><img decoding=\"async\" width=\"1476\" height=\"1476\" src=\"https:\/\/www.packagingofchina.com\/wp-content\/uploads\/2025\/02\/Pet-Food-Bag-Y2212\uff0827\uff09-1.webp\" alt=\"Individuell gestaltete Tiernahrungs-Verpackungen-Y2212\uff0827\uff09 (1)\" class=\"wp-image-1133\" srcset=\"https:\/\/www.packagingofchina.com\/wp-content\/uploads\/2025\/02\/Pet-Food-Bag-Y2212\uff0827\uff09-1.webp 1476w, https:\/\/www.packagingofchina.com\/wp-content\/uploads\/2025\/02\/Pet-Food-Bag-Y2212\uff0827\uff09-1-300x300.webp 300w, https:\/\/www.packagingofchina.com\/wp-content\/uploads\/2025\/02\/Pet-Food-Bag-Y2212\uff0827\uff09-1-150x150.webp 150w, https:\/\/www.packagingofchina.com\/wp-content\/uploads\/2025\/02\/Pet-Food-Bag-Y2212\uff0827\uff09-1-768x768.webp 768w, https:\/\/www.packagingofchina.com\/wp-content\/uploads\/2025\/02\/Pet-Food-Bag-Y2212\uff0827\uff09-1-12x12.webp 12w, https:\/\/www.packagingofchina.com\/wp-content\/uploads\/2025\/02\/Pet-Food-Bag-Y2212\uff0827\uff09-1-1200x1200.webp 1200w, https:\/\/www.packagingofchina.com\/wp-content\/uploads\/2025\/02\/Pet-Food-Bag-Y2212\uff0827\uff09-1-600x600.webp 600w, https:\/\/www.packagingofchina.com\/wp-content\/uploads\/2025\/02\/Pet-Food-Bag-Y2212\uff0827\uff09-1-100x100.webp 100w\" sizes=\"(max-width: 1476px) 100vw, 1476px\" \/><\/figure>\n<\/div>\n<\/div>\n\n\n\n<p><\/p>","protected":false},"excerpt":{"rendered":"<p>Als qualitativ hochwertiger Gro\u00dfh\u00e4ndler f\u00fcr Tiernahrungsbeutel bieten wir ma\u00dfgeschneiderte Verpackungsl\u00f6sungen unter Verwendung hochwertiger, umweltfreundlicher Materialien, die die Frische und Sicherheit von Tiernahrung gew\u00e4hrleisten. Wir unterst\u00fctzen die Lieferung von Gro\u00dfmengen und bieten einen effizienten Lieferservice, damit sich Ihre Marke auf dem Markt abheben kann und den aktuellen Trends in Sachen Umwelt und Umweltschutz gerecht wird. Wir laden Sie ein, uns f\u00fcr kostenlose Muster und Angebote zu kontaktieren!<\/p>\n<h2>Parameter von kundenspezifischen Tierfutterverpackungen<\/h2>\n<ul>\n<li>Material: PET\/PE, PET\/NY\/PE, PET\/AL\/NY\/PE, usw.<\/li>\n<li>Beutel-Typ: Individuell bedruckter geformter Retort-Beutel<\/li>\n<li>Gr\u00f6\u00dfe des Beutels: 11 * 21,5 cm\/ Custom<\/li>\n<li>Kundenspezifische Bestellung: Akzeptieren Sie OEM &amp; ODM<\/li>\n<li>Kostenlose Probe: Unterst\u00fctzung<\/li>\n<li>Verwendung: Tiernahrung, Snack<\/li>\n<li>Oberfl\u00e4chenbehandlung: Tiefdruck<\/li>\n<li>Farbe: Kann bis zu 10 Farben drucken<\/li>\n<li>Zertifizierungen: FDA, ISO, BRC, Sedex<\/li>\n<li>Zielm\u00e4rkte: \u00dcberall auf der Welt \u00a0<\/li>\n<\/ul>","protected":false},"featured_media":1133,"comment_status":"closed","ping_status":"closed","template":"","meta":{"_acf_changed":false},"flexible-packaging":[30],"solution":[39,37,35],"product_brand":[],"product_cat":[16,42],"product_tag":[],"class_list":{"0":"post-1127","1":"product","2":"type-product","3":"status-publish","4":"has-post-thumbnail","6":"flexible-packaging-custom-shaped-pouch","7":"solution-135-degree-sterilization","8":"solution-puncture-resistance","9":"solution-superior-resistance","10":"product_cat-custom-pet-care-packaging","11":"product_cat-wet-pet-food-packaging-solutions","13":"first","14":"instock","15":"shipping-taxable","16":"product-type-simple"},"acf":[],"_links":{"self":[{"href":"https:\/\/www.packagingofchina.com\/de\/wp-json\/wp\/v2\/product\/1127","targetHints":{"allow":["GET"]}}],"collection":[{"href":"https:\/\/www.packagingofchina.com\/de\/wp-json\/wp\/v2\/product"}],"about":[{"href":"https:\/\/www.packagingofchina.com\/de\/wp-json\/wp\/v2\/types\/product"}],"replies":[{"embeddable":true,"href":"https:\/\/www.packagingofchina.com\/de\/wp-json\/wp\/v2\/comments?post=1127"}],"wp:featuredmedia":[{"embeddable":true,"href":"https:\/\/www.packagingofchina.com\/de\/wp-json\/wp\/v2\/media\/1133"}],"wp:attachment":[{"href":"https:\/\/www.packagingofchina.com\/de\/wp-json\/wp\/v2\/media?parent=1127"}],"wp:term":[{"taxonomy":"flexible-packaging","embeddable":true,"href":"https:\/\/www.packagingofchina.com\/de\/wp-json\/wp\/v2\/flexible-packaging?post=1127"},{"taxonomy":"solution","embeddable":true,"href":"https:\/\/www.packagingofchina.com\/de\/wp-json\/wp\/v2\/solution?post=1127"},{"taxonomy":"product_brand","embeddable":true,"href":"https:\/\/www.packagingofchina.com\/de\/wp-json\/wp\/v2\/product_brand?post=1127"},{"taxonomy":"product_cat","embeddable":true,"href":"https:\/\/www.packagingofchina.com\/de\/wp-json\/wp\/v2\/product_cat?post=1127"},{"taxonomy":"product_tag","embeddable":true,"href":"https:\/\/www.packagingofchina.com\/de\/wp-json\/wp\/v2\/product_tag?post=1127"}],"curies":[{"name":"wp","href":"https:\/\/api.w.org\/{rel}","templated":true}]}}