{"id":1139,"date":"2025-02-15T10:38:54","date_gmt":"2025-02-15T10:38:54","guid":{"rendered":"https:\/\/www.packagingofchina.com\/?post_type=product&#038;p=1139"},"modified":"2025-02-15T10:38:55","modified_gmt":"2025-02-15T10:38:55","slug":"wet-cat-food-pouches-wholesale","status":"publish","type":"product","link":"https:\/\/www.packagingofchina.com\/de\/product\/wet-cat-food-pouches-wholesale\/","title":{"rendered":"Nasses Katzenfutter Beutel Gro\u00dfhandel, geformt Retorte Auslauf Beutel Tiernahrung Verpackung Fabrik Preise"},"content":{"rendered":"<div class=\"wp-block-columns is-layout-flex wp-container-core-columns-is-layout-9d6595d7 wp-block-columns-is-layout-flex\">\n<div class=\"wp-block-column is-layout-flow wp-block-column-is-layout-flow\">\n<h3 class=\"wp-block-heading\">Eigenschaften von Custom Wet Cat Food Pouches<\/h3>\n\n\n\n<ul class=\"wp-block-list\">\n<li><strong>Exklusive Sonderform<\/strong>: Unsere ma\u00dfgefertigten Nassfutterbeutel f\u00fcr Katzen im Gro\u00dfhandel bieten innovative kundenspezifische Designs, brechen mit der traditionellen Verpackungsform, erh\u00f6hen den Wiedererkennungswert der Marke, verbessern die Sichtbarkeit im Regal und sorgen f\u00fcr mehr Aufmerksamkeit beim Verbraucher.<\/li>\n<\/ul>\n\n\n\n<p><\/p>\n\n\n\n<ul class=\"wp-block-list\">\n<li><strong>135\u00b0c Hochtemperatur-Sterilisationstechnologie<\/strong>: Das Nassfutter wird bei 135\u00b0C sterilisiert, um die Frische und den N\u00e4hrwert langfristig zu erhalten und die Haltbarkeit effektiv zu verl\u00e4ngern.<\/li>\n<\/ul>\n\n\n\n<p><\/p>\n\n\n\n<ul class=\"wp-block-list\">\n<li><strong>Retortenausgie\u00dfer-Beutel<\/strong>: Der neue freistehende Katzenfutterbeutel verf\u00fcgt \u00fcber einen praktischen F\u00fcllstutzen, der es den Verbrauchern erm\u00f6glicht, direkt zu f\u00fcttern, die Betriebskosten zu senken und die Versiegelung der Verpackung zu erhalten. <\/li>\n<\/ul>\n\n\n\n<p><\/p>\n\n\n\n<ul class=\"wp-block-list\">\n<li><strong>OEM- und ODM-Dienstleistungen<\/strong>: Wir bieten umfassende OEM- und ODM-Dienstleistungen an, akzeptieren kundenspezifische Anpassungen, z. B. in Bezug auf Gr\u00f6\u00dfe, Stil, Druckart und Funktion, und entwerfen kundenspezifische Verpackungen auf der Grundlage von Kundenauftr\u00e4gen.<\/li>\n<\/ul>\n\n\n\n<p><\/p>\n\n\n\n<ul class=\"wp-block-list\">\n<li><strong>Umweltvertr\u00e4gliche Materialien<\/strong>: In den Beuteln f\u00fcr Katzennassfutter im Gro\u00dfhandel werden recycelbare und umweltfreundliche Materialien verwendet, die der nachhaltigen Entwicklung entsprechen, um die Marken bei der Verringerung ihres Umwelteinflusses zu unterst\u00fctzen.<\/li>\n<\/ul>\n<\/div>\n\n\n\n<div class=\"wp-block-column is-layout-flow wp-block-column-is-layout-flow\">\n<figure class=\"wp-block-image size-full\"><img decoding=\"async\" width=\"1476\" height=\"1476\" src=\"https:\/\/www.packagingofchina.com\/wp-content\/uploads\/2025\/02\/cat-food-bag-Y2205\uff0804\uff09-1.webp\" alt=\"Gro\u00dfhandel Nassfutterbeutel f\u00fcr Katzen -Y2205 (1)\" class=\"wp-image-1140\" srcset=\"https:\/\/www.packagingofchina.com\/wp-content\/uploads\/2025\/02\/cat-food-bag-Y2205\uff0804\uff09-1.webp 1476w, https:\/\/www.packagingofchina.com\/wp-content\/uploads\/2025\/02\/cat-food-bag-Y2205\uff0804\uff09-1-300x300.webp 300w, https:\/\/www.packagingofchina.com\/wp-content\/uploads\/2025\/02\/cat-food-bag-Y2205\uff0804\uff09-1-150x150.webp 150w, https:\/\/www.packagingofchina.com\/wp-content\/uploads\/2025\/02\/cat-food-bag-Y2205\uff0804\uff09-1-768x768.webp 768w, https:\/\/www.packagingofchina.com\/wp-content\/uploads\/2025\/02\/cat-food-bag-Y2205\uff0804\uff09-1-12x12.webp 12w, https:\/\/www.packagingofchina.com\/wp-content\/uploads\/2025\/02\/cat-food-bag-Y2205\uff0804\uff09-1-1200x1200.webp 1200w, https:\/\/www.packagingofchina.com\/wp-content\/uploads\/2025\/02\/cat-food-bag-Y2205\uff0804\uff09-1-600x600.webp 600w, https:\/\/www.packagingofchina.com\/wp-content\/uploads\/2025\/02\/cat-food-bag-Y2205\uff0804\uff09-1-100x100.webp 100w\" sizes=\"(max-width: 1476px) 100vw, 1476px\" \/><\/figure>\n<\/div>\n<\/div>","protected":false},"excerpt":{"rendered":"<p>Die eigengeformten Beutel f\u00fcr Katzenfutter von DQ PACK bieten ein innovatives Design sowie Hochleistungsmaterialien, die eine neue Option jenseits der normalen Verpackung darstellen. Unsere Verpackungsbeutel haben eine gute Abdichtung und Feuchtigkeitsschutz, um die Frische und Ern\u00e4hrung von Tiernahrung zu garantieren. Egal ob OEM- oder ODM-Bestellungen, wir k\u00f6nnen flexible Anpassungsoptionen anbieten, um Marken auf dem Markt zu differenzieren. Die Verwendung umweltfreundlicher Materialien st\u00e4rkt das gr\u00fcne Image der Marke und macht uns zu Ihrem perfekten Partner f\u00fcr Tierfutterverpackungen. Wir laden Sie ein, uns f\u00fcr kostenlose Muster und Angebote zu kontaktieren!<\/p>\n<h2>Parameter des Gro\u00dfhandels Nassfutterbeutel f\u00fcr Katzen<\/h2>\n<ul>\n<li>Material: PET\/PE, PET\/NY\/PE, PET\/AL\/NY\/PE, usw.<\/li>\n<li>Tasche Typ: Individuell bedruckter Formbeutel mit Ausguss<\/li>\n<li>Gr\u00f6\u00dfe des Beutels: 12,5*15,4 cm + 4,2 cm \/ Custom<\/li>\n<li>Kundenspezifische Bestellung: Akzeptieren Sie OEM &amp; ODM<\/li>\n<li>Kostenlose Probe: Unterst\u00fctzung<\/li>\n<li>Verwendung: Nassfutter, Getr\u00e4nke, Molkereiprodukte<\/li>\n<li>Oberfl\u00e4chenbehandlung: Tiefdruck<\/li>\n<li>Farbe: Kann bis zu 10 Farben drucken<\/li>\n<li>Zielm\u00e4rkte: \u00dcberall auf der Welt<\/li>\n<\/ul>","protected":false},"featured_media":1143,"comment_status":"closed","ping_status":"closed","template":"","meta":{"_acf_changed":false},"flexible-packaging":[30,24],"solution":[39,51,33,35],"product_brand":[],"product_cat":[16,42],"product_tag":[],"class_list":{"0":"post-1139","1":"product","2":"type-product","3":"status-publish","4":"has-post-thumbnail","6":"flexible-packaging-custom-shaped-pouch","7":"flexible-packaging-custom-stand-up-pouch","8":"solution-135-degree-sterilization","9":"solution-moisture-proof","10":"solution-resist-high-temperature","11":"solution-superior-resistance","12":"product_cat-custom-pet-care-packaging","13":"product_cat-wet-pet-food-packaging-solutions","15":"first","16":"instock","17":"shipping-taxable","18":"product-type-simple"},"acf":[],"_links":{"self":[{"href":"https:\/\/www.packagingofchina.com\/de\/wp-json\/wp\/v2\/product\/1139","targetHints":{"allow":["GET"]}}],"collection":[{"href":"https:\/\/www.packagingofchina.com\/de\/wp-json\/wp\/v2\/product"}],"about":[{"href":"https:\/\/www.packagingofchina.com\/de\/wp-json\/wp\/v2\/types\/product"}],"replies":[{"embeddable":true,"href":"https:\/\/www.packagingofchina.com\/de\/wp-json\/wp\/v2\/comments?post=1139"}],"wp:featuredmedia":[{"embeddable":true,"href":"https:\/\/www.packagingofchina.com\/de\/wp-json\/wp\/v2\/media\/1143"}],"wp:attachment":[{"href":"https:\/\/www.packagingofchina.com\/de\/wp-json\/wp\/v2\/media?parent=1139"}],"wp:term":[{"taxonomy":"flexible-packaging","embeddable":true,"href":"https:\/\/www.packagingofchina.com\/de\/wp-json\/wp\/v2\/flexible-packaging?post=1139"},{"taxonomy":"solution","embeddable":true,"href":"https:\/\/www.packagingofchina.com\/de\/wp-json\/wp\/v2\/solution?post=1139"},{"taxonomy":"product_brand","embeddable":true,"href":"https:\/\/www.packagingofchina.com\/de\/wp-json\/wp\/v2\/product_brand?post=1139"},{"taxonomy":"product_cat","embeddable":true,"href":"https:\/\/www.packagingofchina.com\/de\/wp-json\/wp\/v2\/product_cat?post=1139"},{"taxonomy":"product_tag","embeddable":true,"href":"https:\/\/www.packagingofchina.com\/de\/wp-json\/wp\/v2\/product_tag?post=1139"}],"curies":[{"name":"wp","href":"https:\/\/api.w.org\/{rel}","templated":true}]}}