{"id":1255,"date":"2025-03-26T09:41:44","date_gmt":"2025-03-26T09:41:44","guid":{"rendered":"https:\/\/www.packagingofchina.com\/?post_type=product&#038;p=1255"},"modified":"2025-03-26T09:41:45","modified_gmt":"2025-03-26T09:41:45","slug":"custom-retort-pouches-wholesale","status":"publish","type":"product","link":"https:\/\/www.packagingofchina.com\/de\/product\/custom-retort-pouches-wholesale\/","title":{"rendered":"Microwavable Retort Beutel Gro\u00dfhandel Lebensmittelqualit\u00e4t Stand Up Pouch f\u00fcr Suppe Hersteller"},"content":{"rendered":"<div class=\"wp-block-columns is-layout-flex wp-container-core-columns-is-layout-9d6595d7 wp-block-columns-is-layout-flex\">\n<div class=\"wp-block-column is-layout-flow wp-block-column-is-layout-flow\">\n<h3 class=\"wp-block-heading\">Features of Microwavable Retort Pouches Wholesale<\/h3>\n\n\n\n<ul class=\"wp-block-list\">\n<li><strong>Food-Grade Safety Materials:<\/strong> Materials that meet international food safety standards are used to ensure that food is free of contamination and kept fresh and safe.<\/li>\n<\/ul>\n\n\n\n<p><\/p>\n\n\n\n<ul class=\"wp-block-list\">\n<li><strong>Heat and Pressure Resistance<\/strong>: The microwavable retort pouches wholesale have excellent high-temperature tolerance, suitable for high-temperature cooking or sterilization suitable for the deep processing of food packaging.<\/li>\n<\/ul>\n\n\n\n<p><\/p>\n\n\n\n<ul class=\"wp-block-list\">\n<li><strong>Strong Sealing<\/strong>: Heat sealing technology ensures tight packaging, prevents air, moisture, and pollutants from entering, and extends the shelf life of food.<\/li>\n<\/ul>\n\n\n\n<p><\/p>\n\n\n\n<ul class=\"wp-block-list\">\n<li><strong>Kundenspezifisches Design<\/strong>: Our microwavable retort pouch wholesaler provides a variety of customized options, including size, color, and printing patterns, to help customers build a brand image.<\/li>\n<\/ul>\n\n\n\n<p><\/p>\n\n\n\n<ul class=\"wp-block-list\">\n<li><strong>Environmentally Friendly Material Selection<\/strong>: Supports the use of recyclable materials, meets the needs of sustainable development, and reduces environmental burden.<\/li>\n<\/ul>\n<\/div>\n\n\n\n<div class=\"wp-block-column is-layout-flow wp-block-column-is-layout-flow\">\n<figure class=\"wp-block-image size-full\"><img decoding=\"async\" width=\"1476\" height=\"1476\" src=\"https:\/\/www.packagingofchina.com\/wp-content\/uploads\/2025\/02\/Retort-Pouches-Y2201\uff0821\uff09-1.webp\" alt=\"Retort-Beutel Gro\u00dfhandel Y2201\uff0821\uff09 (1)\" class=\"wp-image-1256\" srcset=\"https:\/\/www.packagingofchina.com\/wp-content\/uploads\/2025\/02\/Retort-Pouches-Y2201\uff0821\uff09-1.webp 1476w, https:\/\/www.packagingofchina.com\/wp-content\/uploads\/2025\/02\/Retort-Pouches-Y2201\uff0821\uff09-1-300x300.webp 300w, https:\/\/www.packagingofchina.com\/wp-content\/uploads\/2025\/02\/Retort-Pouches-Y2201\uff0821\uff09-1-150x150.webp 150w, https:\/\/www.packagingofchina.com\/wp-content\/uploads\/2025\/02\/Retort-Pouches-Y2201\uff0821\uff09-1-768x768.webp 768w, https:\/\/www.packagingofchina.com\/wp-content\/uploads\/2025\/02\/Retort-Pouches-Y2201\uff0821\uff09-1-12x12.webp 12w, https:\/\/www.packagingofchina.com\/wp-content\/uploads\/2025\/02\/Retort-Pouches-Y2201\uff0821\uff09-1-1200x1200.webp 1200w, https:\/\/www.packagingofchina.com\/wp-content\/uploads\/2025\/02\/Retort-Pouches-Y2201\uff0821\uff09-1-600x600.webp 600w, https:\/\/www.packagingofchina.com\/wp-content\/uploads\/2025\/02\/Retort-Pouches-Y2201\uff0821\uff09-1-100x100.webp 100w\" sizes=\"(max-width: 1476px) 100vw, 1476px\" \/><\/figure>\n<\/div>\n<\/div>","protected":false},"excerpt":{"rendered":"<p>DQ PACK is a professional food retort pouches wholesaler, focusing on providing customers with customized, food-grade safe, high-temperature resistant packaging solutions. Our products have strong sealing performance and high-temperature tolerance, aiming to help brands improve food quality and market competitiveness.Welcome to contact us for free samples and quotes!<\/p>\n<h2>Parameters of Retort Pouches<\/h2>\n<p>Material: PET\/PE,PET\/NY\/PE,PET\/AL\/NY\/PE,etc<br \/>Tasche Typ: Ausgie\u00dferbeutel<br \/>Gr\u00f6\u00dfe des Beutels: Benutzerdefiniert<br \/>Kundenspezifische Bestellung: Akzeptieren Sie OEM &amp; ODM<br \/>Kostenlose Probe: Unterst\u00fctzung<br \/>Usage:Ready Meals<br \/>Oberfl\u00e4chenbehandlung: Tiefdruck<br \/>Farbe: Kann bis zu 10 Farben drucken<br \/>Zielm\u00e4rkte: \u00dcberall auf der Welt<\/p>","protected":false},"featured_media":1256,"comment_status":"closed","ping_status":"closed","template":"","meta":{"_acf_changed":false},"flexible-packaging":[24],"solution":[39,38,37,33,35],"product_brand":[],"product_cat":[18,57],"product_tag":[],"class_list":{"0":"post-1255","1":"product","2":"type-product","3":"status-publish","4":"has-post-thumbnail","6":"flexible-packaging-custom-stand-up-pouch","7":"solution-135-degree-sterilization","8":"solution-high-barrier","9":"solution-puncture-resistance","10":"solution-resist-high-temperature","11":"solution-superior-resistance","12":"product_cat-custom-food-packaging-solutions","13":"product_cat-ready-meal-packaging-supplier","15":"first","16":"instock","17":"shipping-taxable","18":"product-type-simple"},"acf":[],"_links":{"self":[{"href":"https:\/\/www.packagingofchina.com\/de\/wp-json\/wp\/v2\/product\/1255","targetHints":{"allow":["GET"]}}],"collection":[{"href":"https:\/\/www.packagingofchina.com\/de\/wp-json\/wp\/v2\/product"}],"about":[{"href":"https:\/\/www.packagingofchina.com\/de\/wp-json\/wp\/v2\/types\/product"}],"replies":[{"embeddable":true,"href":"https:\/\/www.packagingofchina.com\/de\/wp-json\/wp\/v2\/comments?post=1255"}],"wp:featuredmedia":[{"embeddable":true,"href":"https:\/\/www.packagingofchina.com\/de\/wp-json\/wp\/v2\/media\/1256"}],"wp:attachment":[{"href":"https:\/\/www.packagingofchina.com\/de\/wp-json\/wp\/v2\/media?parent=1255"}],"wp:term":[{"taxonomy":"flexible-packaging","embeddable":true,"href":"https:\/\/www.packagingofchina.com\/de\/wp-json\/wp\/v2\/flexible-packaging?post=1255"},{"taxonomy":"solution","embeddable":true,"href":"https:\/\/www.packagingofchina.com\/de\/wp-json\/wp\/v2\/solution?post=1255"},{"taxonomy":"product_brand","embeddable":true,"href":"https:\/\/www.packagingofchina.com\/de\/wp-json\/wp\/v2\/product_brand?post=1255"},{"taxonomy":"product_cat","embeddable":true,"href":"https:\/\/www.packagingofchina.com\/de\/wp-json\/wp\/v2\/product_cat?post=1255"},{"taxonomy":"product_tag","embeddable":true,"href":"https:\/\/www.packagingofchina.com\/de\/wp-json\/wp\/v2\/product_tag?post=1255"}],"curies":[{"name":"wp","href":"https:\/\/api.w.org\/{rel}","templated":true}]}}