{"id":1271,"date":"2025-03-10T04:14:16","date_gmt":"2025-03-10T04:14:16","guid":{"rendered":"https:\/\/www.packagingofchina.com\/?post_type=product&#038;p=1271"},"modified":"2025-03-10T04:14:17","modified_gmt":"2025-03-10T04:14:17","slug":"custom-healthy-snack-packages","status":"publish","type":"product","link":"https:\/\/www.packagingofchina.com\/de\/product\/custom-healthy-snack-packages\/","title":{"rendered":"Individuell bedruckte gesunde Snack-Verpackungen Gro\u00dfhandel Lebensmittelverpackung Lieferant"},"content":{"rendered":"<div class=\"wp-block-columns is-layout-flex wp-container-core-columns-is-layout-9d6595d7 wp-block-columns-is-layout-flex\">\n<div class=\"wp-block-column is-layout-flow wp-block-column-is-layout-flow\">\n<h3 class=\"wp-block-heading\">Merkmale der individuellen gesunden Snackpakete<\/h3>\n\n\n\n<ul class=\"wp-block-list\">\n<li><strong>Kostenlose Proben<\/strong>: Unser Gro\u00dfh\u00e4ndler f\u00fcr kundenspezifische gesunde Snack-Verpackungen bietet kostenlose Muster an, damit die Kunden die Qualit\u00e4t und das Design testen und sicherstellen k\u00f6nnen, dass sie f\u00fcr ihre Bed\u00fcrfnisse geeignet sind, bevor sie eine Gro\u00dfbestellung aufgeben.<\/li>\n<\/ul>\n\n\n\n<p><\/p>\n\n\n\n<ul class=\"wp-block-list\">\n<li><strong>OEM &amp; ODM Dienstleistungen<\/strong>: Wir bieten originelle Design- und Anpassungsdienste, ma\u00dfgeschneiderte Verpackungen f\u00fcr gesunde Snacks entsprechend den Kundenbed\u00fcrfnissen und schaffen ein einzigartiges Markenimage.<\/li>\n<\/ul>\n\n\n\n<p><\/p>\n\n\n\n<ul class=\"wp-block-list\">\n<li><strong>Zentrale Anlaufstelle<\/strong>: Anbieter von Lebensmittelverpackungen Bietet eine Reihe von Dienstleistungen aus einer Hand, vom Design \u00fcber die Produktion bis zur Lieferung, vereinfacht die Beschaffung und reduziert Zeit und Kosten.<\/li>\n<\/ul>\n\n\n\n<p><\/p>\n\n\n\n<ul class=\"wp-block-list\">\n<li><strong>Wiederverwendbare Rei\u00dfverschl\u00fcsse<\/strong>: Dank des hochwertigen, wiederverwendbaren Rei\u00dfverschlusses lassen sich die Snack-Verpackungen leicht mehrfach \u00f6ffnen und schlie\u00dfen, was den Komfort und die Frische der Verpackung erh\u00f6ht.<\/li>\n<\/ul>\n<\/div>\n\n\n\n<div class=\"wp-block-column is-layout-flow wp-block-column-is-layout-flow\">\n<figure class=\"wp-block-image size-full\"><img decoding=\"async\" width=\"1476\" height=\"1476\" src=\"https:\/\/www.packagingofchina.com\/wp-content\/uploads\/2025\/02\/Snacks-Packages-Y2109\uff0870\uff09-3.webp\" alt=\"Individuelle gesunde Snack-Pakete - Y2109\uff0870\uff09 (3)\" class=\"wp-image-1274\" srcset=\"https:\/\/www.packagingofchina.com\/wp-content\/uploads\/2025\/02\/Snacks-Packages-Y2109\uff0870\uff09-3.webp 1476w, https:\/\/www.packagingofchina.com\/wp-content\/uploads\/2025\/02\/Snacks-Packages-Y2109\uff0870\uff09-3-300x300.webp 300w, https:\/\/www.packagingofchina.com\/wp-content\/uploads\/2025\/02\/Snacks-Packages-Y2109\uff0870\uff09-3-150x150.webp 150w, https:\/\/www.packagingofchina.com\/wp-content\/uploads\/2025\/02\/Snacks-Packages-Y2109\uff0870\uff09-3-768x768.webp 768w, https:\/\/www.packagingofchina.com\/wp-content\/uploads\/2025\/02\/Snacks-Packages-Y2109\uff0870\uff09-3-12x12.webp 12w, https:\/\/www.packagingofchina.com\/wp-content\/uploads\/2025\/02\/Snacks-Packages-Y2109\uff0870\uff09-3-1200x1200.webp 1200w, https:\/\/www.packagingofchina.com\/wp-content\/uploads\/2025\/02\/Snacks-Packages-Y2109\uff0870\uff09-3-600x600.webp 600w, https:\/\/www.packagingofchina.com\/wp-content\/uploads\/2025\/02\/Snacks-Packages-Y2109\uff0870\uff09-3-100x100.webp 100w\" sizes=\"(max-width: 1476px) 100vw, 1476px\" \/><\/figure>\n<\/div>\n<\/div>\n\n\n\n<p><\/p>","protected":false},"excerpt":{"rendered":"<p>Als vertrauensw\u00fcrdiger <strong data-start=\"13\" data-end=\"40\">Lieferant f\u00fcr Lebensmittelverpackungen<\/strong>, bieten wir <strong data-start=\"51\" data-end=\"94\">individuelle gesunde Snackpakete im Gro\u00dfhandel<\/strong>, und gew\u00e4hrleisten eine hochwertige, haltbare und auff\u00e4llige Verpackung f\u00fcr Ihre Marke. Willkommen bei uns f\u00fcr kostenlose Muster und Angebote!<\/p>\n<h2>Parameter f\u00fcr gesunde Snackpakete<\/h2>\n<p>Material: PET\/PE, PET\/NY\/PE, PET\/AL\/NY\/PE, usw.<br \/>Tasche Typ: Stand Up Zipper Pouch<br \/>Gr\u00f6\u00dfe des Beutels: Benutzerdefiniert<br \/>Kundenspezifische Bestellung: Akzeptieren Sie OEM &amp; ODM<br \/>Kostenlose Probe: Unterst\u00fctzung<br \/>Verwendung: Snack, S\u00fc\u00dfwaren, Backwaren, etc.<br \/>Oberfl\u00e4chenbehandlung: Tiefdruck<br \/>Farbe: Kann bis zu 10 Farben drucken<br \/>Zielm\u00e4rkte: \u00dcberall auf der Welt<\/p>","protected":false},"featured_media":1274,"comment_status":"closed","ping_status":"closed","template":"","meta":{"_acf_changed":false},"flexible-packaging":[24,29],"solution":[51,37,35],"product_brand":[],"product_cat":[18,52],"product_tag":[],"class_list":{"0":"post-1271","1":"product","2":"type-product","3":"status-publish","4":"has-post-thumbnail","6":"flexible-packaging-custom-stand-up-pouch","7":"flexible-packaging-custom-stand-up-zipper-pouch","8":"solution-moisture-proof","9":"solution-puncture-resistance","10":"solution-superior-resistance","11":"product_cat-custom-food-packaging-solutions","12":"product_cat-custom-snack-packaging","14":"first","15":"instock","16":"shipping-taxable","17":"product-type-simple"},"acf":[],"_links":{"self":[{"href":"https:\/\/www.packagingofchina.com\/de\/wp-json\/wp\/v2\/product\/1271","targetHints":{"allow":["GET"]}}],"collection":[{"href":"https:\/\/www.packagingofchina.com\/de\/wp-json\/wp\/v2\/product"}],"about":[{"href":"https:\/\/www.packagingofchina.com\/de\/wp-json\/wp\/v2\/types\/product"}],"replies":[{"embeddable":true,"href":"https:\/\/www.packagingofchina.com\/de\/wp-json\/wp\/v2\/comments?post=1271"}],"wp:featuredmedia":[{"embeddable":true,"href":"https:\/\/www.packagingofchina.com\/de\/wp-json\/wp\/v2\/media\/1274"}],"wp:attachment":[{"href":"https:\/\/www.packagingofchina.com\/de\/wp-json\/wp\/v2\/media?parent=1271"}],"wp:term":[{"taxonomy":"flexible-packaging","embeddable":true,"href":"https:\/\/www.packagingofchina.com\/de\/wp-json\/wp\/v2\/flexible-packaging?post=1271"},{"taxonomy":"solution","embeddable":true,"href":"https:\/\/www.packagingofchina.com\/de\/wp-json\/wp\/v2\/solution?post=1271"},{"taxonomy":"product_brand","embeddable":true,"href":"https:\/\/www.packagingofchina.com\/de\/wp-json\/wp\/v2\/product_brand?post=1271"},{"taxonomy":"product_cat","embeddable":true,"href":"https:\/\/www.packagingofchina.com\/de\/wp-json\/wp\/v2\/product_cat?post=1271"},{"taxonomy":"product_tag","embeddable":true,"href":"https:\/\/www.packagingofchina.com\/de\/wp-json\/wp\/v2\/product_tag?post=1271"}],"curies":[{"name":"wp","href":"https:\/\/api.w.org\/{rel}","templated":true}]}}