{"id":1305,"date":"2025-02-25T18:38:43","date_gmt":"2025-02-25T18:38:43","guid":{"rendered":"https:\/\/www.packagingofchina.com\/?post_type=product&#038;p=1305"},"modified":"2025-02-25T18:38:44","modified_gmt":"2025-02-25T18:38:44","slug":"custom-3kg-laundry-detergent-bag","status":"publish","type":"product","link":"https:\/\/www.packagingofchina.com\/de\/product\/custom-3kg-laundry-detergent-bag\/","title":{"rendered":"Kundenspezifischer Waschmittelbeutel, 3,2kg Fl\u00fcssigkeitsbeutel mit Ausguss Gro\u00dfh\u00e4ndler"},"content":{"rendered":"<div class=\"wp-block-columns is-layout-flex wp-container-core-columns-is-layout-9d6595d7 wp-block-columns-is-layout-flex\">\n<div class=\"wp-block-column is-layout-flow wp-block-column-is-layout-flow\">\n<h3 class=\"wp-block-heading\">Eigenschaften von Custom Laundry Detergent Bag<\/h3>\n\n\n\n<ul class=\"wp-block-list\">\n<li><strong>Ausgie\u00dferbeutel<\/strong>: Das einzigartige Design des Ausgusses verbessert die Benutzerfreundlichkeit.<\/li>\n<\/ul>\n\n\n\n<p><\/p>\n\n\n\n<ul class=\"wp-block-list\">\n<li><strong>Nachf\u00fcllbar<\/strong>: Unser Waschmittelbeutel hat ein nachf\u00fcllbares System, das die Anzahl der Einweg-Plastikbeh\u00e4lter reduziert und sehr umweltfreundlich ist.<\/li>\n<\/ul>\n\n\n\n<p><\/p>\n\n\n\n<ul class=\"wp-block-list\">\n<li><strong>Wiederverwendbar<\/strong>: Der Gro\u00dfhandels-Fl\u00fcssigkeitsbeutel ist auch extrem langlebig. Sie k\u00f6nnen jedes Mal, wenn sie verwendet werden, gewaschen und wiederverwendet werden.<\/li>\n<\/ul>\n\n\n\n<p><\/p>\n\n\n\n<ul class=\"wp-block-list\">\n<li><strong>Platz sparend<\/strong>: Unser Waschmittelbeutel ist leichter und nimmt weniger Platz ein als die herk\u00f6mmliche Hartverpackung. Er l\u00e4sst sich au\u00dferdem leicht lagern und transportieren, was die Logistikkosten erheblich senkt.<\/li>\n<\/ul>\n\n\n\n<p><\/p>\n\n\n\n<ul class=\"wp-block-list\">\n<li><strong>Besseres auslaufsicheres Design<\/strong>: Alle Waschmittelbeutel wurden gr\u00fcndlich auf Auslaufsicherheit getestet, um sicherzustellen, dass sie w\u00e4hrend des Transports und der Verwendung nicht auslaufen.<\/li>\n<\/ul>\n<\/div>\n\n\n\n<div class=\"wp-block-column is-layout-flow wp-block-column-is-layout-flow\">\n<figure class=\"wp-block-image size-full\"><img decoding=\"async\" width=\"1476\" height=\"1476\" src=\"https:\/\/www.packagingofchina.com\/wp-content\/uploads\/2025\/02\/Detergent-Pouch-Y2106\uff0868\uff09-5.webp\" alt=\"Gro\u00dfhandel Fl\u00fcssigkeit Beutel Hersteller-Y2106\uff0868\uff09 (5)\" class=\"wp-image-1310\" srcset=\"https:\/\/www.packagingofchina.com\/wp-content\/uploads\/2025\/02\/Detergent-Pouch-Y2106\uff0868\uff09-5.webp 1476w, https:\/\/www.packagingofchina.com\/wp-content\/uploads\/2025\/02\/Detergent-Pouch-Y2106\uff0868\uff09-5-300x300.webp 300w, https:\/\/www.packagingofchina.com\/wp-content\/uploads\/2025\/02\/Detergent-Pouch-Y2106\uff0868\uff09-5-150x150.webp 150w, https:\/\/www.packagingofchina.com\/wp-content\/uploads\/2025\/02\/Detergent-Pouch-Y2106\uff0868\uff09-5-768x768.webp 768w, https:\/\/www.packagingofchina.com\/wp-content\/uploads\/2025\/02\/Detergent-Pouch-Y2106\uff0868\uff09-5-12x12.webp 12w, https:\/\/www.packagingofchina.com\/wp-content\/uploads\/2025\/02\/Detergent-Pouch-Y2106\uff0868\uff09-5-1200x1200.webp 1200w, https:\/\/www.packagingofchina.com\/wp-content\/uploads\/2025\/02\/Detergent-Pouch-Y2106\uff0868\uff09-5-600x600.webp 600w, https:\/\/www.packagingofchina.com\/wp-content\/uploads\/2025\/02\/Detergent-Pouch-Y2106\uff0868\uff09-5-100x100.webp 100w\" sizes=\"(max-width: 1476px) 100vw, 1476px\" \/><\/figure>\n<\/div>\n<\/div>\n\n\n\n<p><\/p>","protected":false},"excerpt":{"rendered":"<p>DQ PACK ist ein f\u00fchrender Anbieter von L\u00f6sungen f\u00fcr Waschmittelbeutel. Das Unternehmen konzentriert sich auf die Herstellung innovativer und umweltfreundlicher Ausgie\u00dferbeutel und Nachf\u00fcllverpackungen, die Marken helfen, ihre Wettbewerbsf\u00e4higkeit auf dem Markt zu verbessern und die Anforderungen der Verbraucher an Umweltschutz und Komfort zu erf\u00fcllen. Wir laden Sie ein, uns f\u00fcr kostenlose Muster und Angebote zu kontaktieren!<\/p>\n<h3>Parameter von 3.2KG Waschmittel Tasche<\/h3>\n<p>Material: PET\/PE, PET\/NY\/PE, PET\/AL\/NY\/PE, usw.<\/p>\n<p>Tasche Typ: Ausgie\u00dfertasche, Stand Up Pouch<\/p>\n<p>Gr\u00f6\u00dfe des Beutels: 37*25,5 cm + 14 cm \/ Custom<\/p>\n<p>Kundenspezifische Bestellung: Akzeptieren Sie OEM &amp; ODM<\/p>\n<p>Kostenlose Probe: Unterst\u00fctzung<\/p>\n<p>Verwendung: Fl\u00fcssigseife, Waschmittel, Waschfl\u00fcssigkeit, und so weiter<\/p>\n<p>Oberfl\u00e4chenbehandlung: Tiefdruck<\/p>\n<p>Farbe: Kann bis zu 10 Farben drucken<\/p>\n<p>Zielm\u00e4rkte: \u00dcberall auf der Welt<\/p>","protected":false},"featured_media":1307,"comment_status":"closed","ping_status":"closed","template":"","meta":{"_acf_changed":false},"flexible-packaging":[25],"solution":[38,37,34],"product_brand":[],"product_cat":[17,46],"product_tag":[],"class_list":{"0":"post-1305","1":"product","2":"type-product","3":"status-publish","4":"has-post-thumbnail","6":"flexible-packaging-custom-spout-pouch","7":"solution-high-barrier","8":"solution-puncture-resistance","9":"solution-sealing-liquids","10":"product_cat-custom-non-food-packaging-solutions","11":"product_cat-home-care-packaging","13":"first","14":"instock","15":"shipping-taxable","16":"product-type-simple"},"acf":[],"_links":{"self":[{"href":"https:\/\/www.packagingofchina.com\/de\/wp-json\/wp\/v2\/product\/1305","targetHints":{"allow":["GET"]}}],"collection":[{"href":"https:\/\/www.packagingofchina.com\/de\/wp-json\/wp\/v2\/product"}],"about":[{"href":"https:\/\/www.packagingofchina.com\/de\/wp-json\/wp\/v2\/types\/product"}],"replies":[{"embeddable":true,"href":"https:\/\/www.packagingofchina.com\/de\/wp-json\/wp\/v2\/comments?post=1305"}],"wp:featuredmedia":[{"embeddable":true,"href":"https:\/\/www.packagingofchina.com\/de\/wp-json\/wp\/v2\/media\/1307"}],"wp:attachment":[{"href":"https:\/\/www.packagingofchina.com\/de\/wp-json\/wp\/v2\/media?parent=1305"}],"wp:term":[{"taxonomy":"flexible-packaging","embeddable":true,"href":"https:\/\/www.packagingofchina.com\/de\/wp-json\/wp\/v2\/flexible-packaging?post=1305"},{"taxonomy":"solution","embeddable":true,"href":"https:\/\/www.packagingofchina.com\/de\/wp-json\/wp\/v2\/solution?post=1305"},{"taxonomy":"product_brand","embeddable":true,"href":"https:\/\/www.packagingofchina.com\/de\/wp-json\/wp\/v2\/product_brand?post=1305"},{"taxonomy":"product_cat","embeddable":true,"href":"https:\/\/www.packagingofchina.com\/de\/wp-json\/wp\/v2\/product_cat?post=1305"},{"taxonomy":"product_tag","embeddable":true,"href":"https:\/\/www.packagingofchina.com\/de\/wp-json\/wp\/v2\/product_tag?post=1305"}],"curies":[{"name":"wp","href":"https:\/\/api.w.org\/{rel}","templated":true}]}}