{"id":1322,"date":"2025-03-13T16:34:30","date_gmt":"2025-03-13T16:34:30","guid":{"rendered":"https:\/\/www.packagingofchina.com\/?post_type=product&#038;p=1322"},"modified":"2025-03-13T16:34:31","modified_gmt":"2025-03-13T16:34:31","slug":"hand-wash-refill-pouch-supplier","status":"publish","type":"product","link":"https:\/\/www.packagingofchina.com\/de\/product\/hand-wash-refill-pouch-supplier\/","title":{"rendered":"Benutzerdefinierte Hand Wash Refill Pouch Manufacutuer, Doypack Spout Pouch Lieferant"},"content":{"rendered":"<div class=\"wp-block-columns is-layout-flex wp-container-core-columns-is-layout-9d6595d7 wp-block-columns-is-layout-flex\">\n<div class=\"wp-block-column is-layout-flow wp-block-column-is-layout-flow\">\n<h3 class=\"wp-block-heading\">Features of Hand Wash Refill Pouch<\/h3>\n\n\n\n<ul class=\"wp-block-list\">\n<li><strong>Auslaufsichere Konstruktion<\/strong>: Our hand wash refill pouch use new-generation sealing technology to make the product not leak during transportation and use, thus the hand wash is still pollution-free and safe.<\/li>\n<\/ul>\n\n\n\n<p><\/p>\n\n\n\n<ul class=\"wp-block-list\">\n<li><strong>Fine Gravure Printing<\/strong>: Using advanced gravure printing technology makes the pattern bright and transparent, enhancing the beauty and brand effect of the product. <\/li>\n<\/ul>\n\n\n\n<p><\/p>\n\n\n\n<ul class=\"wp-block-list\">\n<li><strong>Stand-Up Bag Design<\/strong>: Stand-up bag design stabilizes the packaging, facilitates easy retention on display, storage, and utilization, conserves space, and is handy to carry. <\/li>\n<\/ul>\n\n\n\n<p><\/p>\n\n\n\n<ul class=\"wp-block-list\">\n<li><strong>Convenient and Strong<\/strong>: The use of hard and strong materials is resistant to wear and tear and will not easily break, which is handy and easy to utilize and improves the user experience<\/li>\n<\/ul>\n<\/div>\n\n\n\n<div class=\"wp-block-column is-layout-flow wp-block-column-is-layout-flow\">\n<figure class=\"wp-block-image size-full\"><img decoding=\"async\" width=\"1476\" height=\"1476\" src=\"https:\/\/www.packagingofchina.com\/wp-content\/uploads\/2025\/02\/Hand-Wash-Packaging-Y2110\uff0805\uff09-5.webp\" alt=\"Hand Wash Refill Pouches Wholesale Y2110\uff0805\uff09 (5)\" class=\"wp-image-1327\" srcset=\"https:\/\/www.packagingofchina.com\/wp-content\/uploads\/2025\/02\/Hand-Wash-Packaging-Y2110\uff0805\uff09-5.webp 1476w, https:\/\/www.packagingofchina.com\/wp-content\/uploads\/2025\/02\/Hand-Wash-Packaging-Y2110\uff0805\uff09-5-300x300.webp 300w, https:\/\/www.packagingofchina.com\/wp-content\/uploads\/2025\/02\/Hand-Wash-Packaging-Y2110\uff0805\uff09-5-150x150.webp 150w, https:\/\/www.packagingofchina.com\/wp-content\/uploads\/2025\/02\/Hand-Wash-Packaging-Y2110\uff0805\uff09-5-768x768.webp 768w, https:\/\/www.packagingofchina.com\/wp-content\/uploads\/2025\/02\/Hand-Wash-Packaging-Y2110\uff0805\uff09-5-12x12.webp 12w, https:\/\/www.packagingofchina.com\/wp-content\/uploads\/2025\/02\/Hand-Wash-Packaging-Y2110\uff0805\uff09-5-1200x1200.webp 1200w, https:\/\/www.packagingofchina.com\/wp-content\/uploads\/2025\/02\/Hand-Wash-Packaging-Y2110\uff0805\uff09-5-600x600.webp 600w, https:\/\/www.packagingofchina.com\/wp-content\/uploads\/2025\/02\/Hand-Wash-Packaging-Y2110\uff0805\uff09-5-100x100.webp 100w\" sizes=\"(max-width: 1476px) 100vw, 1476px\" \/><\/figure>\n<\/div>\n<\/div>","protected":false},"excerpt":{"rendered":"<p>Wir sind ein kundenspezifischer Hersteller, der sich auf Nachf\u00fcllbeutel f\u00fcr Handwaschmittel spezialisiert hat. Wir bieten hochwertige, im Tiefdruckverfahren bedruckte Standbeutelverpackungen an. Unser Produktdesign konzentriert sich auf Kosteneffizienz und Bequemlichkeit und hilft Marken, ihre Wettbewerbsf\u00e4higkeit auf dem Markt zu verbessern. Wir laden Sie ein, uns f\u00fcr kostenlose Muster und Angebote zu kontaktieren!<\/p>\n<h2>Parameter des Nachf\u00fcllbeutels f\u00fcr Handw\u00e4sche<\/h2>\n<p>Material: PET\/PE, PET\/NY\/PE, PET\/AL\/NY\/PE, usw.<\/p>\n<p>Tasche Typ: Ausgie\u00dfertasche, Stand Up Pouch<\/p>\n<p>Gr\u00f6\u00dfe des Beutels: Benutzerdefiniert<\/p>\n<p>Kundenspezifische Bestellung: Akzeptieren Sie OEM &amp; ODM<\/p>\n<p>Kostenlose Probe: Unterst\u00fctzung<\/p>\n<p>Verwendung: K\u00f6rperw\u00e4sche, Shampoo, Handdesinfektionsmittel, Gesichtsmaske, Gesichtsreiniger, etc.<\/p>\n<p>Oberfl\u00e4chenbehandlung: Tiefdruck<\/p>\n<p>Farbe: Kann bis zu 10 Farben drucken<\/p>\n<p>Zielm\u00e4rkte: \u00dcberall auf der Welt<\/p>","protected":false},"featured_media":1326,"comment_status":"closed","ping_status":"closed","template":"","meta":{"_acf_changed":false},"flexible-packaging":[25,24],"solution":[38,37,34,35],"product_brand":[],"product_cat":[17,45],"product_tag":[],"class_list":{"0":"post-1322","1":"product","2":"type-product","3":"status-publish","4":"has-post-thumbnail","6":"flexible-packaging-custom-spout-pouch","7":"flexible-packaging-custom-stand-up-pouch","8":"solution-high-barrier","9":"solution-puncture-resistance","10":"solution-sealing-liquids","11":"solution-superior-resistance","12":"product_cat-custom-non-food-packaging-solutions","13":"product_cat-personal-care-packaging-wholesale","15":"first","16":"instock","17":"shipping-taxable","18":"product-type-simple"},"acf":[],"_links":{"self":[{"href":"https:\/\/www.packagingofchina.com\/de\/wp-json\/wp\/v2\/product\/1322","targetHints":{"allow":["GET"]}}],"collection":[{"href":"https:\/\/www.packagingofchina.com\/de\/wp-json\/wp\/v2\/product"}],"about":[{"href":"https:\/\/www.packagingofchina.com\/de\/wp-json\/wp\/v2\/types\/product"}],"replies":[{"embeddable":true,"href":"https:\/\/www.packagingofchina.com\/de\/wp-json\/wp\/v2\/comments?post=1322"}],"wp:featuredmedia":[{"embeddable":true,"href":"https:\/\/www.packagingofchina.com\/de\/wp-json\/wp\/v2\/media\/1326"}],"wp:attachment":[{"href":"https:\/\/www.packagingofchina.com\/de\/wp-json\/wp\/v2\/media?parent=1322"}],"wp:term":[{"taxonomy":"flexible-packaging","embeddable":true,"href":"https:\/\/www.packagingofchina.com\/de\/wp-json\/wp\/v2\/flexible-packaging?post=1322"},{"taxonomy":"solution","embeddable":true,"href":"https:\/\/www.packagingofchina.com\/de\/wp-json\/wp\/v2\/solution?post=1322"},{"taxonomy":"product_brand","embeddable":true,"href":"https:\/\/www.packagingofchina.com\/de\/wp-json\/wp\/v2\/product_brand?post=1322"},{"taxonomy":"product_cat","embeddable":true,"href":"https:\/\/www.packagingofchina.com\/de\/wp-json\/wp\/v2\/product_cat?post=1322"},{"taxonomy":"product_tag","embeddable":true,"href":"https:\/\/www.packagingofchina.com\/de\/wp-json\/wp\/v2\/product_tag?post=1322"}],"curies":[{"name":"wp","href":"https:\/\/api.w.org\/{rel}","templated":true}]}}