{"id":1508,"date":"2025-04-03T02:24:47","date_gmt":"2025-04-03T02:24:47","guid":{"rendered":"https:\/\/www.packagingofchina.com\/?post_type=product&#038;p=1508"},"modified":"2025-04-03T02:25:40","modified_gmt":"2025-04-03T02:25:40","slug":"custom-alcohol-pouches","status":"publish","type":"product","link":"https:\/\/www.packagingofchina.com\/de\/product\/custom-alcohol-pouches\/","title":{"rendered":"Benutzerdefinierte Alkohol Beutel Gro\u00dfhandel Stand Up Beutel f\u00fcr Getr\u00e4nkeverpackungen Lieferant"},"content":{"rendered":"<div class=\"wp-block-columns is-layout-flex wp-container-core-columns-is-layout-9d6595d7 wp-block-columns-is-layout-flex\">\n<div class=\"wp-block-column is-layout-flow wp-block-column-is-layout-flow\">\n<h3 class=\"wp-block-heading\">Merkmale von Custom Alcohol Pouches<\/h3>\n\n\n\n<ul class=\"wp-block-list\">\n<li><strong>Lebensmittelechtes, sicheres Material<\/strong>: Das mehrschichtige Verbundmaterial mit hoher Barriere (PET\/AL\/NY\/PE) verhindert wirksam das Eindringen von Sauerstoff, Feuchtigkeit und Licht und bewahrt den urspr\u00fcnglichen Geschmack und die Frische der alkoholischen Getr\u00e4nke. Entspricht den FDA- und EU-Normen f\u00fcr den Kontakt mit Lebensmitteln, ist sicher und ungiftig und stellt sicher, dass die Verpackung den Geschmack der alkoholischen Getr\u00e4nke nicht beeintr\u00e4chtigt.<\/li>\n\n\n\n<li><strong>Langlebig und auslaufsicher<\/strong>: Die hochfeste Hei\u00dfsiegeltechnologie bietet eine hervorragende Dichtungs- und Druckbest\u00e4ndigkeit, geeignet f\u00fcr Spirituosenverpackungen mit einem Alkoholgehalt von bis zu 40% ABV. Alkoholbest\u00e4ndiges Material wird verwendet, um Korrosion oder Auslaufen des Beutels aufgrund langfristiger Lagerung zu vermeiden.<\/li>\n\n\n\n<li><strong>Bequemes Stand-Up-Design<\/strong>: Unsere individuellen Alkoholbeutel haben einen verst\u00e4rkten Boden f\u00fcr eine einfache Pr\u00e4sentation und Lagerung, geeignet f\u00fcr den Einzelhandel, f\u00fcr den Transport im Freien, f\u00fcr Veranstaltungen und andere Szenarien. Bieten Abrei\u00df-Design, einfach zu trinken und zu spenden, reduzieren Alkoholabf\u00e4lle.<\/li>\n\n\n\n<li><strong>Leicht und gr\u00fcn<\/strong>80% weniger Gewicht im Vergleich zu Glasflaschen, wodurch Transportkosten und Kohlenstoffemissionen reduziert werden. Erh\u00e4ltlich in recyclebarem PE oder PLA, im Einklang mit dem globalen Umwelttrend.<\/li>\n\n\n\n<li><strong>Unterst\u00fctzung von OEM und kundenspezifischem Service<\/strong>250ml-5L k\u00f6nnen f\u00fcr Cocktails, Weine, Craft-Biere, Spirituosen und andere alkoholische Getr\u00e4nke angepasst werden. Hochaufl\u00f6sender Tiefdruck (maximal 10 Farben), Unterst\u00fctzung des Drucks von Markenlogos, Produktinformationen und Werbegrafiken. Matt, gl\u00e4nzend, Hei\u00dfpr\u00e4gung, partieller UV-Druck und andere Druckverfahren sind m\u00f6glich.<\/li>\n<\/ul>\n<\/div>\n\n\n\n<div class=\"wp-block-column is-layout-flow wp-block-column-is-layout-flow\">\n<figure class=\"wp-block-image size-full\"><img decoding=\"async\" width=\"1476\" height=\"1476\" src=\"https:\/\/www.packagingofchina.com\/wp-content\/uploads\/2025\/04\/Custom-Alcohol-Pouches-Wholesale-Y2106-5.webp\" alt=\"Benutzerdefinierte Alkoholtaschen Gro\u00dfhandel-Y2106 (5)\" class=\"wp-image-1513\" srcset=\"https:\/\/www.packagingofchina.com\/wp-content\/uploads\/2025\/04\/Custom-Alcohol-Pouches-Wholesale-Y2106-5.webp 1476w, https:\/\/www.packagingofchina.com\/wp-content\/uploads\/2025\/04\/Custom-Alcohol-Pouches-Wholesale-Y2106-5-300x300.webp 300w, https:\/\/www.packagingofchina.com\/wp-content\/uploads\/2025\/04\/Custom-Alcohol-Pouches-Wholesale-Y2106-5-150x150.webp 150w, https:\/\/www.packagingofchina.com\/wp-content\/uploads\/2025\/04\/Custom-Alcohol-Pouches-Wholesale-Y2106-5-768x768.webp 768w, https:\/\/www.packagingofchina.com\/wp-content\/uploads\/2025\/04\/Custom-Alcohol-Pouches-Wholesale-Y2106-5-12x12.webp 12w, https:\/\/www.packagingofchina.com\/wp-content\/uploads\/2025\/04\/Custom-Alcohol-Pouches-Wholesale-Y2106-5-1200x1200.webp 1200w, https:\/\/www.packagingofchina.com\/wp-content\/uploads\/2025\/04\/Custom-Alcohol-Pouches-Wholesale-Y2106-5-600x600.webp 600w, https:\/\/www.packagingofchina.com\/wp-content\/uploads\/2025\/04\/Custom-Alcohol-Pouches-Wholesale-Y2106-5-100x100.webp 100w\" sizes=\"(max-width: 1476px) 100vw, 1476px\" \/><\/figure>\n<\/div>\n<\/div>\n\n\n\n<p><\/p>","protected":false},"excerpt":{"rendered":"<p>Entscheiden Sie sich f\u00fcr DQ PACKs kundenspezifische Verpackungsl\u00f6sungen f\u00fcr Alkohol, umweltfreundliche flexible Verpackungen f\u00fcr Alkohol, um den Markenwert zu steigern und die Verpackungskosten zu senken! F\u00fchlen Sie sich frei, anzufragen und kostenlose Muster zu erhalten!<\/p>\n<h2>Parameter von Alkoholbeuteln<\/h2>\n<p>Material: PET\/PE, PET\/NY\/PE, PET\/AL\/NY\/PE, usw.<br \/>\nTasche Typ: Stand Up Pouch mit Easy Tear<br \/>\nGr\u00f6\u00dfe des Beutels: Benutzerdefiniert<br \/>\nKundenspezifische Bestellung: Akzeptieren Sie OEM &amp; ODM<br \/>\nKostenlose Probe: Unterst\u00fctzung<br \/>\nVerwendung: Saft, Wasser, alkoholisches Getr\u00e4nk<br \/>\nOberfl\u00e4chenbehandlung: Tiefdruck<br \/>\nFarbe: Kann bis zu 10 Farben drucken<br \/>\nZielm\u00e4rkte: \u00dcberall auf der Welt<\/p>","protected":false},"featured_media":1509,"comment_status":"closed","ping_status":"closed","template":"","meta":{"_acf_changed":false},"flexible-packaging":[24],"solution":[38,37,34,35],"product_brand":[],"product_cat":[63],"product_tag":[],"class_list":{"0":"post-1508","1":"product","2":"type-product","3":"status-publish","4":"has-post-thumbnail","6":"flexible-packaging-custom-stand-up-pouch","7":"solution-high-barrier","8":"solution-puncture-resistance","9":"solution-sealing-liquids","10":"solution-superior-resistance","11":"product_cat-alcoholic-beverage-packaging-solutions","13":"first","14":"instock","15":"shipping-taxable","16":"product-type-simple"},"acf":[],"_links":{"self":[{"href":"https:\/\/www.packagingofchina.com\/de\/wp-json\/wp\/v2\/product\/1508","targetHints":{"allow":["GET"]}}],"collection":[{"href":"https:\/\/www.packagingofchina.com\/de\/wp-json\/wp\/v2\/product"}],"about":[{"href":"https:\/\/www.packagingofchina.com\/de\/wp-json\/wp\/v2\/types\/product"}],"replies":[{"embeddable":true,"href":"https:\/\/www.packagingofchina.com\/de\/wp-json\/wp\/v2\/comments?post=1508"}],"wp:featuredmedia":[{"embeddable":true,"href":"https:\/\/www.packagingofchina.com\/de\/wp-json\/wp\/v2\/media\/1509"}],"wp:attachment":[{"href":"https:\/\/www.packagingofchina.com\/de\/wp-json\/wp\/v2\/media?parent=1508"}],"wp:term":[{"taxonomy":"flexible-packaging","embeddable":true,"href":"https:\/\/www.packagingofchina.com\/de\/wp-json\/wp\/v2\/flexible-packaging?post=1508"},{"taxonomy":"solution","embeddable":true,"href":"https:\/\/www.packagingofchina.com\/de\/wp-json\/wp\/v2\/solution?post=1508"},{"taxonomy":"product_brand","embeddable":true,"href":"https:\/\/www.packagingofchina.com\/de\/wp-json\/wp\/v2\/product_brand?post=1508"},{"taxonomy":"product_cat","embeddable":true,"href":"https:\/\/www.packagingofchina.com\/de\/wp-json\/wp\/v2\/product_cat?post=1508"},{"taxonomy":"product_tag","embeddable":true,"href":"https:\/\/www.packagingofchina.com\/de\/wp-json\/wp\/v2\/product_tag?post=1508"}],"curies":[{"name":"wp","href":"https:\/\/api.w.org\/{rel}","templated":true}]}}