{"id":1514,"date":"2025-04-03T02:53:00","date_gmt":"2025-04-03T02:53:00","guid":{"rendered":"https:\/\/www.packagingofchina.com\/?post_type=product&#038;p=1514"},"modified":"2025-04-03T02:53:03","modified_gmt":"2025-04-03T02:53:03","slug":"flexible-dairy-packaging-factory","status":"publish","type":"product","link":"https:\/\/www.packagingofchina.com\/de\/product\/flexible-dairy-packaging-factory\/","title":{"rendered":"Flexible Molkereiverpackung Fabrik, Custom Spout Pouch f\u00fcr Joghurt und Milch"},"content":{"rendered":"<div class=\"wp-block-columns is-layout-flex wp-container-core-columns-is-layout-9d6595d7 wp-block-columns-is-layout-flex\">\n<div class=\"wp-block-column is-layout-flow wp-block-column-is-layout-flow\">\n<h3 class=\"wp-block-heading\">Merkmale von kundenspezifischen flexiblen Milchverpackungen<\/h3>\n\n\n\n<h4 class=\"wp-block-heading\">Lebensmittelechtes, sicheres Material zur Gew\u00e4hrleistung der Frische von Molkereiprodukten<\/h4>\n\n\n\n<ul class=\"wp-block-list\">\n<li>Die flexible Molkereiverpackung besteht aus einem mehrschichtigen Verbundmaterial mit hoher Barriere (PET\/AL\/NY\/PE), das Sauerstoff, Feuchtigkeit und Licht wirksam abh\u00e4lt und die Haltbarkeit von Joghurt und Milch auf 30-90 Tage verl\u00e4ngert.<\/li>\n\n\n\n<li>Entspricht den FDA- und EU-Normen f\u00fcr die Sicherheit im Kontakt mit Lebensmitteln, kein BPA, keine Weichmacher, um sicherzustellen, dass Milchprodukte geruchlos und nicht kontaminiert sind.<\/li>\n<\/ul>\n\n\n\n<h4 class=\"wp-block-heading\">Innovatives Design des Auslaufbeutels, bequem und langlebig<\/h4>\n\n\n\n<ul class=\"wp-block-list\">\n<li>Spout Pouch + auslaufsicherer Schraubverschluss f\u00fcr einfaches Ausgie\u00dfen, direktes Trinken oder Durchflusskontrolle, geeignet f\u00fcr Kindermilch, Fr\u00fchst\u00fccksjoghurt, trinkfertige Milchprodukte.<\/li>\n\n\n\n<li>Die hochfeste Hei\u00dfsiegeltechnologie gew\u00e4hrleistet die Versiegelung der Verpackung und verhindert, dass die Extrusion w\u00e4hrend des Transports und der Lagerung bricht oder ausl\u00e4uft.<\/li>\n<\/ul>\n\n\n\n<h4 class=\"wp-block-heading\">Geringes Gewicht und Umweltfreundlichkeit, geringere Transportkosten<\/h4>\n\n\n\n<ul class=\"wp-block-list\">\n<li>Unsere flexiblen Verpackungen f\u00fcr Molkereiprodukte sind 50% leichter als herk\u00f6mmliche Kunststoffflaschen und -kartons, was Logistikkosten spart und den CO2-Fu\u00dfabdruck verringert.<\/li>\n\n\n\n<li>Erh\u00e4ltlich aus recycelbarem PE oder biologisch abbaubarem PLA-Material, was dem weltweiten Trend zu nachhaltigen Verpackungen entspricht.<\/li>\n<\/ul>\n\n\n\n<h3 class=\"wp-block-heading\">Individuelle Anpassung an die Marktnachfrage durch mehrere Spezifikationen<\/h3>\n\n\n\n<ul class=\"wp-block-list\">\n<li>Wir bieten eine breite Palette an Spezifikationen von 100ml-1000ml, geeignet f\u00fcr Joghurt, pasteurisierte Milch, Milch mit hohem Kalziumgehalt, Laktobazillus-Getr\u00e4nke und andere Milchprodukte.<\/li>\n\n\n\n<li>Zipper-Beutel, Standbeutel, Flachbeutel und andere Strukturen k\u00f6nnen auf die Bed\u00fcrfnisse der verschiedenen Vertriebskan\u00e4le (Einzelhandel, Catering, Superm\u00e4rkte) zugeschnitten werden.<\/li>\n<\/ul>\n\n\n\n<h4 class=\"wp-block-heading\">Hochaufl\u00f6sender Druck und kundenspezifischer OEM-Service<\/h4>\n\n\n\n<ul class=\"wp-block-list\">\n<li>Maximaler 10-Farben-Tiefdruck mit hoher Aufl\u00f6sung, Unterst\u00fctzung f\u00fcr kundenspezifische Markenlogos, Produktinformationen, Werbegrafiken, um die Aufmerksamkeit der Verbraucher zu gewinnen.<\/li>\n\n\n\n<li>Matte, gl\u00e4nzende, Hei\u00dfpr\u00e4ge-, partielle UV- und andere Druckverfahren k\u00f6nnen gew\u00e4hlt werden, um die optische Wirkung der Verpackung und die Wettbewerbsf\u00e4higkeit der Marke zu verbessern.<\/li>\n\n\n\n<li>Wir bieten Probebestellungen in kleinen Mengen und schnelle Probenahmen, um den Anforderungen neuer Marken oder Markttests gerecht zu werden.<\/li>\n<\/ul>\n<\/div>\n\n\n\n<div class=\"wp-block-column is-layout-flow wp-block-column-is-layout-flow\">\n<figure class=\"wp-block-image size-full\"><img decoding=\"async\" width=\"1476\" height=\"1476\" src=\"https:\/\/www.packagingofchina.com\/wp-content\/uploads\/2025\/04\/Flexible-Dairy-Packaging-Factory-Y2106-3.webp\" alt=\"Fabrik f\u00fcr flexible Molkereiverpackungen - Y2106 (3)\" class=\"wp-image-1517\" srcset=\"https:\/\/www.packagingofchina.com\/wp-content\/uploads\/2025\/04\/Flexible-Dairy-Packaging-Factory-Y2106-3.webp 1476w, https:\/\/www.packagingofchina.com\/wp-content\/uploads\/2025\/04\/Flexible-Dairy-Packaging-Factory-Y2106-3-300x300.webp 300w, https:\/\/www.packagingofchina.com\/wp-content\/uploads\/2025\/04\/Flexible-Dairy-Packaging-Factory-Y2106-3-150x150.webp 150w, https:\/\/www.packagingofchina.com\/wp-content\/uploads\/2025\/04\/Flexible-Dairy-Packaging-Factory-Y2106-3-768x768.webp 768w, https:\/\/www.packagingofchina.com\/wp-content\/uploads\/2025\/04\/Flexible-Dairy-Packaging-Factory-Y2106-3-12x12.webp 12w, https:\/\/www.packagingofchina.com\/wp-content\/uploads\/2025\/04\/Flexible-Dairy-Packaging-Factory-Y2106-3-1200x1200.webp 1200w, https:\/\/www.packagingofchina.com\/wp-content\/uploads\/2025\/04\/Flexible-Dairy-Packaging-Factory-Y2106-3-600x600.webp 600w, https:\/\/www.packagingofchina.com\/wp-content\/uploads\/2025\/04\/Flexible-Dairy-Packaging-Factory-Y2106-3-100x100.webp 100w\" sizes=\"(max-width: 1476px) 100vw, 1476px\" \/><\/figure>\n<\/div>\n<\/div>","protected":false},"excerpt":{"rendered":"<p>Suche nach <strong data-start=\"1215\" data-end=\"1253\">flexible Verpackungsl\u00f6sungen f\u00fcr Milchprodukte<\/strong>? Wir bieten <strong data-start=\"1266\" data-end=\"1310\">individuelle Ausgie\u00dfer f\u00fcr Joghurt und Milch<\/strong>und gew\u00e4hrleisten Frische, Sicherheit und Komfort.<\/p>\n<h2>Parameter von flexiblen Milchverpackungen<\/h2>\n<p>Material: PET\/PE, PET\/NY\/PE, PET\/AL\/NY\/PE, usw.<br \/>\nTasche Typ: Stand Up Pouch, Spout Pouch<br \/>\nGr\u00f6\u00dfe des Beutels: Benutzerdefiniert<br \/>\nKundenspezifische Bestellung: Akzeptieren Sie OEM &amp; ODM<br \/>\nKostenlose Probe: Unterst\u00fctzung<br \/>\nVerwendung: Snack, S\u00fc\u00dfwaren, Backwaren, etc.<br \/>\nOberfl\u00e4chenbehandlung: Tiefdruck<br \/>\nFarbe: Kann bis zu 10 Farben drucken<br \/>\nZielm\u00e4rkte: \u00dcberall auf der Welt<\/p>","protected":false},"featured_media":1515,"comment_status":"closed","ping_status":"closed","template":"","meta":{"_acf_changed":false},"flexible-packaging":[25,24],"solution":[38,51,37,34,35],"product_brand":[],"product_cat":[62],"product_tag":[],"class_list":{"0":"post-1514","1":"product","2":"type-product","3":"status-publish","4":"has-post-thumbnail","6":"flexible-packaging-custom-spout-pouch","7":"flexible-packaging-custom-stand-up-pouch","8":"solution-high-barrier","9":"solution-moisture-proof","10":"solution-puncture-resistance","11":"solution-sealing-liquids","12":"solution-superior-resistance","13":"product_cat-custom-dairy-packaging","15":"first","16":"instock","17":"shipping-taxable","18":"product-type-simple"},"acf":[],"_links":{"self":[{"href":"https:\/\/www.packagingofchina.com\/de\/wp-json\/wp\/v2\/product\/1514","targetHints":{"allow":["GET"]}}],"collection":[{"href":"https:\/\/www.packagingofchina.com\/de\/wp-json\/wp\/v2\/product"}],"about":[{"href":"https:\/\/www.packagingofchina.com\/de\/wp-json\/wp\/v2\/types\/product"}],"replies":[{"embeddable":true,"href":"https:\/\/www.packagingofchina.com\/de\/wp-json\/wp\/v2\/comments?post=1514"}],"wp:featuredmedia":[{"embeddable":true,"href":"https:\/\/www.packagingofchina.com\/de\/wp-json\/wp\/v2\/media\/1515"}],"wp:attachment":[{"href":"https:\/\/www.packagingofchina.com\/de\/wp-json\/wp\/v2\/media?parent=1514"}],"wp:term":[{"taxonomy":"flexible-packaging","embeddable":true,"href":"https:\/\/www.packagingofchina.com\/de\/wp-json\/wp\/v2\/flexible-packaging?post=1514"},{"taxonomy":"solution","embeddable":true,"href":"https:\/\/www.packagingofchina.com\/de\/wp-json\/wp\/v2\/solution?post=1514"},{"taxonomy":"product_brand","embeddable":true,"href":"https:\/\/www.packagingofchina.com\/de\/wp-json\/wp\/v2\/product_brand?post=1514"},{"taxonomy":"product_cat","embeddable":true,"href":"https:\/\/www.packagingofchina.com\/de\/wp-json\/wp\/v2\/product_cat?post=1514"},{"taxonomy":"product_tag","embeddable":true,"href":"https:\/\/www.packagingofchina.com\/de\/wp-json\/wp\/v2\/product_tag?post=1514"}],"curies":[{"name":"wp","href":"https:\/\/api.w.org\/{rel}","templated":true}]}}