{"id":1714,"date":"2025-04-30T09:11:02","date_gmt":"2025-04-30T09:11:02","guid":{"rendered":"https:\/\/www.packagingofchina.com\/?post_type=product&#038;p=1714"},"modified":"2025-05-07T09:56:28","modified_gmt":"2025-05-07T09:56:28","slug":"baby-detergent-packaging-supplier","status":"publish","type":"product","link":"https:\/\/www.packagingofchina.com\/de\/product\/baby-detergent-packaging-supplier\/","title":{"rendered":"Benutzerdefinierte Baby-Waschmittel-Verpackung Tasche Lieferant, Stand Up Corner Spout Pouch f\u00fcr Fl\u00fcssigkeit"},"content":{"rendered":"<div class=\"wp-block-columns is-layout-flex wp-container-core-columns-is-layout-9d6595d7 wp-block-columns-is-layout-flex\">\n<div class=\"wp-block-column is-layout-flow wp-block-column-is-layout-flow\">\n<h3 class=\"wp-block-heading\"><strong>Merkmale von kundenspezifischen Babywaschmittelverpackungen<\/strong><\/h3>\n\n\n\n<ul class=\"wp-block-list\">\n<li><strong>St\u00e4rke und Schutz<\/strong>: F\u00fcr die Herstellung unserer kundenspezifischen Babywaschmittelverpackungen werden hochfeste Verbundmaterialien verwendet, die eine gute Durchsto\u00df- und Rei\u00dffestigkeit aufweisen. Sie k\u00f6nnen sowohl St\u00f6\u00dfen als auch Reibung beim Versand widerstehen, um sicherzustellen, dass der Inhalt sicher und unversehrt ist.<\/li>\n\n\n\n<li><strong>Konsistentes Stand-up-Design<\/strong>: Stehende, kundenspezifische Beutel f\u00fcr Baby-Waschmittel sind f\u00fcr eine praktische Pr\u00e4sentation im Einzelhandel konzipiert, die Ihr Produkt im Regal hervorhebt, zusammen mit einer Markenidentifikation, die Ihr Produkt f\u00fcr Eltern und Betreuer auf dem Markt attraktiver macht.<\/li>\n\n\n\n<li><strong>Einfaches Design des Eckauslaufs<\/strong>: A<strong> <\/strong>Die kippbare T\u00fclle dient zum Ausgie\u00dfen und verhindert das Versch\u00fctten. Diese Funktion eignet sich am besten f\u00fcr fl\u00fcssige Formulierungen und bietet eine zus\u00e4tzliche Funktionalit\u00e4t f\u00fcr unsere Eigenmarken-Babywaschmittelverpackungen.<\/li>\n\n\n\n<li><strong>Tragbar und platzsparend<\/strong>: Im Vergleich zu herk\u00f6mmlichen Waschmittelflaschen sind unsere tragbarer, leichter und platzsparender.<\/li>\n\n\n\n<li><strong>Zuverl\u00e4ssiger Lieferant von Fl\u00fcssigkeitsbeuteln<\/strong>: Basierend auf unserer Erfahrung als Anbieter von Fl\u00fcssigkeitsbeuteln bieten wir eine hochwertige Versiegelungstechnologie und eine doppelschichtige Versiegelungsstruktur, so dass auch bei Druck oder grober Handhabung keine Leckagen auftreten k\u00f6nnen.<\/li>\n<\/ul>\n<\/div>\n\n\n\n<div class=\"wp-block-column is-layout-flow wp-block-column-is-layout-flow\"><div class=\"wp-block-image\">\n<figure class=\"alignleft size-full\"><img decoding=\"async\" width=\"1476\" height=\"1476\" src=\"https:\/\/www.packagingofchina.com\/wp-content\/uploads\/2025\/04\/Liquid-Packing-Pouch.webp\" alt=\"Benutzerdefinierte Baby Waschmittel Verpackung Tasche Lieferant\" class=\"wp-image-1715\" srcset=\"https:\/\/www.packagingofchina.com\/wp-content\/uploads\/2025\/04\/Liquid-Packing-Pouch.webp 1476w, https:\/\/www.packagingofchina.com\/wp-content\/uploads\/2025\/04\/Liquid-Packing-Pouch-300x300.webp 300w, https:\/\/www.packagingofchina.com\/wp-content\/uploads\/2025\/04\/Liquid-Packing-Pouch-150x150.webp 150w, https:\/\/www.packagingofchina.com\/wp-content\/uploads\/2025\/04\/Liquid-Packing-Pouch-768x768.webp 768w, https:\/\/www.packagingofchina.com\/wp-content\/uploads\/2025\/04\/Liquid-Packing-Pouch-12x12.webp 12w, https:\/\/www.packagingofchina.com\/wp-content\/uploads\/2025\/04\/Liquid-Packing-Pouch-1200x1200.webp 1200w, https:\/\/www.packagingofchina.com\/wp-content\/uploads\/2025\/04\/Liquid-Packing-Pouch-600x600.webp 600w, https:\/\/www.packagingofchina.com\/wp-content\/uploads\/2025\/04\/Liquid-Packing-Pouch-100x100.webp 100w\" sizes=\"(max-width: 1476px) 100vw, 1476px\" \/><figcaption class=\"wp-element-caption\">Kundenspezifische Verpackungsbeutel f\u00fcr Babywaschmittel von Babyboo<\/figcaption><\/figure>\n<\/div><\/div>\n<\/div>\n\n\n\n<p><\/p>","protected":false},"excerpt":{"rendered":"<p>Flexible Waschmittelverpackungen f\u00fcr Fl\u00fcssigwaschmittel und Waschpulver, die auf Sicherheit und Komfort ausgelegt sind. Unsere kundenspezifischen Verpackungen f\u00fcr Babywaschmittel verf\u00fcgen \u00fcber Eckauslaufbeutel und auslaufsichere Materialien. Als zuverl\u00e4ssiger Anbieter von Fl\u00fcssigwaschmittelbeuteln bieten wir nachf\u00fcllbare Beutel f\u00fcr Babys, die umweltfreundlich und vollst\u00e4ndig anpassbar sind. Kontaktieren Sie uns noch heute, um Ihre Marke aufzuwerten!<\/p>\n<h2>Parameter der Wiederverwendbarkeit <strong>Baby-Waschmittel-Verpackungen<\/strong><\/h2>\n<p>Material: PET+NY+Wei\u00dfes PE <br \/>Beutel-Typ: Standbeutel, Ausgie\u00dferbeutel<br \/>Gr\u00f6\u00dfe:13,5cm x 18cm + 3,6cm*2 \/ Benutzerdefiniert <br \/>Kundenspezifische Bestellung: Akzeptieren Sie OEM &amp; ODM <br \/>Kostenlose Probe: Unterst\u00fctzung <br \/>Verwendung: Baby-Waschmittel <br \/>Oberfl\u00e4chenbehandlung: Tiefdruck <br \/>Farbe: Kann bis zu 13 Farben drucken <br \/>Zielm\u00e4rkte: \u00dcberall auf der Welt<\/p>","protected":false},"featured_media":1760,"comment_status":"closed","ping_status":"closed","template":"","meta":{"_acf_changed":false},"flexible-packaging":[25,24],"solution":[51,37,34],"product_brand":[],"product_cat":[17,46],"product_tag":[],"class_list":{"0":"post-1714","1":"product","2":"type-product","3":"status-publish","4":"has-post-thumbnail","6":"flexible-packaging-custom-spout-pouch","7":"flexible-packaging-custom-stand-up-pouch","8":"solution-moisture-proof","9":"solution-puncture-resistance","10":"solution-sealing-liquids","11":"product_cat-custom-non-food-packaging-solutions","12":"product_cat-home-care-packaging","14":"first","15":"instock","16":"sale","17":"shipping-taxable","18":"purchasable","19":"product-type-simple"},"acf":[],"_links":{"self":[{"href":"https:\/\/www.packagingofchina.com\/de\/wp-json\/wp\/v2\/product\/1714","targetHints":{"allow":["GET"]}}],"collection":[{"href":"https:\/\/www.packagingofchina.com\/de\/wp-json\/wp\/v2\/product"}],"about":[{"href":"https:\/\/www.packagingofchina.com\/de\/wp-json\/wp\/v2\/types\/product"}],"replies":[{"embeddable":true,"href":"https:\/\/www.packagingofchina.com\/de\/wp-json\/wp\/v2\/comments?post=1714"}],"wp:featuredmedia":[{"embeddable":true,"href":"https:\/\/www.packagingofchina.com\/de\/wp-json\/wp\/v2\/media\/1760"}],"wp:attachment":[{"href":"https:\/\/www.packagingofchina.com\/de\/wp-json\/wp\/v2\/media?parent=1714"}],"wp:term":[{"taxonomy":"flexible-packaging","embeddable":true,"href":"https:\/\/www.packagingofchina.com\/de\/wp-json\/wp\/v2\/flexible-packaging?post=1714"},{"taxonomy":"solution","embeddable":true,"href":"https:\/\/www.packagingofchina.com\/de\/wp-json\/wp\/v2\/solution?post=1714"},{"taxonomy":"product_brand","embeddable":true,"href":"https:\/\/www.packagingofchina.com\/de\/wp-json\/wp\/v2\/product_brand?post=1714"},{"taxonomy":"product_cat","embeddable":true,"href":"https:\/\/www.packagingofchina.com\/de\/wp-json\/wp\/v2\/product_cat?post=1714"},{"taxonomy":"product_tag","embeddable":true,"href":"https:\/\/www.packagingofchina.com\/de\/wp-json\/wp\/v2\/product_tag?post=1714"}],"curies":[{"name":"wp","href":"https:\/\/api.w.org\/{rel}","templated":true}]}}