{"id":1925,"date":"2025-06-20T08:11:32","date_gmt":"2025-06-20T08:11:32","guid":{"rendered":"https:\/\/www.packagingofchina.com\/?post_type=product&#038;p=1925"},"modified":"2025-06-20T08:11:34","modified_gmt":"2025-06-20T08:11:34","slug":"stand-up-pouch-for-milk-tea-powder","status":"publish","type":"product","link":"https:\/\/www.packagingofchina.com\/de\/product\/stand-up-pouch-for-milk-tea-powder\/","title":{"rendered":"Premium Stand Up Pouch f\u00fcr Milch Tee Pulver Verpackung, wiederverschlie\u00dfbare Rei\u00dfverschlussbeutel Lieferant"},"content":{"rendered":"<div class=\"wp-block-columns is-layout-flex wp-container-core-columns-is-layout-9d6595d7 wp-block-columns-is-layout-flex\">\n<div class=\"wp-block-column is-layout-flow wp-block-column-is-layout-flow\">\n<h3 class=\"wp-block-heading\">Eigenschaften von Custom Stand Up Pouch f\u00fcr Milch-Tee-Pulver<\/h3>\n\n\n\n<ul class=\"wp-block-list\">\n<li><strong>Hohe \u00e4sthetische Erscheinung Design: <\/strong>Die modische Form des Standbeutels, gepaart mit matten\/gl\u00e4nzenden Texturoptionen, verst\u00e4rkt das Gef\u00fchl f\u00fcr die Qualit\u00e4t des Produkts. Die humanisierte, leicht zu \u00f6ffnende \u00d6ffnung und die klare Druckposition machen die Verpackung sowohl sch\u00f6n als auch praktisch und haben eine st\u00e4rkere visuelle Wirkung im Regal, was die Aufmerksamkeit der Verbraucher auf sich zieht.<\/li>\n\n\n\n<li><strong>Hervorragende Konservierungsfunktion: <\/strong>Mehrschichtige Verbundmaterialien bilden eine wirksame Barriere, die Feuchtigkeit, Sauerstoff und ultraviolette Strahlen effektiv abblockt und das Aroma und die N\u00e4hrstoffe des Milchteepulvers bewahrt. Der versiegelte Rei\u00dfverschluss kann wiederholt ge\u00f6ffnet und geschlossen werden, ist feuchtigkeitsbest\u00e4ndig und auslaufsicher und kann die Frische des Produkts f\u00fcr eine lange Zeit erhalten.<\/li>\n\n\n\n<li><strong>Humanisierte Benutzererfahrung: <\/strong>Das originelle, leicht zu \u00f6ffnende Design erm\u00f6glicht ein m\u00fcheloses \u00d6ffnen; der breite Siegelstreifen macht den Verschluss dichter. Der selbststehende Boden des Beutels ist sicher platziert, was die Aufbewahrung und Entnahme einfach und bequem macht und die Verbraucherfreundlichkeit deutlich erh\u00f6ht.<\/li>\n\n\n\n<li><strong>Sicheres Material in Lebensmittelqualit\u00e4t: <\/strong>Es werden lebensmittelechte Materialien verwendet, die den nationalen Normen entsprechen und keine sch\u00e4dlichen Stoffe wie BPA enthalten. Die innere Schicht besteht aus reinem Aluminium\/aluminiumbeschichteter Folie, die die Lebensmittelsicherheit gew\u00e4hrleistet und gleichzeitig f\u00fcr eine l\u00e4ngere Haltbarkeit sorgt.<\/li>\n\n\n\n<li><strong>Ma\u00dfgeschneiderte Druckl\u00f6sung: <\/strong>Unterst\u00fctzt hochaufl\u00f6senden Farbdruck und verschiedene Verarbeitungstechniken (Hei\u00dfpr\u00e4gung, UV, etc.), die Markenlogos und Produktinformationen perfekt pr\u00e4sentieren k\u00f6nnen. Die Gr\u00f6\u00dfe des Beutels kann flexibel angepasst werden, um die Verpackungsanforderungen verschiedener Spezifikationen von Milchteepulver zu erf\u00fcllen.<\/li>\n<\/ul>\n<\/div>\n\n\n\n<div class=\"wp-block-column is-layout-flow wp-block-column-is-layout-flow\">\n<figure class=\"wp-block-image size-full\"><img decoding=\"async\" width=\"1200\" height=\"900\" src=\"https:\/\/www.packagingofchina.com\/wp-content\/uploads\/2025\/06\/Stand-up-pouch-Supplier-DQ-PACK.webp\" alt=\"Standbodenbeutel Lieferant -DQ PACK\" class=\"wp-image-1931\" srcset=\"https:\/\/www.packagingofchina.com\/wp-content\/uploads\/2025\/06\/Stand-up-pouch-Supplier-DQ-PACK.webp 1200w, https:\/\/www.packagingofchina.com\/wp-content\/uploads\/2025\/06\/Stand-up-pouch-Supplier-DQ-PACK-300x225.webp 300w, https:\/\/www.packagingofchina.com\/wp-content\/uploads\/2025\/06\/Stand-up-pouch-Supplier-DQ-PACK-768x576.webp 768w, https:\/\/www.packagingofchina.com\/wp-content\/uploads\/2025\/06\/Stand-up-pouch-Supplier-DQ-PACK-16x12.webp 16w, https:\/\/www.packagingofchina.com\/wp-content\/uploads\/2025\/06\/Stand-up-pouch-Supplier-DQ-PACK-600x450.webp 600w\" sizes=\"(max-width: 1200px) 100vw, 1200px\" \/><\/figure>\n<\/div>\n<\/div>\n\n\n\n<div class=\"wp-block-columns is-layout-flex wp-container-core-columns-is-layout-9d6595d7 wp-block-columns-is-layout-flex\">\n<div class=\"wp-block-column is-layout-flow wp-block-column-is-layout-flow\">\n<figure class=\"wp-block-image size-full\"><a href=\"https:\/\/www.packagingofchina.com\/de\/flexible-packaging\/custom-stand-up-pouch\/\"><img decoding=\"async\" width=\"1476\" height=\"1476\" src=\"https:\/\/www.packagingofchina.com\/wp-content\/uploads\/2025\/06\/Premium-stand-up-zipper-pouch-manufacturer-DQ-PACK-250634.webp\" alt=\"Premium-Standbeutel mit Rei\u00dfverschluss - DQ PACK 2506(34)\" class=\"wp-image-1928\" srcset=\"https:\/\/www.packagingofchina.com\/wp-content\/uploads\/2025\/06\/Premium-stand-up-zipper-pouch-manufacturer-DQ-PACK-250634.webp 1476w, https:\/\/www.packagingofchina.com\/wp-content\/uploads\/2025\/06\/Premium-stand-up-zipper-pouch-manufacturer-DQ-PACK-250634-300x300.webp 300w, https:\/\/www.packagingofchina.com\/wp-content\/uploads\/2025\/06\/Premium-stand-up-zipper-pouch-manufacturer-DQ-PACK-250634-150x150.webp 150w, https:\/\/www.packagingofchina.com\/wp-content\/uploads\/2025\/06\/Premium-stand-up-zipper-pouch-manufacturer-DQ-PACK-250634-768x768.webp 768w, https:\/\/www.packagingofchina.com\/wp-content\/uploads\/2025\/06\/Premium-stand-up-zipper-pouch-manufacturer-DQ-PACK-250634-12x12.webp 12w, https:\/\/www.packagingofchina.com\/wp-content\/uploads\/2025\/06\/Premium-stand-up-zipper-pouch-manufacturer-DQ-PACK-250634-1200x1200.webp 1200w, https:\/\/www.packagingofchina.com\/wp-content\/uploads\/2025\/06\/Premium-stand-up-zipper-pouch-manufacturer-DQ-PACK-250634-600x600.webp 600w, https:\/\/www.packagingofchina.com\/wp-content\/uploads\/2025\/06\/Premium-stand-up-zipper-pouch-manufacturer-DQ-PACK-250634-100x100.webp 100w\" sizes=\"(max-width: 1476px) 100vw, 1476px\" \/><\/a><\/figure>\n<\/div>\n\n\n\n<div class=\"wp-block-column is-layout-flow wp-block-column-is-layout-flow\">\n<figure class=\"wp-block-image size-full\"><a href=\"https:\/\/www.packagingofchina.com\/de\/flexible-packaging\/custom-stand-up-zipper-pouch\/\"><img decoding=\"async\" width=\"1476\" height=\"1476\" src=\"https:\/\/www.packagingofchina.com\/wp-content\/uploads\/2025\/06\/Premium-stand-up-zipper-pouch-manufacturer-DQ-PACK-250633.webp\" alt=\"Premium-Standbeutel mit Rei\u00dfverschluss - DQ PACK 2506(33)\" class=\"wp-image-1930\" srcset=\"https:\/\/www.packagingofchina.com\/wp-content\/uploads\/2025\/06\/Premium-stand-up-zipper-pouch-manufacturer-DQ-PACK-250633.webp 1476w, https:\/\/www.packagingofchina.com\/wp-content\/uploads\/2025\/06\/Premium-stand-up-zipper-pouch-manufacturer-DQ-PACK-250633-300x300.webp 300w, https:\/\/www.packagingofchina.com\/wp-content\/uploads\/2025\/06\/Premium-stand-up-zipper-pouch-manufacturer-DQ-PACK-250633-150x150.webp 150w, https:\/\/www.packagingofchina.com\/wp-content\/uploads\/2025\/06\/Premium-stand-up-zipper-pouch-manufacturer-DQ-PACK-250633-768x768.webp 768w, https:\/\/www.packagingofchina.com\/wp-content\/uploads\/2025\/06\/Premium-stand-up-zipper-pouch-manufacturer-DQ-PACK-250633-12x12.webp 12w, https:\/\/www.packagingofchina.com\/wp-content\/uploads\/2025\/06\/Premium-stand-up-zipper-pouch-manufacturer-DQ-PACK-250633-1200x1200.webp 1200w, https:\/\/www.packagingofchina.com\/wp-content\/uploads\/2025\/06\/Premium-stand-up-zipper-pouch-manufacturer-DQ-PACK-250633-600x600.webp 600w, https:\/\/www.packagingofchina.com\/wp-content\/uploads\/2025\/06\/Premium-stand-up-zipper-pouch-manufacturer-DQ-PACK-250633-100x100.webp 100w\" sizes=\"(max-width: 1476px) 100vw, 1476px\" \/><\/a><\/figure>\n<\/div>\n<\/div>","protected":false},"excerpt":{"rendered":"<p>Dieser Standbeutel, der speziell f\u00fcr Milchtee-Pulver entwickelt wurde, besteht aus einem mehrschichtigen Verbundmaterial in Lebensmittelqualit\u00e4t, das einen ausgezeichneten Schutz vor Feuchtigkeit, Sauerstoff und Licht bietet, um die lang anhaltende Frische des Produkts zu gew\u00e4hrleisten. Das humanisierte, versiegelte Rei\u00dfverschlussdesign macht den Zugang bequemer, und mit der leicht zu \u00f6ffnenden \u00d6ffnung ist es einfacher zu \u00f6ffnen. Das einzigartige selbsttragende Bodendesign sorgt f\u00fcr einen festen Stand der Verpackung und verbessert den Pr\u00e4sentationseffekt in den Regalen. Die matte Oberfl\u00e4che kann den Markendruck perfekt pr\u00e4sentieren und ist somit eine ideale Verpackung f\u00fcr Produkte wie Milchteepulver und feste Getr\u00e4nke, die ein Gleichgewicht zwischen Praktikabilit\u00e4t und visueller Attraktivit\u00e4t bietet.<\/p>\n<h2>Parameter der Stand Up Zipper Pouch<\/h2>\n<p>Material: Mattes BOPP+ALU+PE \/ Benutzerdefiniert\u00a0<\/p>\n<p>Tasche Typ: Stehtragetasche<\/p>\n<p>Gr\u00f6\u00dfe: 21.5*28+ 5CM\/ Benutzerdefiniert<\/p>\n<p>Dicke: 120 Mikrometer<\/p>\n<p>Kundenspezifische Bestellung: Akzeptieren Sie OEM &amp; ODM<\/p>\n<p>Kostenlose Probe: Unterst\u00fctzung<\/p>\n<p>Verwendung: Kaffeebohnen, Pulver, Snacks, Trockenfr\u00fcchte, Tierfutter, S\u00fc\u00dfigkeiten, Kekse und mehr.<\/p>\n<p>Oberfl\u00e4chenbehandlung: Tiefdruck<\/p>\n<p>Farbe: Kann bis zu 13 Farben drucken<\/p>\n<p>Zielm\u00e4rkte: \u00dcberall auf der Welt<\/p>","protected":false},"featured_media":1929,"comment_status":"closed","ping_status":"closed","template":"","meta":{"_acf_changed":false},"flexible-packaging":[24,29],"solution":[66,38,51,37],"product_brand":[],"product_cat":[18,64],"product_tag":[],"class_list":{"0":"post-1925","1":"product","2":"type-product","3":"status-publish","4":"has-post-thumbnail","6":"flexible-packaging-custom-stand-up-pouch","7":"flexible-packaging-custom-stand-up-zipper-pouch","8":"solution-bpa-free","9":"solution-high-barrier","10":"solution-moisture-proof","11":"solution-puncture-resistance","12":"product_cat-custom-food-packaging-solutions","13":"product_cat-food-powder-packaging-solutions","15":"first","16":"instock","17":"shipping-taxable","18":"product-type-simple"},"acf":[],"_links":{"self":[{"href":"https:\/\/www.packagingofchina.com\/de\/wp-json\/wp\/v2\/product\/1925","targetHints":{"allow":["GET"]}}],"collection":[{"href":"https:\/\/www.packagingofchina.com\/de\/wp-json\/wp\/v2\/product"}],"about":[{"href":"https:\/\/www.packagingofchina.com\/de\/wp-json\/wp\/v2\/types\/product"}],"replies":[{"embeddable":true,"href":"https:\/\/www.packagingofchina.com\/de\/wp-json\/wp\/v2\/comments?post=1925"}],"wp:featuredmedia":[{"embeddable":true,"href":"https:\/\/www.packagingofchina.com\/de\/wp-json\/wp\/v2\/media\/1929"}],"wp:attachment":[{"href":"https:\/\/www.packagingofchina.com\/de\/wp-json\/wp\/v2\/media?parent=1925"}],"wp:term":[{"taxonomy":"flexible-packaging","embeddable":true,"href":"https:\/\/www.packagingofchina.com\/de\/wp-json\/wp\/v2\/flexible-packaging?post=1925"},{"taxonomy":"solution","embeddable":true,"href":"https:\/\/www.packagingofchina.com\/de\/wp-json\/wp\/v2\/solution?post=1925"},{"taxonomy":"product_brand","embeddable":true,"href":"https:\/\/www.packagingofchina.com\/de\/wp-json\/wp\/v2\/product_brand?post=1925"},{"taxonomy":"product_cat","embeddable":true,"href":"https:\/\/www.packagingofchina.com\/de\/wp-json\/wp\/v2\/product_cat?post=1925"},{"taxonomy":"product_tag","embeddable":true,"href":"https:\/\/www.packagingofchina.com\/de\/wp-json\/wp\/v2\/product_tag?post=1925"}],"curies":[{"name":"wp","href":"https:\/\/api.w.org\/{rel}","templated":true}]}}