{"id":1978,"date":"2025-07-05T07:37:26","date_gmt":"2025-07-05T07:37:26","guid":{"rendered":"https:\/\/www.packagingofchina.com\/?post_type=product&#038;p=1978"},"modified":"2025-09-05T08:35:48","modified_gmt":"2025-09-05T08:35:48","slug":"custom-yogurt-spout-pouch","status":"publish","type":"product","link":"https:\/\/www.packagingofchina.com\/de\/product\/custom-yogurt-spout-pouch\/","title":{"rendered":"Benutzerdefinierte Joghurt Spout Pouch Gro\u00dfhandel, flachen Boden Beutel mit wiederverschlie\u00dfbaren Deckel Fabrik"},"content":{"rendered":"<div class=\"wp-block-columns is-layout-flex wp-container-core-columns-is-layout-9d6595d7 wp-block-columns-is-layout-flex\">\n<div class=\"wp-block-column is-layout-flow wp-block-column-is-layout-flow\">\n<h3 class=\"wp-block-heading\">Merkmale von Custom Yogurt Spout Pouch<\/h3>\n\n\n\n<ul class=\"wp-block-list\">\n<li><strong>Stabiler flacher Boden<\/strong><br>Steht fest im Regal und hat einen verst\u00e4rkten Boden, um ein Umkippen zu verhindern. Ideal f\u00fcr die Auslage im Gesch\u00e4ft und die bequeme Aufbewahrung zu Hause.<\/li>\n\n\n\n<li><strong>Pr\u00e4zisionsauslauf<\/strong><br>Sorgt f\u00fcr sauberes, tropffreies Ausgie\u00dfen von trinkbarem und l\u00f6ffelbarem Joghurt. Die glatte Innenseite erm\u00f6glicht einen vollst\u00e4ndigen Produktaustritt und macht jeden kundenspezifischen Joghurt-Ausgie\u00dfer-Beutel funktional und verbraucherfreundlich.<\/li>\n\n\n\n<li><strong>Verschlie\u00dfbare Kappe<\/strong><br>H\u00e4lt Joghurt l\u00e4nger frisch dank eines luftdichten Klickverschlusses, der auch bei wiederholtem Gebrauch dicht h\u00e4lt. Unsere Erfahrung als Hersteller von Joghurtverpackungen garantiert einen effektiven Frischeerhalt.<\/li>\n\n\n\n<li><strong>Fortschrittlicher Barriereschutz<\/strong><br>Mehrschichtige Verpackungen schlie\u00dfen Sauerstoff, Licht und Feuchtigkeit aus, um die Haltbarkeit zu gew\u00e4hrleisten, w\u00e4hrend N\u00e4hrwert und Geschmack erhalten bleiben.<\/li>\n\n\n\n<li><strong>Exklusive Branding-M\u00f6glichkeiten<\/strong><br>Hochentwickelter Digitaldruck und matte\/gl\u00e4nzende Oberfl\u00e4chen lassen Ihre Verpackungen aus den Regalen herausstechen.<\/li>\n\n\n\n<li><strong>Nachhaltiges Design<\/strong><br>Die Leichtbauweise reduziert den Kunststoffverbrauch und die Transportemissionen, und es sind Optionen f\u00fcr recycelbare Materialien erh\u00e4ltlich.<\/li>\n<\/ul>\n<\/div>\n\n\n\n<div class=\"wp-block-column is-layout-flow wp-block-column-is-layout-flow\">\n<figure class=\"wp-block-image size-full\"><img decoding=\"async\" width=\"1476\" height=\"1476\" src=\"https:\/\/www.packagingofchina.com\/wp-content\/uploads\/2025\/07\/Custom-Yogurt-Spout-Pouch-Wholesale-Factory-DQ-PACK-1.webp\" alt=\"Benutzerdefinierte Joghurt Ausgie\u00dfer Beutel Gro\u00dfhandel-Fabrik-DQ-PACK-1\" class=\"wp-image-2416\" srcset=\"https:\/\/www.packagingofchina.com\/wp-content\/uploads\/2025\/07\/Custom-Yogurt-Spout-Pouch-Wholesale-Factory-DQ-PACK-1.webp 1476w, https:\/\/www.packagingofchina.com\/wp-content\/uploads\/2025\/07\/Custom-Yogurt-Spout-Pouch-Wholesale-Factory-DQ-PACK-1-300x300.webp 300w, https:\/\/www.packagingofchina.com\/wp-content\/uploads\/2025\/07\/Custom-Yogurt-Spout-Pouch-Wholesale-Factory-DQ-PACK-1-150x150.webp 150w, https:\/\/www.packagingofchina.com\/wp-content\/uploads\/2025\/07\/Custom-Yogurt-Spout-Pouch-Wholesale-Factory-DQ-PACK-1-768x768.webp 768w, https:\/\/www.packagingofchina.com\/wp-content\/uploads\/2025\/07\/Custom-Yogurt-Spout-Pouch-Wholesale-Factory-DQ-PACK-1-12x12.webp 12w, https:\/\/www.packagingofchina.com\/wp-content\/uploads\/2025\/07\/Custom-Yogurt-Spout-Pouch-Wholesale-Factory-DQ-PACK-1-1200x1200.webp 1200w, https:\/\/www.packagingofchina.com\/wp-content\/uploads\/2025\/07\/Custom-Yogurt-Spout-Pouch-Wholesale-Factory-DQ-PACK-1-600x600.webp 600w, https:\/\/www.packagingofchina.com\/wp-content\/uploads\/2025\/07\/Custom-Yogurt-Spout-Pouch-Wholesale-Factory-DQ-PACK-1-100x100.webp 100w\" sizes=\"(max-width: 1476px) 100vw, 1476px\" \/><\/figure>\n<\/div>\n<\/div>\n\n\n\n<h2 class=\"wp-block-heading\">H\u00f6hepunkte der individuellen Ausgie\u00dferverpackung<\/h2>\n\n\n\n<p><strong><a href=\"https:\/\/www.packagingofchina.com\/de\/\">DQ PACK<\/a><\/strong>&nbsp;ist ein vertrauensw\u00fcrdiger Hersteller kundenspezifischer Beutelverpackungen, der qualitativ hochwertigen Hochgeschwindigkeitsdruck mit hervorragenden visuellen Ergebnissen bietet. Wir unterst\u00fctzen die vollst\u00e4ndige Anpassung der Beutelformen an die verschiedenen Produktanforderungen. Unsere auslaufsichere Qualit\u00e4tskontrolle stellt sicher, dass kein einziger Tropfen entweicht. Einfach herzustellende Designs mit Schienenunterst\u00fctzung machen uns zu Ihrem effizienten und zuverl\u00e4ssigen Verpackungspartner.<\/p>\n\n\n\n<figure class=\"wp-block-image size-full\"><img decoding=\"async\" width=\"1200\" height=\"600\" src=\"https:\/\/www.packagingofchina.com\/wp-content\/uploads\/2025\/07\/Spout-pouch-Selling-Point.webp\" alt=\"Ausgie\u00dferbeutel Verkaufsargument\" class=\"wp-image-1992\" srcset=\"https:\/\/www.packagingofchina.com\/wp-content\/uploads\/2025\/07\/Spout-pouch-Selling-Point.webp 1200w, https:\/\/www.packagingofchina.com\/wp-content\/uploads\/2025\/07\/Spout-pouch-Selling-Point-300x150.webp 300w, https:\/\/www.packagingofchina.com\/wp-content\/uploads\/2025\/07\/Spout-pouch-Selling-Point-768x384.webp 768w, https:\/\/www.packagingofchina.com\/wp-content\/uploads\/2025\/07\/Spout-pouch-Selling-Point-18x9.webp 18w, https:\/\/www.packagingofchina.com\/wp-content\/uploads\/2025\/07\/Spout-pouch-Selling-Point-600x300.webp 600w\" sizes=\"(max-width: 1200px) 100vw, 1200px\" \/><\/figure>","protected":false},"excerpt":{"rendered":"<p>Dieser Beutel mit flachem Boden und Ausgie\u00dfer ist ein praktisches Design f\u00fcr Joghurtverpackungen, das sich gut im Regal macht. Der stabile Boden sorgt daf\u00fcr, dass die Beutel im Regal stehen bleiben, w\u00e4hrend der Pr\u00e4zisionsausgie\u00dfer f\u00fcr ein sauberes Ausgie\u00dfen sorgt. Ein wiederverschlie\u00dfbarer Deckel h\u00e4lt das Produkt nach dem \u00d6ffnen frisch.<\/p>\n<p>Der Joghurtbeutel mit Ausgie\u00dfer besteht aus einer mehrschichtigen Barrierefolie, die Licht, Sauerstoff und Feuchtigkeit fernh\u00e4lt. Er ist in verschiedenen Gr\u00f6\u00dfen und mit verschiedenen Aufdrucken erh\u00e4ltlich und eignet sich am besten f\u00fcr trinkbaren oder l\u00f6ffelbaren Joghurt. Die glatte Innenbeschichtung ist so konzipiert, dass das Produkt vollst\u00e4ndig entweichen kann.<\/p>\n<h2>Parameter des kundenspezifischen Joghurtbeutels<\/h2>\n<ul>\n<li><strong>Material<\/strong>: PET\/PE, PET\/NY\/PE, PET\/AL\/NY\/PE, usw.<\/li>\n<li><strong>Tasche Typ<\/strong>: <a href=\"https:\/\/www.packagingofchina.com\/de\/flexible-packaging\/custom-spout-pouch\/\"><em><strong>Ausgie\u00dferbeutel<\/strong><\/em><\/a><\/li>\n<li><strong>Gr\u00f6\u00dfe<\/strong>8,3*13cm + 4,5cm \/ Benutzerdefiniert<\/li>\n<li><strong>Individuelle Bestellung<\/strong>: Akzeptieren Sie OEM &amp; ODM<\/li>\n<li><strong>Kostenlose Probe<\/strong>: Unterst\u00fctzung<\/li>\n<li><strong>Verwendung<\/strong>: Molkereiprodukte, Saft, Wasser, So\u00dfe, Ketchup, Milch, Hautpflege, Seifenfl\u00fcssigkeit, Waschmittel, Paste, Sahne, Tee, Kaffee, Shampoo, Speise\u00f6l, und mehr<\/li>\n<li><strong>Handhabung der Oberfl\u00e4che<\/strong>: Tiefdruck<\/li>\n<li><strong>Farbe<\/strong>: Kann bis zu 13 Farben drucken<\/li>\n<li><strong>Zielm\u00e4rkte<\/strong>: \u00dcberall auf der Welt<\/li>\n<\/ul>","protected":false},"featured_media":2417,"comment_status":"closed","ping_status":"closed","template":"","meta":{"_acf_changed":false},"flexible-packaging":[26,25],"solution":[66,38,67,51,33,34],"product_brand":[],"product_cat":[20,19,62],"product_tag":[],"class_list":{"0":"post-1978","1":"product","2":"type-product","3":"status-publish","4":"has-post-thumbnail","6":"flexible-packaging-custom-flat-bottom-pouch","7":"flexible-packaging-custom-spout-pouch","8":"solution-bpa-free","9":"solution-high-barrier","10":"solution-leak-proof","11":"solution-moisture-proof","12":"solution-resist-high-temperature","13":"solution-sealing-liquids","14":"product_cat-baby-food-packaging-solutions","15":"product_cat-custom-beverage-packaging-solutions","16":"product_cat-custom-dairy-packaging","18":"first","19":"instock","20":"shipping-taxable","21":"product-type-simple"},"acf":[],"_links":{"self":[{"href":"https:\/\/www.packagingofchina.com\/de\/wp-json\/wp\/v2\/product\/1978","targetHints":{"allow":["GET"]}}],"collection":[{"href":"https:\/\/www.packagingofchina.com\/de\/wp-json\/wp\/v2\/product"}],"about":[{"href":"https:\/\/www.packagingofchina.com\/de\/wp-json\/wp\/v2\/types\/product"}],"replies":[{"embeddable":true,"href":"https:\/\/www.packagingofchina.com\/de\/wp-json\/wp\/v2\/comments?post=1978"}],"wp:featuredmedia":[{"embeddable":true,"href":"https:\/\/www.packagingofchina.com\/de\/wp-json\/wp\/v2\/media\/2417"}],"wp:attachment":[{"href":"https:\/\/www.packagingofchina.com\/de\/wp-json\/wp\/v2\/media?parent=1978"}],"wp:term":[{"taxonomy":"flexible-packaging","embeddable":true,"href":"https:\/\/www.packagingofchina.com\/de\/wp-json\/wp\/v2\/flexible-packaging?post=1978"},{"taxonomy":"solution","embeddable":true,"href":"https:\/\/www.packagingofchina.com\/de\/wp-json\/wp\/v2\/solution?post=1978"},{"taxonomy":"product_brand","embeddable":true,"href":"https:\/\/www.packagingofchina.com\/de\/wp-json\/wp\/v2\/product_brand?post=1978"},{"taxonomy":"product_cat","embeddable":true,"href":"https:\/\/www.packagingofchina.com\/de\/wp-json\/wp\/v2\/product_cat?post=1978"},{"taxonomy":"product_tag","embeddable":true,"href":"https:\/\/www.packagingofchina.com\/de\/wp-json\/wp\/v2\/product_tag?post=1978"}],"curies":[{"name":"wp","href":"https:\/\/api.w.org\/{rel}","templated":true}]}}