{"id":1986,"date":"2025-07-05T06:52:45","date_gmt":"2025-07-05T06:52:45","guid":{"rendered":"https:\/\/www.packagingofchina.com\/?post_type=product&#038;p=1986"},"modified":"2025-07-05T06:52:46","modified_gmt":"2025-07-05T06:52:46","slug":"custom-juice-spout-pouches","status":"publish","type":"product","link":"https:\/\/www.packagingofchina.com\/de\/product\/custom-juice-spout-pouches\/","title":{"rendered":"Benutzerdefinierte 200ml Saft Getr\u00e4nk Spout Beutel, umweltfreundliche Getr\u00e4nkeverpackungen Tasche Hersteller- DQ PACK"},"content":{"rendered":"<div class=\"wp-block-columns is-layout-flex wp-container-core-columns-is-layout-9d6595d7 wp-block-columns-is-layout-flex\">\n<div class=\"wp-block-column is-layout-flow wp-block-column-is-layout-flow\">\n<h3 class=\"wp-block-heading\">Merkmale der Custom Juice Spout Pouches<\/h3>\n\n\n\n<ul class=\"wp-block-list\">\n<li><strong>Auslaufsicherer Ausguss &amp; wiederverschlie\u00dfbarer Deckel<\/strong>: Der pr\u00e4zisionsgefertigte Ausgie\u00dfer sorgt f\u00fcr tropffreies Ausgie\u00dfen; der wiederverschlie\u00dfbare Deckel bewahrt die Frische f\u00fcr unterwegs. Als Hersteller von umweltfreundlichen Getr\u00e4nkeverpackungen stellen wir sicher, dass jedes Design den praktischen Anforderungen entspricht. Diese benutzerdefinierten Saftt\u00fcten sind ideal f\u00fcr den unauff\u00e4lligen Gebrauch.<\/li>\n\n\n\n<li><strong>Umweltfreundliches Material mit hoher Barrierewirkung<\/strong>: Hergestellt aus recycelbarer, BPA-freier Folie mit UV-\/Sauerstoffschutz zur nachhaltigen Verl\u00e4ngerung der Haltbarkeit von S\u00e4ften. Als vertrauensw\u00fcrdiger OEM-Gro\u00dfhandelsanbieter von Ausgie\u00dferbeuteln konzentrieren wir uns auf sichere und nachhaltige L\u00f6sungen. Unser umweltfreundlicher Getr\u00e4nkeverpackungsbeutel-Herstellungsprozess verwendet gr\u00fcn-zertifizierte Materialien.<\/li>\n\n\n\n<li><strong>Lebendige individuelle Druckoptionen<\/strong>: Hochaufl\u00f6sendes Branding mit ungiftigen Druckfarben f\u00fcr eine auff\u00e4llige Regalgestaltung und Flexibilit\u00e4t bei Eigenmarken. Unsere ma\u00dfgefertigten Saftt\u00fcten unterst\u00fctzen den vollfarbigen, ausbleichsicheren Druck und die Personalisierung der Verpackung f\u00fcr eine wettbewerbsf\u00e4hige Sichtbarkeit im Einzelhandel.<\/li>\n\n\n\n<li><strong>Platzsparendes Stand-Up-Design<\/strong>: Der selbststehende Boden maximiert die Sichtbarkeit im Einzelhandel und spart im Vergleich zu Flaschen Lagerfl\u00e4che. Ideal f\u00fcr Marken, die OEM-Ausgie\u00dferbeutel im Gro\u00dfhandel suchen, die Funktionalit\u00e4t mit kosteneffizienter Logistik verbinden.<\/li>\n\n\n\n<li><strong>Langlebig f\u00fcr globalen Versand<\/strong>: Verst\u00e4rkte N\u00e4hte und eine sturzsichere Konstruktion widerstehen Transportbelastungen und Temperaturschwankungen. Als erfahrener Hersteller von umweltfreundlichen Getr\u00e4nkeverpackungsbeuteln stellen wir sicher, dass jeder Beutel den internationalen Versandstandards entspricht.<\/li>\n\n\n\n<li><strong>Multi-Getr\u00e4nke Vielseitigkeit<\/strong>: Kompatibel mit S\u00e4ften, Smoothies und fl\u00fcssigen Nahrungserg\u00e4nzungsmitteln; unterst\u00fctzt Hei\u00dfabf\u00fcllung, Kaltabf\u00fcllung oder aseptische Abf\u00fcllung. Unsere benutzerdefinierten Saftt\u00fcllenbeutel sind f\u00fcr mehrere Anwendungen konzipiert und f\u00fcr verschiedene Getr\u00e4nkeindustrien geeignet.<\/li>\n<\/ul>\n<\/div>\n\n\n\n<div class=\"wp-block-column is-layout-flow wp-block-column-is-layout-flow\">\n<figure class=\"wp-block-image size-full\"><img decoding=\"async\" width=\"1416\" height=\"1416\" src=\"https:\/\/www.packagingofchina.com\/wp-content\/uploads\/2025\/07\/Custom-Juice-Spout-Pouches-Manufacturer-DQ-PACK.webp\" alt=\"Kundenspezifische Saftt\u00fcten Hersteller -DQ PACK\" class=\"wp-image-1993\" srcset=\"https:\/\/www.packagingofchina.com\/wp-content\/uploads\/2025\/07\/Custom-Juice-Spout-Pouches-Manufacturer-DQ-PACK.webp 1416w, https:\/\/www.packagingofchina.com\/wp-content\/uploads\/2025\/07\/Custom-Juice-Spout-Pouches-Manufacturer-DQ-PACK-300x300.webp 300w, https:\/\/www.packagingofchina.com\/wp-content\/uploads\/2025\/07\/Custom-Juice-Spout-Pouches-Manufacturer-DQ-PACK-150x150.webp 150w, https:\/\/www.packagingofchina.com\/wp-content\/uploads\/2025\/07\/Custom-Juice-Spout-Pouches-Manufacturer-DQ-PACK-768x768.webp 768w, https:\/\/www.packagingofchina.com\/wp-content\/uploads\/2025\/07\/Custom-Juice-Spout-Pouches-Manufacturer-DQ-PACK-12x12.webp 12w, https:\/\/www.packagingofchina.com\/wp-content\/uploads\/2025\/07\/Custom-Juice-Spout-Pouches-Manufacturer-DQ-PACK-1200x1200.webp 1200w, https:\/\/www.packagingofchina.com\/wp-content\/uploads\/2025\/07\/Custom-Juice-Spout-Pouches-Manufacturer-DQ-PACK-600x600.webp 600w, https:\/\/www.packagingofchina.com\/wp-content\/uploads\/2025\/07\/Custom-Juice-Spout-Pouches-Manufacturer-DQ-PACK-100x100.webp 100w\" sizes=\"(max-width: 1416px) 100vw, 1416px\" \/><\/figure>\n<\/div>\n<\/div>\n\n\n\n<h2 class=\"wp-block-heading\">Highlights der individuellen T\u00fctenverpackung<\/h2>\n\n\n\n<p><strong><a href=\"https:\/\/www.packagingofchina.com\/de\/\">DQ PACK<\/a><\/strong> ist ein vertrauensw\u00fcrdiger Hersteller kundenspezifischer Ausgie\u00dfer-Verpackungen, der qualitativ hochwertigen Hochgeschwindigkeitsdruck mit hervorragenden visuellen Ergebnissen bietet. Wir unterst\u00fctzen die vollst\u00e4ndige Anpassung der Beutelformen an die verschiedenen Produktanforderungen. Unsere auslaufsichere Qualit\u00e4tskontrolle stellt sicher, dass kein einziger Tropfen entweicht. Einfach herzustellende Designs mit Schienenunterst\u00fctzung machen uns zu Ihrem effizienten und zuverl\u00e4ssigen Verpackungspartner.<\/p>\n\n\n\n<figure class=\"wp-block-image size-full\"><img decoding=\"async\" width=\"1200\" height=\"600\" src=\"https:\/\/www.packagingofchina.com\/wp-content\/uploads\/2025\/07\/Spout-pouch-Selling-Point.webp\" alt=\"Ausgie\u00dferbeutel Verkaufsargument\" class=\"wp-image-1992\" srcset=\"https:\/\/www.packagingofchina.com\/wp-content\/uploads\/2025\/07\/Spout-pouch-Selling-Point.webp 1200w, https:\/\/www.packagingofchina.com\/wp-content\/uploads\/2025\/07\/Spout-pouch-Selling-Point-300x150.webp 300w, https:\/\/www.packagingofchina.com\/wp-content\/uploads\/2025\/07\/Spout-pouch-Selling-Point-768x384.webp 768w, https:\/\/www.packagingofchina.com\/wp-content\/uploads\/2025\/07\/Spout-pouch-Selling-Point-18x9.webp 18w, https:\/\/www.packagingofchina.com\/wp-content\/uploads\/2025\/07\/Spout-pouch-Selling-Point-600x300.webp 600w\" sizes=\"(max-width: 1200px) 100vw, 1200px\" \/><\/figure>\n\n\n\n<div class=\"wp-block-columns is-layout-flex wp-container-core-columns-is-layout-9d6595d7 wp-block-columns-is-layout-flex\">\n<div class=\"wp-block-column is-layout-flow wp-block-column-is-layout-flow\"><\/div>\n<\/div>\n\n\n\n<p><\/p>","protected":false},"excerpt":{"rendered":"<p data-start=\"256\" data-end=\"535\">Als zuverl\u00e4ssiger Hersteller von umweltfreundlichen Getr\u00e4nkeverpackungsbeuteln bieten wir kundenspezifische Saftbeutel und OEM-Gro\u00dfhandelsbeutel mit langlebigen, auslaufsicheren Designs und hochwertigem Druck. Perfekt f\u00fcr S\u00e4fte, Smoothies und Nahrungserg\u00e4nzungsmittel. Erhalten Sie kostenlose Muster und beginnen Sie jetzt mit der Anpassung!<\/p>\n<h2>Parameter von Saftt\u00fcllenbeuteln<\/h2>\n<p>Material: PET\/PE, PET\/NY\/PE, PET\/AL\/NY\/PE, usw. <br \/>Beuteltyp: Ausgie\u00dferbeutel <br \/>Gr\u00f6\u00dfe:14,6*16,5 cm + 4,25*2 cm \/ Benutzerdefiniert <br \/>Kundenspezifische Bestellung: Akzeptieren Sie OEM &amp; ODM <br \/>Kostenlose Probe: Unterst\u00fctzung <br \/>Verwendung: pulverf\u00f6rmige Produkte, Saft, Getr\u00e4nke, Alkohol, Wasser und mehr <br \/>Oberfl\u00e4chenbehandlung: Tiefdruck <br \/>Farbe: Kann bis zu 13 Farben drucken <br \/>Zielm\u00e4rkte: \u00dcberall auf der Welt<\/p>","protected":false},"featured_media":1991,"comment_status":"closed","ping_status":"closed","template":"","meta":{"_acf_changed":false},"flexible-packaging":[25,24],"solution":[66,38,67,37],"product_brand":[],"product_cat":[49,19],"product_tag":[],"class_list":{"0":"post-1986","1":"product","2":"type-product","3":"status-publish","4":"has-post-thumbnail","6":"flexible-packaging-custom-spout-pouch","7":"flexible-packaging-custom-stand-up-pouch","8":"solution-bpa-free","9":"solution-high-barrier","10":"solution-leak-proof","11":"solution-puncture-resistance","12":"product_cat-juice-packaging-wholesale","13":"product_cat-custom-beverage-packaging-solutions","15":"first","16":"instock","17":"shipping-taxable","18":"product-type-simple"},"acf":[],"_links":{"self":[{"href":"https:\/\/www.packagingofchina.com\/de\/wp-json\/wp\/v2\/product\/1986","targetHints":{"allow":["GET"]}}],"collection":[{"href":"https:\/\/www.packagingofchina.com\/de\/wp-json\/wp\/v2\/product"}],"about":[{"href":"https:\/\/www.packagingofchina.com\/de\/wp-json\/wp\/v2\/types\/product"}],"replies":[{"embeddable":true,"href":"https:\/\/www.packagingofchina.com\/de\/wp-json\/wp\/v2\/comments?post=1986"}],"wp:featuredmedia":[{"embeddable":true,"href":"https:\/\/www.packagingofchina.com\/de\/wp-json\/wp\/v2\/media\/1991"}],"wp:attachment":[{"href":"https:\/\/www.packagingofchina.com\/de\/wp-json\/wp\/v2\/media?parent=1986"}],"wp:term":[{"taxonomy":"flexible-packaging","embeddable":true,"href":"https:\/\/www.packagingofchina.com\/de\/wp-json\/wp\/v2\/flexible-packaging?post=1986"},{"taxonomy":"solution","embeddable":true,"href":"https:\/\/www.packagingofchina.com\/de\/wp-json\/wp\/v2\/solution?post=1986"},{"taxonomy":"product_brand","embeddable":true,"href":"https:\/\/www.packagingofchina.com\/de\/wp-json\/wp\/v2\/product_brand?post=1986"},{"taxonomy":"product_cat","embeddable":true,"href":"https:\/\/www.packagingofchina.com\/de\/wp-json\/wp\/v2\/product_cat?post=1986"},{"taxonomy":"product_tag","embeddable":true,"href":"https:\/\/www.packagingofchina.com\/de\/wp-json\/wp\/v2\/product_tag?post=1986"}],"curies":[{"name":"wp","href":"https:\/\/api.w.org\/{rel}","templated":true}]}}