{"id":2211,"date":"2025-07-31T18:15:42","date_gmt":"2025-07-31T18:15:42","guid":{"rendered":"https:\/\/www.packagingofchina.com\/?post_type=product&#038;p=2211"},"modified":"2025-08-05T18:16:23","modified_gmt":"2025-08-05T18:16:23","slug":"jelly-spout-pouches-wholesale","status":"publish","type":"product","link":"https:\/\/www.packagingofchina.com\/de\/product\/jelly-spout-pouches-wholesale\/","title":{"rendered":"Individuell gestaltete Logo-Gelee-Beutel: Lebensmittelecht, auslaufsicher, wiederverschlie\u00dfbar"},"content":{"rendered":"<div class=\"wp-block-columns is-layout-flex wp-container-core-columns-is-layout-9d6595d7 wp-block-columns-is-layout-flex\">\n<div class=\"wp-block-column is-layout-flow wp-block-column-is-layout-flow\">\n<h3 class=\"wp-block-heading\">Merkmale der Custom Jelly Spout Pouches<\/h3>\n\n\n\n<p><strong>Lebensmittelrechtlich unbedenkliche Materialien:<\/strong>\u00a0Zur Gew\u00e4hrleistung der Sicherheit und Konformit\u00e4t von Gelee-Verpackungen werden BPA-freie Materialien verwendet, die den FDA-Normen entsprechen.<\/p>\n\n\n\n<p><strong>Lecksicheres Dichtungsdesign: <\/strong>Die pr\u00e4zise Dichtungsstruktur in Kombination mit einem wiederverschlie\u00dfbaren Ansaugstutzen verhindert wirksam das Auslaufen von Gelee und verl\u00e4ngert die Haltbarkeit des Produkts.<\/p>\n\n\n\n<p><strong>Tragbar und einfach zu bedienen: <\/strong>Das leichte und flexible Design des Beutels, kombiniert mit steuerbaren Saugd\u00fcsen, eignet sich f\u00fcr den bequemen Verbrauch im Freien, f\u00fcr Kinder und andere Situationen.<\/p>\n\n\n\n<p><strong>Hohe Druckklarheit:<\/strong>&nbsp;Durch die Verwendung von lebensmittelechter Tinte und hochaufl\u00f6sender Tiefdrucktechnologie sind die Farben der Muster voll und die Details klar, was den Marken hilft, die visuelle Wirkung der Regale zu verbessern.<\/p>\n\n\n\n<p><strong>Hochgradig individuell: <\/strong>unterst\u00fctzt die individuelle Anpassung von Gr\u00f6\u00dfe, Aufdruck, Fassungsverm\u00f6gen usw., um die differenzierten Verpackungsanforderungen von Marken zu erf\u00fcllen.<\/p>\n\n\n\n<p><strong>Optimierung der Lagerlogistik:<\/strong>&nbsp;Im Vergleich zu herk\u00f6mmlichen Containern spart er mehr als 50% an Lagerfl\u00e4che, reduziert die Transportkosten und verbessert die Effizienz der Lieferkette.<\/p>\n<\/div>\n\n\n\n<div class=\"wp-block-column is-layout-flow wp-block-column-is-layout-flow\">\n<figure class=\"wp-block-image size-full\"><img decoding=\"async\" width=\"1476\" height=\"1476\" src=\"https:\/\/www.packagingofchina.com\/wp-content\/uploads\/2025\/08\/Custom-Jelly-Spout-Pouch-Manufacturer-DQ-PACK-1-1.webp\" alt=\"Custom Jelly Spout Pouch Hersteller -DQ PACK (5) \" class=\"wp-image-2216\" srcset=\"https:\/\/www.packagingofchina.com\/wp-content\/uploads\/2025\/08\/Custom-Jelly-Spout-Pouch-Manufacturer-DQ-PACK-1-1.webp 1476w, https:\/\/www.packagingofchina.com\/wp-content\/uploads\/2025\/08\/Custom-Jelly-Spout-Pouch-Manufacturer-DQ-PACK-1-1-300x300.webp 300w, https:\/\/www.packagingofchina.com\/wp-content\/uploads\/2025\/08\/Custom-Jelly-Spout-Pouch-Manufacturer-DQ-PACK-1-1-150x150.webp 150w, https:\/\/www.packagingofchina.com\/wp-content\/uploads\/2025\/08\/Custom-Jelly-Spout-Pouch-Manufacturer-DQ-PACK-1-1-768x768.webp 768w, https:\/\/www.packagingofchina.com\/wp-content\/uploads\/2025\/08\/Custom-Jelly-Spout-Pouch-Manufacturer-DQ-PACK-1-1-12x12.webp 12w, https:\/\/www.packagingofchina.com\/wp-content\/uploads\/2025\/08\/Custom-Jelly-Spout-Pouch-Manufacturer-DQ-PACK-1-1-1200x1200.webp 1200w, https:\/\/www.packagingofchina.com\/wp-content\/uploads\/2025\/08\/Custom-Jelly-Spout-Pouch-Manufacturer-DQ-PACK-1-1-600x600.webp 600w, https:\/\/www.packagingofchina.com\/wp-content\/uploads\/2025\/08\/Custom-Jelly-Spout-Pouch-Manufacturer-DQ-PACK-1-1-100x100.webp 100w\" sizes=\"(max-width: 1476px) 100vw, 1476px\" \/><\/figure>\n<\/div>\n<\/div>","protected":false},"excerpt":{"rendered":"<p>Als <strong data-start=\"21\" data-end=\"62\">Custom Jelly Spout Pouches Gro\u00dfh\u00e4ndler<\/strong>Wir bieten BPA-freie, FDA-konforme Verpackungen mit auslaufsicheren T\u00fcllen und tragbaren Designs, die sich perfekt f\u00fcr Kinder und den mobilen Einsatz eignen. Mit hochaufl\u00f6sendem Tiefdruck und umfassenden Anpassungsm\u00f6glichkeiten bei Gr\u00f6\u00dfe, Fassungsverm\u00f6gen und Design verbessern unsere Beutel die Attraktivit\u00e4t der Regale und sparen gleichzeitig \u00fcber 50% an Lager- und Logistikkosten.<\/p>\n<h3>Parameter von Jelly Spout Pouches<\/h3>\n<p><strong>Material<\/strong>: PET\/AL\/NY\/PE, Zoll<br \/><strong>Tasche Typ:<\/strong>\u00a0Ausgie\u00dferbeutel, Stehbeutel<br \/><strong>Gr\u00f6\u00dfe<\/strong>: 8.4*13cm + 5cm \/ Benutzerdefiniert<br \/><strong>Dicke<\/strong>:103 Mikrometer<br \/><strong>Benutzerdefinierte Bestellung:<\/strong>\u00a0Akzeptieren Sie OEM &amp; ODM<br \/><strong>Kostenlose Probe:<\/strong>\u00a0Unterst\u00fctzung<br \/><strong>Verwendung<\/strong>: Molkereiprodukte, Saft, Wasser, Milch, Speise\u00f6l, und mehr<br \/><strong>Handhabung der Oberfl\u00e4che<\/strong>: Tiefdruck<br \/><strong>Farbe<\/strong>: Kann bis zu 13 Farben drucken<br \/><strong>Zielm\u00e4rkte<\/strong>: \u00dcberall auf der Welt \u00a0<\/p>\n<p>&nbsp;<\/p>","protected":false},"featured_media":2213,"comment_status":"closed","ping_status":"closed","template":"","meta":{"_acf_changed":false},"flexible-packaging":[25],"solution":[66,67,37,33],"product_brand":[],"product_cat":[49,19],"product_tag":[],"class_list":{"0":"post-2211","1":"product","2":"type-product","3":"status-publish","4":"has-post-thumbnail","6":"flexible-packaging-custom-spout-pouch","7":"solution-bpa-free","8":"solution-leak-proof","9":"solution-puncture-resistance","10":"solution-resist-high-temperature","11":"product_cat-juice-packaging-wholesale","12":"product_cat-custom-beverage-packaging-solutions","14":"first","15":"instock","16":"shipping-taxable","17":"product-type-simple"},"acf":[],"_links":{"self":[{"href":"https:\/\/www.packagingofchina.com\/de\/wp-json\/wp\/v2\/product\/2211","targetHints":{"allow":["GET"]}}],"collection":[{"href":"https:\/\/www.packagingofchina.com\/de\/wp-json\/wp\/v2\/product"}],"about":[{"href":"https:\/\/www.packagingofchina.com\/de\/wp-json\/wp\/v2\/types\/product"}],"replies":[{"embeddable":true,"href":"https:\/\/www.packagingofchina.com\/de\/wp-json\/wp\/v2\/comments?post=2211"}],"wp:featuredmedia":[{"embeddable":true,"href":"https:\/\/www.packagingofchina.com\/de\/wp-json\/wp\/v2\/media\/2213"}],"wp:attachment":[{"href":"https:\/\/www.packagingofchina.com\/de\/wp-json\/wp\/v2\/media?parent=2211"}],"wp:term":[{"taxonomy":"flexible-packaging","embeddable":true,"href":"https:\/\/www.packagingofchina.com\/de\/wp-json\/wp\/v2\/flexible-packaging?post=2211"},{"taxonomy":"solution","embeddable":true,"href":"https:\/\/www.packagingofchina.com\/de\/wp-json\/wp\/v2\/solution?post=2211"},{"taxonomy":"product_brand","embeddable":true,"href":"https:\/\/www.packagingofchina.com\/de\/wp-json\/wp\/v2\/product_brand?post=2211"},{"taxonomy":"product_cat","embeddable":true,"href":"https:\/\/www.packagingofchina.com\/de\/wp-json\/wp\/v2\/product_cat?post=2211"},{"taxonomy":"product_tag","embeddable":true,"href":"https:\/\/www.packagingofchina.com\/de\/wp-json\/wp\/v2\/product_tag?post=2211"}],"curies":[{"name":"wp","href":"https:\/\/api.w.org\/{rel}","templated":true}]}}