{"id":2277,"date":"2025-08-15T09:09:51","date_gmt":"2025-08-15T09:09:51","guid":{"rendered":"https:\/\/www.packagingofchina.com\/?post_type=product&#038;p=2277"},"modified":"2025-08-16T09:12:24","modified_gmt":"2025-08-16T09:12:24","slug":"christmas-candy-packaging-bags","status":"publish","type":"product","link":"https:\/\/www.packagingofchina.com\/de\/product\/christmas-candy-packaging-bags\/","title":{"rendered":"Individuell bedruckte Weihnachtsstrumpf S\u00fc\u00dfigkeiten Taschen, OEM geformt niedlich Urlaub Geschenk Beutel"},"content":{"rendered":"<div class=\"wp-block-columns is-layout-flex wp-container-core-columns-is-layout-9d6595d7 wp-block-columns-is-layout-flex\">\n<div class=\"wp-block-column is-layout-flow wp-block-column-is-layout-flow\">\n<h3 class=\"wp-block-heading\">Eigenschaften von Custom Christmas Stocking Candy Bag<\/h3>\n\n\n\n<p><strong>Urlaubsstil: <\/strong>Klassisches weihnachtliches Sockendesign, mit einer starken festlichen Atmosph\u00e4re, geeignet f\u00fcr weihnachtliche Dekoration und Geschenkbedarf.<\/p>\n\n\n\n<p><strong>Materialeigenschaften:<\/strong> Leicht und langlebig, nicht leicht zu besch\u00e4digen.<\/p>\n\n\n\n<p><strong>Personalisierung<\/strong>: Wir k\u00f6nnen exklusive Muster und Texte auf Weihnachtss\u00fc\u00dfigkeiten-Verpackungst\u00fcten nach Ihren W\u00fcnschen drucken, um personalisierte Dekoration oder Markenwerbung zu erm\u00f6glichen.<\/p>\n\n\n\n<p><strong>Funktionsanpassung: <\/strong>speziell f\u00fcr die Verpackung von S\u00fc\u00dfigkeiten entwickelt, mit einer moderaten Gr\u00f6\u00dfe f\u00fcr die einfache Lagerung und Verteilung von S\u00fc\u00dfigkeiten.<\/p>\n\n\n\n<p><strong>Vielf\u00e4ltige Szenarien:<\/strong> Geeignet f\u00fcr verschiedene Anl\u00e4sse, z. B. Weihnachtsfeiern, Geschenkverpackungen und Weihnachtsdekorationen.<\/p>\n\n\n\n<p><strong>Auff\u00e4lliges Erscheinungsbild:<\/strong> Gepaart mit leuchtenden Farben und festlichen Elementen, um die visuelle Attraktivit\u00e4t zu erh\u00f6hen.<\/p>\n<\/div>\n\n\n\n<div class=\"wp-block-column is-layout-flow wp-block-column-is-layout-flow\">\n<figure class=\"wp-block-image size-full\"><img decoding=\"async\" width=\"1416\" height=\"1416\" src=\"https:\/\/www.packagingofchina.com\/wp-content\/uploads\/2025\/08\/Custom-Christmas-Stocking-Candy-Baf-Supplier-DQ-PACK7.webp\" alt=\"Benutzerdefinierte Weihnachtsstrumpf Candy Baf Lieferant - DQ PACK(7)\" class=\"wp-image-2279\" srcset=\"https:\/\/www.packagingofchina.com\/wp-content\/uploads\/2025\/08\/Custom-Christmas-Stocking-Candy-Baf-Supplier-DQ-PACK7.webp 1416w, https:\/\/www.packagingofchina.com\/wp-content\/uploads\/2025\/08\/Custom-Christmas-Stocking-Candy-Baf-Supplier-DQ-PACK7-300x300.webp 300w, https:\/\/www.packagingofchina.com\/wp-content\/uploads\/2025\/08\/Custom-Christmas-Stocking-Candy-Baf-Supplier-DQ-PACK7-150x150.webp 150w, https:\/\/www.packagingofchina.com\/wp-content\/uploads\/2025\/08\/Custom-Christmas-Stocking-Candy-Baf-Supplier-DQ-PACK7-768x768.webp 768w, https:\/\/www.packagingofchina.com\/wp-content\/uploads\/2025\/08\/Custom-Christmas-Stocking-Candy-Baf-Supplier-DQ-PACK7-12x12.webp 12w, https:\/\/www.packagingofchina.com\/wp-content\/uploads\/2025\/08\/Custom-Christmas-Stocking-Candy-Baf-Supplier-DQ-PACK7-1200x1200.webp 1200w, https:\/\/www.packagingofchina.com\/wp-content\/uploads\/2025\/08\/Custom-Christmas-Stocking-Candy-Baf-Supplier-DQ-PACK7-600x600.webp 600w, https:\/\/www.packagingofchina.com\/wp-content\/uploads\/2025\/08\/Custom-Christmas-Stocking-Candy-Baf-Supplier-DQ-PACK7-100x100.webp 100w\" sizes=\"(max-width: 1416px) 100vw, 1416px\" \/><\/figure>\n<\/div>\n<\/div>\n\n\n\n<p><\/p>","protected":false},"excerpt":{"rendered":"<p>Diese festlich verpackten Bonbont\u00fcten f\u00fcr Weihnachten sind f\u00fcr S\u00fc\u00dfigkeiten, Schokolade und kleine Geschenke gedacht. Sie bestehen aus haltbarem, lebensmittelechtem Kunststoff und haben eine knittrige Textur f\u00fcr ein attraktives Aussehen und einfaches Bef\u00fcllen. Sie eignen sich hervorragend f\u00fcr Karneval, Geburtstage und Winterfeiern. Peppen Sie Ihre Weihnachtsverpackungen mit diesen lustigen, festlichen und praktischen Bonbont\u00fcten auf! Private Label-Optionen - F\u00fcgen Sie Ihr Logo\/Design hinzu (Pantone-Farbabstimmung m\u00f6glich) \u00a0<\/p>\n<h2>Parameter der Weihnachtsverpackung Bonbont\u00fcte<\/h2>\n<ul>\n<li>Material: PET+CPP \/ Benutzerdefiniert <\/li>\n<li><strong>Tasche Typ<\/strong>: Hei\u00dfsiegelbeutel <\/li>\n<li><strong>Kapazit\u00e4t<\/strong>: 125g \/ 420g <\/li>\n<li><strong>CustomOrder<\/strong>: Akzeptieren Sie OEM &amp; ODM <\/li>\n<li>Kostenlose Probe: Unterst\u00fctzung <\/li>\n<li><strong>Verwendung<\/strong>: D\u00f6rrfleisch, Snacks, Trockenfr\u00fcchte, Tierfutter, S\u00fc\u00dfigkeiten, Kekse und mehr. <\/li>\n<li><strong>Handhabung der Oberfl\u00e4che<\/strong>: Tiefdruck <\/li>\n<li><strong>Farbe<\/strong>: Kann bis zu 13 Farben drucken <\/li>\n<li><strong>Zielm\u00e4rkte<\/strong>: \u00dcberall auf der Welt<\/li>\n<\/ul>","protected":false},"featured_media":2341,"comment_status":"closed","ping_status":"closed","template":"","meta":{"_acf_changed":false},"flexible-packaging":[30],"solution":[50,38,37],"product_brand":[],"product_cat":[59],"product_tag":[],"class_list":{"0":"post-2277","1":"product","2":"type-product","3":"status-publish","4":"has-post-thumbnail","6":"flexible-packaging-custom-shaped-pouch","7":"solution-clear-window","8":"solution-high-barrier","9":"solution-puncture-resistance","10":"product_cat-confectionery-packaging-wholesale","12":"first","13":"instock","14":"shipping-taxable","15":"product-type-simple"},"acf":[],"_links":{"self":[{"href":"https:\/\/www.packagingofchina.com\/de\/wp-json\/wp\/v2\/product\/2277","targetHints":{"allow":["GET"]}}],"collection":[{"href":"https:\/\/www.packagingofchina.com\/de\/wp-json\/wp\/v2\/product"}],"about":[{"href":"https:\/\/www.packagingofchina.com\/de\/wp-json\/wp\/v2\/types\/product"}],"replies":[{"embeddable":true,"href":"https:\/\/www.packagingofchina.com\/de\/wp-json\/wp\/v2\/comments?post=2277"}],"wp:featuredmedia":[{"embeddable":true,"href":"https:\/\/www.packagingofchina.com\/de\/wp-json\/wp\/v2\/media\/2341"}],"wp:attachment":[{"href":"https:\/\/www.packagingofchina.com\/de\/wp-json\/wp\/v2\/media?parent=2277"}],"wp:term":[{"taxonomy":"flexible-packaging","embeddable":true,"href":"https:\/\/www.packagingofchina.com\/de\/wp-json\/wp\/v2\/flexible-packaging?post=2277"},{"taxonomy":"solution","embeddable":true,"href":"https:\/\/www.packagingofchina.com\/de\/wp-json\/wp\/v2\/solution?post=2277"},{"taxonomy":"product_brand","embeddable":true,"href":"https:\/\/www.packagingofchina.com\/de\/wp-json\/wp\/v2\/product_brand?post=2277"},{"taxonomy":"product_cat","embeddable":true,"href":"https:\/\/www.packagingofchina.com\/de\/wp-json\/wp\/v2\/product_cat?post=2277"},{"taxonomy":"product_tag","embeddable":true,"href":"https:\/\/www.packagingofchina.com\/de\/wp-json\/wp\/v2\/product_tag?post=2277"}],"curies":[{"name":"wp","href":"https:\/\/api.w.org\/{rel}","templated":true}]}}