{"id":2345,"date":"2025-08-29T02:59:00","date_gmt":"2025-08-29T02:59:00","guid":{"rendered":"https:\/\/www.packagingofchina.com\/?post_type=product&#038;p=2345"},"modified":"2025-08-30T02:59:28","modified_gmt":"2025-08-30T02:59:28","slug":"130ml-spout-pouch-wholesale","status":"publish","type":"product","link":"https:\/\/www.packagingofchina.com\/de\/product\/130ml-spout-pouch-wholesale\/","title":{"rendered":"130ml Spout Pouch f\u00fcr Joghurt-Verpackung, benutzerdefinierte Fl\u00fcssigkeit Tasche umweltfreundlich"},"content":{"rendered":"<div class=\"wp-block-columns is-layout-flex wp-container-core-columns-is-layout-9d6595d7 wp-block-columns-is-layout-flex\">\n<div class=\"wp-block-column is-layout-flow wp-block-column-is-layout-flow\">\n<h2 class=\"wp-block-heading\">Features of 130ml Spout Pouch Wholesale<\/h2>\n\n\n\n<ul class=\"wp-block-list\">\n<li><strong>Leak proof and reusable sealing<\/strong>: Der Ansaugstutzen ist mit einem Schraubverschluss versehen, der das Auslaufen von Fl\u00fcssigkeit wirksam verhindert. Leicht zu \u00f6ffnen und zu schlie\u00dfen, kann mehrmals versiegelt werden, um den Inhalt frisch zu halten. <strong>Ideal choice for spout pouch wholesale packaging.<\/strong><\/li>\n\n\n\n<li><strong>Support customized services<\/strong>: Provide personalized customization solutions for size, color, and pattern. Especially suitable for customers who require their own brand packaging. <strong>We offer spout pouch wholesale customization to meet OEM\/ODM needs.<\/strong><\/li>\n\n\n\n<li><strong>Lebensmittelrechtlich unbedenkliche Materialien:<\/strong> W\u00e4hlen Sie hochwertige Verbundwerkstoffe, die den Lebensmittelsicherheitsstandards entsprechen. Hat gute Barriereeigenschaften und sch\u00fctzt effektiv vor Feuchtigkeit und Sauerstoff.<\/li>\n\n\n\n<li><strong>Durable and long-lasting<\/strong>: Adopting multi-layer composite technology, it is resistant to compression and damage. Effectively extend the shelf life of food and ensure the safety of long-distance transportation.<\/li>\n\n\n\n<li><strong>Multi purpose adaptation<\/strong>: Not only suitable for yogurt, but also for liquid foods such as juice and sauces. Meet the different needs of retail and bulk packaging. <strong>Spout pouch wholesale supply ensures flexibility for both small and large orders.<\/strong><\/li>\n\n\n\n<li><strong>Excellent temperature and pressure resistance performance<\/strong>: Can withstand temperatures ranging from -20 \u2103 to 80 \u2103, suitable for cold chain and pasteurization processes. Multi layer composite structure ensures high temperature sterilization without deformation.<\/li>\n<\/ul>\n<\/div>\n\n\n\n<div class=\"wp-block-column is-layout-flow wp-block-column-is-layout-flow\">\n<figure class=\"wp-block-image size-full\"><img decoding=\"async\" width=\"1476\" height=\"1476\" src=\"https:\/\/www.packagingofchina.com\/wp-content\/uploads\/2025\/08\/OEM-130g-Spout-Pouch-Manufacturer-DQ-PACK-5.webp\" alt=\"OEM 130g Spout Pouch Manufacturer -DQ PACK (5)\" class=\"wp-image-2351\" srcset=\"https:\/\/www.packagingofchina.com\/wp-content\/uploads\/2025\/08\/OEM-130g-Spout-Pouch-Manufacturer-DQ-PACK-5.webp 1476w, https:\/\/www.packagingofchina.com\/wp-content\/uploads\/2025\/08\/OEM-130g-Spout-Pouch-Manufacturer-DQ-PACK-5-300x300.webp 300w, https:\/\/www.packagingofchina.com\/wp-content\/uploads\/2025\/08\/OEM-130g-Spout-Pouch-Manufacturer-DQ-PACK-5-150x150.webp 150w, https:\/\/www.packagingofchina.com\/wp-content\/uploads\/2025\/08\/OEM-130g-Spout-Pouch-Manufacturer-DQ-PACK-5-768x768.webp 768w, https:\/\/www.packagingofchina.com\/wp-content\/uploads\/2025\/08\/OEM-130g-Spout-Pouch-Manufacturer-DQ-PACK-5-12x12.webp 12w, https:\/\/www.packagingofchina.com\/wp-content\/uploads\/2025\/08\/OEM-130g-Spout-Pouch-Manufacturer-DQ-PACK-5-1200x1200.webp 1200w, https:\/\/www.packagingofchina.com\/wp-content\/uploads\/2025\/08\/OEM-130g-Spout-Pouch-Manufacturer-DQ-PACK-5-600x600.webp 600w, https:\/\/www.packagingofchina.com\/wp-content\/uploads\/2025\/08\/OEM-130g-Spout-Pouch-Manufacturer-DQ-PACK-5-100x100.webp 100w\" sizes=\"(max-width: 1476px) 100vw, 1476px\" \/><\/figure>\n<\/div>\n<\/div>\n\n\n\n<h2 class=\"wp-block-heading\">Wholesale 130ml Spout Pouch Customization Process<\/h2>\n\n\n\n<figure class=\"wp-block-image size-full\"><img decoding=\"async\" width=\"1200\" height=\"600\" src=\"https:\/\/www.packagingofchina.com\/wp-content\/uploads\/2025\/07\/Spout-pouch-Selling-Point.webp\" alt=\"Ausgie\u00dferbeutel Verkaufsargument\" class=\"wp-image-1992\" srcset=\"https:\/\/www.packagingofchina.com\/wp-content\/uploads\/2025\/07\/Spout-pouch-Selling-Point.webp 1200w, https:\/\/www.packagingofchina.com\/wp-content\/uploads\/2025\/07\/Spout-pouch-Selling-Point-300x150.webp 300w, https:\/\/www.packagingofchina.com\/wp-content\/uploads\/2025\/07\/Spout-pouch-Selling-Point-768x384.webp 768w, https:\/\/www.packagingofchina.com\/wp-content\/uploads\/2025\/07\/Spout-pouch-Selling-Point-18x9.webp 18w, https:\/\/www.packagingofchina.com\/wp-content\/uploads\/2025\/07\/Spout-pouch-Selling-Point-600x300.webp 600w\" sizes=\"(max-width: 1200px) 100vw, 1200px\" \/><\/figure>\n\n\n\n<p><\/p>","protected":false},"excerpt":{"rendered":"<p>130ml spout pouch wholesale for yogurt \u2013 Ideal for liquid dairy packaging. Features leak-proof screw cap, food-grade materials, and excellent barrier protection. Customizable sizes, colors, and printing (OEM\/ODM). Suitable for private label branding. Lightweight, eco-friendly, and shelf-stable. Perfect for yogurt, beverages &amp; liquid foods. FDA-compliant, BPA-free. Request a quote today! \u00a0<\/p>\n<h2>Parameter der <strong><b>130ml Spout Pouch <\/b><\/strong><\/h2>\n<ul>\n<li><strong>Material:<\/strong> PET+AL+NY+PE \/ Benutzerdefiniert <\/li>\n<li><strong>Tasche Typ<\/strong>: Ausgie\u00dferbeutel <\/li>\n<li><strong>Gr\u00f6\u00dfe<\/strong>:13.2*7.2cm + 4cm \/ Custom <\/li>\n<li><strong>Die Dicke:<\/strong>124 Mikrometer <\/li>\n<li><strong>Individuelle Bestellung<\/strong>: Akzeptieren Sie OEM &amp; ODM <\/li>\n<li><strong>Kostenlose Probe<\/strong>: Unterst\u00fctzung <\/li>\n<li><strong>Verwendung:<\/strong> Molkereiprodukte, Saft, Milch, Speise\u00f6l, und mehr <\/li>\n<li><strong>Handhabung der Oberfl\u00e4che:<\/strong> Tiefdruck <\/li>\n<li><strong>Farbe:<\/strong> Kann bis zu 13 Farben drucken <\/li>\n<li><strong>Zielm\u00e4rkte:<\/strong> \u00dcberall auf der Welt<\/li>\n<\/ul>","protected":false},"featured_media":2348,"comment_status":"closed","ping_status":"closed","template":"","meta":{"_acf_changed":false},"flexible-packaging":[25],"solution":[66,38,67,51,37,33],"product_brand":[],"product_cat":[20,19,62],"product_tag":[],"class_list":{"0":"post-2345","1":"product","2":"type-product","3":"status-publish","4":"has-post-thumbnail","6":"flexible-packaging-custom-spout-pouch","7":"solution-bpa-free","8":"solution-high-barrier","9":"solution-leak-proof","10":"solution-moisture-proof","11":"solution-puncture-resistance","12":"solution-resist-high-temperature","13":"product_cat-baby-food-packaging-solutions","14":"product_cat-custom-beverage-packaging-solutions","15":"product_cat-custom-dairy-packaging","17":"first","18":"instock","19":"shipping-taxable","20":"product-type-simple"},"acf":[],"_links":{"self":[{"href":"https:\/\/www.packagingofchina.com\/de\/wp-json\/wp\/v2\/product\/2345","targetHints":{"allow":["GET"]}}],"collection":[{"href":"https:\/\/www.packagingofchina.com\/de\/wp-json\/wp\/v2\/product"}],"about":[{"href":"https:\/\/www.packagingofchina.com\/de\/wp-json\/wp\/v2\/types\/product"}],"replies":[{"embeddable":true,"href":"https:\/\/www.packagingofchina.com\/de\/wp-json\/wp\/v2\/comments?post=2345"}],"wp:featuredmedia":[{"embeddable":true,"href":"https:\/\/www.packagingofchina.com\/de\/wp-json\/wp\/v2\/media\/2348"}],"wp:attachment":[{"href":"https:\/\/www.packagingofchina.com\/de\/wp-json\/wp\/v2\/media?parent=2345"}],"wp:term":[{"taxonomy":"flexible-packaging","embeddable":true,"href":"https:\/\/www.packagingofchina.com\/de\/wp-json\/wp\/v2\/flexible-packaging?post=2345"},{"taxonomy":"solution","embeddable":true,"href":"https:\/\/www.packagingofchina.com\/de\/wp-json\/wp\/v2\/solution?post=2345"},{"taxonomy":"product_brand","embeddable":true,"href":"https:\/\/www.packagingofchina.com\/de\/wp-json\/wp\/v2\/product_brand?post=2345"},{"taxonomy":"product_cat","embeddable":true,"href":"https:\/\/www.packagingofchina.com\/de\/wp-json\/wp\/v2\/product_cat?post=2345"},{"taxonomy":"product_tag","embeddable":true,"href":"https:\/\/www.packagingofchina.com\/de\/wp-json\/wp\/v2\/product_tag?post=2345"}],"curies":[{"name":"wp","href":"https:\/\/api.w.org\/{rel}","templated":true}]}}