{"id":2360,"date":"2025-08-28T03:53:46","date_gmt":"2025-08-28T03:53:46","guid":{"rendered":"https:\/\/www.packagingofchina.com\/?post_type=product&#038;p=2360"},"modified":"2025-11-14T04:05:35","modified_gmt":"2025-11-14T04:05:35","slug":"custom-160g-ketchup-spout-pouch","status":"publish","type":"product","link":"https:\/\/www.packagingofchina.com\/de\/product\/custom-160g-ketchup-spout-pouch\/","title":{"rendered":"Custom 160g Ketchup Spout Pouch Hersteller, OEM &amp; ODM Verpackung"},"content":{"rendered":"<div class=\"wp-block-columns is-layout-flex wp-container-core-columns-is-layout-9d6595d7 wp-block-columns-is-layout-flex\">\n<div class=\"wp-block-column is-layout-flow wp-block-column-is-layout-flow\">\n<h3 class=\"wp-block-heading\">Benutzerdefinierte Ketchup Spout Pouch Features: <\/h3>\n\n\n\n<ul class=\"wp-block-list\">\n<li><strong>Pr\u00e4zise Kontrolle f\u00fcr weniger Abfall<\/strong>: Der Ausgie\u00dfer wurde speziell f\u00fcr dickfl\u00fcssige So\u00dfen wie Tomatenso\u00dfe entwickelt und verf\u00fcgt \u00fcber eine leichtg\u00e4ngige und einfach zu bedienende \u00d6ffnung, so dass sich die Verbraucher bei der Benutzung nicht die H\u00e4nde schmutzig machen und R\u00fcckst\u00e4nde und Abf\u00e4lle effektiv reduziert werden.<\/li>\n\n\n\n<li><strong>Sie bewahren die Frische und sorgen f\u00fcr lang anhaltenden Geschmack: <\/strong>Durch die Verwendung von mehrschichtigen Hochbarrierematerialien, die Sauerstoff und Licht wirksam abschirmen, wird die Haltbarkeit des Produkts erheblich verl\u00e4ngert und sichergestellt, dass Ihre Tomatensauce von der Herstellung bis zum Verzehr den besten Geschmack beh\u00e4lt.<\/li>\n\n\n\n<li><strong>Ausgezeichnete Regalleistung:<\/strong> Unterst\u00fctzt den hochaufl\u00f6senden Tiefdruck mit vollen und leuchtenden Farben. Die Verpackung steht stabil und bietet reichlich Platz f\u00fcr das Markendesign, damit sich Ihr Produkt von der Konkurrenz abhebt.<\/li>\n\n\n\n<li><strong>Langlebig und robust, sorgenfrei<\/strong> Transport: Der robuste Siegelrand und das durchsto\u00dffeste Material halten den St\u00f6\u00dfen und Kompressionen w\u00e4hrend des Langstreckentransports stand, wodurch das Risiko des Auslaufens des Pakets und der Besch\u00e4digung der Ladung erheblich reduziert und die Effizienz Ihrer Lieferkette sichergestellt wird.<\/li>\n\n\n\n<li><strong>\u00d6ffnen mit einem Klick und einfaches Verschlie\u00dfen:<\/strong> Innovatives Schraubverschlussdesign, leicht zu \u00f6ffnen, zuverl\u00e4ssige Abdichtung. Die Verbraucher k\u00f6nnen ihn mehrmals \u00f6ffnen und schlie\u00dfen, um den Zugang zu erleichtern, und k\u00f6nnen die Hygiene und Frische der K\u00fchlschranklagerung nach dem \u00d6ffnen sicherstellen.<\/li>\n\n\n\n<li><strong>Ma\u00dfgeschneiderte Verpackungsl\u00f6sungen:<\/strong> Wir sind nicht nur Hersteller, sondern auch Ihr Verpackungspartner. Vom Design bis zur Massenproduktion bieten wir professionelle OEM\/ODM-Unterst\u00fctzung, reagieren flexibel auf Ihre Bed\u00fcrfnisse und helfen Ihnen, Ihren Markt schnell zu erweitern.<\/li>\n<\/ul>\n<\/div>\n\n\n\n<div class=\"wp-block-column is-layout-flow wp-block-column-is-layout-flow\">\n<figure class=\"wp-block-image size-full\"><img decoding=\"async\" width=\"1000\" height=\"1000\" src=\"https:\/\/www.packagingofchina.com\/wp-content\/uploads\/2025\/08\/Custom-Ketchup-Spout-Pouch-DQ-PACK-7.webp\" alt=\"Individueller Ketchup-Beutel mit Ausgie\u00dfer - DQ PACK (7)\" class=\"wp-image-2366\" srcset=\"https:\/\/www.packagingofchina.com\/wp-content\/uploads\/2025\/08\/Custom-Ketchup-Spout-Pouch-DQ-PACK-7.webp 1000w, https:\/\/www.packagingofchina.com\/wp-content\/uploads\/2025\/08\/Custom-Ketchup-Spout-Pouch-DQ-PACK-7-300x300.webp 300w, https:\/\/www.packagingofchina.com\/wp-content\/uploads\/2025\/08\/Custom-Ketchup-Spout-Pouch-DQ-PACK-7-150x150.webp 150w, https:\/\/www.packagingofchina.com\/wp-content\/uploads\/2025\/08\/Custom-Ketchup-Spout-Pouch-DQ-PACK-7-768x768.webp 768w, https:\/\/www.packagingofchina.com\/wp-content\/uploads\/2025\/08\/Custom-Ketchup-Spout-Pouch-DQ-PACK-7-12x12.webp 12w, https:\/\/www.packagingofchina.com\/wp-content\/uploads\/2025\/08\/Custom-Ketchup-Spout-Pouch-DQ-PACK-7-600x600.webp 600w, https:\/\/www.packagingofchina.com\/wp-content\/uploads\/2025\/08\/Custom-Ketchup-Spout-Pouch-DQ-PACK-7-100x100.webp 100w\" sizes=\"(max-width: 1000px) 100vw, 1000px\" \/><\/figure>\n<\/div>\n<\/div>","protected":false},"excerpt":{"rendered":"<p>Bringen Sie Ihre Ketchup-Marke auf die n\u00e4chste Stufe mit unseren kundenspezifischen Ketchup-T\u00fcllenbeuteln OEM\/ODM 160g-Standbeuteln. Unsere Beutel sind auf Leistung und Attraktivit\u00e4t im Regal ausgelegt und bestehen aus fortschrittlichen Barrierematerialien, die die Frische und den Geschmack bewahren. Der kontrollierte Ausgie\u00dfer sorgt jedes Mal f\u00fcr ein sauberes Ausgie\u00dfen und steigert so das Verbrauchererlebnis. Wir bieten einen farbenfrohen, hochaufl\u00f6senden Druck, der Ihr Branding zur Geltung bringt. Als Ihr bevorzugter Fertigungspartner bieten wir einen umfassenden OEM\/ODM-Service, vom Design bis zur Lieferung. Unser Versprechen ist es, eine Massenproduktion und die Herstellung von Prototypen noch am selben Tag zu gew\u00e4hrleisten, damit Sie innovative, marktreife Verpackungen schnell, termingerecht und im Rahmen des Budgets auf den Markt bringen k\u00f6nnen.<\/p>\n<h3>Parameter des benutzerdefinierten Ketchup-Auslaufbeutels<\/h3>\n<ul>\n<li><strong>Material<\/strong>: PET+AL+NY+PE \/ Benutzerdefiniert <\/li>\n<li><strong>Tasche Typ<\/strong>: <a href=\"https:\/\/www.packagingofchina.com\/de\/flexible-packaging\/custom-spout-pouch\/\"><strong>Ausgie\u00dferbeutel<\/strong><\/a> <\/li>\n<li><strong>Gr\u00f6\u00dfe<\/strong>:10*15cm +6cm \/ Benutzerdefiniert <\/li>\n<li><strong>Dicke<\/strong>:120 Mikrometer <\/li>\n<li><strong>Benutzerdefinierte Bestellung:<\/strong> Akzeptieren Sie OEM &amp; ODM <\/li>\n<li><strong>Kostenlose Probe:<\/strong> Unterst\u00fctzung <\/li>\n<li><strong>Verwendung<\/strong>: So\u00dfe, Speise\u00f6l, Zucker, Molkereiprodukte, Saft, Milch, und mehr <\/li>\n<li><strong>Handhabung der Oberfl\u00e4che<\/strong>: Tiefdruck <\/li>\n<li><strong>Farbe<\/strong>: Kann bis zu 13 Farben drucken <\/li>\n<li><strong>Zielm\u00e4rkte<\/strong>: \u00dcberall auf der Welt<\/li>\n<\/ul>","protected":false},"featured_media":2361,"comment_status":"closed","ping_status":"closed","template":"","meta":{"_acf_changed":false},"flexible-packaging":[25,86],"solution":[66,38,67,51,37,33],"product_brand":[],"product_cat":[60,18],"product_tag":[],"class_list":{"0":"post-2360","1":"product","2":"type-product","3":"status-publish","4":"has-post-thumbnail","6":"flexible-packaging-custom-spout-pouch","7":"flexible-packaging-custom-squeeze-pouches-wholesale","8":"solution-bpa-free","9":"solution-high-barrier","10":"solution-leak-proof","11":"solution-moisture-proof","12":"solution-puncture-resistance","13":"solution-resist-high-temperature","14":"product_cat-condiment-packaging-company","15":"product_cat-custom-food-packaging-solutions","17":"first","18":"instock","19":"shipping-taxable","20":"product-type-simple"},"acf":[],"_links":{"self":[{"href":"https:\/\/www.packagingofchina.com\/de\/wp-json\/wp\/v2\/product\/2360","targetHints":{"allow":["GET"]}}],"collection":[{"href":"https:\/\/www.packagingofchina.com\/de\/wp-json\/wp\/v2\/product"}],"about":[{"href":"https:\/\/www.packagingofchina.com\/de\/wp-json\/wp\/v2\/types\/product"}],"replies":[{"embeddable":true,"href":"https:\/\/www.packagingofchina.com\/de\/wp-json\/wp\/v2\/comments?post=2360"}],"wp:featuredmedia":[{"embeddable":true,"href":"https:\/\/www.packagingofchina.com\/de\/wp-json\/wp\/v2\/media\/2361"}],"wp:attachment":[{"href":"https:\/\/www.packagingofchina.com\/de\/wp-json\/wp\/v2\/media?parent=2360"}],"wp:term":[{"taxonomy":"flexible-packaging","embeddable":true,"href":"https:\/\/www.packagingofchina.com\/de\/wp-json\/wp\/v2\/flexible-packaging?post=2360"},{"taxonomy":"solution","embeddable":true,"href":"https:\/\/www.packagingofchina.com\/de\/wp-json\/wp\/v2\/solution?post=2360"},{"taxonomy":"product_brand","embeddable":true,"href":"https:\/\/www.packagingofchina.com\/de\/wp-json\/wp\/v2\/product_brand?post=2360"},{"taxonomy":"product_cat","embeddable":true,"href":"https:\/\/www.packagingofchina.com\/de\/wp-json\/wp\/v2\/product_cat?post=2360"},{"taxonomy":"product_tag","embeddable":true,"href":"https:\/\/www.packagingofchina.com\/de\/wp-json\/wp\/v2\/product_tag?post=2360"}],"curies":[{"name":"wp","href":"https:\/\/api.w.org\/{rel}","templated":true}]}}