{"id":2583,"date":"2025-09-29T09:35:57","date_gmt":"2025-09-29T09:35:57","guid":{"rendered":"https:\/\/www.packagingofchina.com\/?post_type=product&#038;p=2583"},"modified":"2025-09-29T09:36:52","modified_gmt":"2025-09-29T09:36:52","slug":"custom-automatic-packaging-film","status":"publish","type":"product","link":"https:\/\/www.packagingofchina.com\/de\/product\/custom-automatic-packaging-film\/","title":{"rendered":"Automatische Hochbarriere-Verpackungsfolienrolle f\u00fcr Tomatenpaste, langlebiges lebensmitteltaugliches Material"},"content":{"rendered":"<div class=\"wp-block-columns is-layout-flex wp-container-core-columns-is-layout-9d6595d7 wp-block-columns-is-layout-flex\">\n<div class=\"wp-block-column is-layout-flow wp-block-column-is-layout-flow\">\n<h3 class=\"wp-block-heading\">Automatische Hochbarriere-Verpackungsfolie Merkmale: <\/h3>\n\n\n\n<p><strong>Hohe Barriereleistung:<\/strong>&nbsp;verhindert wirksam das Eindringen von Sauerstoff, Feuchtigkeit und Licht und verl\u00e4ngert so die Haltbarkeit der Tomatensauce.<\/p>\n\n\n\n<p><strong>Lebensmittelsicheres Material: <\/strong>Entspricht den internationalen Normen f\u00fcr den Kontakt mit Lebensmitteln, um die Produktsicherheit ohne Kontamination zu gew\u00e4hrleisten.<\/p>\n\n\n\n<p><strong>Geeignet f\u00fcr Automatisierungsanlagen:<\/strong>&nbsp;speziell f\u00fcr automatische Abf\u00fcll- und Verschlie\u00dfmaschinen entwickelt, mit starker Kompatibilit\u00e4t und hoher Verpackungseffizienz.<\/p>\n\n\n\n<p><strong>Hohe Best\u00e4ndigkeit gegen hohe Temperaturen: <\/strong>unterst\u00fctzt die Hei\u00dfsiegelung bei hohen Temperaturen, die Versiegelung ist fest und kann nicht leicht auslaufen.<\/p>\n\n\n\n<p><strong>Ma\u00dfgeschneiderte Druckdienstleistungen:<\/strong>&nbsp;Wir k\u00f6nnen ein exklusives Markendesign anbieten, um den Wiedererkennungswert des Produkts auf dem Markt zu erh\u00f6hen.<\/p>\n\n\n\n<p><strong>Hohe mechanische Festigkeit:<\/strong>&nbsp;Sie sind dehnungs- und durchsto\u00dffest und gew\u00e4hrleisten sichere und zuverl\u00e4ssige Transport- und Lagerprozesse.<\/p>\n\n\n\n<p><strong>Mehrschichtige Verbundstruktur:<\/strong>&nbsp;verbessert die physikalischen Eigenschaften und den Konservierungseffekt, geeignet f\u00fcr Langstreckentransport und Langzeitlagerung.<\/p>\n<\/div>\n\n\n\n<div class=\"wp-block-column is-layout-flow wp-block-column-is-layout-flow\">\n<figure class=\"wp-block-image size-full\"><img decoding=\"async\" width=\"3024\" height=\"4032\" src=\"https:\/\/www.packagingofchina.com\/wp-content\/uploads\/2025\/09\/High-Barrier-Automatic-Packaging-Film-Roll-Manufacturer-DQ-PACK-2.webp\" alt=\"Automatischer Hersteller von Hochbarriere-Verpackungsfolienrollen - DQ PACK (2)\" class=\"wp-image-2585\" srcset=\"https:\/\/www.packagingofchina.com\/wp-content\/uploads\/2025\/09\/High-Barrier-Automatic-Packaging-Film-Roll-Manufacturer-DQ-PACK-2.webp 3024w, https:\/\/www.packagingofchina.com\/wp-content\/uploads\/2025\/09\/High-Barrier-Automatic-Packaging-Film-Roll-Manufacturer-DQ-PACK-2-225x300.webp 225w, https:\/\/www.packagingofchina.com\/wp-content\/uploads\/2025\/09\/High-Barrier-Automatic-Packaging-Film-Roll-Manufacturer-DQ-PACK-2-768x1024.webp 768w, https:\/\/www.packagingofchina.com\/wp-content\/uploads\/2025\/09\/High-Barrier-Automatic-Packaging-Film-Roll-Manufacturer-DQ-PACK-2-9x12.webp 9w, https:\/\/www.packagingofchina.com\/wp-content\/uploads\/2025\/09\/High-Barrier-Automatic-Packaging-Film-Roll-Manufacturer-DQ-PACK-2-1200x1600.webp 1200w, https:\/\/www.packagingofchina.com\/wp-content\/uploads\/2025\/09\/High-Barrier-Automatic-Packaging-Film-Roll-Manufacturer-DQ-PACK-2-600x800.webp 600w\" sizes=\"(max-width: 3024px) 100vw, 3024px\" \/><\/figure>\n<\/div>\n<\/div>\n\n\n\n<figure class=\"wp-block-image size-full\"><img decoding=\"async\" width=\"1268\" height=\"454\" src=\"https:\/\/www.packagingofchina.com\/wp-content\/uploads\/2025\/09\/Custom-Packaging-materials-DQ-PACK.webp\" alt=\"Kundenspezifische Verpackungsmaterialien - DQ PACK\" class=\"wp-image-2553\" srcset=\"https:\/\/www.packagingofchina.com\/wp-content\/uploads\/2025\/09\/Custom-Packaging-materials-DQ-PACK.webp 1268w, https:\/\/www.packagingofchina.com\/wp-content\/uploads\/2025\/09\/Custom-Packaging-materials-DQ-PACK-300x107.webp 300w, https:\/\/www.packagingofchina.com\/wp-content\/uploads\/2025\/09\/Custom-Packaging-materials-DQ-PACK-768x275.webp 768w, https:\/\/www.packagingofchina.com\/wp-content\/uploads\/2025\/09\/Custom-Packaging-materials-DQ-PACK-18x6.webp 18w, https:\/\/www.packagingofchina.com\/wp-content\/uploads\/2025\/09\/Custom-Packaging-materials-DQ-PACK-1200x430.webp 1200w, https:\/\/www.packagingofchina.com\/wp-content\/uploads\/2025\/09\/Custom-Packaging-materials-DQ-PACK-600x215.webp 600w\" sizes=\"(max-width: 1268px) 100vw, 1268px\" \/><\/figure>","protected":false},"excerpt":{"rendered":"<p>Automatische Hochbarriere-Verpackungsfolie aus lebensmittelechtem Material, geeignet f\u00fcr die automatische Abf\u00fcllung und Versiegelung von Tomatensauce und verschiedenen So\u00dfen. Unterst\u00fctzt kundenspezifischen Druck, hohe Temperaturbest\u00e4ndigkeit, Versiegelung und Feuchtigkeitsbest\u00e4ndigkeit, verl\u00e4ngert die Produkthaltbarkeit und verbessert die Effizienz der Verpackungsautomatisierung. \u00a0<\/p>\n<h2>Automatische Verpackungsfolie Parameter:\u00a0<\/h2>\n<ul>\n<li><strong>Material:<\/strong> PET+AL+NY \/ Benutzerdefiniert <\/li>\n<li><strong>Die Dicke:<\/strong> 10 C <\/li>\n<li><strong>Tasche Typ:<\/strong> Auto-Rollfilm, <a href=\"https:\/\/www.packagingofchina.com\/de\/flexible-packaging\/custom-roll-stock-film\/\"><strong>Rollenware Film<\/strong><\/a><\/li>\n<li><strong>Gr\u00f6\u00dfe:<\/strong> Benutzerdefiniert <\/li>\n<li><strong>Benutzerdefinierte Bestellung:<\/strong> Akzeptieren Sie OEM &amp; ODM <\/li>\n<li><strong>Kostenlose Probe:<\/strong> Unterst\u00fctzung <\/li>\n<li><strong>Verwendung:<\/strong> Ketchup, Gew\u00fcrze, Puffreis, Jerky, Snacks, Tiernahrung, S\u00fc\u00dfigkeiten, Kekse und mehr. <\/li>\n<li><strong>Handhabung der Oberfl\u00e4che:<\/strong> Tiefdruck <\/li>\n<li><strong>Farbe:<\/strong> Kann bis zu 13 Farben drucken <\/li>\n<li><strong>Zielm\u00e4rkte:<\/strong> \u00dcberall auf der Welt<\/li>\n<\/ul>","protected":false},"featured_media":2589,"comment_status":"closed","ping_status":"closed","template":"","meta":{"_acf_changed":false},"flexible-packaging":[32],"solution":[66,38,67,51,36,37],"product_brand":[],"product_cat":[18,60],"product_tag":[],"class_list":{"0":"post-2583","1":"product","2":"type-product","3":"status-publish","4":"has-post-thumbnail","6":"flexible-packaging-custom-roll-stock-film","7":"solution-bpa-free","8":"solution-high-barrier","9":"solution-leak-proof","10":"solution-moisture-proof","11":"solution-oil-resistance","12":"solution-puncture-resistance","13":"product_cat-custom-food-packaging-solutions","14":"product_cat-condiment-packaging-company","16":"first","17":"instock","18":"shipping-taxable","19":"product-type-simple"},"acf":[],"_links":{"self":[{"href":"https:\/\/www.packagingofchina.com\/de\/wp-json\/wp\/v2\/product\/2583","targetHints":{"allow":["GET"]}}],"collection":[{"href":"https:\/\/www.packagingofchina.com\/de\/wp-json\/wp\/v2\/product"}],"about":[{"href":"https:\/\/www.packagingofchina.com\/de\/wp-json\/wp\/v2\/types\/product"}],"replies":[{"embeddable":true,"href":"https:\/\/www.packagingofchina.com\/de\/wp-json\/wp\/v2\/comments?post=2583"}],"wp:featuredmedia":[{"embeddable":true,"href":"https:\/\/www.packagingofchina.com\/de\/wp-json\/wp\/v2\/media\/2589"}],"wp:attachment":[{"href":"https:\/\/www.packagingofchina.com\/de\/wp-json\/wp\/v2\/media?parent=2583"}],"wp:term":[{"taxonomy":"flexible-packaging","embeddable":true,"href":"https:\/\/www.packagingofchina.com\/de\/wp-json\/wp\/v2\/flexible-packaging?post=2583"},{"taxonomy":"solution","embeddable":true,"href":"https:\/\/www.packagingofchina.com\/de\/wp-json\/wp\/v2\/solution?post=2583"},{"taxonomy":"product_brand","embeddable":true,"href":"https:\/\/www.packagingofchina.com\/de\/wp-json\/wp\/v2\/product_brand?post=2583"},{"taxonomy":"product_cat","embeddable":true,"href":"https:\/\/www.packagingofchina.com\/de\/wp-json\/wp\/v2\/product_cat?post=2583"},{"taxonomy":"product_tag","embeddable":true,"href":"https:\/\/www.packagingofchina.com\/de\/wp-json\/wp\/v2\/product_tag?post=2583"}],"curies":[{"name":"wp","href":"https:\/\/api.w.org\/{rel}","templated":true}]}}