{"id":2832,"date":"2025-11-08T02:10:13","date_gmt":"2025-11-08T02:10:13","guid":{"rendered":"https:\/\/www.packagingofchina.com\/?post_type=product&#038;p=2832"},"modified":"2025-11-08T02:10:15","modified_gmt":"2025-11-08T02:10:15","slug":"potato-chips-snack-packaging-film","status":"publish","type":"product","link":"https:\/\/www.packagingofchina.com\/de\/product\/potato-chips-snack-packaging-film\/","title":{"rendered":"Benutzerdefinierte Kartoffelchips Snack-Verpackung Film, Lebensmittelqualit\u00e4t Composite Bag Kunststoff-Folie Fabrik"},"content":{"rendered":"<div class=\"wp-block-columns is-layout-flex wp-container-core-columns-is-layout-9d6595d7 wp-block-columns-is-layout-flex\">\n<div class=\"wp-block-column is-layout-flow wp-block-column-is-layout-flow\">\n<h3 class=\"wp-block-heading\">Merkmale der kundenspezifischen Kartoffelchips-Snackverpackungsfolie<\/h3>\n\n\n\n<ul class=\"wp-block-list\">\n<li><strong>Schutz durch hohe Barrieren:<\/strong> Selbst bei langfristiger Lagerung kann die Snack-Verpackungsfolie Sauerstoff und Feuchtigkeit wirksam abhalten, so dass Kartoffelchips frisch und knusprig bleiben.<\/li>\n\n\n\n<li><strong>Lebensmitteltaugliche Sicherheit: <\/strong> verwendet FDA\/EU-zertifizierte Materialien, die eine sehr hohe Kontaktschwelle erf\u00fcllen und sicherstellen, dass jede kundenspezifische Kartoffelchips-Snackverpackungsfolie zuverl\u00e4ssige Qualit\u00e4t liefert.<\/li>\n\n\n\n<li><strong>Personalisierte Druckoption<\/strong>: Tiefdruck, bis zu 13 Farben k\u00f6nnen gedruckt werden; High-Definition-Design wird Ihre Marke mehr bemerkbar machen, um den Verkauf im Regal zu f\u00f6rdern.<\/li>\n\n\n\n<li><strong>Starke Dichtungsleistung: <\/strong>verhindern das Auslaufen, verl\u00e4ngern die Haltbarkeit und stabilisieren den Transport; w\u00e4hrend des Transports treten keine Sch\u00e4den auf. Die Folie wird von einer professionellen Fabrik f\u00fcr Kunststofflaminate hergestellt.<\/li>\n\n\n\n<li><strong>Flexible laminierte Struktur: <\/strong>leichte und haltbare Verbundschicht, die auf verschiedenen Snack-Verpackungsmaschinen eingesetzt werden kann. Sie ist einfach zu verwenden.<\/li>\n\n\n\n<li><strong>Verwenden Sie umweltfreundliche Materialien:<\/strong> Die DQ PACK-Fabrik verf\u00fcgt \u00fcber eine optionale Auswahl an recycelbaren und nachhaltigen Folien mit R\u00fccksicht auf die Umwelt.<\/li>\n<\/ul>\n<\/div>\n\n\n\n<div class=\"wp-block-column is-layout-flow wp-block-column-is-layout-flow\">\n<figure class=\"wp-block-image size-full\"><img decoding=\"async\" width=\"1476\" height=\"1476\" src=\"https:\/\/www.packagingofchina.com\/wp-content\/uploads\/2025\/11\/Custom-Potato-Chips-Snack-Packaging-Film-Factory-DQ-PACK-3.webp\" alt=\"Kundenspezifische Kartoffelchips Snack-Verpackungsfolie Fabrik -DQ PACK (3)\" class=\"wp-image-2834\" srcset=\"https:\/\/www.packagingofchina.com\/wp-content\/uploads\/2025\/11\/Custom-Potato-Chips-Snack-Packaging-Film-Factory-DQ-PACK-3.webp 1476w, https:\/\/www.packagingofchina.com\/wp-content\/uploads\/2025\/11\/Custom-Potato-Chips-Snack-Packaging-Film-Factory-DQ-PACK-3-300x300.webp 300w, https:\/\/www.packagingofchina.com\/wp-content\/uploads\/2025\/11\/Custom-Potato-Chips-Snack-Packaging-Film-Factory-DQ-PACK-3-150x150.webp 150w, https:\/\/www.packagingofchina.com\/wp-content\/uploads\/2025\/11\/Custom-Potato-Chips-Snack-Packaging-Film-Factory-DQ-PACK-3-768x768.webp 768w, https:\/\/www.packagingofchina.com\/wp-content\/uploads\/2025\/11\/Custom-Potato-Chips-Snack-Packaging-Film-Factory-DQ-PACK-3-12x12.webp 12w, https:\/\/www.packagingofchina.com\/wp-content\/uploads\/2025\/11\/Custom-Potato-Chips-Snack-Packaging-Film-Factory-DQ-PACK-3-1200x1200.webp 1200w, https:\/\/www.packagingofchina.com\/wp-content\/uploads\/2025\/11\/Custom-Potato-Chips-Snack-Packaging-Film-Factory-DQ-PACK-3-600x600.webp 600w, https:\/\/www.packagingofchina.com\/wp-content\/uploads\/2025\/11\/Custom-Potato-Chips-Snack-Packaging-Film-Factory-DQ-PACK-3-100x100.webp 100w\" sizes=\"(max-width: 1476px) 100vw, 1476px\" \/><\/figure>\n<\/div>\n<\/div>\n\n\n\n<div class=\"wp-block-columns is-layout-flex wp-container-core-columns-is-layout-9d6595d7 wp-block-columns-is-layout-flex\">\n<div class=\"wp-block-column is-layout-flow wp-block-column-is-layout-flow\">\n<figure class=\"wp-block-image size-full\"><img decoding=\"async\" width=\"1476\" height=\"1476\" src=\"https:\/\/www.packagingofchina.com\/wp-content\/uploads\/2025\/11\/Custom-Potato-Chips-Snack-Packaging-Film-Factory-DQ-PACK-1.webp\" alt=\"Kundenspezifische Kartoffelchips Snack-Verpackungsfolie Fabrik -DQ PACK (1)\" class=\"wp-image-2833\" srcset=\"https:\/\/www.packagingofchina.com\/wp-content\/uploads\/2025\/11\/Custom-Potato-Chips-Snack-Packaging-Film-Factory-DQ-PACK-1.webp 1476w, https:\/\/www.packagingofchina.com\/wp-content\/uploads\/2025\/11\/Custom-Potato-Chips-Snack-Packaging-Film-Factory-DQ-PACK-1-300x300.webp 300w, https:\/\/www.packagingofchina.com\/wp-content\/uploads\/2025\/11\/Custom-Potato-Chips-Snack-Packaging-Film-Factory-DQ-PACK-1-150x150.webp 150w, https:\/\/www.packagingofchina.com\/wp-content\/uploads\/2025\/11\/Custom-Potato-Chips-Snack-Packaging-Film-Factory-DQ-PACK-1-768x768.webp 768w, https:\/\/www.packagingofchina.com\/wp-content\/uploads\/2025\/11\/Custom-Potato-Chips-Snack-Packaging-Film-Factory-DQ-PACK-1-12x12.webp 12w, https:\/\/www.packagingofchina.com\/wp-content\/uploads\/2025\/11\/Custom-Potato-Chips-Snack-Packaging-Film-Factory-DQ-PACK-1-1200x1200.webp 1200w, https:\/\/www.packagingofchina.com\/wp-content\/uploads\/2025\/11\/Custom-Potato-Chips-Snack-Packaging-Film-Factory-DQ-PACK-1-600x600.webp 600w, https:\/\/www.packagingofchina.com\/wp-content\/uploads\/2025\/11\/Custom-Potato-Chips-Snack-Packaging-Film-Factory-DQ-PACK-1-100x100.webp 100w\" sizes=\"(max-width: 1476px) 100vw, 1476px\" \/><\/figure>\n<\/div>\n\n\n\n<div class=\"wp-block-column is-layout-flow wp-block-column-is-layout-flow\">\n<figure class=\"wp-block-image size-full\"><img decoding=\"async\" width=\"1476\" height=\"1476\" src=\"https:\/\/www.packagingofchina.com\/wp-content\/uploads\/2025\/11\/Custom-Potato-Chips-Snack-Packaging-Film-Factory-DQ-PACK-4.webp\" alt=\"Kundenspezifische Kartoffelchips Snack-Verpackungsfolie Fabrik -DQ PACK (4)\" class=\"wp-image-2837\" srcset=\"https:\/\/www.packagingofchina.com\/wp-content\/uploads\/2025\/11\/Custom-Potato-Chips-Snack-Packaging-Film-Factory-DQ-PACK-4.webp 1476w, https:\/\/www.packagingofchina.com\/wp-content\/uploads\/2025\/11\/Custom-Potato-Chips-Snack-Packaging-Film-Factory-DQ-PACK-4-300x300.webp 300w, https:\/\/www.packagingofchina.com\/wp-content\/uploads\/2025\/11\/Custom-Potato-Chips-Snack-Packaging-Film-Factory-DQ-PACK-4-150x150.webp 150w, https:\/\/www.packagingofchina.com\/wp-content\/uploads\/2025\/11\/Custom-Potato-Chips-Snack-Packaging-Film-Factory-DQ-PACK-4-768x768.webp 768w, https:\/\/www.packagingofchina.com\/wp-content\/uploads\/2025\/11\/Custom-Potato-Chips-Snack-Packaging-Film-Factory-DQ-PACK-4-12x12.webp 12w, https:\/\/www.packagingofchina.com\/wp-content\/uploads\/2025\/11\/Custom-Potato-Chips-Snack-Packaging-Film-Factory-DQ-PACK-4-1200x1200.webp 1200w, https:\/\/www.packagingofchina.com\/wp-content\/uploads\/2025\/11\/Custom-Potato-Chips-Snack-Packaging-Film-Factory-DQ-PACK-4-600x600.webp 600w, https:\/\/www.packagingofchina.com\/wp-content\/uploads\/2025\/11\/Custom-Potato-Chips-Snack-Packaging-Film-Factory-DQ-PACK-4-100x100.webp 100w\" sizes=\"(max-width: 1476px) 100vw, 1476px\" \/><\/figure>\n<\/div>\n<\/div>","protected":false},"excerpt":{"rendered":"<p>Die kundenspezifischen Kartoffelchips-Snack-Verpackungsfolien von DQ PACK werden aus laminierten Hochbarrierematerialien hergestellt, die Frische und eine l\u00e4ngere Haltbarkeit gew\u00e4hrleisten. Als einer der f\u00fchrenden <strong data-start=\"219\" data-end=\"252\">Fabrik f\u00fcr Kunststoff-Laminatfolien<\/strong>, Wir liefern feuchtigkeitsdichte bedruckte Beutelrollen mit starker Versiegelung und lebendiger Druckqualit\u00e4t. Perfekt f\u00fcr Chips-Hersteller, die professionelle kundenspezifische Verpackungsl\u00f6sungen suchen.<br data-start=\"425\" data-end=\"428\" \/>Fabrik Gro\u00dfhandelspreis verf\u00fcgbar - kontaktieren Sie uns f\u00fcr <strong data-start=\"479\" data-end=\"495\">Gratisproben<\/strong> und <strong data-start=\"500\" data-end=\"519\">OEM\/ODM-Unterst\u00fctzung<\/strong> heute!<\/p>\n<h2>Kundenspezifische Kartoffelchips Snack-Verpackungsfolie Parameter:<\/h2>\n<ul>\n<li><strong>Material:<\/strong> BOPP+VMPET+CPP \/ Kundenspezifisch <\/li>\n<li><strong>Tasche Typ:<\/strong> Auto-Rollfilm <\/li>\n<li><strong>Gr\u00f6\u00dfe:<\/strong> Benutzerdefiniert <\/li>\n<li><strong>Benutzerdefinierte Bestellung:<\/strong> Akzeptieren Sie OEM &amp; ODM <\/li>\n<li><strong>Kostenlose Probe:<\/strong> Unterst\u00fctzung <\/li>\n<li><strong>Verwendung:<\/strong> Gepuffte Lebensmittel, Jerky, Snacks, Trockenfr\u00fcchte, Tiernahrung, S\u00fc\u00dfigkeiten, Kekse und mehr. <\/li>\n<li><strong>Handhabung der Oberfl\u00e4che:<\/strong> Tiefdruck <\/li>\n<li><strong>Farbe:<\/strong> Kann bis zu 13 Farben drucken <\/li>\n<li><strong>Zielm\u00e4rkte:<\/strong> \u00dcberall auf der Welt<\/li>\n<\/ul>","protected":false},"featured_media":2837,"comment_status":"closed","ping_status":"closed","template":"","meta":{"_acf_changed":false},"flexible-packaging":[32],"solution":[66,38,67,51,36,37],"product_brand":[],"product_cat":[18,52],"product_tag":[],"class_list":{"0":"post-2832","1":"product","2":"type-product","3":"status-publish","4":"has-post-thumbnail","6":"flexible-packaging-custom-roll-stock-film","7":"solution-bpa-free","8":"solution-high-barrier","9":"solution-leak-proof","10":"solution-moisture-proof","11":"solution-oil-resistance","12":"solution-puncture-resistance","13":"product_cat-custom-food-packaging-solutions","14":"product_cat-custom-snack-packaging","16":"first","17":"instock","18":"shipping-taxable","19":"product-type-simple"},"acf":[],"_links":{"self":[{"href":"https:\/\/www.packagingofchina.com\/de\/wp-json\/wp\/v2\/product\/2832","targetHints":{"allow":["GET"]}}],"collection":[{"href":"https:\/\/www.packagingofchina.com\/de\/wp-json\/wp\/v2\/product"}],"about":[{"href":"https:\/\/www.packagingofchina.com\/de\/wp-json\/wp\/v2\/types\/product"}],"replies":[{"embeddable":true,"href":"https:\/\/www.packagingofchina.com\/de\/wp-json\/wp\/v2\/comments?post=2832"}],"wp:featuredmedia":[{"embeddable":true,"href":"https:\/\/www.packagingofchina.com\/de\/wp-json\/wp\/v2\/media\/2837"}],"wp:attachment":[{"href":"https:\/\/www.packagingofchina.com\/de\/wp-json\/wp\/v2\/media?parent=2832"}],"wp:term":[{"taxonomy":"flexible-packaging","embeddable":true,"href":"https:\/\/www.packagingofchina.com\/de\/wp-json\/wp\/v2\/flexible-packaging?post=2832"},{"taxonomy":"solution","embeddable":true,"href":"https:\/\/www.packagingofchina.com\/de\/wp-json\/wp\/v2\/solution?post=2832"},{"taxonomy":"product_brand","embeddable":true,"href":"https:\/\/www.packagingofchina.com\/de\/wp-json\/wp\/v2\/product_brand?post=2832"},{"taxonomy":"product_cat","embeddable":true,"href":"https:\/\/www.packagingofchina.com\/de\/wp-json\/wp\/v2\/product_cat?post=2832"},{"taxonomy":"product_tag","embeddable":true,"href":"https:\/\/www.packagingofchina.com\/de\/wp-json\/wp\/v2\/product_tag?post=2832"}],"curies":[{"name":"wp","href":"https:\/\/api.w.org\/{rel}","templated":true}]}}