{"id":2906,"date":"2025-11-14T04:01:41","date_gmt":"2025-11-14T04:01:41","guid":{"rendered":"https:\/\/www.packagingofchina.com\/?post_type=product&#038;p=2906"},"modified":"2025-11-14T04:01:43","modified_gmt":"2025-11-14T04:01:43","slug":"wholesale-sauce-pouch-packaging","status":"publish","type":"product","link":"https:\/\/www.packagingofchina.com\/de\/product\/wholesale-sauce-pouch-packaging\/","title":{"rendered":"Gro\u00dfhandel So\u00dfe Beutel Verpackung Hersteller, wiederverwendbare Fl\u00fcssigkeit Tasche f\u00fcr Salat Dressing Ketchup Mayonnaise Chili-Paste"},"content":{"rendered":"<div class=\"wp-block-columns is-layout-flex wp-container-core-columns-is-layout-9d6595d7 wp-block-columns-is-layout-flex\">\n<div class=\"wp-block-column is-layout-flow wp-block-column-is-layout-flow\">\n<h3 class=\"wp-block-heading\">Gro\u00dfhandel So\u00dfe Beutel Verpackung Merkmale:<\/h3>\n\n\n\n<ul class=\"wp-block-list\">\n<li><strong>Unterst\u00fctzung kundenspezifischer Dienste:<\/strong> Wir bieten individuelle L\u00f6sungen f\u00fcr Gr\u00f6\u00dfe, Farbe und Muster von Druckbeuteln. Besonders geeignet f\u00fcr Kunden, die ihre eigene Marke Verpackung ben\u00f6tigen.<\/li>\n\n\n\n<li><strong>Hei\u00dfabf\u00fcllung Kompatibilit\u00e4t:<\/strong> unterst\u00fctzt den Abf\u00fcllprozess bei hohen Temperaturen, um frische und nahrhafte Lebensmittel zu erhalten.<\/li>\n\n\n\n<li><strong>Breite So\u00dfe Anwendung:<\/strong> Ideal f\u00fcr Salatdressing, Ketchup, Chilipaste, Honig und Sirup.<\/li>\n\n\n\n<li><strong>Auslaufsichere und wiederverwendbare Versiegelung<\/strong>: Der Ansaugstutzen ist mit einem Schraubverschluss versehen, der das Auslaufen von Fl\u00fcssigkeit wirksam verhindert. Leicht zu \u00f6ffnen und zu schlie\u00dfen, kann mehrmals versiegelt werden, um den Inhalt frisch zu halten.<\/li>\n\n\n\n<li><strong>Exquisite Handwerkskunst:<\/strong> Sie werden in mehreren Prozessen hergestellt und streng auf ihre Qualit\u00e4t hin kontrolliert, um eine dauerhafte, sichere und zuverl\u00e4ssige Verpackung zu gew\u00e4hrleisten.<\/li>\n\n\n\n<li><strong>Fabrikdirektlieferung: <\/strong>Als professioneller Hersteller von Saucenbeuteln im Gro\u00dfhandel bieten wir wettbewerbsf\u00e4hige Preise, stabile Qualit\u00e4t und schnelle Lieferung.<\/li>\n<\/ul>\n<\/div>\n\n\n\n<div class=\"wp-block-column is-layout-flow wp-block-column-is-layout-flow\"><div class=\"wp-block-image\">\n<figure class=\"aligncenter size-full\"><img decoding=\"async\" width=\"1000\" height=\"1000\" src=\"https:\/\/www.packagingofchina.com\/wp-content\/uploads\/2025\/11\/Custom-Sauce-Spout-Pouch-Manufacturer-DQ-PACK6.webp\" alt=\"\" class=\"wp-image-2912\" srcset=\"https:\/\/www.packagingofchina.com\/wp-content\/uploads\/2025\/11\/Custom-Sauce-Spout-Pouch-Manufacturer-DQ-PACK6.webp 1000w, https:\/\/www.packagingofchina.com\/wp-content\/uploads\/2025\/11\/Custom-Sauce-Spout-Pouch-Manufacturer-DQ-PACK6-300x300.webp 300w, https:\/\/www.packagingofchina.com\/wp-content\/uploads\/2025\/11\/Custom-Sauce-Spout-Pouch-Manufacturer-DQ-PACK6-150x150.webp 150w, https:\/\/www.packagingofchina.com\/wp-content\/uploads\/2025\/11\/Custom-Sauce-Spout-Pouch-Manufacturer-DQ-PACK6-768x768.webp 768w, https:\/\/www.packagingofchina.com\/wp-content\/uploads\/2025\/11\/Custom-Sauce-Spout-Pouch-Manufacturer-DQ-PACK6-12x12.webp 12w, https:\/\/www.packagingofchina.com\/wp-content\/uploads\/2025\/11\/Custom-Sauce-Spout-Pouch-Manufacturer-DQ-PACK6-600x600.webp 600w, https:\/\/www.packagingofchina.com\/wp-content\/uploads\/2025\/11\/Custom-Sauce-Spout-Pouch-Manufacturer-DQ-PACK6-100x100.webp 100w\" sizes=\"(max-width: 1000px) 100vw, 1000px\" \/><figcaption class=\"wp-element-caption\">Abf\u00fcllmethode f\u00fcr Gro\u00dfhandelssaucenbeutelverpackungen<\/figcaption><\/figure>\n<\/div><\/div>\n<\/div>\n\n\n<div class=\"wp-block-image\">\n<figure class=\"aligncenter size-full\"><img decoding=\"async\" width=\"1200\" height=\"600\" src=\"https:\/\/www.packagingofchina.com\/wp-content\/uploads\/2025\/07\/Spout-pouch-Selling-Point.webp\" alt=\"Ausgie\u00dferbeutel Verkaufsargument\" class=\"wp-image-1992\" srcset=\"https:\/\/www.packagingofchina.com\/wp-content\/uploads\/2025\/07\/Spout-pouch-Selling-Point.webp 1200w, https:\/\/www.packagingofchina.com\/wp-content\/uploads\/2025\/07\/Spout-pouch-Selling-Point-300x150.webp 300w, https:\/\/www.packagingofchina.com\/wp-content\/uploads\/2025\/07\/Spout-pouch-Selling-Point-768x384.webp 768w, https:\/\/www.packagingofchina.com\/wp-content\/uploads\/2025\/07\/Spout-pouch-Selling-Point-18x9.webp 18w, https:\/\/www.packagingofchina.com\/wp-content\/uploads\/2025\/07\/Spout-pouch-Selling-Point-600x300.webp 600w\" sizes=\"(max-width: 1200px) 100vw, 1200px\" \/><\/figure>\n<\/div>","protected":false},"excerpt":{"rendered":"<p>Diese So\u00dfent\u00fclle ist aus lebensmittelechtem BPA-freiem Material, sicher und hygienisch, geeignet f\u00fcr verschiedene So\u00dfen wie Salatdressing, Tomatenso\u00dfe, scharfe So\u00dfe, etc. Das T\u00fcllen-Design mit gro\u00dfem Durchmesser ist bequem zum Bef\u00fcllen und Entleeren, mit mehreren T\u00fcllenstilen verf\u00fcgbar und <strong data-start=\"419\" data-end=\"443\">Individueller Druckverschlussbeutel<\/strong> Optionen unterst\u00fctzt. Die auslaufsichere Struktur ist stabil, und der Taschenk\u00f6rper kann vertikal platziert werden, wodurch Funktionalit\u00e4t und Display-Effekt kombiniert werden. <br \/>Als professioneller Hersteller von So\u00dfenbeutelverpackungen im Gro\u00dfhandel bieten wir wettbewerbsf\u00e4hige Gro\u00dfhandelspreise und stellen kostenlose Proben zur Bewertung bereit.<\/p>\n<h2>Parameter der Saucenbeutelverpackung<\/h2>\n<ul>\n<li><strong>Material:<\/strong> PET+AL+NY+PE\/ Benutzerdefiniert<\/li>\n<li><strong>Tasche Typ:<\/strong> <a href=\"https:\/\/www.packagingofchina.com\/de\/flexible-packaging\/custom-spout-pouch\/\"><strong>Ausgie\u00dferbeutel<\/strong><\/a>, <strong>Squeeze-Beutel<\/strong><\/li>\n<li><strong>Gr\u00f6\u00dfe:<\/strong> Benutzerdefiniert<\/li>\n<li><strong>Benutzerdefinierte Bestellung:<\/strong> Akzeptieren Sie OEM &amp; ODM<\/li>\n<li><strong>Kostenlose Probe:<\/strong> Unterst\u00fctzung<\/li>\n<li><strong>Verwendung<\/strong>: Senfsauce, Tomatensauce, scharfe Sauce und mehr<\/li>\n<li><strong>Handhabung der Oberfl\u00e4che<\/strong>: Tiefdruck<\/li>\n<li><strong>Farbe<\/strong>: Kann bis zu 13 Farben drucken<\/li>\n<li><strong>Zielm\u00e4rkte:<\/strong> \u00dcberall auf der Welt<\/li>\n<\/ul>","protected":false},"featured_media":2927,"comment_status":"closed","ping_status":"closed","template":"","meta":{"_acf_changed":false},"flexible-packaging":[30,25,86],"solution":[66,38,67,51,36,37,33,34],"product_brand":[],"product_cat":[18,60],"product_tag":[],"class_list":{"0":"post-2906","1":"product","2":"type-product","3":"status-publish","4":"has-post-thumbnail","6":"flexible-packaging-custom-shaped-pouch","7":"flexible-packaging-custom-spout-pouch","8":"flexible-packaging-custom-squeeze-pouches-wholesale","9":"solution-bpa-free","10":"solution-high-barrier","11":"solution-leak-proof","12":"solution-moisture-proof","13":"solution-oil-resistance","14":"solution-puncture-resistance","15":"solution-resist-high-temperature","16":"solution-sealing-liquids","17":"product_cat-custom-food-packaging-solutions","18":"product_cat-condiment-packaging-company","20":"first","21":"instock","22":"shipping-taxable","23":"product-type-simple"},"acf":[],"_links":{"self":[{"href":"https:\/\/www.packagingofchina.com\/de\/wp-json\/wp\/v2\/product\/2906","targetHints":{"allow":["GET"]}}],"collection":[{"href":"https:\/\/www.packagingofchina.com\/de\/wp-json\/wp\/v2\/product"}],"about":[{"href":"https:\/\/www.packagingofchina.com\/de\/wp-json\/wp\/v2\/types\/product"}],"replies":[{"embeddable":true,"href":"https:\/\/www.packagingofchina.com\/de\/wp-json\/wp\/v2\/comments?post=2906"}],"wp:featuredmedia":[{"embeddable":true,"href":"https:\/\/www.packagingofchina.com\/de\/wp-json\/wp\/v2\/media\/2927"}],"wp:attachment":[{"href":"https:\/\/www.packagingofchina.com\/de\/wp-json\/wp\/v2\/media?parent=2906"}],"wp:term":[{"taxonomy":"flexible-packaging","embeddable":true,"href":"https:\/\/www.packagingofchina.com\/de\/wp-json\/wp\/v2\/flexible-packaging?post=2906"},{"taxonomy":"solution","embeddable":true,"href":"https:\/\/www.packagingofchina.com\/de\/wp-json\/wp\/v2\/solution?post=2906"},{"taxonomy":"product_brand","embeddable":true,"href":"https:\/\/www.packagingofchina.com\/de\/wp-json\/wp\/v2\/product_brand?post=2906"},{"taxonomy":"product_cat","embeddable":true,"href":"https:\/\/www.packagingofchina.com\/de\/wp-json\/wp\/v2\/product_cat?post=2906"},{"taxonomy":"product_tag","embeddable":true,"href":"https:\/\/www.packagingofchina.com\/de\/wp-json\/wp\/v2\/product_tag?post=2906"}],"curies":[{"name":"wp","href":"https:\/\/api.w.org\/{rel}","templated":true}]}}