{"id":2984,"date":"2025-11-21T09:14:08","date_gmt":"2025-11-21T09:14:08","guid":{"rendered":"https:\/\/www.packagingofchina.com\/?post_type=product&#038;p=2984"},"modified":"2025-11-21T09:15:29","modified_gmt":"2025-11-21T09:15:29","slug":"custom-spout-pouch-for-baby-laundry-detergent","status":"publish","type":"product","link":"https:\/\/www.packagingofchina.com\/de\/product\/custom-spout-pouch-for-baby-laundry-detergent\/","title":{"rendered":"Benutzerdefinierte T\u00fclle Beutel f\u00fcr Baby-Waschmittel, Nachf\u00fcllen umweltfreundliche Verpackung Tasche"},"content":{"rendered":"<div class=\"wp-block-columns is-layout-flex wp-container-core-columns-is-layout-9d6595d7 wp-block-columns-is-layout-flex\">\n<div class=\"wp-block-column is-layout-flow wp-block-column-is-layout-flow\">\n<h3 class=\"wp-block-heading\">Kundenspezifischer Ausgie\u00dferbeutel f\u00fcr Baby-Waschmittel Merkmale:<\/h3>\n\n\n\n<ul class=\"wp-block-list\">\n<li><strong>Kompatibilit\u00e4t mit Hochgeschwindigkeitsabf\u00fcllung: <\/strong>Standardbeutel, perfekt abgestimmt auf die Hochgeschwindigkeits-Produktionslinie, verbessert die Abf\u00fclleffizienz erheblich.<\/li>\n\n\n\n<li><strong>Signifikante Kostensenkung und Effizienzsteigerung: <\/strong>Die Leichtbauweise reduziert die umfassenden Kosten f\u00fcr Verpackung, Lagerung und Logistik erheblich.<\/li>\n\n\n\n<li><strong>Hohe Barrierequalit\u00e4t:<\/strong>&nbsp;Das mehrschichtige Kompositmaterial blockiert effektiv Sauerstoff und Feuchtigkeit und gew\u00e4hrleistet die Stabilit\u00e4t und Haltbarkeit der konzentrierten Formel.<\/li>\n\n\n\n<li><strong>Leicht und umweltfreundlich: <\/strong>Im Vergleich zu Hartverpackungen entspricht die Reduzierung des Kunststoffverbrauchs an der Quelle den Umwelttrends und kann als Marketing-Highlight genutzt werden.<\/li>\n\n\n\n<li><strong>Hohe Transportsicherheit:<\/strong>&nbsp;Flexible Verpackungen sind sturz- und erdbebensicher, was das Risiko von Transportsch\u00e4den wirksam verringert.<\/li>\n\n\n\n<li><strong>F\u00f6rdern Sie Wiederholungsk\u00e4ufe: <\/strong>Als Nahrungserg\u00e4nzungsmittel in Flaschen k\u00f6nnen Sie die Konsumgewohnheiten Ihrer Kunden festigen und einen kontinuierlichen Kaufzyklus etablieren.<\/li>\n\n\n\n<li><strong>Flexible Anpassung: <\/strong>Unterst\u00fctzt die flexible Anpassung von Gr\u00f6\u00dfe, D\u00fcsenspezifikationen und Druckverfahren, um verschiedenen Marktstrategien gerecht zu werden.<\/li>\n<\/ul>\n<\/div>\n\n\n\n<div class=\"wp-block-column is-layout-flow wp-block-column-is-layout-flow\">\n<figure class=\"wp-block-image size-full\"><img decoding=\"async\" width=\"1416\" height=\"1416\" src=\"https:\/\/www.packagingofchina.com\/wp-content\/uploads\/2025\/11\/Custom-Spout-Pouch-for-Baby-Laundry-Detergent-Packaging-Manufacturer-DQ-PACK-3.webp\" alt=\"Kundenspezifischer Ausgie\u00dferbeutel f\u00fcr Babywaschmittelverpackungen Hersteller - DQ PACK (3)\" class=\"wp-image-2985\" srcset=\"https:\/\/www.packagingofchina.com\/wp-content\/uploads\/2025\/11\/Custom-Spout-Pouch-for-Baby-Laundry-Detergent-Packaging-Manufacturer-DQ-PACK-3.webp 1416w, https:\/\/www.packagingofchina.com\/wp-content\/uploads\/2025\/11\/Custom-Spout-Pouch-for-Baby-Laundry-Detergent-Packaging-Manufacturer-DQ-PACK-3-300x300.webp 300w, https:\/\/www.packagingofchina.com\/wp-content\/uploads\/2025\/11\/Custom-Spout-Pouch-for-Baby-Laundry-Detergent-Packaging-Manufacturer-DQ-PACK-3-150x150.webp 150w, https:\/\/www.packagingofchina.com\/wp-content\/uploads\/2025\/11\/Custom-Spout-Pouch-for-Baby-Laundry-Detergent-Packaging-Manufacturer-DQ-PACK-3-768x768.webp 768w, https:\/\/www.packagingofchina.com\/wp-content\/uploads\/2025\/11\/Custom-Spout-Pouch-for-Baby-Laundry-Detergent-Packaging-Manufacturer-DQ-PACK-3-12x12.webp 12w, https:\/\/www.packagingofchina.com\/wp-content\/uploads\/2025\/11\/Custom-Spout-Pouch-for-Baby-Laundry-Detergent-Packaging-Manufacturer-DQ-PACK-3-1200x1200.webp 1200w, https:\/\/www.packagingofchina.com\/wp-content\/uploads\/2025\/11\/Custom-Spout-Pouch-for-Baby-Laundry-Detergent-Packaging-Manufacturer-DQ-PACK-3-600x600.webp 600w, https:\/\/www.packagingofchina.com\/wp-content\/uploads\/2025\/11\/Custom-Spout-Pouch-for-Baby-Laundry-Detergent-Packaging-Manufacturer-DQ-PACK-3-100x100.webp 100w\" sizes=\"(max-width: 1416px) 100vw, 1416px\" \/><\/figure>\n<\/div>\n<\/div>\n\n\n\n<div class=\"wp-block-columns is-layout-flex wp-container-core-columns-is-layout-9d6595d7 wp-block-columns-is-layout-flex\">\n<div class=\"wp-block-column is-layout-flow wp-block-column-is-layout-flow\">\n<figure class=\"wp-block-image size-full\"><img decoding=\"async\" width=\"1416\" height=\"1416\" src=\"https:\/\/www.packagingofchina.com\/wp-content\/uploads\/2025\/11\/Custom-Spout-Pouch-for-Baby-Laundry-Detergent-Packaging-Manufacturer-DQ-PACK-1.webp\" alt=\"Kundenspezifischer Ausgie\u00dferbeutel f\u00fcr Baby-Waschmittelverpackungen - DQ PACK (1)\" class=\"wp-image-2990\" srcset=\"https:\/\/www.packagingofchina.com\/wp-content\/uploads\/2025\/11\/Custom-Spout-Pouch-for-Baby-Laundry-Detergent-Packaging-Manufacturer-DQ-PACK-1.webp 1416w, https:\/\/www.packagingofchina.com\/wp-content\/uploads\/2025\/11\/Custom-Spout-Pouch-for-Baby-Laundry-Detergent-Packaging-Manufacturer-DQ-PACK-1-300x300.webp 300w, https:\/\/www.packagingofchina.com\/wp-content\/uploads\/2025\/11\/Custom-Spout-Pouch-for-Baby-Laundry-Detergent-Packaging-Manufacturer-DQ-PACK-1-150x150.webp 150w, https:\/\/www.packagingofchina.com\/wp-content\/uploads\/2025\/11\/Custom-Spout-Pouch-for-Baby-Laundry-Detergent-Packaging-Manufacturer-DQ-PACK-1-768x768.webp 768w, https:\/\/www.packagingofchina.com\/wp-content\/uploads\/2025\/11\/Custom-Spout-Pouch-for-Baby-Laundry-Detergent-Packaging-Manufacturer-DQ-PACK-1-12x12.webp 12w, https:\/\/www.packagingofchina.com\/wp-content\/uploads\/2025\/11\/Custom-Spout-Pouch-for-Baby-Laundry-Detergent-Packaging-Manufacturer-DQ-PACK-1-1200x1200.webp 1200w, https:\/\/www.packagingofchina.com\/wp-content\/uploads\/2025\/11\/Custom-Spout-Pouch-for-Baby-Laundry-Detergent-Packaging-Manufacturer-DQ-PACK-1-600x600.webp 600w, https:\/\/www.packagingofchina.com\/wp-content\/uploads\/2025\/11\/Custom-Spout-Pouch-for-Baby-Laundry-Detergent-Packaging-Manufacturer-DQ-PACK-1-100x100.webp 100w\" sizes=\"(max-width: 1416px) 100vw, 1416px\" \/><\/figure>\n<\/div>\n\n\n\n<div class=\"wp-block-column is-layout-flow wp-block-column-is-layout-flow\">\n<figure class=\"wp-block-image size-full\"><img decoding=\"async\" width=\"1416\" height=\"1416\" src=\"https:\/\/www.packagingofchina.com\/wp-content\/uploads\/2025\/11\/Custom-Spout-Pouch-for-Baby-Laundry-Detergent-Packaging-Manufacturer-DQ-PACK-2.webp\" alt=\"Kundenspezifischer Ausgie\u00dferbeutel f\u00fcr Babywaschmittelverpackungen Hersteller - DQ PACK (2)\" class=\"wp-image-2989\" srcset=\"https:\/\/www.packagingofchina.com\/wp-content\/uploads\/2025\/11\/Custom-Spout-Pouch-for-Baby-Laundry-Detergent-Packaging-Manufacturer-DQ-PACK-2.webp 1416w, https:\/\/www.packagingofchina.com\/wp-content\/uploads\/2025\/11\/Custom-Spout-Pouch-for-Baby-Laundry-Detergent-Packaging-Manufacturer-DQ-PACK-2-300x300.webp 300w, https:\/\/www.packagingofchina.com\/wp-content\/uploads\/2025\/11\/Custom-Spout-Pouch-for-Baby-Laundry-Detergent-Packaging-Manufacturer-DQ-PACK-2-150x150.webp 150w, https:\/\/www.packagingofchina.com\/wp-content\/uploads\/2025\/11\/Custom-Spout-Pouch-for-Baby-Laundry-Detergent-Packaging-Manufacturer-DQ-PACK-2-768x768.webp 768w, https:\/\/www.packagingofchina.com\/wp-content\/uploads\/2025\/11\/Custom-Spout-Pouch-for-Baby-Laundry-Detergent-Packaging-Manufacturer-DQ-PACK-2-12x12.webp 12w, https:\/\/www.packagingofchina.com\/wp-content\/uploads\/2025\/11\/Custom-Spout-Pouch-for-Baby-Laundry-Detergent-Packaging-Manufacturer-DQ-PACK-2-1200x1200.webp 1200w, https:\/\/www.packagingofchina.com\/wp-content\/uploads\/2025\/11\/Custom-Spout-Pouch-for-Baby-Laundry-Detergent-Packaging-Manufacturer-DQ-PACK-2-600x600.webp 600w, https:\/\/www.packagingofchina.com\/wp-content\/uploads\/2025\/11\/Custom-Spout-Pouch-for-Baby-Laundry-Detergent-Packaging-Manufacturer-DQ-PACK-2-100x100.webp 100w\" sizes=\"(max-width: 1416px) 100vw, 1416px\" \/><\/figure>\n<\/div>\n<\/div>\n\n\n<div class=\"wp-block-image\">\n<figure class=\"aligncenter size-full\"><img decoding=\"async\" width=\"1200\" height=\"600\" src=\"https:\/\/www.packagingofchina.com\/wp-content\/uploads\/2025\/07\/Spout-pouch-Selling-Point.webp\" alt=\"Ausgie\u00dferbeutel Verkaufsargument\" class=\"wp-image-1992\" srcset=\"https:\/\/www.packagingofchina.com\/wp-content\/uploads\/2025\/07\/Spout-pouch-Selling-Point.webp 1200w, https:\/\/www.packagingofchina.com\/wp-content\/uploads\/2025\/07\/Spout-pouch-Selling-Point-300x150.webp 300w, https:\/\/www.packagingofchina.com\/wp-content\/uploads\/2025\/07\/Spout-pouch-Selling-Point-768x384.webp 768w, https:\/\/www.packagingofchina.com\/wp-content\/uploads\/2025\/07\/Spout-pouch-Selling-Point-18x9.webp 18w, https:\/\/www.packagingofchina.com\/wp-content\/uploads\/2025\/07\/Spout-pouch-Selling-Point-600x300.webp 600w\" sizes=\"(max-width: 1200px) 100vw, 1200px\" \/><\/figure>\n<\/div>\n\n\n<p><\/p>","protected":false},"excerpt":{"rendered":"<p>Dieser Nachf\u00fcllbeutel f\u00fcr Babywaschmittel macht das Nachf\u00fcllen einfach und problemlos. Einfach leicht zusammendr\u00fccken und pr\u00e4zise durch den auslaufsicheren Saugstutzen ausgie\u00dfen, um Abfall zu vermeiden. Die Verwendung von Verbundwerkstoffen mit hoher Barriere gew\u00e4hrleistet die Stabilit\u00e4t der konzentrierten Formel, die ausgezeichnete Wirkung im Regal und der kundenspezifische Aufdruck kann zur Aufwertung der Marke beitragen. Es ist die beste erg\u00e4nzende Verpackungsl\u00f6sung f\u00fcr abgef\u00fcllte Produkte und hilft, die Gesamtkosten zu senken.<\/p>\n<h2>Parameter der benutzerdefinierten Spout Beutel f\u00fcr Baby-Waschmittel<\/h2>\n<ul>\n<li><strong>Material:<\/strong> PET\/PE, PET\/NY\/PE, PET\/AL\/NY\/PE, usw. <\/li>\n<li><strong>Tasche Typ:<\/strong> Ausgie\u00dferbeutel <\/li>\n<li><strong>Gr\u00f6\u00dfe:<\/strong> Benutzerdefiniert <\/li>\n<li><strong>Benutzerdefinierte Bestellung:<\/strong> Akzeptieren Sie OEM &amp; ODM <\/li>\n<li><strong>Kostenlose Probe:<\/strong> Unterst\u00fctzung Verwendung: Waschfl\u00fcssigkeit, K\u00f6rperpflegemittel, Shampoo, Handdesinfektionsmittel, Fl\u00fcssigseife, Waschfl\u00fcssigkeit, etc. <\/li>\n<li><strong>Handhabung der Oberfl\u00e4che:<\/strong> Tiefdruck <\/li>\n<li><strong>Farbe:<\/strong> Kann bis zu 13 Farben drucken <\/li>\n<li><strong>Zielm\u00e4rkte<\/strong>: \u00dcberall auf der Welt \u00a0<\/li>\n<\/ul>","protected":false},"featured_media":2985,"comment_status":"closed","ping_status":"closed","template":"","meta":{"_acf_changed":false},"flexible-packaging":[25,24],"solution":[66,38,67,51,37,34],"product_brand":[],"product_cat":[17,46],"product_tag":[],"class_list":{"0":"post-2984","1":"product","2":"type-product","3":"status-publish","4":"has-post-thumbnail","6":"flexible-packaging-custom-spout-pouch","7":"flexible-packaging-custom-stand-up-pouch","8":"solution-bpa-free","9":"solution-high-barrier","10":"solution-leak-proof","11":"solution-moisture-proof","12":"solution-puncture-resistance","13":"solution-sealing-liquids","14":"product_cat-custom-non-food-packaging-solutions","15":"product_cat-home-care-packaging","17":"first","18":"instock","19":"shipping-taxable","20":"product-type-simple"},"acf":[],"_links":{"self":[{"href":"https:\/\/www.packagingofchina.com\/de\/wp-json\/wp\/v2\/product\/2984","targetHints":{"allow":["GET"]}}],"collection":[{"href":"https:\/\/www.packagingofchina.com\/de\/wp-json\/wp\/v2\/product"}],"about":[{"href":"https:\/\/www.packagingofchina.com\/de\/wp-json\/wp\/v2\/types\/product"}],"replies":[{"embeddable":true,"href":"https:\/\/www.packagingofchina.com\/de\/wp-json\/wp\/v2\/comments?post=2984"}],"wp:featuredmedia":[{"embeddable":true,"href":"https:\/\/www.packagingofchina.com\/de\/wp-json\/wp\/v2\/media\/2985"}],"wp:attachment":[{"href":"https:\/\/www.packagingofchina.com\/de\/wp-json\/wp\/v2\/media?parent=2984"}],"wp:term":[{"taxonomy":"flexible-packaging","embeddable":true,"href":"https:\/\/www.packagingofchina.com\/de\/wp-json\/wp\/v2\/flexible-packaging?post=2984"},{"taxonomy":"solution","embeddable":true,"href":"https:\/\/www.packagingofchina.com\/de\/wp-json\/wp\/v2\/solution?post=2984"},{"taxonomy":"product_brand","embeddable":true,"href":"https:\/\/www.packagingofchina.com\/de\/wp-json\/wp\/v2\/product_brand?post=2984"},{"taxonomy":"product_cat","embeddable":true,"href":"https:\/\/www.packagingofchina.com\/de\/wp-json\/wp\/v2\/product_cat?post=2984"},{"taxonomy":"product_tag","embeddable":true,"href":"https:\/\/www.packagingofchina.com\/de\/wp-json\/wp\/v2\/product_tag?post=2984"}],"curies":[{"name":"wp","href":"https:\/\/api.w.org\/{rel}","templated":true}]}}