{"id":3000,"date":"2025-12-06T01:55:30","date_gmt":"2025-12-06T01:55:30","guid":{"rendered":"https:\/\/www.packagingofchina.com\/?post_type=product&#038;p=3000"},"modified":"2025-12-06T01:56:15","modified_gmt":"2025-12-06T01:56:15","slug":"custom-tea-bag-packaging-supplier","status":"publish","type":"product","link":"https:\/\/www.packagingofchina.com\/de\/product\/custom-tea-bag-packaging-supplier\/","title":{"rendered":"Benutzerdefinierte Teebeutel Verpackung Gro\u00dfhandel, OEM Teebeutel Lieferant, Stand Up Zipper Pouch"},"content":{"rendered":"<div class=\"wp-block-columns is-layout-flex wp-container-core-columns-is-layout-9d6595d7 wp-block-columns-is-layout-flex\">\n<div class=\"wp-block-column is-layout-flow wp-block-column-is-layout-flow\">\n<h3 class=\"wp-block-heading\">Individuelle Teebeutelverpackungen Merkmale<\/h3>\n\n\n\n<ul class=\"wp-block-list\">\n<li><strong>Bewahrt die Frische und bewahrt den Duft:<\/strong> Durch die Verwendung von Verbundwerkstoffen mit hoher Barriere werden Sauerstoff, Licht und Feuchtigkeit effektiv isoliert, so dass das urspr\u00fcngliche Aroma und der frische Geschmack des gr\u00fcnen Tees lange Zeit erhalten bleiben, was sie zur idealen Wahl f\u00fcr individuelle Teebeutelverpackungen macht.<\/li>\n\n\n\n<li><strong>Stabiler Stand<\/strong>: Der verst\u00e4rkte Boden des Beutels sorgt daf\u00fcr, dass der Verpackungsbeutel nach dem Bef\u00fcllen fest aufrecht steht, was die \u00c4sthetik und Stabilit\u00e4t der Regalpr\u00e4sentation verbessert, insbesondere f\u00fcr Marken, die eine individuelle Teebeutelverpackung suchen.<\/li>\n\n\n\n<li><strong>Fest versiegelt:<\/strong> Durch die Verwendung hochwertiger Rei\u00dfverschl\u00fcsse mit hervorragender Dichtungsleistung kann er wiederholt ge\u00f6ffnet und geschlossen werden, wodurch verhindert wird, dass die Teebl\u00e4tter feucht werden, und die Frische bei jedem Verzehr gew\u00e4hrleistet ist.<\/li>\n\n\n\n<li><strong>Kundenspezifischer Druck:<\/strong> Der hochaufl\u00f6sende Farbdruck und das anpassbare Musterdesign machen die Verpackung zu einem mobilen Werbetr\u00e4ger f\u00fcr Ihre Marke und erh\u00f6hen die Attraktivit\u00e4t des Produkts. Damit ist sie f\u00fcr Unternehmen geeignet, die mit einem OEM-Anbieter von Teebeuteln zusammenarbeiten.<\/li>\n\n\n\n<li><strong>Tragbar und praktisch:<\/strong> Das leichte und robuste Material in Kombination mit dem griffigen Taschenk\u00f6rper erleichtert den Transport, die Aufbewahrung und den t\u00e4glichen Gebrauch und bietet dem Endverbraucher ein hervorragendes Nutzungserlebnis.<\/li>\n<\/ul>\n<\/div>\n\n\n\n<div class=\"wp-block-column is-layout-flow wp-block-column-is-layout-flow\">\n<figure class=\"wp-block-image size-full\"><img decoding=\"async\" width=\"1200\" height=\"1200\" src=\"https:\/\/www.packagingofchina.com\/wp-content\/uploads\/2025\/12\/Custom-Tea-Bag-Packaging-Wholesale-Supplier-DQ-PACK-3.webp\" alt=\"Benutzerdefinierte Teebeutelverpackung Gro\u00dfhandel Lieferant - DQ PACK (3)\" class=\"wp-image-3071\" srcset=\"https:\/\/www.packagingofchina.com\/wp-content\/uploads\/2025\/12\/Custom-Tea-Bag-Packaging-Wholesale-Supplier-DQ-PACK-3.webp 1200w, https:\/\/www.packagingofchina.com\/wp-content\/uploads\/2025\/12\/Custom-Tea-Bag-Packaging-Wholesale-Supplier-DQ-PACK-3-300x300.webp 300w, https:\/\/www.packagingofchina.com\/wp-content\/uploads\/2025\/12\/Custom-Tea-Bag-Packaging-Wholesale-Supplier-DQ-PACK-3-150x150.webp 150w, https:\/\/www.packagingofchina.com\/wp-content\/uploads\/2025\/12\/Custom-Tea-Bag-Packaging-Wholesale-Supplier-DQ-PACK-3-768x768.webp 768w, https:\/\/www.packagingofchina.com\/wp-content\/uploads\/2025\/12\/Custom-Tea-Bag-Packaging-Wholesale-Supplier-DQ-PACK-3-12x12.webp 12w, https:\/\/www.packagingofchina.com\/wp-content\/uploads\/2025\/12\/Custom-Tea-Bag-Packaging-Wholesale-Supplier-DQ-PACK-3-600x600.webp 600w, https:\/\/www.packagingofchina.com\/wp-content\/uploads\/2025\/12\/Custom-Tea-Bag-Packaging-Wholesale-Supplier-DQ-PACK-3-100x100.webp 100w\" sizes=\"(max-width: 1200px) 100vw, 1200px\" \/><\/figure>\n<\/div>\n<\/div>\n\n\n\n<div class=\"wp-block-columns is-layout-flex wp-container-core-columns-is-layout-9d6595d7 wp-block-columns-is-layout-flex\">\n<div class=\"wp-block-column is-layout-flow wp-block-column-is-layout-flow\">\n<figure class=\"wp-block-image size-full\"><img decoding=\"async\" width=\"600\" height=\"900\" src=\"https:\/\/www.packagingofchina.com\/wp-content\/uploads\/2025\/11\/Bottom-style.webp\" alt=\"Unterer Stil\" class=\"wp-image-3006\" srcset=\"https:\/\/www.packagingofchina.com\/wp-content\/uploads\/2025\/11\/Bottom-style.webp 600w, https:\/\/www.packagingofchina.com\/wp-content\/uploads\/2025\/11\/Bottom-style-200x300.webp 200w, https:\/\/www.packagingofchina.com\/wp-content\/uploads\/2025\/11\/Bottom-style-8x12.webp 8w\" sizes=\"(max-width: 600px) 100vw, 600px\" \/><\/figure>\n<\/div>\n\n\n\n<div class=\"wp-block-column is-layout-flow wp-block-column-is-layout-flow\">\n<figure class=\"wp-block-image size-full\"><img decoding=\"async\" width=\"750\" height=\"800\" src=\"https:\/\/www.packagingofchina.com\/wp-content\/uploads\/2025\/04\/Other-detail.webp\" alt=\"Benutzerdefinierte Mandel-Protein-Pulver-Beutel Fabrik\" class=\"wp-image-1712\" srcset=\"https:\/\/www.packagingofchina.com\/wp-content\/uploads\/2025\/04\/Other-detail.webp 750w, https:\/\/www.packagingofchina.com\/wp-content\/uploads\/2025\/04\/Other-detail-281x300.webp 281w, https:\/\/www.packagingofchina.com\/wp-content\/uploads\/2025\/04\/Other-detail-11x12.webp 11w, https:\/\/www.packagingofchina.com\/wp-content\/uploads\/2025\/04\/Other-detail-600x640.webp 600w\" sizes=\"(max-width: 750px) 100vw, 750px\" \/><\/figure>\n<\/div>\n<\/div>","protected":false},"excerpt":{"rendered":"<p>Sch\u00fctzen Sie Ihren gr\u00fcnen Tee mit dem exquisiten Geschmack unseres wiederverschlie\u00dfbaren Standbeutels. Das robuste, schattenspendende Material sch\u00fctzt die Bl\u00e4tter vor Sauerstoff und Feuchtigkeit und sorgt f\u00fcr lang anhaltende Qualit\u00e4t. Der wiederverschlie\u00dfbare Rei\u00dfverschluss sorgt f\u00fcr Komfort, ohne die Frische zu beeintr\u00e4chtigen. Das individuelle Design sorgt f\u00fcr eine einzigartige Verpackung, die im Regal auff\u00e4llt und die Kundenbindung st\u00e4rkt.<\/p>\n<h2>Parameter von<strong><b> Individuelle Teebeutelverpackungen<\/b><\/strong><\/h2>\n<ul>\n<li><strong>Material:<\/strong> PET\/PE, PET\/NY\/PE, PET\/AL\/NY\/PE, usw.<\/li>\n<li><strong>Tasche Typ:<\/strong>\u00a0 <a href=\"https:\/\/www.packagingofchina.com\/de\/flexible-packaging\/custom-stand-up-zipper-pouch\/\"><strong>Stand Up Zipper Pouch<\/strong><\/a><\/li>\n<li><strong>Benutzerdefinierte Bestellung:<\/strong> Akzeptieren Sie OEM &amp; ODM<\/li>\n<li><strong>Kostenlose Probe:<\/strong> Unterst\u00fctzung<\/li>\n<li><strong>Verwendung:<\/strong> Kaffeebohnen\/Pulver, Snack, M\u00fcsli, S\u00fc\u00dfigkeiten, Schokolade und mehr<\/li>\n<li><strong>Handhabung der Oberfl\u00e4che:<\/strong> Tiefdruck<\/li>\n<li><strong>Farbe:<\/strong> Kann bis zu 13 Farben drucken<\/li>\n<li>Zielm\u00e4rkte: \u00dcberall auf der Welt<\/li>\n<\/ul>","protected":false},"featured_media":3070,"comment_status":"closed","ping_status":"closed","template":"","meta":{"_acf_changed":false},"flexible-packaging":[24,29],"solution":[66,38,67,51,37],"product_brand":[],"product_cat":[18,88],"product_tag":[],"class_list":{"0":"post-3000","1":"product","2":"type-product","3":"status-publish","4":"has-post-thumbnail","6":"flexible-packaging-custom-stand-up-pouch","7":"flexible-packaging-custom-stand-up-zipper-pouch","8":"solution-bpa-free","9":"solution-high-barrier","10":"solution-leak-proof","11":"solution-moisture-proof","12":"solution-puncture-resistance","13":"product_cat-custom-food-packaging-solutions","14":"product_cat-custom-tea-packaging-bag","16":"first","17":"instock","18":"shipping-taxable","19":"product-type-simple"},"acf":[],"_links":{"self":[{"href":"https:\/\/www.packagingofchina.com\/de\/wp-json\/wp\/v2\/product\/3000","targetHints":{"allow":["GET"]}}],"collection":[{"href":"https:\/\/www.packagingofchina.com\/de\/wp-json\/wp\/v2\/product"}],"about":[{"href":"https:\/\/www.packagingofchina.com\/de\/wp-json\/wp\/v2\/types\/product"}],"replies":[{"embeddable":true,"href":"https:\/\/www.packagingofchina.com\/de\/wp-json\/wp\/v2\/comments?post=3000"}],"wp:featuredmedia":[{"embeddable":true,"href":"https:\/\/www.packagingofchina.com\/de\/wp-json\/wp\/v2\/media\/3070"}],"wp:attachment":[{"href":"https:\/\/www.packagingofchina.com\/de\/wp-json\/wp\/v2\/media?parent=3000"}],"wp:term":[{"taxonomy":"flexible-packaging","embeddable":true,"href":"https:\/\/www.packagingofchina.com\/de\/wp-json\/wp\/v2\/flexible-packaging?post=3000"},{"taxonomy":"solution","embeddable":true,"href":"https:\/\/www.packagingofchina.com\/de\/wp-json\/wp\/v2\/solution?post=3000"},{"taxonomy":"product_brand","embeddable":true,"href":"https:\/\/www.packagingofchina.com\/de\/wp-json\/wp\/v2\/product_brand?post=3000"},{"taxonomy":"product_cat","embeddable":true,"href":"https:\/\/www.packagingofchina.com\/de\/wp-json\/wp\/v2\/product_cat?post=3000"},{"taxonomy":"product_tag","embeddable":true,"href":"https:\/\/www.packagingofchina.com\/de\/wp-json\/wp\/v2\/product_tag?post=3000"}],"curies":[{"name":"wp","href":"https:\/\/api.w.org\/{rel}","templated":true}]}}