{"id":3670,"date":"2026-02-28T02:58:30","date_gmt":"2026-02-28T02:58:30","guid":{"rendered":"https:\/\/www.packagingofchina.com\/?post_type=product&#038;p=3670"},"modified":"2026-02-28T02:58:32","modified_gmt":"2026-02-28T02:58:32","slug":"22g-dried-fruit-packaging-bags-wholesale","status":"publish","type":"product","link":"https:\/\/www.packagingofchina.com\/de\/product\/22g-dried-fruit-packaging-bags-wholesale\/","title":{"rendered":"22g getrocknete Fr\u00fcchte Verpackungsbeutel Gro\u00dfhandel, Stand Up Zipper Pouch f\u00fcr gefriergetrockneten Apfel"},"content":{"rendered":"<div class=\"wp-block-columns is-layout-flex wp-container-core-columns-is-layout-9d6595d7 wp-block-columns-is-layout-flex\">\n<div class=\"wp-block-column is-layout-flow wp-block-column-is-layout-flow\">\n<h2 class=\"wp-block-heading\">Eigenschaften von 22g Trockenobst Verpackungst\u00fcten Gro\u00dfhandel<\/h2>\n\n\n\n<ul class=\"wp-block-list\">\n<li>Das 22-g-Design mit kleinem Fassungsverm\u00f6gen eignet sich zum Portionieren von Einzelportionen wie gefriergetrockneten \u00c4pfeln.<\/li>\n<\/ul>\n\n\n\n<ul class=\"wp-block-list\">\n<li>Die unabh\u00e4ngige Taschenstruktur erm\u00f6glicht eine stabile Platzierung und verbessert die Wirkung der Regalpr\u00e4sentation.<\/li>\n<\/ul>\n\n\n\n<ul class=\"wp-block-list\">\n<li>Der Rei\u00dfverschluss ist leichtg\u00e4ngig und kann wiederholt ge\u00f6ffnet und geschlossen werden, so dass er bequem mehrfach verwendet werden kann.<\/li>\n<\/ul>\n\n\n\n<ul class=\"wp-block-list\">\n<li>Die Tasche ist leicht und tragbar, ideal zum Mitnehmen oder zum Essen unterwegs.<\/li>\n<\/ul>\n\n\n\n<ul class=\"wp-block-list\">\n<li>Eine starke Versiegelung verhindert die Aufnahme von Feuchtigkeit, das Aufweichen und den Verlust von Aromastoffen.<\/li>\n<\/ul>\n\n\n\n<ul class=\"wp-block-list\">\n<li>Geeignet f\u00fcr eine breite Palette von verpackten Produkten, wie gefriergetrocknete Fr\u00fcchte, N\u00fcsse und leichte Snacks.<\/li>\n<\/ul>\n\n\n\n<ul class=\"wp-block-list\">\n<li>Individuell anpassbare, transparente Fenster erm\u00f6glichen einen intuitiven Blick auf den tats\u00e4chlichen Zustand der gefriergetrockneten \u00c4pfel.<\/li>\n<\/ul>\n<\/div>\n\n\n\n<div class=\"wp-block-column is-layout-flow wp-block-column-is-layout-flow\">\n<figure class=\"wp-block-image size-full\"><img decoding=\"async\" width=\"1416\" height=\"1416\" src=\"https:\/\/www.packagingofchina.com\/wp-content\/uploads\/2026\/02\/Custom-Stand-up-Zipper-Pouch-for-Dried-Fruit-Packaging-Manufacturer-DQ-PACK-1.webp\" alt=\"Benutzerdefinierte Stand up Zipper Pouch f\u00fcr getrocknete Fr\u00fcchte Verpackung Hersteller -DQ PACK (1)\" class=\"wp-image-3671\" srcset=\"https:\/\/www.packagingofchina.com\/wp-content\/uploads\/2026\/02\/Custom-Stand-up-Zipper-Pouch-for-Dried-Fruit-Packaging-Manufacturer-DQ-PACK-1.webp 1416w, https:\/\/www.packagingofchina.com\/wp-content\/uploads\/2026\/02\/Custom-Stand-up-Zipper-Pouch-for-Dried-Fruit-Packaging-Manufacturer-DQ-PACK-1-300x300.webp 300w, https:\/\/www.packagingofchina.com\/wp-content\/uploads\/2026\/02\/Custom-Stand-up-Zipper-Pouch-for-Dried-Fruit-Packaging-Manufacturer-DQ-PACK-1-150x150.webp 150w, https:\/\/www.packagingofchina.com\/wp-content\/uploads\/2026\/02\/Custom-Stand-up-Zipper-Pouch-for-Dried-Fruit-Packaging-Manufacturer-DQ-PACK-1-768x768.webp 768w, https:\/\/www.packagingofchina.com\/wp-content\/uploads\/2026\/02\/Custom-Stand-up-Zipper-Pouch-for-Dried-Fruit-Packaging-Manufacturer-DQ-PACK-1-12x12.webp 12w, https:\/\/www.packagingofchina.com\/wp-content\/uploads\/2026\/02\/Custom-Stand-up-Zipper-Pouch-for-Dried-Fruit-Packaging-Manufacturer-DQ-PACK-1-1200x1200.webp 1200w, https:\/\/www.packagingofchina.com\/wp-content\/uploads\/2026\/02\/Custom-Stand-up-Zipper-Pouch-for-Dried-Fruit-Packaging-Manufacturer-DQ-PACK-1-600x600.webp 600w, https:\/\/www.packagingofchina.com\/wp-content\/uploads\/2026\/02\/Custom-Stand-up-Zipper-Pouch-for-Dried-Fruit-Packaging-Manufacturer-DQ-PACK-1-100x100.webp 100w\" sizes=\"(max-width: 1416px) 100vw, 1416px\" \/><\/figure>\n<\/div>\n<\/div>\n\n\n\n<figure class=\"wp-block-image size-full\"><img decoding=\"async\" width=\"1200\" height=\"400\" src=\"https:\/\/www.packagingofchina.com\/wp-content\/uploads\/2025\/09\/other-detail.webp\" alt=\"Kundenspezifische Verpackung Detail-DQ PACK\" class=\"wp-image-2576\" srcset=\"https:\/\/www.packagingofchina.com\/wp-content\/uploads\/2025\/09\/other-detail.webp 1200w, https:\/\/www.packagingofchina.com\/wp-content\/uploads\/2025\/09\/other-detail-300x100.webp 300w, https:\/\/www.packagingofchina.com\/wp-content\/uploads\/2025\/09\/other-detail-768x256.webp 768w, https:\/\/www.packagingofchina.com\/wp-content\/uploads\/2025\/09\/other-detail-18x6.webp 18w, https:\/\/www.packagingofchina.com\/wp-content\/uploads\/2025\/09\/other-detail-600x200.webp 600w\" sizes=\"(max-width: 1200px) 100vw, 1200px\" \/><\/figure>","protected":false},"excerpt":{"rendered":"<p>Halten Sie gefriergetrocknete \u00c4pfel knackig und geschmackvoll mit unserem professionellen 22g Stand Up Zipper Pouch. Diese leichten Mini-Mylar-S\u00e4cke sind mit einem hochbarrierenden Feuchtigkeitsschutz ausgestattet, der den Knackpunkt festh\u00e4lt und gleichzeitig die Feuchtigkeit abh\u00e4lt. Unsere schlanken, wiederverschlie\u00dfbaren Beutel eignen sich perfekt f\u00fcr gesunde Snacks in Einzelportionen oder Probiergr\u00f6\u00dfen im Einzelhandel und kombinieren robuste Haltbarkeit mit einem taschenfreundlichen Design, das die Attraktivit\u00e4t Ihrer Marke in den Regalen erh\u00f6ht.<\/p>\n<h2>Parameter der<strong><b> 22g Trockenobst-Verpackungst\u00fcten<\/b><\/strong><\/h2>\n<ul>\n<li><b><\/b><strong><b>Material: <\/b><\/strong>PET\/PE, PET\/NY\/PE, PET\/AL\/NY\/PE, usw.<\/li>\n<li><b><\/b><strong><b>Tasche Typ: <\/b><\/strong>Stand Up Zipper Pouch<\/li>\n<li><b><\/b><strong><b>Benutzerdefinierte Bestellung: <\/b><\/strong>Akzeptieren Sie OEM &amp; ODM<\/li>\n<li><b><\/b><strong><b>Kostenlose Probe: <\/b><\/strong>Unterst\u00fctzung<\/li>\n<li><b><\/b><strong><b>Verwendung: <\/b><\/strong>S\u00fc\u00dfigkeiten, Schokolade, N\u00fcsse, Tiernahrung, Pulver und mehr<\/li>\n<li><b><\/b><strong><b>Handhabung der Oberfl\u00e4che: <\/b><\/strong>Tiefdruck<\/li>\n<li><b><\/b><strong><b>Fische an der Oberfl\u00e4che: <\/b><\/strong>Gl\u00e4nzend, Matt, UV, Pr\u00e4gung<\/li>\n<li><b><\/b><strong><b>Farbe: <\/b><\/strong>Kann bis zu 13Farben drucken<\/li>\n<li><b><\/b><strong><b>Zielm\u00e4rkte: <\/b><\/strong>\u00dcberall auf der Welt<\/li>\n<\/ul>\n<p>&nbsp;<\/p>","protected":false},"featured_media":3673,"comment_status":"closed","ping_status":"closed","template":"","meta":{"_acf_changed":false},"flexible-packaging":[29],"solution":[66,38,51,36,37],"product_brand":[],"product_cat":[18,52],"product_tag":[],"class_list":{"0":"post-3670","1":"product","2":"type-product","3":"status-publish","4":"has-post-thumbnail","6":"flexible-packaging-custom-stand-up-zipper-pouch","7":"solution-bpa-free","8":"solution-high-barrier","9":"solution-moisture-proof","10":"solution-oil-resistance","11":"solution-puncture-resistance","12":"product_cat-custom-food-packaging-solutions","13":"product_cat-custom-snack-packaging","15":"first","16":"instock","17":"shipping-taxable","18":"product-type-simple"},"acf":[],"_links":{"self":[{"href":"https:\/\/www.packagingofchina.com\/de\/wp-json\/wp\/v2\/product\/3670","targetHints":{"allow":["GET"]}}],"collection":[{"href":"https:\/\/www.packagingofchina.com\/de\/wp-json\/wp\/v2\/product"}],"about":[{"href":"https:\/\/www.packagingofchina.com\/de\/wp-json\/wp\/v2\/types\/product"}],"replies":[{"embeddable":true,"href":"https:\/\/www.packagingofchina.com\/de\/wp-json\/wp\/v2\/comments?post=3670"}],"wp:featuredmedia":[{"embeddable":true,"href":"https:\/\/www.packagingofchina.com\/de\/wp-json\/wp\/v2\/media\/3673"}],"wp:attachment":[{"href":"https:\/\/www.packagingofchina.com\/de\/wp-json\/wp\/v2\/media?parent=3670"}],"wp:term":[{"taxonomy":"flexible-packaging","embeddable":true,"href":"https:\/\/www.packagingofchina.com\/de\/wp-json\/wp\/v2\/flexible-packaging?post=3670"},{"taxonomy":"solution","embeddable":true,"href":"https:\/\/www.packagingofchina.com\/de\/wp-json\/wp\/v2\/solution?post=3670"},{"taxonomy":"product_brand","embeddable":true,"href":"https:\/\/www.packagingofchina.com\/de\/wp-json\/wp\/v2\/product_brand?post=3670"},{"taxonomy":"product_cat","embeddable":true,"href":"https:\/\/www.packagingofchina.com\/de\/wp-json\/wp\/v2\/product_cat?post=3670"},{"taxonomy":"product_tag","embeddable":true,"href":"https:\/\/www.packagingofchina.com\/de\/wp-json\/wp\/v2\/product_tag?post=3670"}],"curies":[{"name":"wp","href":"https:\/\/api.w.org\/{rel}","templated":true}]}}