{"id":949,"date":"2025-01-14T09:51:04","date_gmt":"2025-01-14T09:51:04","guid":{"rendered":"https:\/\/www.packagingofchina.com\/?post_type=product&#038;p=949"},"modified":"2025-01-14T09:51:05","modified_gmt":"2025-01-14T09:51:05","slug":"custom-juice-pouches-wholesale","status":"publish","type":"product","link":"https:\/\/www.packagingofchina.com\/de\/product\/custom-juice-pouches-wholesale\/","title":{"rendered":"OEM Saftbeutel Gro\u00dfhandel, benutzerdefinierte Stand Up Pouch mit Stroh einf\u00fcgen Loch Fruchtsaft perforiert Beutel"},"content":{"rendered":"<div class=\"wp-block-columns is-layout-flex wp-container-core-columns-is-layout-9d6595d7 wp-block-columns-is-layout-flex\">\n<div class=\"wp-block-column is-layout-flow wp-block-column-is-layout-flow\">\n<h3 class=\"wp-block-heading\">Features and Benefits of Custom Juice Pouches Wholesale<\/h3>\n\n\n\n<ul class=\"wp-block-list\">\n<li><strong>High Quality Provide Custom Juice Pouches<\/strong>: support custom juice packaging solutions, meet your design, material and function needs for stand up pouch.<\/li>\n<\/ul>\n\n\n\n<p><\/p>\n\n\n\n<ul class=\"wp-block-list\">\n<li><strong>Unique Design with Straw Jack<\/strong>: Easy to drink directly, made of high quality material, durable and reusable, ideal reusable juice pouch with straw.<\/li>\n<\/ul>\n\n\n\n<p><\/p>\n\n\n\n<ul class=\"wp-block-list\">\n<li><strong>Versatility<\/strong>: Supports a wide range of beverage packaging such as juice, milk tea, smoothies, etc. Vertical design provides higher display effect while easy to store and transport.<\/li>\n<\/ul>\n\n\n\n<p><\/p>\n\n\n\n<ul class=\"wp-block-list\">\n<li><strong>Provide Free Sample Service<\/strong>: allow customers to understand the product quality and details more intuitively before placing an order.<\/li>\n<\/ul>\n\n\n\n<p><\/p>\n\n\n\n<ul class=\"wp-block-list\">\n<li><strong>Food-grade Environmental Protection Material<\/strong>: Safe and non-toxic, can choose biodegradable or recyclable material, contributing to the green environmental protection.<\/li>\n<\/ul>\n\n\n\n<p><\/p>\n\n\n\n<ul class=\"wp-block-list\">\n<li><strong>One-stop Service from Design, Production to Transportation<\/strong>: Ensure your needs are met and enjoy efficient and convenient one-stop service.<\/li>\n<\/ul>\n<\/div>\n\n\n\n<div class=\"wp-block-column is-layout-flow wp-block-column-is-layout-flow\">\n<figure class=\"wp-block-image size-full\"><img decoding=\"async\" width=\"1476\" height=\"1476\" src=\"https:\/\/www.packagingofchina.com\/wp-content\/uploads\/2025\/01\/OEM-Juice-Pouches-Wholesale-Perforated-Pouch-3.webp\" alt=\"OEM Juice Pouches Wholesale-Perforated Pouch (3)\" class=\"wp-image-952\" srcset=\"https:\/\/www.packagingofchina.com\/wp-content\/uploads\/2025\/01\/OEM-Juice-Pouches-Wholesale-Perforated-Pouch-3.webp 1476w, https:\/\/www.packagingofchina.com\/wp-content\/uploads\/2025\/01\/OEM-Juice-Pouches-Wholesale-Perforated-Pouch-3-300x300.webp 300w, https:\/\/www.packagingofchina.com\/wp-content\/uploads\/2025\/01\/OEM-Juice-Pouches-Wholesale-Perforated-Pouch-3-150x150.webp 150w, https:\/\/www.packagingofchina.com\/wp-content\/uploads\/2025\/01\/OEM-Juice-Pouches-Wholesale-Perforated-Pouch-3-768x768.webp 768w, https:\/\/www.packagingofchina.com\/wp-content\/uploads\/2025\/01\/OEM-Juice-Pouches-Wholesale-Perforated-Pouch-3-1200x1200.webp 1200w, https:\/\/www.packagingofchina.com\/wp-content\/uploads\/2025\/01\/OEM-Juice-Pouches-Wholesale-Perforated-Pouch-3-600x600.webp 600w, https:\/\/www.packagingofchina.com\/wp-content\/uploads\/2025\/01\/OEM-Juice-Pouches-Wholesale-Perforated-Pouch-3-100x100.webp 100w\" sizes=\"(max-width: 1476px) 100vw, 1476px\" \/><\/figure>\n<\/div>\n<\/div>","protected":false},"excerpt":{"rendered":"<p>Boost your brand with custom juice packaging! Durable stand up pouch with straw insert, eco-friendly &amp; reusable. Enjoy OEM\/ODM &amp; free samples. Contact us now!<\/p>\n<h2>Parameter des Saftbeutels mit Strohhalm<\/h2>\n<p>Material: PET\/PE, PET\/NY\/PE, PET\/AL\/NY\/PE, etc Beutelart: Stand Up Pouch Beutelgr\u00f6\u00dfe: Kundenspezifisch Kundenspezifisch bestellen: <strong>Akzeptieren Sie OEM &amp; ODM<\/strong> Kostenlose Probe: Unterst\u00fctzung Verwendung: Saft, Wasser, alkoholisches Getr\u00e4nk Oberfl\u00e4chenbehandlung: Tiefdruck Farbe: Kann bis zu 10 Farben drucken Zielm\u00e4rkte: \u00dcberall in der Welt \u00a0<\/p>","protected":false},"featured_media":950,"comment_status":"closed","ping_status":"closed","template":"","meta":{"_acf_changed":false},"flexible-packaging":[24],"solution":[37,34],"product_brand":[],"product_cat":[49,19],"product_tag":[],"class_list":{"0":"post-949","1":"product","2":"type-product","3":"status-publish","4":"has-post-thumbnail","6":"flexible-packaging-custom-stand-up-pouch","7":"solution-puncture-resistance","8":"solution-sealing-liquids","9":"product_cat-juice-packaging-wholesale","10":"product_cat-custom-beverage-packaging-solutions","12":"first","13":"instock","14":"shipping-taxable","15":"product-type-simple"},"acf":[],"_links":{"self":[{"href":"https:\/\/www.packagingofchina.com\/de\/wp-json\/wp\/v2\/product\/949","targetHints":{"allow":["GET"]}}],"collection":[{"href":"https:\/\/www.packagingofchina.com\/de\/wp-json\/wp\/v2\/product"}],"about":[{"href":"https:\/\/www.packagingofchina.com\/de\/wp-json\/wp\/v2\/types\/product"}],"replies":[{"embeddable":true,"href":"https:\/\/www.packagingofchina.com\/de\/wp-json\/wp\/v2\/comments?post=949"}],"wp:featuredmedia":[{"embeddable":true,"href":"https:\/\/www.packagingofchina.com\/de\/wp-json\/wp\/v2\/media\/950"}],"wp:attachment":[{"href":"https:\/\/www.packagingofchina.com\/de\/wp-json\/wp\/v2\/media?parent=949"}],"wp:term":[{"taxonomy":"flexible-packaging","embeddable":true,"href":"https:\/\/www.packagingofchina.com\/de\/wp-json\/wp\/v2\/flexible-packaging?post=949"},{"taxonomy":"solution","embeddable":true,"href":"https:\/\/www.packagingofchina.com\/de\/wp-json\/wp\/v2\/solution?post=949"},{"taxonomy":"product_brand","embeddable":true,"href":"https:\/\/www.packagingofchina.com\/de\/wp-json\/wp\/v2\/product_brand?post=949"},{"taxonomy":"product_cat","embeddable":true,"href":"https:\/\/www.packagingofchina.com\/de\/wp-json\/wp\/v2\/product_cat?post=949"},{"taxonomy":"product_tag","embeddable":true,"href":"https:\/\/www.packagingofchina.com\/de\/wp-json\/wp\/v2\/product_tag?post=949"}],"curies":[{"name":"wp","href":"https:\/\/api.w.org\/{rel}","templated":true}]}}