{"id":1030,"date":"2025-02-14T08:25:03","date_gmt":"2025-02-14T08:25:03","guid":{"rendered":"https:\/\/www.packagingofchina.com\/?post_type=product&#038;p=1030"},"modified":"2025-02-14T08:25:04","modified_gmt":"2025-02-14T08:25:04","slug":"china-custom-pet-food-packaging","status":"publish","type":"product","link":"https:\/\/www.packagingofchina.com\/es\/product\/china-custom-pet-food-packaging\/","title":{"rendered":"China Custom Pet Food Packaging Bags , 2.5kg Resealable Stand Up Zipper Pouches Wholesale"},"content":{"rendered":"<div class=\"wp-block-columns is-layout-flex wp-container-core-columns-is-layout-9d6595d7 wp-block-columns-is-layout-flex\">\n<div class=\"wp-block-column is-layout-flow wp-block-column-is-layout-flow\">\n<h3 class=\"wp-block-heading\">Caracter\u00edsticas de las bolsas personalizadas para alimentos para mascotas<\/h3>\n\n\n\n<ul class=\"wp-block-list\">\n<li><strong>Dise\u00f1o innovador<\/strong>: La bolsa de envasado de alimentos para mascotas personalizada se emplea con material a prueba de humedad y antioxidante de tecnolog\u00eda avanzada en un intento de evitar la p\u00e9rdida de frescura y nutrientes de los alimentos para mascotas.<\/li>\n<\/ul>\n\n\n\n<p><\/p>\n\n\n\n<ul class=\"wp-block-list\">\n<li><strong>Conveniencia<\/strong>: La bolsa de comida para mascotas al por mayor es f\u00e1cil de rasgar, c\u00f3moda de abrir y se puede volver a cerrar una vez utilizada para evitar el desperdicio.<\/li>\n<\/ul>\n\n\n\n<p><\/p>\n\n\n\n<ul class=\"wp-block-list\">\n<li><strong>Materiales medioambientales<\/strong>: Se utilizan materiales ecol\u00f3gicos y reciclables para minimizar la huella medioambiental y satisfacer los requisitos del desarrollo sostenible.<\/li>\n<\/ul>\n\n\n\n<p><\/p>\n\n\n\n<ul class=\"wp-block-list\">\n<li><strong>Personalizaci\u00f3n<\/strong>: La bolsa personalizada para envasado de alimentos para mascotas facilita la personalizaci\u00f3n de m\u00faltiples tama\u00f1os, dise\u00f1os de impresi\u00f3n y colores para satisfacer las necesidades de diferentes marcas y mercados.<\/li>\n<\/ul>\n\n\n\n<p><\/p>\n\n\n\n<ul class=\"wp-block-list\">\n<li><strong>Dise\u00f1o de cremallera para evitar la humedad y las fugas<\/strong>: La tecnolog\u00eda de sellado garantiza que los alimentos del interior de la bolsa permanezcan secos y frescos durante mucho tiempo e impide que pase la humedad.<\/li>\n<\/ul>\n\n\n\n<p><\/p>\n\n\n\n<ul class=\"wp-block-list\">\n<li><strong>F\u00e1cil de transportar<\/strong>: El dise\u00f1o del envase, ligero y f\u00e1cil de transportar, facilita a los due\u00f1os de mascotas su transporte y almacenamiento, y resulta c\u00f3modo de usar cuando est\u00e1n de viaje.<\/li>\n<\/ul>\n<\/div>\n\n\n\n<div class=\"wp-block-column is-layout-flow wp-block-column-is-layout-flow\">\n<figure class=\"wp-block-image size-full\"><img decoding=\"async\" width=\"1476\" height=\"1476\" src=\"https:\/\/www.packagingofchina.com\/wp-content\/uploads\/2025\/01\/China-innovative-dry-pet-food-packaging-Y2108-3.webp\" alt=\"China bolsas personalizadas para envasado de alimentos para mascotas-Y2108 (3)\" class=\"wp-image-1088\" srcset=\"https:\/\/www.packagingofchina.com\/wp-content\/uploads\/2025\/01\/China-innovative-dry-pet-food-packaging-Y2108-3.webp 1476w, https:\/\/www.packagingofchina.com\/wp-content\/uploads\/2025\/01\/China-innovative-dry-pet-food-packaging-Y2108-3-300x300.webp 300w, https:\/\/www.packagingofchina.com\/wp-content\/uploads\/2025\/01\/China-innovative-dry-pet-food-packaging-Y2108-3-150x150.webp 150w, https:\/\/www.packagingofchina.com\/wp-content\/uploads\/2025\/01\/China-innovative-dry-pet-food-packaging-Y2108-3-768x768.webp 768w, https:\/\/www.packagingofchina.com\/wp-content\/uploads\/2025\/01\/China-innovative-dry-pet-food-packaging-Y2108-3-12x12.webp 12w, https:\/\/www.packagingofchina.com\/wp-content\/uploads\/2025\/01\/China-innovative-dry-pet-food-packaging-Y2108-3-1200x1200.webp 1200w, https:\/\/www.packagingofchina.com\/wp-content\/uploads\/2025\/01\/China-innovative-dry-pet-food-packaging-Y2108-3-600x600.webp 600w, https:\/\/www.packagingofchina.com\/wp-content\/uploads\/2025\/01\/China-innovative-dry-pet-food-packaging-Y2108-3-100x100.webp 100w\" sizes=\"(max-width: 1476px) 100vw, 1476px\" \/><\/figure>\n<\/div>\n<\/div>\n\n\n\n<p><\/p>","protected":false},"excerpt":{"rendered":"<div class=\"n4sEPd\">\n<div class=\"UdTY9 qhIQqf leDWne\" aria-hidden=\"true\" data-location=\"1\"><span class=\"jCAhz ChMk0b\"><span class=\"ryNqvb\">Nuestra bolsa personalizada para envasado de alimentos para mascotas utiliza materiales respetuosos con el medio ambiente y una avanzada tecnolog\u00eda de sellado para garantizar que la comida para gatos, perros y otras mascotas se mantenga fresca y nutritiva durante mucho tiempo.<\/span><\/span> <span class=\"jCAhz ChMk0b\"><span class=\"ryNqvb\">El dise\u00f1o es c\u00f3modo y f\u00e1cil de transportar, al tiempo que permite la personalizaci\u00f3n, lo que lo convierte en una opci\u00f3n ideal para el envasado de alimentos para mascotas.<\/span><\/span> <span class=\"jCAhz ChMk0b\"><span class=\"ryNqvb\">No dude en consultarnos para obtener muestras y presupuestos gratuitos.<\/span><\/span><\/div>\n<\/div>\n<div class=\"QcsUad BDJ8fb BLojaf sMVRZe hCXDsb wneUed\">\n<div class=\"usGWQd\">\n<div class=\"KkbLmb\">\n<h2 class=\"lRu31\" dir=\"ltr\">Par\u00e1metros de las bolsas personalizadas para alimentos de mascotas<\/h2>\n<\/div>\n<\/div>\n<\/div>\n<p>Material: PET\/PE, PET\/NY\/PE, PET\/AL\/NY\/PE, etc.<\/p>\n<p>Tipo de bolsa: Bolsa con cremallera para el envasado de alimentos para animales de compa\u00f1\u00eda<\/p>\n<p>Tama\u00f1o de la bolsa:60*38 cm + 16cm \/ Personalizado<\/p>\n<p>Pedidos personalizados: Aceptamos OEM y ODM<\/p>\n<p>Muestra gratuita: Soporte<\/p>\n<p>Uso: Comida seca, aperitivos<\/p>\n<p>Tratamiento de superficies: Impresi\u00f3n en huecograbado<\/p>\n<p>Color: Puede imprimir hasta en 10 colores<\/p>\n<p>\u00a0Mercados destinatarios: En todo el mundo<\/p>","protected":false},"featured_media":1087,"comment_status":"closed","ping_status":"closed","template":"","meta":{"_acf_changed":false},"flexible-packaging":[24,29],"solution":[38,37],"product_brand":[],"product_cat":[16,44],"product_tag":[],"class_list":{"0":"post-1030","1":"product","2":"type-product","3":"status-publish","4":"has-post-thumbnail","6":"flexible-packaging-custom-stand-up-pouch","7":"flexible-packaging-custom-stand-up-zipper-pouch","8":"solution-high-barrier","9":"solution-puncture-resistance","10":"product_cat-custom-pet-care-packaging","11":"product_cat-dry-pet-food-packaging-wholesale","13":"first","14":"instock","15":"shipping-taxable","16":"product-type-simple"},"acf":[],"_links":{"self":[{"href":"https:\/\/www.packagingofchina.com\/es\/wp-json\/wp\/v2\/product\/1030","targetHints":{"allow":["GET"]}}],"collection":[{"href":"https:\/\/www.packagingofchina.com\/es\/wp-json\/wp\/v2\/product"}],"about":[{"href":"https:\/\/www.packagingofchina.com\/es\/wp-json\/wp\/v2\/types\/product"}],"replies":[{"embeddable":true,"href":"https:\/\/www.packagingofchina.com\/es\/wp-json\/wp\/v2\/comments?post=1030"}],"wp:featuredmedia":[{"embeddable":true,"href":"https:\/\/www.packagingofchina.com\/es\/wp-json\/wp\/v2\/media\/1087"}],"wp:attachment":[{"href":"https:\/\/www.packagingofchina.com\/es\/wp-json\/wp\/v2\/media?parent=1030"}],"wp:term":[{"taxonomy":"flexible-packaging","embeddable":true,"href":"https:\/\/www.packagingofchina.com\/es\/wp-json\/wp\/v2\/flexible-packaging?post=1030"},{"taxonomy":"solution","embeddable":true,"href":"https:\/\/www.packagingofchina.com\/es\/wp-json\/wp\/v2\/solution?post=1030"},{"taxonomy":"product_brand","embeddable":true,"href":"https:\/\/www.packagingofchina.com\/es\/wp-json\/wp\/v2\/product_brand?post=1030"},{"taxonomy":"product_cat","embeddable":true,"href":"https:\/\/www.packagingofchina.com\/es\/wp-json\/wp\/v2\/product_cat?post=1030"},{"taxonomy":"product_tag","embeddable":true,"href":"https:\/\/www.packagingofchina.com\/es\/wp-json\/wp\/v2\/product_tag?post=1030"}],"curies":[{"name":"wp","href":"https:\/\/api.w.org\/{rel}","templated":true}]}}