{"id":1091,"date":"2025-02-15T03:38:31","date_gmt":"2025-02-15T03:38:31","guid":{"rendered":"https:\/\/www.packagingofchina.com\/?post_type=product&#038;p=1091"},"modified":"2025-02-15T03:38:33","modified_gmt":"2025-02-15T03:38:33","slug":"custom-dry-pet-food-packaging","status":"publish","type":"product","link":"https:\/\/www.packagingofchina.com\/es\/product\/custom-dry-pet-food-packaging\/","title":{"rendered":"Envasado a granel de comida seca para mascotas, 1KG 2KG 5KG 10KG 20KG Bolsas grandes a prueba de olores para comida de perros Fabricante"},"content":{"rendered":"<div class=\"wp-block-columns is-layout-flex wp-container-core-columns-is-layout-9d6595d7 wp-block-columns-is-layout-flex\">\n<div class=\"wp-block-column is-layout-flow wp-block-column-is-layout-flow\">\n<h3 class=\"wp-block-heading\">Caracter\u00edsticas del envasado personalizado de alimentos secos para mascotas<\/h3>\n\n\n\n<ul class=\"wp-block-list\">\n<li><strong>Opciones de personalizaci\u00f3n<\/strong>: Proporcionan una variedad de tama\u00f1os, colores y opciones de personalizaci\u00f3n de la impresi\u00f3n del dise\u00f1o para que las marcas puedan diferenciarse y dirigirse a diferentes mercados y consumidores.<\/li>\n<\/ul>\n\n\n\n<p><\/p>\n\n\n\n<ul class=\"wp-block-list\">\n<li><strong>Protecci\u00f3n Eficacia<\/strong>: Los envases personalizados a granel para alimentos secos para mascotas utilizan materiales de alta tecnolog\u00eda a prueba de humedad y antioxidantes para garantizar que los alimentos para mascotas se mantengan frescos y nutritivos y prolongar su vida \u00fatil.<\/li>\n<\/ul>\n\n\n\n<p><\/p>\n\n\n\n<ul class=\"wp-block-list\">\n<li><strong>De larga duraci\u00f3n<\/strong>: Construido a partir de materiales compuestos de primera calidad que son resistentes al desgarro y al desgaste para la seguridad y la integridad durante el transporte.<\/li>\n<\/ul>\n\n\n\n<p><\/p>\n\n\n\n<ul class=\"wp-block-list\">\n<li><strong>F\u00e1cil de usar<\/strong>: El envase tiene un dise\u00f1o f\u00e1cil de rasgar para que los clientes puedan abrirlo inmediatamente, y el dise\u00f1o del precinto es f\u00e1cil de volver a cerrar para reducir los residuos.<\/li>\n<\/ul>\n\n\n\n<p><\/p>\n\n\n\n<ul class=\"wp-block-list\">\n<li><strong>Materiales medioambientales<\/strong>: Los materiales de envasado a granel de alimentos secos personalizados para mascotas han alcanzado un nivel de protecci\u00f3n medioambiental, pueden reciclarse y reutilizarse, y reducen el da\u00f1o al medio ambiente, en l\u00ednea con el principio de desarrollo sostenible.<\/li>\n<\/ul>\n\n\n\n<p><\/p>\n\n\n\n<ul class=\"wp-block-list\">\n<li><strong>Descuento por compra al por mayor<\/strong>: Proporcionar ayuda para la compra a granel, ofrecer a las empresas mejores precios y reducir los costes de producci\u00f3n y log\u00edstica.<\/li>\n<\/ul>\n<\/div>\n\n\n\n<div class=\"wp-block-column is-layout-flow wp-block-column-is-layout-flow\">\n<figure class=\"wp-block-image size-full\"><img decoding=\"async\" width=\"1476\" height=\"1476\" src=\"https:\/\/www.packagingofchina.com\/wp-content\/uploads\/2025\/02\/Bulk-Custom-Dry-Pet-Food-Packaging2008B-1.webp\" alt=\"Envases personalizados a granel para comida seca para mascotas2008B (1)\" class=\"wp-image-1096\" srcset=\"https:\/\/www.packagingofchina.com\/wp-content\/uploads\/2025\/02\/Bulk-Custom-Dry-Pet-Food-Packaging2008B-1.webp 1476w, https:\/\/www.packagingofchina.com\/wp-content\/uploads\/2025\/02\/Bulk-Custom-Dry-Pet-Food-Packaging2008B-1-300x300.webp 300w, https:\/\/www.packagingofchina.com\/wp-content\/uploads\/2025\/02\/Bulk-Custom-Dry-Pet-Food-Packaging2008B-1-150x150.webp 150w, https:\/\/www.packagingofchina.com\/wp-content\/uploads\/2025\/02\/Bulk-Custom-Dry-Pet-Food-Packaging2008B-1-768x768.webp 768w, https:\/\/www.packagingofchina.com\/wp-content\/uploads\/2025\/02\/Bulk-Custom-Dry-Pet-Food-Packaging2008B-1-12x12.webp 12w, https:\/\/www.packagingofchina.com\/wp-content\/uploads\/2025\/02\/Bulk-Custom-Dry-Pet-Food-Packaging2008B-1-1200x1200.webp 1200w, https:\/\/www.packagingofchina.com\/wp-content\/uploads\/2025\/02\/Bulk-Custom-Dry-Pet-Food-Packaging2008B-1-600x600.webp 600w, https:\/\/www.packagingofchina.com\/wp-content\/uploads\/2025\/02\/Bulk-Custom-Dry-Pet-Food-Packaging2008B-1-100x100.webp 100w\" sizes=\"(max-width: 1476px) 100vw, 1476px\" \/><\/figure>\n<\/div>\n<\/div>\n\n\n\n<div class=\"wp-block-columns is-layout-flex wp-container-core-columns-is-layout-9d6595d7 wp-block-columns-is-layout-flex\">\n<div class=\"wp-block-column is-layout-flow wp-block-column-is-layout-flow\"><\/div>\n\n\n\n<div class=\"wp-block-column is-layout-flow wp-block-column-is-layout-flow\"><\/div>\n<\/div>\n\n\n\n<p><\/p>","protected":false},"excerpt":{"rendered":"<p>Nuestros envases personalizados a granel para alimentos secos para mascotas presentan bolsas personalizadas de primera calidad para el envasado de alimentos secos para mascotas con los \u00faltimos materiales a prueba de humedad y antioxidantes para que el alimento se mantenga fresco y nutritivo. Embalaje personalizado seg\u00fan los requisitos, ecol\u00f3gico y pr\u00e1ctico, adecuado para compras a granel. Con una gran durabilidad y c\u00f3modas caracter\u00edsticas de apertura, es un gran producto para satisfacer las necesidades de los mercados y la personalizaci\u00f3n de la marca. Le invitamos a consultarnos para obtener muestras y presupuestos gratuitos.<\/p>\n<h2>Par\u00e1metros de envasado de alimentos secos para mascotas<\/h2>\n<p>Material: PET\/PE, PET\/NY\/PE, PET\/AL\/NY\/PE, etc.<br \/>Tipo de bolsa: Bolsa Ziploc de fondo plano reciclable<br \/>Tama\u00f1o de la bolsa: Personalizado<br \/>Pedidos personalizados: Aceptamos OEM y ODM<br \/>Muestra gratuita: Soporte<br \/>Uso: Comida seca, Aperitivos<br \/>Tratamiento de superficies: Impresi\u00f3n en huecograbado<br \/>Color: Puede imprimir hasta en 10 colores<br \/>Mercados destinatarios: En todo el mundo<\/p>","protected":false},"featured_media":1096,"comment_status":"closed","ping_status":"closed","template":"","meta":{"_acf_changed":false},"flexible-packaging":[26],"solution":[51,37],"product_brand":[],"product_cat":[16,44],"product_tag":[],"class_list":{"0":"post-1091","1":"product","2":"type-product","3":"status-publish","4":"has-post-thumbnail","6":"flexible-packaging-custom-flat-bottom-pouch","7":"solution-moisture-proof","8":"solution-puncture-resistance","9":"product_cat-custom-pet-care-packaging","10":"product_cat-dry-pet-food-packaging-wholesale","12":"first","13":"instock","14":"shipping-taxable","15":"product-type-simple"},"acf":[],"_links":{"self":[{"href":"https:\/\/www.packagingofchina.com\/es\/wp-json\/wp\/v2\/product\/1091","targetHints":{"allow":["GET"]}}],"collection":[{"href":"https:\/\/www.packagingofchina.com\/es\/wp-json\/wp\/v2\/product"}],"about":[{"href":"https:\/\/www.packagingofchina.com\/es\/wp-json\/wp\/v2\/types\/product"}],"replies":[{"embeddable":true,"href":"https:\/\/www.packagingofchina.com\/es\/wp-json\/wp\/v2\/comments?post=1091"}],"wp:featuredmedia":[{"embeddable":true,"href":"https:\/\/www.packagingofchina.com\/es\/wp-json\/wp\/v2\/media\/1096"}],"wp:attachment":[{"href":"https:\/\/www.packagingofchina.com\/es\/wp-json\/wp\/v2\/media?parent=1091"}],"wp:term":[{"taxonomy":"flexible-packaging","embeddable":true,"href":"https:\/\/www.packagingofchina.com\/es\/wp-json\/wp\/v2\/flexible-packaging?post=1091"},{"taxonomy":"solution","embeddable":true,"href":"https:\/\/www.packagingofchina.com\/es\/wp-json\/wp\/v2\/solution?post=1091"},{"taxonomy":"product_brand","embeddable":true,"href":"https:\/\/www.packagingofchina.com\/es\/wp-json\/wp\/v2\/product_brand?post=1091"},{"taxonomy":"product_cat","embeddable":true,"href":"https:\/\/www.packagingofchina.com\/es\/wp-json\/wp\/v2\/product_cat?post=1091"},{"taxonomy":"product_tag","embeddable":true,"href":"https:\/\/www.packagingofchina.com\/es\/wp-json\/wp\/v2\/product_tag?post=1091"}],"curies":[{"name":"wp","href":"https:\/\/api.w.org\/{rel}","templated":true}]}}