{"id":1139,"date":"2025-02-15T10:38:54","date_gmt":"2025-02-15T10:38:54","guid":{"rendered":"https:\/\/www.packagingofchina.com\/?post_type=product&#038;p=1139"},"modified":"2025-02-15T10:38:55","modified_gmt":"2025-02-15T10:38:55","slug":"wet-cat-food-pouches-wholesale","status":"publish","type":"product","link":"https:\/\/www.packagingofchina.com\/es\/product\/wet-cat-food-pouches-wholesale\/","title":{"rendered":"Bolsas de comida h\u00fameda para gatos al por mayor,Precios de f\u00e1brica de envases de comida para mascotas"},"content":{"rendered":"<div class=\"wp-block-columns is-layout-flex wp-container-core-columns-is-layout-9d6595d7 wp-block-columns-is-layout-flex\">\n<div class=\"wp-block-column is-layout-flow wp-block-column-is-layout-flow\">\n<h3 class=\"wp-block-heading\">Caracter\u00edsticas de las bolsas de comida h\u00fameda para gatos Custom<\/h3>\n\n\n\n<ul class=\"wp-block-list\">\n<li><strong>Forma personalizada exclusiva<\/strong>: Nuestras bolsas personalizadas de comida h\u00fameda para gatos al por mayor ofrecen dise\u00f1os innovadores de formas personalizadas, rompen con la forma tradicional de los envases, mejoran el reconocimiento de la marca, mejoran la visibilidad en los estantes y captan m\u00e1s la atenci\u00f3n del consumidor.<\/li>\n<\/ul>\n\n\n\n<p><\/p>\n\n\n\n<ul class=\"wp-block-list\">\n<li><strong>Tecnolog\u00eda de esterilizaci\u00f3n a alta temperatura de 135 \u00b0C<\/strong>: Adopta la esterilizaci\u00f3n a alta temperatura de 135\u00b0C para esterilizar la comida h\u00fameda para gatos, preservar la frescura y el valor nutricional a largo plazo y prolongar la vida \u00fatil de forma eficaz.<\/li>\n<\/ul>\n\n\n\n<p><\/p>\n\n\n\n<ul class=\"wp-block-list\">\n<li><strong>Bolsa con pico de retorta<\/strong>: La nueva bolsa independiente de comida para gatos cuenta con un c\u00f3modo dise\u00f1o de boquilla de llenado, c\u00f3modo para que los consumidores se alimenten directamente, reduce los problemas de funcionamiento y mantiene el sellado del envase. <\/li>\n<\/ul>\n\n\n\n<p><\/p>\n\n\n\n<ul class=\"wp-block-list\">\n<li><strong>Servicio OEM y ODM<\/strong>: Proporcionamos servicios completos de OEM y ODM, aceptamos la personalizaci\u00f3n a medida, por ejemplo, tama\u00f1o, estilo, estilo de impresi\u00f3n y funci\u00f3n, y dise\u00f1amos envases totalmente personalizados en funci\u00f3n de los pedidos de los clientes.<\/li>\n<\/ul>\n\n\n\n<p><\/p>\n\n\n\n<ul class=\"wp-block-list\">\n<li><strong>Materiales ecol\u00f3gicos<\/strong>: Las bolsas de comida h\u00fameda para gatos al por mayor emplean materiales reciclables y ecol\u00f3gicos, de acuerdo con la direcci\u00f3n del desarrollo sostenible, para ayudar a las marcas a disminuir su influencia medioambiental.<\/li>\n<\/ul>\n<\/div>\n\n\n\n<div class=\"wp-block-column is-layout-flow wp-block-column-is-layout-flow\">\n<figure class=\"wp-block-image size-full\"><img decoding=\"async\" width=\"1476\" height=\"1476\" src=\"https:\/\/www.packagingofchina.com\/wp-content\/uploads\/2025\/02\/cat-food-bag-Y2205\uff0804\uff09-1.webp\" alt=\"Mayorista Comida H\u00fameda para Gatos -Y2205 (1)\" class=\"wp-image-1140\" srcset=\"https:\/\/www.packagingofchina.com\/wp-content\/uploads\/2025\/02\/cat-food-bag-Y2205\uff0804\uff09-1.webp 1476w, https:\/\/www.packagingofchina.com\/wp-content\/uploads\/2025\/02\/cat-food-bag-Y2205\uff0804\uff09-1-300x300.webp 300w, https:\/\/www.packagingofchina.com\/wp-content\/uploads\/2025\/02\/cat-food-bag-Y2205\uff0804\uff09-1-150x150.webp 150w, https:\/\/www.packagingofchina.com\/wp-content\/uploads\/2025\/02\/cat-food-bag-Y2205\uff0804\uff09-1-768x768.webp 768w, https:\/\/www.packagingofchina.com\/wp-content\/uploads\/2025\/02\/cat-food-bag-Y2205\uff0804\uff09-1-12x12.webp 12w, https:\/\/www.packagingofchina.com\/wp-content\/uploads\/2025\/02\/cat-food-bag-Y2205\uff0804\uff09-1-1200x1200.webp 1200w, https:\/\/www.packagingofchina.com\/wp-content\/uploads\/2025\/02\/cat-food-bag-Y2205\uff0804\uff09-1-600x600.webp 600w, https:\/\/www.packagingofchina.com\/wp-content\/uploads\/2025\/02\/cat-food-bag-Y2205\uff0804\uff09-1-100x100.webp 100w\" sizes=\"(max-width: 1476px) 100vw, 1476px\" \/><\/figure>\n<\/div>\n<\/div>","protected":false},"excerpt":{"rendered":"<p>Las bolsas para comida h\u00fameda para gatos al por mayor con forma propia de DQ PACK ofrecen un dise\u00f1o innovador, as\u00ed como materiales de alto rendimiento para aportar una nueva opci\u00f3n m\u00e1s all\u00e1 del envasado normal. Nuestras bolsas de embalaje tienen un buen sellado y a prueba de humedad para garantizar la frescura y la nutrici\u00f3n de los alimentos para mascotas. Independientemente de los pedidos OEM u ODM, podemos ofrecer opciones de personalizaci\u00f3n flexibles para ayudar a las marcas a diferenciarse en el mercado. La utilizaci\u00f3n de materiales ecol\u00f3gicos refuerza a\u00fan m\u00e1s la imagen verde de la marca, lo que nos convierte en su socio perfecto para el envasado de alimentos para mascotas. P\u00f3ngase en contacto con nosotros para obtener muestras y presupuestos gratuitos.<\/p>\n<h2>Par\u00e1metros de las bolsas de comida h\u00fameda para gatos al por mayor<\/h2>\n<ul>\n<li>Material: PET\/PE, PET\/NY\/PE, PET\/AL\/NY\/PE, etc.<\/li>\n<li>Tipo de Bolsa: Bolsa con pico impresa a medida<\/li>\n<li>Tama\u00f1o de la bolsa: 12,5*15,4 cm + 4,2 cm \/ Personalizado<\/li>\n<li>Pedidos personalizados: Aceptamos OEM y ODM<\/li>\n<li>Muestra gratuita: Soporte<\/li>\n<li>Uso: Alimentos h\u00famedos, bebidas, productos l\u00e1cteos<\/li>\n<li>Tratamiento de superficies: Impresi\u00f3n en huecograbado<\/li>\n<li>Color: Puede imprimir hasta en 10 colores<\/li>\n<li>Mercados destinatarios: En todo el mundo<\/li>\n<\/ul>","protected":false},"featured_media":1143,"comment_status":"closed","ping_status":"closed","template":"","meta":{"_acf_changed":false},"flexible-packaging":[30,24],"solution":[39,51,33,35],"product_brand":[],"product_cat":[16,42],"product_tag":[],"class_list":{"0":"post-1139","1":"product","2":"type-product","3":"status-publish","4":"has-post-thumbnail","6":"flexible-packaging-custom-shaped-pouch","7":"flexible-packaging-custom-stand-up-pouch","8":"solution-135-degree-sterilization","9":"solution-moisture-proof","10":"solution-resist-high-temperature","11":"solution-superior-resistance","12":"product_cat-custom-pet-care-packaging","13":"product_cat-wet-pet-food-packaging-solutions","15":"first","16":"instock","17":"shipping-taxable","18":"product-type-simple"},"acf":[],"_links":{"self":[{"href":"https:\/\/www.packagingofchina.com\/es\/wp-json\/wp\/v2\/product\/1139","targetHints":{"allow":["GET"]}}],"collection":[{"href":"https:\/\/www.packagingofchina.com\/es\/wp-json\/wp\/v2\/product"}],"about":[{"href":"https:\/\/www.packagingofchina.com\/es\/wp-json\/wp\/v2\/types\/product"}],"replies":[{"embeddable":true,"href":"https:\/\/www.packagingofchina.com\/es\/wp-json\/wp\/v2\/comments?post=1139"}],"wp:featuredmedia":[{"embeddable":true,"href":"https:\/\/www.packagingofchina.com\/es\/wp-json\/wp\/v2\/media\/1143"}],"wp:attachment":[{"href":"https:\/\/www.packagingofchina.com\/es\/wp-json\/wp\/v2\/media?parent=1139"}],"wp:term":[{"taxonomy":"flexible-packaging","embeddable":true,"href":"https:\/\/www.packagingofchina.com\/es\/wp-json\/wp\/v2\/flexible-packaging?post=1139"},{"taxonomy":"solution","embeddable":true,"href":"https:\/\/www.packagingofchina.com\/es\/wp-json\/wp\/v2\/solution?post=1139"},{"taxonomy":"product_brand","embeddable":true,"href":"https:\/\/www.packagingofchina.com\/es\/wp-json\/wp\/v2\/product_brand?post=1139"},{"taxonomy":"product_cat","embeddable":true,"href":"https:\/\/www.packagingofchina.com\/es\/wp-json\/wp\/v2\/product_cat?post=1139"},{"taxonomy":"product_tag","embeddable":true,"href":"https:\/\/www.packagingofchina.com\/es\/wp-json\/wp\/v2\/product_tag?post=1139"}],"curies":[{"name":"wp","href":"https:\/\/api.w.org\/{rel}","templated":true}]}}