{"id":1328,"date":"2025-02-27T07:32:37","date_gmt":"2025-02-27T07:32:37","guid":{"rendered":"https:\/\/www.packagingofchina.com\/?post_type=product&#038;p=1328"},"modified":"2025-02-27T07:32:38","modified_gmt":"2025-02-27T07:32:38","slug":"custom-shampoo-refill-bags","status":"publish","type":"product","link":"https:\/\/www.packagingofchina.com\/es\/product\/custom-shampoo-refill-bags\/","title":{"rendered":"Bolsas de Recarga de Champ\u00fa con Pitorro, Bolsas de Pl\u00e1stico para L\u00edquidos Cosm\u00e9ticos al por Mayor"},"content":{"rendered":"<div class=\"wp-block-columns is-layout-flex wp-container-core-columns-is-layout-9d6595d7 wp-block-columns-is-layout-flex\">\n<div class=\"wp-block-column is-layout-flow wp-block-column-is-layout-flow\">\n<h3 class=\"wp-block-heading\">Caracter\u00edsticas de las bolsas de recambio de champ\u00fa personalizadas<\/h3>\n\n\n\n<ul class=\"wp-block-list\">\n<li><strong>Dise\u00f1o a prueba de fugas<\/strong>: La bolsita de champ\u00fa est\u00e1 equipada con la \u00faltima tecnolog\u00eda a prueba de fugas para evitar que el champ\u00fa gotee durante el transporte y el uso, reduciendo el desperdicio y la contaminaci\u00f3n.<\/li>\n<\/ul>\n\n\n\n<p><\/p>\n\n\n\n<ul class=\"wp-block-list\">\n<li><strong>V\u00e1lvula sellada<\/strong>: Dispone de un sistema de cierre de v\u00e1lvula para evitar que el l\u00edquido se derrame, permitir un vertido preciso y facilitar su uso.<\/li>\n<\/ul>\n\n\n\n<p><\/p>\n\n\n\n<ul class=\"wp-block-list\">\n<li><strong>Servicio personalizado<\/strong>: Proporcionamos dise\u00f1os de envases totalmente personalizados, como el tama\u00f1o, el color, el dise\u00f1o y la etiqueta, de acuerdo con las necesidades exclusivas de la marca. <\/li>\n<\/ul>\n\n\n\n<p><\/p>\n\n\n\n<ul class=\"wp-block-list\">\n<li><strong>Fuerza<\/strong>: Los materiales compuestos de aluminio y pl\u00e1stico de buena calidad adoptados proporcionar\u00e1n a la bolsita de champ\u00fa una buena resistencia a la presi\u00f3n y al desgaste, aumentando su vida \u00fatil. <\/li>\n<\/ul>\n\n\n\n<p><\/p>\n\n\n\n<ul class=\"wp-block-list\">\n<li><strong>Materiales respetuosos con el medio ambiente<\/strong>: El uso de materiales reciclables y respetuosos con el medio ambiente responde a las exigencias de protecci\u00f3n medioambiental de los consumidores actuales y reduce la carga sobre el medio ambiente.<\/li>\n<\/ul>\n<\/div>\n\n\n\n<div class=\"wp-block-column is-layout-flow wp-block-column-is-layout-flow\">\n<figure class=\"wp-block-image size-full\"><img decoding=\"async\" width=\"1476\" height=\"1476\" src=\"https:\/\/www.packagingofchina.com\/wp-content\/uploads\/2025\/02\/Shampoo-Sachet-Y2106-50.webp\" alt=\"Bolsas de recambio de champ\u00fa personalizadas al por mayor- Y2106 (50)\" class=\"wp-image-1330\" srcset=\"https:\/\/www.packagingofchina.com\/wp-content\/uploads\/2025\/02\/Shampoo-Sachet-Y2106-50.webp 1476w, https:\/\/www.packagingofchina.com\/wp-content\/uploads\/2025\/02\/Shampoo-Sachet-Y2106-50-300x300.webp 300w, https:\/\/www.packagingofchina.com\/wp-content\/uploads\/2025\/02\/Shampoo-Sachet-Y2106-50-150x150.webp 150w, https:\/\/www.packagingofchina.com\/wp-content\/uploads\/2025\/02\/Shampoo-Sachet-Y2106-50-768x768.webp 768w, https:\/\/www.packagingofchina.com\/wp-content\/uploads\/2025\/02\/Shampoo-Sachet-Y2106-50-12x12.webp 12w, https:\/\/www.packagingofchina.com\/wp-content\/uploads\/2025\/02\/Shampoo-Sachet-Y2106-50-1200x1200.webp 1200w, https:\/\/www.packagingofchina.com\/wp-content\/uploads\/2025\/02\/Shampoo-Sachet-Y2106-50-600x600.webp 600w, https:\/\/www.packagingofchina.com\/wp-content\/uploads\/2025\/02\/Shampoo-Sachet-Y2106-50-100x100.webp 100w\" sizes=\"(max-width: 1476px) 100vw, 1476px\" \/><\/figure>\n<\/div>\n<\/div>","protected":false},"excerpt":{"rendered":"<p>Somos mayoristas profesionales de bolsas para l\u00edquidos y ofrecemos bolsitas de aluminio de alta calidad para champ\u00fa. Con un dise\u00f1o innovador a prueba de fugas, tecnolog\u00eda de sellado de v\u00e1lvulas y materiales de alta calidad, ofrecemos soluciones de envasado fiables y respetuosas con el medio ambiente a clientes de todo el mundo.<\/p>\n<h2>Par\u00e1metros de las bolsas de recambio de champ\u00fa<\/h2>\n<p>Material: PET\/PE,PET\/NY\/PE,PET\/AL\/NY\/PE,etc.<\/p>\n<p>Tipo de bolsa: Bolsa de ca\u00f1o,Bolsa Stang Up<\/p>\n<p>Tama\u00f1o de la bolsa: Personalizado<\/p>\n<p>Pedidos personalizados: Aceptamos OEM y ODM<\/p>\n<p>Muestra gratuita: Soporte<\/p>\n<p>Uso: Jab\u00f3n l\u00edquido corporal, champ\u00fa, desinfectante de manos, mascarilla facial, limpiador facial, etc.<\/p>\n<p>Tratamiento de superficies: Impresi\u00f3n en huecograbado<\/p>\n<p>Color: Puede imprimir hasta en 10 colores<\/p>\n<p>Mercados destinatarios: En todo el mundo<\/p>","protected":false},"featured_media":1333,"comment_status":"closed","ping_status":"closed","template":"","meta":{"_acf_changed":false},"flexible-packaging":[25,24],"solution":[38,51,37,34,35],"product_brand":[],"product_cat":[17,45],"product_tag":[],"class_list":{"0":"post-1328","1":"product","2":"type-product","3":"status-publish","4":"has-post-thumbnail","6":"flexible-packaging-custom-spout-pouch","7":"flexible-packaging-custom-stand-up-pouch","8":"solution-high-barrier","9":"solution-moisture-proof","10":"solution-puncture-resistance","11":"solution-sealing-liquids","12":"solution-superior-resistance","13":"product_cat-custom-non-food-packaging-solutions","14":"product_cat-personal-care-packaging-wholesale","16":"first","17":"instock","18":"shipping-taxable","19":"product-type-simple"},"acf":[],"_links":{"self":[{"href":"https:\/\/www.packagingofchina.com\/es\/wp-json\/wp\/v2\/product\/1328","targetHints":{"allow":["GET"]}}],"collection":[{"href":"https:\/\/www.packagingofchina.com\/es\/wp-json\/wp\/v2\/product"}],"about":[{"href":"https:\/\/www.packagingofchina.com\/es\/wp-json\/wp\/v2\/types\/product"}],"replies":[{"embeddable":true,"href":"https:\/\/www.packagingofchina.com\/es\/wp-json\/wp\/v2\/comments?post=1328"}],"wp:featuredmedia":[{"embeddable":true,"href":"https:\/\/www.packagingofchina.com\/es\/wp-json\/wp\/v2\/media\/1333"}],"wp:attachment":[{"href":"https:\/\/www.packagingofchina.com\/es\/wp-json\/wp\/v2\/media?parent=1328"}],"wp:term":[{"taxonomy":"flexible-packaging","embeddable":true,"href":"https:\/\/www.packagingofchina.com\/es\/wp-json\/wp\/v2\/flexible-packaging?post=1328"},{"taxonomy":"solution","embeddable":true,"href":"https:\/\/www.packagingofchina.com\/es\/wp-json\/wp\/v2\/solution?post=1328"},{"taxonomy":"product_brand","embeddable":true,"href":"https:\/\/www.packagingofchina.com\/es\/wp-json\/wp\/v2\/product_brand?post=1328"},{"taxonomy":"product_cat","embeddable":true,"href":"https:\/\/www.packagingofchina.com\/es\/wp-json\/wp\/v2\/product_cat?post=1328"},{"taxonomy":"product_tag","embeddable":true,"href":"https:\/\/www.packagingofchina.com\/es\/wp-json\/wp\/v2\/product_tag?post=1328"}],"curies":[{"name":"wp","href":"https:\/\/api.w.org\/{rel}","templated":true}]}}