{"id":1552,"date":"2025-04-06T22:49:46","date_gmt":"2025-04-06T22:49:46","guid":{"rendered":"https:\/\/www.packagingofchina.com\/?post_type=product&#038;p=1552"},"modified":"2025-04-06T22:49:47","modified_gmt":"2025-04-06T22:49:47","slug":"custom-alcohol-pouch-packaging","status":"publish","type":"product","link":"https:\/\/www.packagingofchina.com\/es\/product\/custom-alcohol-pouch-packaging\/","title":{"rendered":"China Custom Alcohol Pouch Packaging Reusable Spout Pouch Proveedor DQ PACK"},"content":{"rendered":"<div class=\"wp-block-columns is-layout-flex wp-container-core-columns-is-layout-9d6595d7 wp-block-columns-is-layout-flex\">\n<div class=\"wp-block-column is-layout-flow wp-block-column-is-layout-flow\">\n<h3 class=\"wp-block-heading\">Caracter\u00edsticas y ventajas de las bolsas de alcohol personalizadas<\/h3>\n\n\n\n<ul class=\"wp-block-list\">\n<li><strong>Soluciones personalizadas de envasado de alcohol<\/strong>: Como fabricante experimentado de bolsas de alcohol personalizadas, ofrecemos una gama completa de servicios de personalizaci\u00f3n, desde la capacidad y la forma hasta los patrones de impresi\u00f3n, para satisfacer las diferentes necesidades de posicionamiento de la marca.<\/li>\n\n\n\n<li><strong>Dise\u00f1o reutilizable<\/strong>: La bolsa con boquilla reutilizable est\u00e1 hecha de material duradero y admite la apertura y cierre repetidos, lo que resulta adecuado para m\u00faltiples usos de bebidas alcoh\u00f3licas port\u00e1tiles, respetuoso con el medio ambiente y pr\u00e1ctico.<\/li>\n\n\n\n<li><strong>Impresi\u00f3n de alta definici\u00f3n para mejorar la marca<\/strong>: Proporcionamos servicios de impresi\u00f3n de alta calidad de bolsas de alcohol personalizadas, con colores brillantes, resistentes a los ara\u00f1azos y al desgaste, para mejorar el atractivo del producto en el estante.<\/li>\n\n\n\n<li><strong>Port\u00e1til, resistente a ca\u00eddas y adaptable a m\u00faltiples ocasiones<\/strong>La bolsa con boquilla reutilizable es ligera y f\u00e1cil de transportar, adecuada para fiestas, actividades al aire libre, viajes, etc., y es una opci\u00f3n de envasado ideal para el alcohol listo para beber.<\/li>\n\n\n\n<li><strong>Fabricaci\u00f3n profesional, entrega r\u00e1pida<\/strong>: DQ PACK, como proveedor de bolsas con boquilla reutilizables, cuenta con l\u00edneas de producci\u00f3n automatizadas, admite la producci\u00f3n en masa y los servicios de personalizaci\u00f3n OEM\/ODM, y ofrece una entrega puntual y estable.<\/li>\n<\/ul>\n<\/div>\n\n\n\n<div class=\"wp-block-column is-layout-flow wp-block-column-is-layout-flow\">\n<figure class=\"wp-block-image size-full\"><img decoding=\"async\" width=\"1476\" height=\"1476\" src=\"https:\/\/www.packagingofchina.com\/wp-content\/uploads\/2025\/04\/Custom-Alcohol-Pouch-Packaging-Supplier-202005.webp\" alt=\"Proveedor de envases personalizados para bolsas de alcohol-202005\" class=\"wp-image-1553\" srcset=\"https:\/\/www.packagingofchina.com\/wp-content\/uploads\/2025\/04\/Custom-Alcohol-Pouch-Packaging-Supplier-202005.webp 1476w, https:\/\/www.packagingofchina.com\/wp-content\/uploads\/2025\/04\/Custom-Alcohol-Pouch-Packaging-Supplier-202005-300x300.webp 300w, https:\/\/www.packagingofchina.com\/wp-content\/uploads\/2025\/04\/Custom-Alcohol-Pouch-Packaging-Supplier-202005-150x150.webp 150w, https:\/\/www.packagingofchina.com\/wp-content\/uploads\/2025\/04\/Custom-Alcohol-Pouch-Packaging-Supplier-202005-768x768.webp 768w, https:\/\/www.packagingofchina.com\/wp-content\/uploads\/2025\/04\/Custom-Alcohol-Pouch-Packaging-Supplier-202005-12x12.webp 12w, https:\/\/www.packagingofchina.com\/wp-content\/uploads\/2025\/04\/Custom-Alcohol-Pouch-Packaging-Supplier-202005-1200x1200.webp 1200w, https:\/\/www.packagingofchina.com\/wp-content\/uploads\/2025\/04\/Custom-Alcohol-Pouch-Packaging-Supplier-202005-600x600.webp 600w, https:\/\/www.packagingofchina.com\/wp-content\/uploads\/2025\/04\/Custom-Alcohol-Pouch-Packaging-Supplier-202005-100x100.webp 100w\" sizes=\"(max-width: 1476px) 100vw, 1476px\" \/><\/figure>\n<\/div>\n<\/div>","protected":false},"excerpt":{"rendered":"<p>Bienvenido a elegir el envase de bolsa de alcohol personalizado de DQ PACK, reutilizable port\u00e1til y resistente a las ca\u00eddas. \u00a1Como proveedor profesional de la bolsa reutilizable del canal\u00f3n, apoye la personalizaci\u00f3n a granel y consiga las muestras libres!<\/p>\n<h2>Par\u00e1metros del envasado en bolsas de alcohol<\/h2>\n<p>Material: PET\/PE, PET\/NY\/PE, PET\/AL\/NY\/PE, etc.<br \/>\nTipo de bolsa: Bolsa con boquilla para alcohol, Bolsa de pie<br \/>\nTama\u00f1o de la bolsa: Personalizado<br \/>\nPedidos personalizados: Aceptamos OEM y ODM<br \/>\nMuestra gratuita: Soporte<br \/>\nUso: Zumo, agua, bebida alcoh\u00f3lica<br \/>\nTratamiento de superficies: Impresi\u00f3n en huecograbado<br \/>\nColor: Puede imprimir hasta en 10 colores<br \/>\nMercados destinatarios: En todo el mundo<\/p>","protected":false},"featured_media":1553,"comment_status":"closed","ping_status":"closed","template":"","meta":{"_acf_changed":false},"flexible-packaging":[25,24],"solution":[38,37,33,34,35],"product_brand":[],"product_cat":[63],"product_tag":[],"class_list":{"0":"post-1552","1":"product","2":"type-product","3":"status-publish","4":"has-post-thumbnail","6":"flexible-packaging-custom-spout-pouch","7":"flexible-packaging-custom-stand-up-pouch","8":"solution-high-barrier","9":"solution-puncture-resistance","10":"solution-resist-high-temperature","11":"solution-sealing-liquids","12":"solution-superior-resistance","13":"product_cat-alcoholic-beverage-packaging-solutions","15":"first","16":"instock","17":"shipping-taxable","18":"product-type-simple"},"acf":[],"_links":{"self":[{"href":"https:\/\/www.packagingofchina.com\/es\/wp-json\/wp\/v2\/product\/1552","targetHints":{"allow":["GET"]}}],"collection":[{"href":"https:\/\/www.packagingofchina.com\/es\/wp-json\/wp\/v2\/product"}],"about":[{"href":"https:\/\/www.packagingofchina.com\/es\/wp-json\/wp\/v2\/types\/product"}],"replies":[{"embeddable":true,"href":"https:\/\/www.packagingofchina.com\/es\/wp-json\/wp\/v2\/comments?post=1552"}],"wp:featuredmedia":[{"embeddable":true,"href":"https:\/\/www.packagingofchina.com\/es\/wp-json\/wp\/v2\/media\/1553"}],"wp:attachment":[{"href":"https:\/\/www.packagingofchina.com\/es\/wp-json\/wp\/v2\/media?parent=1552"}],"wp:term":[{"taxonomy":"flexible-packaging","embeddable":true,"href":"https:\/\/www.packagingofchina.com\/es\/wp-json\/wp\/v2\/flexible-packaging?post=1552"},{"taxonomy":"solution","embeddable":true,"href":"https:\/\/www.packagingofchina.com\/es\/wp-json\/wp\/v2\/solution?post=1552"},{"taxonomy":"product_brand","embeddable":true,"href":"https:\/\/www.packagingofchina.com\/es\/wp-json\/wp\/v2\/product_brand?post=1552"},{"taxonomy":"product_cat","embeddable":true,"href":"https:\/\/www.packagingofchina.com\/es\/wp-json\/wp\/v2\/product_cat?post=1552"},{"taxonomy":"product_tag","embeddable":true,"href":"https:\/\/www.packagingofchina.com\/es\/wp-json\/wp\/v2\/product_tag?post=1552"}],"curies":[{"name":"wp","href":"https:\/\/api.w.org\/{rel}","templated":true}]}}