{"id":1940,"date":"2025-06-20T09:00:13","date_gmt":"2025-06-20T09:00:13","guid":{"rendered":"https:\/\/www.packagingofchina.com\/?post_type=product&#038;p=1940"},"modified":"2025-06-20T09:00:17","modified_gmt":"2025-06-20T09:00:17","slug":"custom-food-pouches-for-powder","status":"publish","type":"product","link":"https:\/\/www.packagingofchina.com\/es\/product\/custom-food-pouches-for-powder\/","title":{"rendered":"Custom 250g 500g bolsas de alimentos para el envasado de natillas en polvo, Stand Up Pouch F\u00e1brica -DQ PACK"},"content":{"rendered":"<div class=\"wp-block-columns is-layout-flex wp-container-core-columns-is-layout-9d6595d7 wp-block-columns-is-layout-flex\">\n<div class=\"wp-block-column is-layout-flow wp-block-column-is-layout-flow\">\n<h3 class=\"wp-block-heading\"><strong><br><\/strong>Features of Custom Food Pouches for Custard Powder<\/h3>\n\n\n\n<ul class=\"wp-block-list\">\n<li><strong>Premium Barrier Protection<\/strong>&nbsp;Multi-Layer Laminated Material Blocks Moisture Oxygen And UV Light For Extended Shelf Life<\/li>\n\n\n\n<li><strong>Sturdy Stand-Up Design<\/strong>&nbsp;Self-Supporting Base For Enhanced Shelf Presence And Space Efficiency<\/li>\n\n\n\n<li><strong>Seguridad alimentaria<\/strong>&nbsp;Certified FDA-Compliant Materials Free From Harmful Chemicals Like BPA<\/li>\n\n\n\n<li><strong>High-Quality Printing Surface<\/strong>&nbsp;Vibrant Custom Graphics With Scratch-Resistant Coating For Brand Visibility<\/li>\n\n\n\n<li><strong>User-Friendly Tear Notch<\/strong>&nbsp;Precision-Cut Opening System For Clean And Easy Access<\/li>\n\n\n\n<li><strong>Durable Seal Integrity<\/strong>&nbsp;Heat-Sealed Construction Prevents Leakage And Contamination<\/li>\n\n\n\n<li><strong>Custom Sizing Options<\/strong>&nbsp;Available In Multiple Capacities To Suit Different Product Volumes<\/li>\n\n\n\n<li><strong>Eco-Conscious Materials<\/strong>&nbsp;Recyclable Components Meet Sustainable Packaging Demands<\/li>\n\n\n\n<li><strong>Cost-Effective Solution<\/strong>&nbsp;Optimized Material Thickness Reduces Waste Without Composting Protection<\/li>\n<\/ul>\n<\/div>\n\n\n\n<div class=\"wp-block-column is-layout-flow wp-block-column-is-layout-flow\">\n<figure class=\"wp-block-image size-full\"><img decoding=\"async\" width=\"1476\" height=\"1476\" src=\"https:\/\/www.packagingofchina.com\/wp-content\/uploads\/2025\/06\/Custom-Food-Pouch-Supplier-DQ-PACK-C250650.webp\" alt=\"Proveedor de bolsas personalizadas para alimentos - DQ PACK C2506(50)\" class=\"wp-image-1942\" srcset=\"https:\/\/www.packagingofchina.com\/wp-content\/uploads\/2025\/06\/Custom-Food-Pouch-Supplier-DQ-PACK-C250650.webp 1476w, https:\/\/www.packagingofchina.com\/wp-content\/uploads\/2025\/06\/Custom-Food-Pouch-Supplier-DQ-PACK-C250650-300x300.webp 300w, https:\/\/www.packagingofchina.com\/wp-content\/uploads\/2025\/06\/Custom-Food-Pouch-Supplier-DQ-PACK-C250650-150x150.webp 150w, https:\/\/www.packagingofchina.com\/wp-content\/uploads\/2025\/06\/Custom-Food-Pouch-Supplier-DQ-PACK-C250650-768x768.webp 768w, https:\/\/www.packagingofchina.com\/wp-content\/uploads\/2025\/06\/Custom-Food-Pouch-Supplier-DQ-PACK-C250650-12x12.webp 12w, https:\/\/www.packagingofchina.com\/wp-content\/uploads\/2025\/06\/Custom-Food-Pouch-Supplier-DQ-PACK-C250650-1200x1200.webp 1200w, https:\/\/www.packagingofchina.com\/wp-content\/uploads\/2025\/06\/Custom-Food-Pouch-Supplier-DQ-PACK-C250650-600x600.webp 600w, https:\/\/www.packagingofchina.com\/wp-content\/uploads\/2025\/06\/Custom-Food-Pouch-Supplier-DQ-PACK-C250650-100x100.webp 100w\" sizes=\"(max-width: 1476px) 100vw, 1476px\" \/><\/figure>\n<\/div>\n<\/div>\n\n\n\n<div class=\"wp-block-columns is-layout-flex wp-container-core-columns-is-layout-9d6595d7 wp-block-columns-is-layout-flex\">\n<div class=\"wp-block-column is-layout-flow wp-block-column-is-layout-flow\">\n<figure class=\"wp-block-image size-full\"><img decoding=\"async\" width=\"1476\" height=\"1476\" src=\"https:\/\/www.packagingofchina.com\/wp-content\/uploads\/2025\/06\/Custom-Food-Pouch-Supplier-DQ-PACK-C250652.webp\" alt=\"Custom Food Pouch Supplier - DQ PACK C2506(52)\" class=\"wp-image-1944\" srcset=\"https:\/\/www.packagingofchina.com\/wp-content\/uploads\/2025\/06\/Custom-Food-Pouch-Supplier-DQ-PACK-C250652.webp 1476w, https:\/\/www.packagingofchina.com\/wp-content\/uploads\/2025\/06\/Custom-Food-Pouch-Supplier-DQ-PACK-C250652-300x300.webp 300w, https:\/\/www.packagingofchina.com\/wp-content\/uploads\/2025\/06\/Custom-Food-Pouch-Supplier-DQ-PACK-C250652-150x150.webp 150w, https:\/\/www.packagingofchina.com\/wp-content\/uploads\/2025\/06\/Custom-Food-Pouch-Supplier-DQ-PACK-C250652-768x768.webp 768w, https:\/\/www.packagingofchina.com\/wp-content\/uploads\/2025\/06\/Custom-Food-Pouch-Supplier-DQ-PACK-C250652-12x12.webp 12w, https:\/\/www.packagingofchina.com\/wp-content\/uploads\/2025\/06\/Custom-Food-Pouch-Supplier-DQ-PACK-C250652-1200x1200.webp 1200w, https:\/\/www.packagingofchina.com\/wp-content\/uploads\/2025\/06\/Custom-Food-Pouch-Supplier-DQ-PACK-C250652-600x600.webp 600w, https:\/\/www.packagingofchina.com\/wp-content\/uploads\/2025\/06\/Custom-Food-Pouch-Supplier-DQ-PACK-C250652-100x100.webp 100w\" sizes=\"(max-width: 1476px) 100vw, 1476px\" \/><\/figure>\n<\/div>\n\n\n\n<div class=\"wp-block-column is-layout-flow wp-block-column-is-layout-flow\">\n<figure class=\"wp-block-image size-full\"><img decoding=\"async\" width=\"1416\" height=\"1416\" src=\"https:\/\/www.packagingofchina.com\/wp-content\/uploads\/2025\/06\/Custom-Food-Pouch-Supplier-DQ-PACK-C250653.webp\" alt=\"Custom Food Pouch Supplier - DQ PACK C2506(53)\" class=\"wp-image-1941\" srcset=\"https:\/\/www.packagingofchina.com\/wp-content\/uploads\/2025\/06\/Custom-Food-Pouch-Supplier-DQ-PACK-C250653.webp 1416w, https:\/\/www.packagingofchina.com\/wp-content\/uploads\/2025\/06\/Custom-Food-Pouch-Supplier-DQ-PACK-C250653-300x300.webp 300w, https:\/\/www.packagingofchina.com\/wp-content\/uploads\/2025\/06\/Custom-Food-Pouch-Supplier-DQ-PACK-C250653-150x150.webp 150w, https:\/\/www.packagingofchina.com\/wp-content\/uploads\/2025\/06\/Custom-Food-Pouch-Supplier-DQ-PACK-C250653-768x768.webp 768w, https:\/\/www.packagingofchina.com\/wp-content\/uploads\/2025\/06\/Custom-Food-Pouch-Supplier-DQ-PACK-C250653-12x12.webp 12w, https:\/\/www.packagingofchina.com\/wp-content\/uploads\/2025\/06\/Custom-Food-Pouch-Supplier-DQ-PACK-C250653-1200x1200.webp 1200w, https:\/\/www.packagingofchina.com\/wp-content\/uploads\/2025\/06\/Custom-Food-Pouch-Supplier-DQ-PACK-C250653-600x600.webp 600w, https:\/\/www.packagingofchina.com\/wp-content\/uploads\/2025\/06\/Custom-Food-Pouch-Supplier-DQ-PACK-C250653-100x100.webp 100w\" sizes=\"(max-width: 1416px) 100vw, 1416px\" \/><\/figure>\n<\/div>\n<\/div>","protected":false},"excerpt":{"rendered":"<p>Envasado de Natillas en Polvo Stand Up Pouch hecho de material de grado alimenticio con ziplock resellable y fuerte sellado t\u00e9rmico. Tama\u00f1os e impresi\u00f3n personalizados disponibles. Ideal para fabricantes de alimentos que buscan un envase fiable y resistente a la humedad. Producci\u00f3n r\u00e1pida, MOQ bajo, soporte de dise\u00f1o gratuito. Aumente la visibilidad de su marca con soluciones profesionales de envasado flexible.<\/p>\n<h2>Par\u00e1metros de las bolsas a medida para alimentos<\/h2>\n<p>Material: PET+PE \/ Bolsa a medida<\/p>\n<p>Tipo: Bolsa de pie<\/p>\n<p>Tama\u00f1o: 11*21+ 7CM\/ Personalizado<\/p>\n<p>Grosor: 112 micras<\/p>\n<p>Pedidos personalizados: Aceptamos OEM y ODM<\/p>\n<p>Muestra gratuita: Soporte<\/p>\n<p>Uso: Caf\u00e9 en grano, en polvo, snacks, frutos secos, comida para mascotas, caramelos, galletas, etc.<\/p>\n<p>Tratamiento de superficies: Impresi\u00f3n en huecograbado<\/p>\n<p>Color: Puede imprimir hasta 13 colores<\/p>\n<p>Mercados destinatarios: En todo el mundo<\/p>","protected":false},"featured_media":1942,"comment_status":"closed","ping_status":"closed","template":"","meta":{"_acf_changed":false},"flexible-packaging":[24],"solution":[66,38,51,37],"product_brand":[],"product_cat":[18,58,64],"product_tag":[],"class_list":{"0":"post-1940","1":"product","2":"type-product","3":"status-publish","4":"has-post-thumbnail","6":"flexible-packaging-custom-stand-up-pouch","7":"solution-bpa-free","8":"solution-high-barrier","9":"solution-moisture-proof","10":"solution-puncture-resistance","11":"product_cat-custom-food-packaging-solutions","12":"product_cat-bakery-packaging-bags-wholesale","13":"product_cat-food-powder-packaging-solutions","15":"first","16":"instock","17":"shipping-taxable","18":"product-type-simple"},"acf":[],"_links":{"self":[{"href":"https:\/\/www.packagingofchina.com\/es\/wp-json\/wp\/v2\/product\/1940","targetHints":{"allow":["GET"]}}],"collection":[{"href":"https:\/\/www.packagingofchina.com\/es\/wp-json\/wp\/v2\/product"}],"about":[{"href":"https:\/\/www.packagingofchina.com\/es\/wp-json\/wp\/v2\/types\/product"}],"replies":[{"embeddable":true,"href":"https:\/\/www.packagingofchina.com\/es\/wp-json\/wp\/v2\/comments?post=1940"}],"wp:featuredmedia":[{"embeddable":true,"href":"https:\/\/www.packagingofchina.com\/es\/wp-json\/wp\/v2\/media\/1942"}],"wp:attachment":[{"href":"https:\/\/www.packagingofchina.com\/es\/wp-json\/wp\/v2\/media?parent=1940"}],"wp:term":[{"taxonomy":"flexible-packaging","embeddable":true,"href":"https:\/\/www.packagingofchina.com\/es\/wp-json\/wp\/v2\/flexible-packaging?post=1940"},{"taxonomy":"solution","embeddable":true,"href":"https:\/\/www.packagingofchina.com\/es\/wp-json\/wp\/v2\/solution?post=1940"},{"taxonomy":"product_brand","embeddable":true,"href":"https:\/\/www.packagingofchina.com\/es\/wp-json\/wp\/v2\/product_brand?post=1940"},{"taxonomy":"product_cat","embeddable":true,"href":"https:\/\/www.packagingofchina.com\/es\/wp-json\/wp\/v2\/product_cat?post=1940"},{"taxonomy":"product_tag","embeddable":true,"href":"https:\/\/www.packagingofchina.com\/es\/wp-json\/wp\/v2\/product_tag?post=1940"}],"curies":[{"name":"wp","href":"https:\/\/api.w.org\/{rel}","templated":true}]}}