{"id":1971,"date":"2025-07-05T08:18:33","date_gmt":"2025-07-05T08:18:33","guid":{"rendered":"https:\/\/www.packagingofchina.com\/?post_type=product&#038;p=1971"},"modified":"2025-07-05T08:18:34","modified_gmt":"2025-07-05T08:18:34","slug":"custom-soap-sachet-packaging-film","status":"publish","type":"product","link":"https:\/\/www.packagingofchina.com\/es\/product\/custom-soap-sachet-packaging-film\/","title":{"rendered":"Fabricantes de Film de Embalaje para Sobres de Jab\u00f3n , Film de Embalaje Flexible Ecol\u00f3gico"},"content":{"rendered":"<div class=\"wp-block-columns is-layout-flex wp-container-core-columns-is-layout-9d6595d7 wp-block-columns-is-layout-flex\">\n<div class=\"wp-block-column is-layout-flow wp-block-column-is-layout-flow\">\n<h2 class=\"wp-block-heading\">Caracter\u00edsticas de Custom Soap Sachet<\/h2>\n\n\n\n<p>Material BOPP de calidad alimentaria, flexible y resistente al desgarro, impermeable y a prueba de humedad. Estrechamente adherido al cuerpo del jab\u00f3n, protegi\u00e9ndolo del reblandecimiento y la deformaci\u00f3n, adecuado para diversos escenarios de almacenamiento y transporte.<\/p>\n\n\n\n<p>Admite la personalizaci\u00f3n del tama\u00f1o, el color y el dise\u00f1o, por lo que se adapta a diferentes especificaciones de jab\u00f3n. Impresi\u00f3n clara y duradera, capaz de imprimir informaci\u00f3n de marca, ayuda a mejorar el reconocimiento del producto.<\/p>\n\n\n\n<p>Certificado por autoridades autorizadas como la FDA, no contiene ingredientes nocivos.<\/p>\n\n\n\n<p>Nuestra propia f\u00e1brica tiene una capacidad de producci\u00f3n diaria de 30 toneladas y puede entregar grandes pedidos a tiempo, garantizando un suministro estable sin desconexiones.<\/p>\n\n\n\n<p>Buen sellado, bloquea la humedad del aire y prolonga la vida \u00fatil del jab\u00f3n. La superficie de la pel\u00edcula es lisa y f\u00e1cil de rasgar, no se pega al cuerpo del jab\u00f3n, f\u00e1cil de usar y mantener limpio.<\/p>\n\n\n\n<p>\u200b<\/p>\n\n\n\n<p>Se proporcionan muestras gratuitas, y un equipo profesional est\u00e1 disponible para responder a las consultas en cualquier momento. Optimice las soluciones de envasado y disfrute de m\u00e1s descuentos gracias a la cooperaci\u00f3n a largo plazo.<\/p>\n<\/div>\n\n\n\n<div class=\"wp-block-column is-layout-flow wp-block-column-is-layout-flow\">\n<figure class=\"wp-block-image size-full\"><img decoding=\"async\" width=\"1476\" height=\"1476\" src=\"https:\/\/www.packagingofchina.com\/wp-content\/uploads\/2025\/06\/Custom-Soap-Sachet-Packaging-Film-Factory-DQ-PACK-1.webp\" alt=\"F\u00e1brica de pel\u00edculas para el envasado de sobres de jab\u00f3n - DQ PACK (1)\" class=\"wp-image-1976\" srcset=\"https:\/\/www.packagingofchina.com\/wp-content\/uploads\/2025\/06\/Custom-Soap-Sachet-Packaging-Film-Factory-DQ-PACK-1.webp 1476w, https:\/\/www.packagingofchina.com\/wp-content\/uploads\/2025\/06\/Custom-Soap-Sachet-Packaging-Film-Factory-DQ-PACK-1-300x300.webp 300w, https:\/\/www.packagingofchina.com\/wp-content\/uploads\/2025\/06\/Custom-Soap-Sachet-Packaging-Film-Factory-DQ-PACK-1-150x150.webp 150w, https:\/\/www.packagingofchina.com\/wp-content\/uploads\/2025\/06\/Custom-Soap-Sachet-Packaging-Film-Factory-DQ-PACK-1-768x768.webp 768w, https:\/\/www.packagingofchina.com\/wp-content\/uploads\/2025\/06\/Custom-Soap-Sachet-Packaging-Film-Factory-DQ-PACK-1-12x12.webp 12w, https:\/\/www.packagingofchina.com\/wp-content\/uploads\/2025\/06\/Custom-Soap-Sachet-Packaging-Film-Factory-DQ-PACK-1-1200x1200.webp 1200w, https:\/\/www.packagingofchina.com\/wp-content\/uploads\/2025\/06\/Custom-Soap-Sachet-Packaging-Film-Factory-DQ-PACK-1-600x600.webp 600w, https:\/\/www.packagingofchina.com\/wp-content\/uploads\/2025\/06\/Custom-Soap-Sachet-Packaging-Film-Factory-DQ-PACK-1-100x100.webp 100w\" sizes=\"(max-width: 1476px) 100vw, 1476px\" \/><\/figure>\n<\/div>\n<\/div>\n\n\n\n<p><\/p>","protected":false},"excerpt":{"rendered":"<p>Este film BOPP de calidad alimentaria para el envasado de bolsitas de jab\u00f3n ofrece una excelente resistencia a la humedad y propiedades de termosellado. Admite impresi\u00f3n personalizada de alta resoluci\u00f3n para diferenciar la marca. Nuestro film de BOPP conforme a la FDA es adecuado tanto para necesidades de envasado de jab\u00f3n est\u00e1ndar como personalizadas.<\/p>\n<p>La pel\u00edcula para envasado de sobres de jab\u00f3n preserva eficazmente la calidad del producto a costes competitivos. P\u00f3ngase en contacto con nosotros para conocer las especificaciones t\u00e9cnicas y los precios.<\/p>\n<h2>Par\u00e1metros de la bolsita de jab\u00f3n personalizada<\/h2>\n<p>Material: BOPP\/BOPP mate, etc.<\/p>\n<p>Tipo de bolsa: Pel\u00edcula en rollo<\/p>\n<p>Tama\u00f1o: 13,8 cm x 10,9 cm \/ Personalizado<\/p>\n<p>Pedidos personalizados: Aceptamos OEM y ODM<\/p>\n<p>Muestra gratuita: Soporte<\/p>\n<p>Uso: Jab\u00f3n, gel de ducha, champ\u00fa, detergente en polvo, etc.<\/p>\n<p>Tratamiento de superficies: Impresi\u00f3n en huecograbado<\/p>\n<p>Color: Puede imprimir hasta 13 colores<\/p>\n<p>Mercados destinatarios: En todo el mundo<\/p>","protected":false},"featured_media":1976,"comment_status":"closed","ping_status":"closed","template":"","meta":{"_acf_changed":false},"flexible-packaging":[32],"solution":[66,38,67,51],"product_brand":[],"product_cat":[17,45],"product_tag":[],"class_list":{"0":"post-1971","1":"product","2":"type-product","3":"status-publish","4":"has-post-thumbnail","6":"flexible-packaging-custom-roll-stock-film","7":"solution-bpa-free","8":"solution-high-barrier","9":"solution-leak-proof","10":"solution-moisture-proof","11":"product_cat-custom-non-food-packaging-solutions","12":"product_cat-personal-care-packaging-wholesale","14":"first","15":"instock","16":"shipping-taxable","17":"product-type-simple"},"acf":[],"_links":{"self":[{"href":"https:\/\/www.packagingofchina.com\/es\/wp-json\/wp\/v2\/product\/1971","targetHints":{"allow":["GET"]}}],"collection":[{"href":"https:\/\/www.packagingofchina.com\/es\/wp-json\/wp\/v2\/product"}],"about":[{"href":"https:\/\/www.packagingofchina.com\/es\/wp-json\/wp\/v2\/types\/product"}],"replies":[{"embeddable":true,"href":"https:\/\/www.packagingofchina.com\/es\/wp-json\/wp\/v2\/comments?post=1971"}],"wp:featuredmedia":[{"embeddable":true,"href":"https:\/\/www.packagingofchina.com\/es\/wp-json\/wp\/v2\/media\/1976"}],"wp:attachment":[{"href":"https:\/\/www.packagingofchina.com\/es\/wp-json\/wp\/v2\/media?parent=1971"}],"wp:term":[{"taxonomy":"flexible-packaging","embeddable":true,"href":"https:\/\/www.packagingofchina.com\/es\/wp-json\/wp\/v2\/flexible-packaging?post=1971"},{"taxonomy":"solution","embeddable":true,"href":"https:\/\/www.packagingofchina.com\/es\/wp-json\/wp\/v2\/solution?post=1971"},{"taxonomy":"product_brand","embeddable":true,"href":"https:\/\/www.packagingofchina.com\/es\/wp-json\/wp\/v2\/product_brand?post=1971"},{"taxonomy":"product_cat","embeddable":true,"href":"https:\/\/www.packagingofchina.com\/es\/wp-json\/wp\/v2\/product_cat?post=1971"},{"taxonomy":"product_tag","embeddable":true,"href":"https:\/\/www.packagingofchina.com\/es\/wp-json\/wp\/v2\/product_tag?post=1971"}],"curies":[{"name":"wp","href":"https:\/\/api.w.org\/{rel}","templated":true}]}}