{"id":1994,"date":"2025-07-04T10:25:00","date_gmt":"2025-07-04T10:25:00","guid":{"rendered":"https:\/\/www.packagingofchina.com\/?post_type=product&#038;p=1994"},"modified":"2025-07-04T10:25:02","modified_gmt":"2025-07-04T10:25:02","slug":"custom-cat-food-pouches-2","status":"publish","type":"product","link":"https:\/\/www.packagingofchina.com\/es\/product\/custom-cat-food-pouches-2\/","title":{"rendered":"Bolsas personalizadas de comida para gatos, bolsa de fuelle de 1,5 kg y 7 kg para el envasado de comida para animales"},"content":{"rendered":"<div class=\"wp-block-columns is-layout-flex wp-container-core-columns-is-layout-9d6595d7 wp-block-columns-is-layout-flex\">\n<div class=\"wp-block-column is-layout-flow wp-block-column-is-layout-flow\">\n<h3 class=\"wp-block-heading\">Caracter\u00edsticas de las bolsas personalizadas de comida para gatos<\/h3>\n\n\n\n<ul class=\"wp-block-list\">\n<li><strong>Tama\u00f1os y capacidades personalizables<\/strong><br>Disponibles en tama\u00f1os est\u00e1ndar de 1Kg-25Kg o en dimensiones totalmente personalizadas para adaptarse exactamente a sus necesidades de envasado. Las opciones de capacidad flexible se adaptan a todo, desde peque\u00f1as porciones de venta al por menor hasta cantidades comerciales a granel.<\/li>\n\n\n\n<li><strong>Opciones multimaterial<\/strong><br>Elija entre papel kraft ecol\u00f3gico, laminado BOPP de alta barrera o l\u00e1minas de aluminio de primera calidad. Cada material ofrece distintos niveles de protecci\u00f3n contra la humedad, el ox\u00edgeno y los rayos UV para una conservaci\u00f3n \u00f3ptima de los alimentos.<\/li>\n\n\n\n<li><strong>Escudetes ajustables<\/strong><br>&nbsp;Seleccione los estilos de fuelle est\u00e1ndar, ancho o reforzado para optimizar la capacidad y el rendimiento estructural. Los paneles laterales expansibles alcanzan un volumen hasta 30% superior al volumen de la bolsa plana, manteniendo la estabilidad.<\/li>\n\n\n\n<li><strong>Acabados avanzados<\/strong><br>Los acabados mate, brillante o metalizado opcionales mejoran el atractivo de las estanter\u00edas y la presentaci\u00f3n de los productos.<\/li>\n\n\n\n<li><strong>Caracter\u00edsticas funcionales especiales<\/strong><br>A\u00f1ada elementos funcionales como cremalleras resellables, muescas para rasgar o agujeros para colgar para mejorar la usabilidad. Todos los dise\u00f1os son compatibles con los equipos de llenado autom\u00e1tico para lograr procesos de producci\u00f3n eficientes.<\/li>\n<\/ul>\n<\/div>\n\n\n\n<div class=\"wp-block-column is-layout-flow wp-block-column-is-layout-flow\">\n<figure class=\"wp-block-image size-full\"><img decoding=\"async\" width=\"1476\" height=\"1476\" src=\"https:\/\/www.packagingofchina.com\/wp-content\/uploads\/2025\/07\/Custom-Cat-Food-Pouches-Factory-DQ-PACK.webp\" alt=\"F\u00e1brica de bolsas de comida para gatos -DQ PACK\" class=\"wp-image-1997\" srcset=\"https:\/\/www.packagingofchina.com\/wp-content\/uploads\/2025\/07\/Custom-Cat-Food-Pouches-Factory-DQ-PACK.webp 1476w, https:\/\/www.packagingofchina.com\/wp-content\/uploads\/2025\/07\/Custom-Cat-Food-Pouches-Factory-DQ-PACK-300x300.webp 300w, https:\/\/www.packagingofchina.com\/wp-content\/uploads\/2025\/07\/Custom-Cat-Food-Pouches-Factory-DQ-PACK-150x150.webp 150w, https:\/\/www.packagingofchina.com\/wp-content\/uploads\/2025\/07\/Custom-Cat-Food-Pouches-Factory-DQ-PACK-768x768.webp 768w, https:\/\/www.packagingofchina.com\/wp-content\/uploads\/2025\/07\/Custom-Cat-Food-Pouches-Factory-DQ-PACK-12x12.webp 12w, https:\/\/www.packagingofchina.com\/wp-content\/uploads\/2025\/07\/Custom-Cat-Food-Pouches-Factory-DQ-PACK-1200x1200.webp 1200w, https:\/\/www.packagingofchina.com\/wp-content\/uploads\/2025\/07\/Custom-Cat-Food-Pouches-Factory-DQ-PACK-600x600.webp 600w, https:\/\/www.packagingofchina.com\/wp-content\/uploads\/2025\/07\/Custom-Cat-Food-Pouches-Factory-DQ-PACK-100x100.webp 100w\" sizes=\"(max-width: 1476px) 100vw, 1476px\" \/><\/figure>\n<\/div>\n<\/div>","protected":false},"excerpt":{"rendered":"<p>Esta bolsa con fuelle de 7 kg totalmente personalizable ofrece soluciones flexibles para el envasado a granel de alimentos secos\/h\u00famedos para mascotas, con paneles laterales extensibles para una mayor capacidad de almacenamiento. Disponible en varios tama\u00f1os, materiales y estilos de bolsa para satisfacer sus necesidades espec\u00edficas de envasado. Servicios de personalizaci\u00f3n: Opciones de acabado - Impresi\u00f3n UV, tratamientos de superficie mate, brillante o met\u00e1lico Caracter\u00edsticas especiales - A\u00f1ada cierres de cremallera, muescas para rasgar o agujeros para colgar, etc.<\/p>\n<h2>Par\u00e1metros de las bolsas personalizadas de comida para gatos<\/h2>\n<p>Material: PET+VMPET+NY+PE \/ Personalizado <br \/>Tipo de bolsa: Fuelle lateral <br \/>Tama\u00f1o de la bolsa: 29 + 14.5*78cm \/ Personalizada <br \/>Pedidos personalizados: Aceptamos OEM y ODM <br \/>Muestra gratuita: Soporte <br \/>Uso: Comida para gatos, comida para perros, comida para animales, aperitivos, etc. <br \/>Tratamiento de superficies: Impresi\u00f3n en huecograbado <br \/>Color: Puede imprimir hasta 13 colores <br \/>Mercados destinatarios: En todo el mundo<\/p>","protected":false},"featured_media":1998,"comment_status":"closed","ping_status":"closed","template":"","meta":{"_acf_changed":false},"flexible-packaging":[73],"solution":[66,38,51,37],"product_brand":[],"product_cat":[16,44],"product_tag":[],"class_list":{"0":"post-1994","1":"product","2":"type-product","3":"status-publish","4":"has-post-thumbnail","6":"flexible-packaging-custom-gusset-pouch","7":"solution-bpa-free","8":"solution-high-barrier","9":"solution-moisture-proof","10":"solution-puncture-resistance","11":"product_cat-custom-pet-care-packaging","12":"product_cat-dry-pet-food-packaging-wholesale","14":"first","15":"instock","16":"shipping-taxable","17":"product-type-simple"},"acf":[],"_links":{"self":[{"href":"https:\/\/www.packagingofchina.com\/es\/wp-json\/wp\/v2\/product\/1994","targetHints":{"allow":["GET"]}}],"collection":[{"href":"https:\/\/www.packagingofchina.com\/es\/wp-json\/wp\/v2\/product"}],"about":[{"href":"https:\/\/www.packagingofchina.com\/es\/wp-json\/wp\/v2\/types\/product"}],"replies":[{"embeddable":true,"href":"https:\/\/www.packagingofchina.com\/es\/wp-json\/wp\/v2\/comments?post=1994"}],"wp:featuredmedia":[{"embeddable":true,"href":"https:\/\/www.packagingofchina.com\/es\/wp-json\/wp\/v2\/media\/1998"}],"wp:attachment":[{"href":"https:\/\/www.packagingofchina.com\/es\/wp-json\/wp\/v2\/media?parent=1994"}],"wp:term":[{"taxonomy":"flexible-packaging","embeddable":true,"href":"https:\/\/www.packagingofchina.com\/es\/wp-json\/wp\/v2\/flexible-packaging?post=1994"},{"taxonomy":"solution","embeddable":true,"href":"https:\/\/www.packagingofchina.com\/es\/wp-json\/wp\/v2\/solution?post=1994"},{"taxonomy":"product_brand","embeddable":true,"href":"https:\/\/www.packagingofchina.com\/es\/wp-json\/wp\/v2\/product_brand?post=1994"},{"taxonomy":"product_cat","embeddable":true,"href":"https:\/\/www.packagingofchina.com\/es\/wp-json\/wp\/v2\/product_cat?post=1994"},{"taxonomy":"product_tag","embeddable":true,"href":"https:\/\/www.packagingofchina.com\/es\/wp-json\/wp\/v2\/product_tag?post=1994"}],"curies":[{"name":"wp","href":"https:\/\/api.w.org\/{rel}","templated":true}]}}