{"id":2001,"date":"2025-07-05T04:13:16","date_gmt":"2025-07-05T04:13:16","guid":{"rendered":"https:\/\/www.packagingofchina.com\/?post_type=product&#038;p=2001"},"modified":"2025-07-05T04:13:17","modified_gmt":"2025-07-05T04:13:17","slug":"custom-spout-bag-for-milk-tea-powder","status":"publish","type":"product","link":"https:\/\/www.packagingofchina.com\/es\/product\/custom-spout-bag-for-milk-tea-powder\/","title":{"rendered":"Bolsa con boquilla para envasar leche y t\u00e9 en polvo, apta para frigor\u00edficos Doypack con asa"},"content":{"rendered":"<div class=\"wp-block-columns is-layout-flex wp-container-core-columns-is-layout-9d6595d7 wp-block-columns-is-layout-flex\">\n<div class=\"wp-block-column is-layout-flow wp-block-column-is-layout-flow\">\n<h3 class=\"wp-block-heading\">Caracter\u00edsticas de la bolsa con boquilla de pie para t\u00e9 con leche en polvo<\/h3>\n\n\n\n<ul class=\"wp-block-list\">\n<li><strong>Tap\u00f3n de rosca sellado repetidamente<\/strong>: Como fabricante de bolsas con boquilla de pie, adoptamos un dise\u00f1o de tap\u00f3n de rosca duradero que se abre suavemente y no se da\u00f1a con facilidad. Esta bolsa con pico proporciona un excelente rendimiento de sellado para aislar eficazmente el aire y la humedad, manteniendo fresco el contenido. Ideal para bolsas con boquilla para t\u00e9 con leche en polvo y otras bebidas en polvo.<\/li>\n\n\n\n<li><strong>Dise\u00f1o de doble uso, fr\u00edo y calor<\/strong>: Nuestro doypack personalizado con asa permite la inyecci\u00f3n directa de agua caliente para bebidas instant\u00e1neas, ofreciendo comodidad y eficacia. Al mismo tiempo, la excelente resistencia a bajas temperaturas de la bolsa garantiza la integridad del envase incluso despu\u00e9s de la refrigeraci\u00f3n, lo que resulta perfecto para la bolsa con boquilla para t\u00e9 con leche en polvo que requiere condiciones de almacenamiento flexibles.<\/li>\n\n\n\n<li><strong>Estructura de la boquilla de aspiraci\u00f3n a prueba de fugas<\/strong>: Este dise\u00f1o de fabricante de bolsas con boquilla vertical incorpora una boquilla de succi\u00f3n especialmente dise\u00f1ada que garantiza un control preciso del flujo y evita las fugas inversas. El proceso de sellado doble mejora la fiabilidad a prueba de fugas durante el transporte y el almacenamiento, por lo que es ideal para productos en polvo o l\u00edquidos en formatos doypack personalizados con asa.<\/li>\n\n\n\n<li><strong>Servicios de impresi\u00f3n personalizados<\/strong>: Admitimos impresi\u00f3n en color de alta definici\u00f3n con texto y motivos n\u00edtidos y resistentes a la decoloraci\u00f3n. Nuestras opciones de doypack personalizado con asa le permiten elegir diferentes tama\u00f1os y dise\u00f1os. Como proveedor de soluciones de bolsas con boquilla para t\u00e9 con leche en polvo, ofrecemos dise\u00f1os totalmente personalizables que se adaptan a la identidad de su marca.<\/li>\n<\/ul>\n<\/div>\n\n\n\n<div class=\"wp-block-column is-layout-flow wp-block-column-is-layout-flow\">\n<figure class=\"wp-block-image size-full\"><img decoding=\"async\" width=\"1476\" height=\"1476\" src=\"https:\/\/www.packagingofchina.com\/wp-content\/uploads\/2025\/07\/Custom-Spout-Bag-for-Milk-Tea-Packaging-1.webp\" alt=\"Bolsa con boquilla personalizada para envasar t\u00e9 con leche (1)\" class=\"wp-image-2002\" srcset=\"https:\/\/www.packagingofchina.com\/wp-content\/uploads\/2025\/07\/Custom-Spout-Bag-for-Milk-Tea-Packaging-1.webp 1476w, https:\/\/www.packagingofchina.com\/wp-content\/uploads\/2025\/07\/Custom-Spout-Bag-for-Milk-Tea-Packaging-1-300x300.webp 300w, https:\/\/www.packagingofchina.com\/wp-content\/uploads\/2025\/07\/Custom-Spout-Bag-for-Milk-Tea-Packaging-1-150x150.webp 150w, https:\/\/www.packagingofchina.com\/wp-content\/uploads\/2025\/07\/Custom-Spout-Bag-for-Milk-Tea-Packaging-1-768x768.webp 768w, https:\/\/www.packagingofchina.com\/wp-content\/uploads\/2025\/07\/Custom-Spout-Bag-for-Milk-Tea-Packaging-1-12x12.webp 12w, https:\/\/www.packagingofchina.com\/wp-content\/uploads\/2025\/07\/Custom-Spout-Bag-for-Milk-Tea-Packaging-1-1200x1200.webp 1200w, https:\/\/www.packagingofchina.com\/wp-content\/uploads\/2025\/07\/Custom-Spout-Bag-for-Milk-Tea-Packaging-1-600x600.webp 600w, https:\/\/www.packagingofchina.com\/wp-content\/uploads\/2025\/07\/Custom-Spout-Bag-for-Milk-Tea-Packaging-1-100x100.webp 100w\" sizes=\"(max-width: 1476px) 100vw, 1476px\" \/><\/figure>\n<\/div>\n<\/div>\n\n\n\n<div class=\"wp-block-columns is-layout-flex wp-container-core-columns-is-layout-9d6595d7 wp-block-columns-is-layout-flex\">\n<div class=\"wp-block-column is-layout-flow wp-block-column-is-layout-flow\"><div class=\"wp-block-image\">\n<figure class=\"aligncenter size-full\"><img decoding=\"async\" width=\"1476\" height=\"1476\" src=\"https:\/\/www.packagingofchina.com\/wp-content\/uploads\/2025\/07\/Custom-Spout-Bag-for-Milk-Tea-Packaging-4.webp\" alt=\"Bolsa con boquilla personalizada para el envasado de t\u00e9 con leche (4)\" class=\"wp-image-2007\" srcset=\"https:\/\/www.packagingofchina.com\/wp-content\/uploads\/2025\/07\/Custom-Spout-Bag-for-Milk-Tea-Packaging-4.webp 1476w, https:\/\/www.packagingofchina.com\/wp-content\/uploads\/2025\/07\/Custom-Spout-Bag-for-Milk-Tea-Packaging-4-300x300.webp 300w, https:\/\/www.packagingofchina.com\/wp-content\/uploads\/2025\/07\/Custom-Spout-Bag-for-Milk-Tea-Packaging-4-150x150.webp 150w, https:\/\/www.packagingofchina.com\/wp-content\/uploads\/2025\/07\/Custom-Spout-Bag-for-Milk-Tea-Packaging-4-768x768.webp 768w, https:\/\/www.packagingofchina.com\/wp-content\/uploads\/2025\/07\/Custom-Spout-Bag-for-Milk-Tea-Packaging-4-12x12.webp 12w, https:\/\/www.packagingofchina.com\/wp-content\/uploads\/2025\/07\/Custom-Spout-Bag-for-Milk-Tea-Packaging-4-1200x1200.webp 1200w, https:\/\/www.packagingofchina.com\/wp-content\/uploads\/2025\/07\/Custom-Spout-Bag-for-Milk-Tea-Packaging-4-600x600.webp 600w, https:\/\/www.packagingofchina.com\/wp-content\/uploads\/2025\/07\/Custom-Spout-Bag-for-Milk-Tea-Packaging-4-100x100.webp 100w\" sizes=\"(max-width: 1476px) 100vw, 1476px\" \/><figcaption class=\"wp-element-caption\">Bolsa con boquilla para t\u00e9 con leche en polvo<\/figcaption><\/figure>\n<\/div><\/div>\n\n\n\n<div class=\"wp-block-column is-layout-flow wp-block-column-is-layout-flow\"><div class=\"wp-block-image\">\n<figure class=\"aligncenter size-full\"><img decoding=\"async\" width=\"1476\" height=\"1476\" src=\"https:\/\/www.packagingofchina.com\/wp-content\/uploads\/2025\/07\/Custom-Spout-Bag-for-Milk-Tea-Packaging-3.webp\" alt=\"Bolsa con boquilla personalizada para el envasado de t\u00e9 con leche (3)\" class=\"wp-image-2006\" srcset=\"https:\/\/www.packagingofchina.com\/wp-content\/uploads\/2025\/07\/Custom-Spout-Bag-for-Milk-Tea-Packaging-3.webp 1476w, https:\/\/www.packagingofchina.com\/wp-content\/uploads\/2025\/07\/Custom-Spout-Bag-for-Milk-Tea-Packaging-3-300x300.webp 300w, https:\/\/www.packagingofchina.com\/wp-content\/uploads\/2025\/07\/Custom-Spout-Bag-for-Milk-Tea-Packaging-3-150x150.webp 150w, https:\/\/www.packagingofchina.com\/wp-content\/uploads\/2025\/07\/Custom-Spout-Bag-for-Milk-Tea-Packaging-3-768x768.webp 768w, https:\/\/www.packagingofchina.com\/wp-content\/uploads\/2025\/07\/Custom-Spout-Bag-for-Milk-Tea-Packaging-3-12x12.webp 12w, https:\/\/www.packagingofchina.com\/wp-content\/uploads\/2025\/07\/Custom-Spout-Bag-for-Milk-Tea-Packaging-3-1200x1200.webp 1200w, https:\/\/www.packagingofchina.com\/wp-content\/uploads\/2025\/07\/Custom-Spout-Bag-for-Milk-Tea-Packaging-3-600x600.webp 600w, https:\/\/www.packagingofchina.com\/wp-content\/uploads\/2025\/07\/Custom-Spout-Bag-for-Milk-Tea-Packaging-3-100x100.webp 100w\" sizes=\"(max-width: 1476px) 100vw, 1476px\" \/><figcaption class=\"wp-element-caption\">Bolsa de pie para t\u00e9 con leche en polvo<\/figcaption><\/figure>\n<\/div><\/div>\n<\/div>\n\n\n\n<p><\/p>","protected":false},"excerpt":{"rendered":"<p>Nuestra bolsa con boquilla de alta calidad est\u00e1 dise\u00f1ada para solubilidad con agua caliente y seguridad de almacenamiento con refrigeraci\u00f3n para t\u00e9 con leche en polvo. Nuestra bolsa con boquilla resellable es de calidad alimentaria para permitir un entorno de frescura con prevenci\u00f3n de fugas. La bolsa con boquilla se mantiene en pie gracias a su fondo plano y se puede personalizar con la marca. La bolsa con boquilla es respetuosa con el medio ambiente y a prueba de fugas, por lo que es la mejor opci\u00f3n para envasar bebidas. \u00a0<\/p>\n<h2>Par\u00e1metros de la bolsa de ca\u00f1o alto<\/h2>\n<p>Material: PET\/PE, PET\/NY\/PE, PET\/AL\/NY\/PE, etc. <br \/>Tipo de bolsa: bolsa con boquilla <br \/>Tama\u00f1o:14,6*16,5 cm + 4,25*2 cm \/ Personalizado <br \/>Pedidos personalizados: Aceptamos OEM y ODM <br \/>Muestra gratuita: Soporte <br \/>Uso: art\u00edculos en polvo, zumo, bebida, alcohol, agua y m\u00e1s <br \/>Tratamiento de superficies: Impresi\u00f3n en huecograbado <br \/>Color: Puede imprimir hasta 13 colores <br \/>Mercados destinatarios: En todo el mundo<\/p>","protected":false},"featured_media":2005,"comment_status":"closed","ping_status":"closed","template":"","meta":{"_acf_changed":false},"flexible-packaging":[25,24],"solution":[66,38,67,51,37],"product_brand":[],"product_cat":[64,19,62,18],"product_tag":[],"class_list":{"0":"post-2001","1":"product","2":"type-product","3":"status-publish","4":"has-post-thumbnail","6":"flexible-packaging-custom-spout-pouch","7":"flexible-packaging-custom-stand-up-pouch","8":"solution-bpa-free","9":"solution-high-barrier","10":"solution-leak-proof","11":"solution-moisture-proof","12":"solution-puncture-resistance","13":"product_cat-food-powder-packaging-solutions","14":"product_cat-custom-beverage-packaging-solutions","15":"product_cat-custom-dairy-packaging","16":"product_cat-custom-food-packaging-solutions","18":"first","19":"instock","20":"shipping-taxable","21":"product-type-simple"},"acf":[],"_links":{"self":[{"href":"https:\/\/www.packagingofchina.com\/es\/wp-json\/wp\/v2\/product\/2001","targetHints":{"allow":["GET"]}}],"collection":[{"href":"https:\/\/www.packagingofchina.com\/es\/wp-json\/wp\/v2\/product"}],"about":[{"href":"https:\/\/www.packagingofchina.com\/es\/wp-json\/wp\/v2\/types\/product"}],"replies":[{"embeddable":true,"href":"https:\/\/www.packagingofchina.com\/es\/wp-json\/wp\/v2\/comments?post=2001"}],"wp:featuredmedia":[{"embeddable":true,"href":"https:\/\/www.packagingofchina.com\/es\/wp-json\/wp\/v2\/media\/2005"}],"wp:attachment":[{"href":"https:\/\/www.packagingofchina.com\/es\/wp-json\/wp\/v2\/media?parent=2001"}],"wp:term":[{"taxonomy":"flexible-packaging","embeddable":true,"href":"https:\/\/www.packagingofchina.com\/es\/wp-json\/wp\/v2\/flexible-packaging?post=2001"},{"taxonomy":"solution","embeddable":true,"href":"https:\/\/www.packagingofchina.com\/es\/wp-json\/wp\/v2\/solution?post=2001"},{"taxonomy":"product_brand","embeddable":true,"href":"https:\/\/www.packagingofchina.com\/es\/wp-json\/wp\/v2\/product_brand?post=2001"},{"taxonomy":"product_cat","embeddable":true,"href":"https:\/\/www.packagingofchina.com\/es\/wp-json\/wp\/v2\/product_cat?post=2001"},{"taxonomy":"product_tag","embeddable":true,"href":"https:\/\/www.packagingofchina.com\/es\/wp-json\/wp\/v2\/product_tag?post=2001"}],"curies":[{"name":"wp","href":"https:\/\/api.w.org\/{rel}","templated":true}]}}