{"id":2151,"date":"2025-08-01T18:02:00","date_gmt":"2025-08-01T18:02:00","guid":{"rendered":"https:\/\/www.packagingofchina.com\/?post_type=product&#038;p=2151"},"modified":"2025-08-01T18:02:01","modified_gmt":"2025-08-01T18:02:01","slug":"custom-coffee-bag-wholesale","status":"publish","type":"product","link":"https:\/\/www.packagingofchina.com\/es\/product\/custom-coffee-bag-wholesale\/","title":{"rendered":"Bolsa de caf\u00e9 de 8 lados con v\u00e1lvula de desgasificaci\u00f3n , 500g Stand Up Pouch"},"content":{"rendered":"<div class=\"wp-block-columns is-layout-flex wp-container-core-columns-is-layout-9d6595d7 wp-block-columns-is-layout-flex\">\n<div class=\"wp-block-column is-layout-flow wp-block-column-is-layout-flow\">\n<h3 class=\"wp-block-heading\">Caracter\u00edsticas de la bolsa de caf\u00e9 con cierre de 8 lados<\/h3>\n\n\n\n<ul class=\"wp-block-list\">\n<li><strong>Sellado tridimensional de ocho lados<\/strong> - Utiliza la tecnolog\u00eda de sellado de bordes mediante prensado en caliente de 8 lados, con un fuerte rendimiento de sellado, para evitar la oxidaci\u00f3n y la humedad del caf\u00e9.<\/li>\n\n\n\n<li><strong>Dise\u00f1o de v\u00e1lvula de escape unidireccional<\/strong> - La v\u00e1lvula de grado alimentario emite autom\u00e1ticamente di\u00f3xido de carbono mientras bloquea la entrada de ox\u00edgeno, manteniendo el caf\u00e9 fresco.<\/li>\n\n\n\n<li><strong>Material de papel de aluminio de alta barrera <\/strong>- La estructura compuesta multicapa evita eficazmente la humedad y la luz, prolongando la vida \u00fatil del caf\u00e9 hasta 12 meses.<\/li>\n\n\n\n<li><strong>Fondo de pie <\/strong>- El dise\u00f1o de la bolsa de pie ahorra espacio de exposici\u00f3n y mejora el efecto expositor en las estanter\u00edas.<\/li>\n\n\n\n<li><strong>Servicio totalmente personalizado<\/strong> - Custom Coffee Bag admite la personalizaci\u00f3n de tama\u00f1os (8-20oz), impresi\u00f3n y materiales respetuosos con el medio ambiente.<\/li>\n\n\n\n<li><strong>Certificaci\u00f3n internacional de seguridad <\/strong>- Ha superado las normas de contacto con alimentos de la FDA y cumple los requisitos de acceso al mercado en Europa y Am\u00e9rica.<\/li>\n<\/ul>\n<\/div>\n\n\n\n<div class=\"wp-block-column is-layout-flow wp-block-column-is-layout-flow\"><div class=\"wp-block-image\">\n<figure class=\"aligncenter size-full\"><img decoding=\"async\" width=\"1476\" height=\"1476\" src=\"https:\/\/www.packagingofchina.com\/wp-content\/uploads\/2025\/06\/Custom-Coffee-Bag-Factory-DQ-PACK.webp\" alt=\"F\u00e1brica de bolsas de caf\u00e9 personalizadas -DQ PACK\" class=\"wp-image-1914\" srcset=\"https:\/\/www.packagingofchina.com\/wp-content\/uploads\/2025\/06\/Custom-Coffee-Bag-Factory-DQ-PACK.webp 1476w, https:\/\/www.packagingofchina.com\/wp-content\/uploads\/2025\/06\/Custom-Coffee-Bag-Factory-DQ-PACK-300x300.webp 300w, https:\/\/www.packagingofchina.com\/wp-content\/uploads\/2025\/06\/Custom-Coffee-Bag-Factory-DQ-PACK-150x150.webp 150w, https:\/\/www.packagingofchina.com\/wp-content\/uploads\/2025\/06\/Custom-Coffee-Bag-Factory-DQ-PACK-768x768.webp 768w, https:\/\/www.packagingofchina.com\/wp-content\/uploads\/2025\/06\/Custom-Coffee-Bag-Factory-DQ-PACK-12x12.webp 12w, https:\/\/www.packagingofchina.com\/wp-content\/uploads\/2025\/06\/Custom-Coffee-Bag-Factory-DQ-PACK-1200x1200.webp 1200w, https:\/\/www.packagingofchina.com\/wp-content\/uploads\/2025\/06\/Custom-Coffee-Bag-Factory-DQ-PACK-600x600.webp 600w, https:\/\/www.packagingofchina.com\/wp-content\/uploads\/2025\/06\/Custom-Coffee-Bag-Factory-DQ-PACK-100x100.webp 100w\" sizes=\"(max-width: 1476px) 100vw, 1476px\" \/><figcaption class=\"wp-element-caption\">bolsas de caf\u00e9 personalizadas con v\u00e1lvula<\/figcaption><\/figure>\n<\/div><\/div>\n<\/div>\n\n\n\n<div class=\"wp-block-columns is-layout-flex wp-container-core-columns-is-layout-9d6595d7 wp-block-columns-is-layout-flex\">\n<div class=\"wp-block-column is-layout-flow wp-block-column-is-layout-flow\">\n<figure class=\"wp-block-image size-full\"><img decoding=\"async\" width=\"1476\" height=\"1476\" src=\"https:\/\/www.packagingofchina.com\/wp-content\/uploads\/2025\/07\/Custom-8-side-seal-coffee-bag-DQ-PACK-5.webp\" alt=\"Bolsa de caf\u00e9 personalizada con cierre por 8 lados - DQ PACK (5)\" class=\"wp-image-2153\" srcset=\"https:\/\/www.packagingofchina.com\/wp-content\/uploads\/2025\/07\/Custom-8-side-seal-coffee-bag-DQ-PACK-5.webp 1476w, https:\/\/www.packagingofchina.com\/wp-content\/uploads\/2025\/07\/Custom-8-side-seal-coffee-bag-DQ-PACK-5-300x300.webp 300w, https:\/\/www.packagingofchina.com\/wp-content\/uploads\/2025\/07\/Custom-8-side-seal-coffee-bag-DQ-PACK-5-150x150.webp 150w, https:\/\/www.packagingofchina.com\/wp-content\/uploads\/2025\/07\/Custom-8-side-seal-coffee-bag-DQ-PACK-5-768x768.webp 768w, https:\/\/www.packagingofchina.com\/wp-content\/uploads\/2025\/07\/Custom-8-side-seal-coffee-bag-DQ-PACK-5-12x12.webp 12w, https:\/\/www.packagingofchina.com\/wp-content\/uploads\/2025\/07\/Custom-8-side-seal-coffee-bag-DQ-PACK-5-1200x1200.webp 1200w, https:\/\/www.packagingofchina.com\/wp-content\/uploads\/2025\/07\/Custom-8-side-seal-coffee-bag-DQ-PACK-5-600x600.webp 600w, https:\/\/www.packagingofchina.com\/wp-content\/uploads\/2025\/07\/Custom-8-side-seal-coffee-bag-DQ-PACK-5-100x100.webp 100w\" sizes=\"(max-width: 1476px) 100vw, 1476px\" \/><\/figure>\n<\/div>\n\n\n\n<div class=\"wp-block-column is-layout-flow wp-block-column-is-layout-flow\">\n<figure class=\"wp-block-image size-full\"><img decoding=\"async\" width=\"1476\" height=\"1476\" src=\"https:\/\/www.packagingofchina.com\/wp-content\/uploads\/2025\/07\/Custom-8-side-seal-coffee-bag-DQ-PACK-6.webp\" alt=\"Bolsa de caf\u00e9 personalizada con cierre en 8 lados - DQ PACK (6)\" class=\"wp-image-2157\" srcset=\"https:\/\/www.packagingofchina.com\/wp-content\/uploads\/2025\/07\/Custom-8-side-seal-coffee-bag-DQ-PACK-6.webp 1476w, https:\/\/www.packagingofchina.com\/wp-content\/uploads\/2025\/07\/Custom-8-side-seal-coffee-bag-DQ-PACK-6-300x300.webp 300w, https:\/\/www.packagingofchina.com\/wp-content\/uploads\/2025\/07\/Custom-8-side-seal-coffee-bag-DQ-PACK-6-150x150.webp 150w, https:\/\/www.packagingofchina.com\/wp-content\/uploads\/2025\/07\/Custom-8-side-seal-coffee-bag-DQ-PACK-6-768x768.webp 768w, https:\/\/www.packagingofchina.com\/wp-content\/uploads\/2025\/07\/Custom-8-side-seal-coffee-bag-DQ-PACK-6-12x12.webp 12w, https:\/\/www.packagingofchina.com\/wp-content\/uploads\/2025\/07\/Custom-8-side-seal-coffee-bag-DQ-PACK-6-1200x1200.webp 1200w, https:\/\/www.packagingofchina.com\/wp-content\/uploads\/2025\/07\/Custom-8-side-seal-coffee-bag-DQ-PACK-6-600x600.webp 600w, https:\/\/www.packagingofchina.com\/wp-content\/uploads\/2025\/07\/Custom-8-side-seal-coffee-bag-DQ-PACK-6-100x100.webp 100w\" sizes=\"(max-width: 1476px) 100vw, 1476px\" \/><\/figure>\n<\/div>\n<\/div>\n\n\n\n<p><\/p>","protected":false},"excerpt":{"rendered":"<p>Nuestra <em data-start=\"17\" data-end=\"46\">bolsa de caf\u00e9 personalizada al por mayor<\/em> est\u00e1 dise\u00f1ado para caf\u00e9 de primera calidad con una estructura de sellado de 8 lados y una v\u00e1lvula unidireccional de calidad alimentaria para liberar CO2 y bloquear el ox\u00edgeno. El material compuesto de papel de aluminio evita la humedad y la luz, preservando el sabor fresco de su caf\u00e9. El dise\u00f1o de fondo vertical ahorra espacio en las estanter\u00edas, mientras que las impresiones personalizables y los materiales ecol\u00f3gicos satisfacen las necesidades funcionales y est\u00e9ticas de las marcas de caf\u00e9s especiales.<\/p>\n<h2>Par\u00e1metros de la bolsa de caf\u00e9 de 8 soldaduras laterales<\/h2>\n<p><strong>Material<\/strong>: PET\/PE, PET\/NY\/PE, PET\/AL\/NY\/PE, etc. <br \/><strong>Tipo de bolsa:<\/strong> Bolsa de fondo plano <br \/><strong>Talla<\/strong>:13.5*26.5cm + 7.5cm \/ A medida <br \/><strong>Pedido a medida<\/strong>: Aceptamos OEM y ODM <br \/><strong>Muestra gratuita<\/strong>: Soporte <br \/><strong>Utilizaci\u00f3n<\/strong>: Caf\u00e9 en grano, en polvo, aperitivos, frutos secos, caramelos, galletas, galletas de patata, chocolate, etc. <br \/><strong>Manipulaci\u00f3n de superficies<\/strong>: Impresi\u00f3n en huecograbado <br \/><strong>Color<\/strong>: Puede imprimir hasta en 13 colores <br \/><strong>Mercados destinatarios:<\/strong> En todo el mundo<\/p>","protected":false},"featured_media":2152,"comment_status":"closed","ping_status":"closed","template":"","meta":{"_acf_changed":false},"flexible-packaging":[26,28],"solution":[38,37],"product_brand":[],"product_cat":[72,18],"product_tag":[],"class_list":{"0":"post-2151","1":"product","2":"type-product","3":"status-publish","4":"has-post-thumbnail","6":"flexible-packaging-custom-flat-bottom-pouch","7":"flexible-packaging-custom-quad-seal-pouch","8":"solution-high-barrier","9":"solution-puncture-resistance","10":"product_cat-custom-coffee-packaging","11":"product_cat-custom-food-packaging-solutions","13":"first","14":"instock","15":"shipping-taxable","16":"product-type-simple"},"acf":[],"_links":{"self":[{"href":"https:\/\/www.packagingofchina.com\/es\/wp-json\/wp\/v2\/product\/2151","targetHints":{"allow":["GET"]}}],"collection":[{"href":"https:\/\/www.packagingofchina.com\/es\/wp-json\/wp\/v2\/product"}],"about":[{"href":"https:\/\/www.packagingofchina.com\/es\/wp-json\/wp\/v2\/types\/product"}],"replies":[{"embeddable":true,"href":"https:\/\/www.packagingofchina.com\/es\/wp-json\/wp\/v2\/comments?post=2151"}],"wp:featuredmedia":[{"embeddable":true,"href":"https:\/\/www.packagingofchina.com\/es\/wp-json\/wp\/v2\/media\/2152"}],"wp:attachment":[{"href":"https:\/\/www.packagingofchina.com\/es\/wp-json\/wp\/v2\/media?parent=2151"}],"wp:term":[{"taxonomy":"flexible-packaging","embeddable":true,"href":"https:\/\/www.packagingofchina.com\/es\/wp-json\/wp\/v2\/flexible-packaging?post=2151"},{"taxonomy":"solution","embeddable":true,"href":"https:\/\/www.packagingofchina.com\/es\/wp-json\/wp\/v2\/solution?post=2151"},{"taxonomy":"product_brand","embeddable":true,"href":"https:\/\/www.packagingofchina.com\/es\/wp-json\/wp\/v2\/product_brand?post=2151"},{"taxonomy":"product_cat","embeddable":true,"href":"https:\/\/www.packagingofchina.com\/es\/wp-json\/wp\/v2\/product_cat?post=2151"},{"taxonomy":"product_tag","embeddable":true,"href":"https:\/\/www.packagingofchina.com\/es\/wp-json\/wp\/v2\/product_tag?post=2151"}],"curies":[{"name":"wp","href":"https:\/\/api.w.org\/{rel}","templated":true}]}}