{"id":2211,"date":"2025-07-31T18:15:42","date_gmt":"2025-07-31T18:15:42","guid":{"rendered":"https:\/\/www.packagingofchina.com\/?post_type=product&#038;p=2211"},"modified":"2025-08-05T18:16:23","modified_gmt":"2025-08-05T18:16:23","slug":"jelly-spout-pouches-wholesale","status":"publish","type":"product","link":"https:\/\/www.packagingofchina.com\/es\/product\/jelly-spout-pouches-wholesale\/","title":{"rendered":"Bolsas de Gelatina con Logotipo Personalizado: Grado alimentario a prueba de fugas, recerrable"},"content":{"rendered":"<div class=\"wp-block-columns is-layout-flex wp-container-core-columns-is-layout-9d6595d7 wp-block-columns-is-layout-flex\">\n<div class=\"wp-block-column is-layout-flow wp-block-column-is-layout-flow\">\n<h3 class=\"wp-block-heading\">Caracter\u00edsticas de las bolsas de jalea personalizadas<\/h3>\n\n\n\n<p><strong>Materiales seguros para uso alimentario:<\/strong>\u00a0Se utilizan materiales sin BPA que cumplen las normas de la FDA para garantizar la seguridad y la conformidad de los envases de gelatina.<\/p>\n\n\n\n<p><strong>Dise\u00f1o de sellado a prueba de fugas: <\/strong>La precisa estructura de sellado combinada con una boquilla de succi\u00f3n resellable evita eficazmente las fugas de gelatina y prolonga la vida \u00fatil del producto.<\/p>\n\n\n\n<p><strong>Port\u00e1til y f\u00e1cil de usar: <\/strong>El dise\u00f1o ligero y flexible del cuerpo de la bolsa, combinado con las boquillas de succi\u00f3n de flujo controlable, es adecuado para un consumo c\u00f3modo en exteriores, ni\u00f1os y otros escenarios.<\/p>\n\n\n\n<p><strong>Gran claridad de impresi\u00f3n:<\/strong>&nbsp;Gracias a la tinta de calidad alimentaria y a la tecnolog\u00eda de impresi\u00f3n en huecograbado de alta definici\u00f3n, los colores de los motivos son plenos y los detalles n\u00edtidos, lo que ayuda a las marcas a mejorar el impacto visual de los estantes.<\/p>\n\n\n\n<p><strong>Altamente personalizado: <\/strong>admite la personalizaci\u00f3n del tama\u00f1o, la impresi\u00f3n, la capacidad, etc., para satisfacer las necesidades de envasado diferenciadas de las marcas.<\/p>\n\n\n\n<p><strong>Optimizaci\u00f3n de la log\u00edstica de almac\u00e9n:<\/strong>&nbsp;En comparaci\u00f3n con los contenedores r\u00edgidos, ahorra m\u00e1s de 50% de espacio de almacenamiento, reduce los costes de transporte y mejora la eficacia de la cadena de suministro.<\/p>\n<\/div>\n\n\n\n<div class=\"wp-block-column is-layout-flow wp-block-column-is-layout-flow\">\n<figure class=\"wp-block-image size-full\"><img decoding=\"async\" width=\"1476\" height=\"1476\" src=\"https:\/\/www.packagingofchina.com\/wp-content\/uploads\/2025\/08\/Custom-Jelly-Spout-Pouch-Manufacturer-DQ-PACK-1-1.webp\" alt=\"Bolsa de jalea personalizada Fabricante -DQ PACK (5) \" class=\"wp-image-2216\" srcset=\"https:\/\/www.packagingofchina.com\/wp-content\/uploads\/2025\/08\/Custom-Jelly-Spout-Pouch-Manufacturer-DQ-PACK-1-1.webp 1476w, https:\/\/www.packagingofchina.com\/wp-content\/uploads\/2025\/08\/Custom-Jelly-Spout-Pouch-Manufacturer-DQ-PACK-1-1-300x300.webp 300w, https:\/\/www.packagingofchina.com\/wp-content\/uploads\/2025\/08\/Custom-Jelly-Spout-Pouch-Manufacturer-DQ-PACK-1-1-150x150.webp 150w, https:\/\/www.packagingofchina.com\/wp-content\/uploads\/2025\/08\/Custom-Jelly-Spout-Pouch-Manufacturer-DQ-PACK-1-1-768x768.webp 768w, https:\/\/www.packagingofchina.com\/wp-content\/uploads\/2025\/08\/Custom-Jelly-Spout-Pouch-Manufacturer-DQ-PACK-1-1-12x12.webp 12w, https:\/\/www.packagingofchina.com\/wp-content\/uploads\/2025\/08\/Custom-Jelly-Spout-Pouch-Manufacturer-DQ-PACK-1-1-1200x1200.webp 1200w, https:\/\/www.packagingofchina.com\/wp-content\/uploads\/2025\/08\/Custom-Jelly-Spout-Pouch-Manufacturer-DQ-PACK-1-1-600x600.webp 600w, https:\/\/www.packagingofchina.com\/wp-content\/uploads\/2025\/08\/Custom-Jelly-Spout-Pouch-Manufacturer-DQ-PACK-1-1-100x100.webp 100w\" sizes=\"(max-width: 1476px) 100vw, 1476px\" \/><\/figure>\n<\/div>\n<\/div>","protected":false},"excerpt":{"rendered":"<p>Como <strong data-start=\"21\" data-end=\"62\">Mayorista de bolsas de gelatina a medida<\/strong>, Ofrecemos envases sin BPA, conformes con la FDA, con boquillas a prueba de fugas y dise\u00f1os port\u00e1tiles perfectos para ni\u00f1os y para su uso sobre la marcha. Con impresi\u00f3n en huecograbado de alta definici\u00f3n y opciones de personalizaci\u00f3n total en tama\u00f1o, capacidad y dise\u00f1o, nuestras bolsas mejoran el atractivo de las estanter\u00edas y ahorran m\u00e1s de 50% en costes de almacenamiento y log\u00edstica.<\/p>\n<h3>Par\u00e1metros de las bolsas de gelatina<\/h3>\n<p><strong>Material<\/strong>: PET\/AL\/NY\/PE, Personalizado<br \/><strong>Tipo de bolsa:<\/strong>\u00a0Bolsa con boquilla, Bolsa de pie<br \/><strong>Talla<\/strong>: 8.4*13cm + 5cm \/ Personalizado<br \/><strong>Espesor<\/strong>:103 micras<br \/><strong>Pedido a medida:<\/strong>\u00a0Aceptamos OEM y ODM<br \/><strong>Muestra gratis:<\/strong>\u00a0Ayuda<br \/><strong>Utilizaci\u00f3n<\/strong>: Productos l\u00e1cteos, zumos, agua, leche, aceite comestible, etc.<br \/><strong>Manipulaci\u00f3n de superficies<\/strong>: Impresi\u00f3n en huecograbado<br \/><strong>Color<\/strong>: Puede imprimir hasta en 13 colores<br \/><strong>Mercados destinatarios<\/strong>: En todo el mundo \u00a0<\/p>\n<p>&nbsp;<\/p>","protected":false},"featured_media":2213,"comment_status":"closed","ping_status":"closed","template":"","meta":{"_acf_changed":false},"flexible-packaging":[25],"solution":[66,67,37,33],"product_brand":[],"product_cat":[49,19],"product_tag":[],"class_list":{"0":"post-2211","1":"product","2":"type-product","3":"status-publish","4":"has-post-thumbnail","6":"flexible-packaging-custom-spout-pouch","7":"solution-bpa-free","8":"solution-leak-proof","9":"solution-puncture-resistance","10":"solution-resist-high-temperature","11":"product_cat-juice-packaging-wholesale","12":"product_cat-custom-beverage-packaging-solutions","14":"first","15":"instock","16":"shipping-taxable","17":"product-type-simple"},"acf":[],"_links":{"self":[{"href":"https:\/\/www.packagingofchina.com\/es\/wp-json\/wp\/v2\/product\/2211","targetHints":{"allow":["GET"]}}],"collection":[{"href":"https:\/\/www.packagingofchina.com\/es\/wp-json\/wp\/v2\/product"}],"about":[{"href":"https:\/\/www.packagingofchina.com\/es\/wp-json\/wp\/v2\/types\/product"}],"replies":[{"embeddable":true,"href":"https:\/\/www.packagingofchina.com\/es\/wp-json\/wp\/v2\/comments?post=2211"}],"wp:featuredmedia":[{"embeddable":true,"href":"https:\/\/www.packagingofchina.com\/es\/wp-json\/wp\/v2\/media\/2213"}],"wp:attachment":[{"href":"https:\/\/www.packagingofchina.com\/es\/wp-json\/wp\/v2\/media?parent=2211"}],"wp:term":[{"taxonomy":"flexible-packaging","embeddable":true,"href":"https:\/\/www.packagingofchina.com\/es\/wp-json\/wp\/v2\/flexible-packaging?post=2211"},{"taxonomy":"solution","embeddable":true,"href":"https:\/\/www.packagingofchina.com\/es\/wp-json\/wp\/v2\/solution?post=2211"},{"taxonomy":"product_brand","embeddable":true,"href":"https:\/\/www.packagingofchina.com\/es\/wp-json\/wp\/v2\/product_brand?post=2211"},{"taxonomy":"product_cat","embeddable":true,"href":"https:\/\/www.packagingofchina.com\/es\/wp-json\/wp\/v2\/product_cat?post=2211"},{"taxonomy":"product_tag","embeddable":true,"href":"https:\/\/www.packagingofchina.com\/es\/wp-json\/wp\/v2\/product_tag?post=2211"}],"curies":[{"name":"wp","href":"https:\/\/api.w.org\/{rel}","templated":true}]}}