{"id":2583,"date":"2025-09-29T09:35:57","date_gmt":"2025-09-29T09:35:57","guid":{"rendered":"https:\/\/www.packagingofchina.com\/?post_type=product&#038;p=2583"},"modified":"2025-09-29T09:36:52","modified_gmt":"2025-09-29T09:36:52","slug":"custom-automatic-packaging-film","status":"publish","type":"product","link":"https:\/\/www.packagingofchina.com\/es\/product\/custom-automatic-packaging-film\/","title":{"rendered":"Rollo de film de envasado autom\u00e1tico de alta barrera para pasta de tomate, material duradero de calidad alimentaria"},"content":{"rendered":"<div class=\"wp-block-columns is-layout-flex wp-container-core-columns-is-layout-9d6595d7 wp-block-columns-is-layout-flex\">\n<div class=\"wp-block-column is-layout-flow wp-block-column-is-layout-flow\">\n<h3 class=\"wp-block-heading\">Film de envasado autom\u00e1tico de alta barrera Caracter\u00edsticas: <\/h3>\n\n\n\n<p><strong>Alto rendimiento de barrera:<\/strong>&nbsp;impide eficazmente la penetraci\u00f3n del ox\u00edgeno, la humedad y la luz, prolongando la vida \u00fatil de la salsa de tomate.<\/p>\n\n\n\n<p><strong>Material apto para uso alimentario: <\/strong>Cumple las normas internacionales sobre contacto con alimentos para garantizar la seguridad del producto sin contaminaci\u00f3n.<\/p>\n\n\n\n<p><strong>Adecuado para equipos de automatizaci\u00f3n:<\/strong>&nbsp;especialmente dise\u00f1ado para m\u00e1quinas autom\u00e1ticas de llenado y sellado, con una gran compatibilidad y una elevada eficacia de envasado.<\/p>\n\n\n\n<p><strong>Gran resistencia al sellado a altas temperaturas: <\/strong>admite el sellado t\u00e9rmico a alta temperatura, y el sellado es firme y no es f\u00e1cil que se produzcan fugas.<\/p>\n\n\n\n<p><strong>Servicios de impresi\u00f3n personalizados:<\/strong>&nbsp;Podemos ofrecer un dise\u00f1o exclusivo de marca para mejorar el reconocimiento del producto en el mercado.<\/p>\n\n\n\n<p><strong>Alta resistencia mec\u00e1nica:<\/strong>&nbsp;resistentes al estiramiento y la perforaci\u00f3n, lo que garantiza procesos de transporte y almacenamiento seguros y fiables.<\/p>\n\n\n\n<p><strong>Estructura compuesta multicapa:<\/strong>&nbsp;Mejora las propiedades f\u00edsicas y el efecto de conservaci\u00f3n, adecuado para el transporte a larga distancia y el almacenamiento a largo plazo.<\/p>\n<\/div>\n\n\n\n<div class=\"wp-block-column is-layout-flow wp-block-column-is-layout-flow\">\n<figure class=\"wp-block-image size-full\"><img decoding=\"async\" width=\"3024\" height=\"4032\" src=\"https:\/\/www.packagingofchina.com\/wp-content\/uploads\/2025\/09\/High-Barrier-Automatic-Packaging-Film-Roll-Manufacturer-DQ-PACK-2.webp\" alt=\"Fabricante autom\u00e1tico de rollos de film de envasado de alta barrera- DQ PACK (2)\" class=\"wp-image-2585\" srcset=\"https:\/\/www.packagingofchina.com\/wp-content\/uploads\/2025\/09\/High-Barrier-Automatic-Packaging-Film-Roll-Manufacturer-DQ-PACK-2.webp 3024w, https:\/\/www.packagingofchina.com\/wp-content\/uploads\/2025\/09\/High-Barrier-Automatic-Packaging-Film-Roll-Manufacturer-DQ-PACK-2-225x300.webp 225w, https:\/\/www.packagingofchina.com\/wp-content\/uploads\/2025\/09\/High-Barrier-Automatic-Packaging-Film-Roll-Manufacturer-DQ-PACK-2-768x1024.webp 768w, https:\/\/www.packagingofchina.com\/wp-content\/uploads\/2025\/09\/High-Barrier-Automatic-Packaging-Film-Roll-Manufacturer-DQ-PACK-2-9x12.webp 9w, https:\/\/www.packagingofchina.com\/wp-content\/uploads\/2025\/09\/High-Barrier-Automatic-Packaging-Film-Roll-Manufacturer-DQ-PACK-2-1200x1600.webp 1200w, https:\/\/www.packagingofchina.com\/wp-content\/uploads\/2025\/09\/High-Barrier-Automatic-Packaging-Film-Roll-Manufacturer-DQ-PACK-2-600x800.webp 600w\" sizes=\"(max-width: 3024px) 100vw, 3024px\" \/><\/figure>\n<\/div>\n<\/div>\n\n\n\n<figure class=\"wp-block-image size-full\"><img decoding=\"async\" width=\"1268\" height=\"454\" src=\"https:\/\/www.packagingofchina.com\/wp-content\/uploads\/2025\/09\/Custom-Packaging-materials-DQ-PACK.webp\" alt=\"Materiales de embalaje a medida - DQ PACK\" class=\"wp-image-2553\" srcset=\"https:\/\/www.packagingofchina.com\/wp-content\/uploads\/2025\/09\/Custom-Packaging-materials-DQ-PACK.webp 1268w, https:\/\/www.packagingofchina.com\/wp-content\/uploads\/2025\/09\/Custom-Packaging-materials-DQ-PACK-300x107.webp 300w, https:\/\/www.packagingofchina.com\/wp-content\/uploads\/2025\/09\/Custom-Packaging-materials-DQ-PACK-768x275.webp 768w, https:\/\/www.packagingofchina.com\/wp-content\/uploads\/2025\/09\/Custom-Packaging-materials-DQ-PACK-18x6.webp 18w, https:\/\/www.packagingofchina.com\/wp-content\/uploads\/2025\/09\/Custom-Packaging-materials-DQ-PACK-1200x430.webp 1200w, https:\/\/www.packagingofchina.com\/wp-content\/uploads\/2025\/09\/Custom-Packaging-materials-DQ-PACK-600x215.webp 600w\" sizes=\"(max-width: 1268px) 100vw, 1268px\" \/><\/figure>","protected":false},"excerpt":{"rendered":"<p>Film de envasado autom\u00e1tico de alta barrera, fabricado con material de calidad alimentaria, adecuado para el envasado autom\u00e1tico de llenado y sellado de salsa de tomate y diversas salsas. Admite impresi\u00f3n personalizada, resistencia a altas temperaturas, sellado y resistencia a la humedad, prolonga la vida \u00fatil del producto y mejora la eficiencia de la automatizaci\u00f3n del envasado. \u00a0<\/p>\n<h2>Envasado autom\u00e1tico Par\u00e1metros del film:\u00a0<\/h2>\n<ul>\n<li><strong>Material:<\/strong> PET+AL+NY \/ A medida <\/li>\n<li><strong>Grosor:<\/strong> 10 C <\/li>\n<li><strong>Tipo de bolsa:<\/strong> Auto Roll Film, <a href=\"https:\/\/www.packagingofchina.com\/es\/flexible-packaging\/custom-roll-stock-film\/\"><strong>Pel\u00edcula en rollo<\/strong><\/a><\/li>\n<li><strong>Tama\u00f1o:<\/strong> A medida <\/li>\n<li><strong>Pedido a medida:<\/strong> Aceptamos OEM y ODM <\/li>\n<li><strong>Muestra gratis:<\/strong> Ayuda <\/li>\n<li><strong>Uso:<\/strong> Ketchup, Condimento, Comida Hinchada, Jerky, Snack, Comida para Mascotas, Caramelos, Galletas y mucho m\u00e1s. <\/li>\n<li><strong>Manipulaci\u00f3n en superficie:<\/strong> Impresi\u00f3n en huecograbado <\/li>\n<li><strong>Color:<\/strong> Puede imprimir hasta en 13 colores <\/li>\n<li><strong>Mercados destinatarios:<\/strong> En todo el mundo<\/li>\n<\/ul>","protected":false},"featured_media":2589,"comment_status":"closed","ping_status":"closed","template":"","meta":{"_acf_changed":false},"flexible-packaging":[32],"solution":[66,38,67,51,36,37],"product_brand":[],"product_cat":[18,60],"product_tag":[],"class_list":{"0":"post-2583","1":"product","2":"type-product","3":"status-publish","4":"has-post-thumbnail","6":"flexible-packaging-custom-roll-stock-film","7":"solution-bpa-free","8":"solution-high-barrier","9":"solution-leak-proof","10":"solution-moisture-proof","11":"solution-oil-resistance","12":"solution-puncture-resistance","13":"product_cat-custom-food-packaging-solutions","14":"product_cat-condiment-packaging-company","16":"first","17":"instock","18":"shipping-taxable","19":"product-type-simple"},"acf":[],"_links":{"self":[{"href":"https:\/\/www.packagingofchina.com\/es\/wp-json\/wp\/v2\/product\/2583","targetHints":{"allow":["GET"]}}],"collection":[{"href":"https:\/\/www.packagingofchina.com\/es\/wp-json\/wp\/v2\/product"}],"about":[{"href":"https:\/\/www.packagingofchina.com\/es\/wp-json\/wp\/v2\/types\/product"}],"replies":[{"embeddable":true,"href":"https:\/\/www.packagingofchina.com\/es\/wp-json\/wp\/v2\/comments?post=2583"}],"wp:featuredmedia":[{"embeddable":true,"href":"https:\/\/www.packagingofchina.com\/es\/wp-json\/wp\/v2\/media\/2589"}],"wp:attachment":[{"href":"https:\/\/www.packagingofchina.com\/es\/wp-json\/wp\/v2\/media?parent=2583"}],"wp:term":[{"taxonomy":"flexible-packaging","embeddable":true,"href":"https:\/\/www.packagingofchina.com\/es\/wp-json\/wp\/v2\/flexible-packaging?post=2583"},{"taxonomy":"solution","embeddable":true,"href":"https:\/\/www.packagingofchina.com\/es\/wp-json\/wp\/v2\/solution?post=2583"},{"taxonomy":"product_brand","embeddable":true,"href":"https:\/\/www.packagingofchina.com\/es\/wp-json\/wp\/v2\/product_brand?post=2583"},{"taxonomy":"product_cat","embeddable":true,"href":"https:\/\/www.packagingofchina.com\/es\/wp-json\/wp\/v2\/product_cat?post=2583"},{"taxonomy":"product_tag","embeddable":true,"href":"https:\/\/www.packagingofchina.com\/es\/wp-json\/wp\/v2\/product_tag?post=2583"}],"curies":[{"name":"wp","href":"https:\/\/api.w.org\/{rel}","templated":true}]}}