{"id":2832,"date":"2025-11-08T02:10:13","date_gmt":"2025-11-08T02:10:13","guid":{"rendered":"https:\/\/www.packagingofchina.com\/?post_type=product&#038;p=2832"},"modified":"2025-11-08T02:10:15","modified_gmt":"2025-11-08T02:10:15","slug":"potato-chips-snack-packaging-film","status":"publish","type":"product","link":"https:\/\/www.packagingofchina.com\/es\/product\/potato-chips-snack-packaging-film\/","title":{"rendered":"Pel\u00edcula de empaque para papas fritas, bolsa de pl\u00e1stico compuesto para alimentos, f\u00e1brica de pel\u00edcula pl\u00e1stica"},"content":{"rendered":"<div class=\"wp-block-columns is-layout-flex wp-container-core-columns-is-layout-9d6595d7 wp-block-columns-is-layout-flex\">\n<div class=\"wp-block-column is-layout-flow wp-block-column-is-layout-flow\">\n<h3 class=\"wp-block-heading\">Caracter\u00edsticas de la pel\u00edcula personalizada para envasado de patatas fritas y aperitivos<\/h3>\n\n\n\n<ul class=\"wp-block-list\">\n<li><strong>Protecci\u00f3n de alta barrera:<\/strong> Incluso durante el almacenamiento a largo plazo, la pel\u00edcula de envasado de aperitivos puede bloquear eficazmente el ox\u00edgeno y la humedad, manteniendo las patatas fritas frescas y crujientes.<\/li>\n\n\n\n<li><strong>Seguridad alimentaria: <\/strong> utiliza materiales certificados por la FDA y la UE que han superado un umbral de contacto muy elevado y garantizan que todas las pel\u00edculas personalizadas para envasado de aperitivos de patatas fritas ofrezcan una calidad fiable.<\/li>\n\n\n\n<li><strong>Opci\u00f3n de impresi\u00f3n personalizada<\/strong>: Impresi\u00f3n en huecograbado, se pueden imprimir hasta 13 colores; El dise\u00f1o de alta definici\u00f3n har\u00e1 que su marca sea m\u00e1s notoria para promover las ventas en el estante.<\/li>\n\n\n\n<li><strong>Alto rendimiento de sellado: <\/strong>evitan las fugas, prolongan la vida \u00fatil y estabilizan el transporte; no aparecer\u00e1n da\u00f1os durante el transporte, que es producido por una f\u00e1brica profesional de pel\u00edculas laminadas de pl\u00e1stico.<\/li>\n\n\n\n<li><strong>Estructura laminada flexible: <\/strong>Capa compuesta ligera y duradera, que puede aplicarse a diversas m\u00e1quinas de envasado de aperitivos. Es f\u00e1cil de usar.<\/li>\n\n\n\n<li><strong>Utiliza materiales ecol\u00f3gicos:<\/strong> la f\u00e1brica DQ PACK dispone de una selecci\u00f3n opcional de film reciclable y sostenible teniendo en cuenta el medio ambiente.<\/li>\n<\/ul>\n<\/div>\n\n\n\n<div class=\"wp-block-column is-layout-flow wp-block-column-is-layout-flow\">\n<figure class=\"wp-block-image size-full\"><img decoding=\"async\" width=\"1476\" height=\"1476\" src=\"https:\/\/www.packagingofchina.com\/wp-content\/uploads\/2025\/11\/Custom-Potato-Chips-Snack-Packaging-Film-Factory-DQ-PACK-3.webp\" alt=\"F\u00e1brica de film para envasado de patatas fritas -DQ PACK (3)\" class=\"wp-image-2834\" srcset=\"https:\/\/www.packagingofchina.com\/wp-content\/uploads\/2025\/11\/Custom-Potato-Chips-Snack-Packaging-Film-Factory-DQ-PACK-3.webp 1476w, https:\/\/www.packagingofchina.com\/wp-content\/uploads\/2025\/11\/Custom-Potato-Chips-Snack-Packaging-Film-Factory-DQ-PACK-3-300x300.webp 300w, https:\/\/www.packagingofchina.com\/wp-content\/uploads\/2025\/11\/Custom-Potato-Chips-Snack-Packaging-Film-Factory-DQ-PACK-3-150x150.webp 150w, https:\/\/www.packagingofchina.com\/wp-content\/uploads\/2025\/11\/Custom-Potato-Chips-Snack-Packaging-Film-Factory-DQ-PACK-3-768x768.webp 768w, https:\/\/www.packagingofchina.com\/wp-content\/uploads\/2025\/11\/Custom-Potato-Chips-Snack-Packaging-Film-Factory-DQ-PACK-3-12x12.webp 12w, https:\/\/www.packagingofchina.com\/wp-content\/uploads\/2025\/11\/Custom-Potato-Chips-Snack-Packaging-Film-Factory-DQ-PACK-3-1200x1200.webp 1200w, https:\/\/www.packagingofchina.com\/wp-content\/uploads\/2025\/11\/Custom-Potato-Chips-Snack-Packaging-Film-Factory-DQ-PACK-3-600x600.webp 600w, https:\/\/www.packagingofchina.com\/wp-content\/uploads\/2025\/11\/Custom-Potato-Chips-Snack-Packaging-Film-Factory-DQ-PACK-3-100x100.webp 100w\" sizes=\"(max-width: 1476px) 100vw, 1476px\" \/><\/figure>\n<\/div>\n<\/div>\n\n\n\n<div class=\"wp-block-columns is-layout-flex wp-container-core-columns-is-layout-9d6595d7 wp-block-columns-is-layout-flex\">\n<div class=\"wp-block-column is-layout-flow wp-block-column-is-layout-flow\">\n<figure class=\"wp-block-image size-full\"><img decoding=\"async\" width=\"1476\" height=\"1476\" src=\"https:\/\/www.packagingofchina.com\/wp-content\/uploads\/2025\/11\/Custom-Potato-Chips-Snack-Packaging-Film-Factory-DQ-PACK-1.webp\" alt=\"F\u00e1brica de film para envasar patatas fritas a medida -DQ PACK (1)\" class=\"wp-image-2833\" srcset=\"https:\/\/www.packagingofchina.com\/wp-content\/uploads\/2025\/11\/Custom-Potato-Chips-Snack-Packaging-Film-Factory-DQ-PACK-1.webp 1476w, https:\/\/www.packagingofchina.com\/wp-content\/uploads\/2025\/11\/Custom-Potato-Chips-Snack-Packaging-Film-Factory-DQ-PACK-1-300x300.webp 300w, https:\/\/www.packagingofchina.com\/wp-content\/uploads\/2025\/11\/Custom-Potato-Chips-Snack-Packaging-Film-Factory-DQ-PACK-1-150x150.webp 150w, https:\/\/www.packagingofchina.com\/wp-content\/uploads\/2025\/11\/Custom-Potato-Chips-Snack-Packaging-Film-Factory-DQ-PACK-1-768x768.webp 768w, https:\/\/www.packagingofchina.com\/wp-content\/uploads\/2025\/11\/Custom-Potato-Chips-Snack-Packaging-Film-Factory-DQ-PACK-1-12x12.webp 12w, https:\/\/www.packagingofchina.com\/wp-content\/uploads\/2025\/11\/Custom-Potato-Chips-Snack-Packaging-Film-Factory-DQ-PACK-1-1200x1200.webp 1200w, https:\/\/www.packagingofchina.com\/wp-content\/uploads\/2025\/11\/Custom-Potato-Chips-Snack-Packaging-Film-Factory-DQ-PACK-1-600x600.webp 600w, https:\/\/www.packagingofchina.com\/wp-content\/uploads\/2025\/11\/Custom-Potato-Chips-Snack-Packaging-Film-Factory-DQ-PACK-1-100x100.webp 100w\" sizes=\"(max-width: 1476px) 100vw, 1476px\" \/><\/figure>\n<\/div>\n\n\n\n<div class=\"wp-block-column is-layout-flow wp-block-column-is-layout-flow\">\n<figure class=\"wp-block-image size-full\"><img decoding=\"async\" width=\"1476\" height=\"1476\" src=\"https:\/\/www.packagingofchina.com\/wp-content\/uploads\/2025\/11\/Custom-Potato-Chips-Snack-Packaging-Film-Factory-DQ-PACK-4.webp\" alt=\"F\u00e1brica de film para envasar patatas fritas a medida -DQ PACK (4)\" class=\"wp-image-2837\" srcset=\"https:\/\/www.packagingofchina.com\/wp-content\/uploads\/2025\/11\/Custom-Potato-Chips-Snack-Packaging-Film-Factory-DQ-PACK-4.webp 1476w, https:\/\/www.packagingofchina.com\/wp-content\/uploads\/2025\/11\/Custom-Potato-Chips-Snack-Packaging-Film-Factory-DQ-PACK-4-300x300.webp 300w, https:\/\/www.packagingofchina.com\/wp-content\/uploads\/2025\/11\/Custom-Potato-Chips-Snack-Packaging-Film-Factory-DQ-PACK-4-150x150.webp 150w, https:\/\/www.packagingofchina.com\/wp-content\/uploads\/2025\/11\/Custom-Potato-Chips-Snack-Packaging-Film-Factory-DQ-PACK-4-768x768.webp 768w, https:\/\/www.packagingofchina.com\/wp-content\/uploads\/2025\/11\/Custom-Potato-Chips-Snack-Packaging-Film-Factory-DQ-PACK-4-12x12.webp 12w, https:\/\/www.packagingofchina.com\/wp-content\/uploads\/2025\/11\/Custom-Potato-Chips-Snack-Packaging-Film-Factory-DQ-PACK-4-1200x1200.webp 1200w, https:\/\/www.packagingofchina.com\/wp-content\/uploads\/2025\/11\/Custom-Potato-Chips-Snack-Packaging-Film-Factory-DQ-PACK-4-600x600.webp 600w, https:\/\/www.packagingofchina.com\/wp-content\/uploads\/2025\/11\/Custom-Potato-Chips-Snack-Packaging-Film-Factory-DQ-PACK-4-100x100.webp 100w\" sizes=\"(max-width: 1476px) 100vw, 1476px\" \/><\/figure>\n<\/div>\n<\/div>","protected":false},"excerpt":{"rendered":"<p>El film DQ PACK para el envasado de patatas fritas snack est\u00e1 fabricado con materiales laminados de alta barrera que garantizan la frescura y una vida \u00fatil prolongada. Como l\u00edder <strong data-start=\"219\" data-end=\"252\">f\u00e1brica de film laminado de pl\u00e1stico<\/strong>, Suministramos rollos de bolsas impresas resistentes a la humedad con un sellado resistente y una calidad de impresi\u00f3n viva. Perfectos para fabricantes de patatas fritas que buscan soluciones profesionales de envasado personalizadas.<br data-start=\"425\" data-end=\"428\" \/>Precio de f\u00e1brica al por mayor - p\u00f3ngase en contacto con nosotros <strong data-start=\"479\" data-end=\"495\">muestras gratuitas<\/strong> y <strong data-start=\"500\" data-end=\"519\">Asistencia OEM\/ODM<\/strong> \u00a1hoy!<\/p>\n<h2>Par\u00e1metros de la pel\u00edcula de envasado de aperitivos de patatas fritas personalizadas:<\/h2>\n<ul>\n<li><strong>Material:<\/strong> BOPP+VMPET+CPP \/ A medida <\/li>\n<li><strong>Tipo de bolsa:<\/strong> Auto Roll Film <\/li>\n<li><strong>Tama\u00f1o:<\/strong> A medida <\/li>\n<li><strong>Pedido a medida:<\/strong> Aceptamos OEM y ODM <\/li>\n<li><strong>Muestra gratis:<\/strong> Ayuda <\/li>\n<li><strong>Uso:<\/strong> Comida inflada, Jerky, Snack, Fruta deshidratada, Comida para mascotas, Caramelos, Galletas y mucho m\u00e1s. <\/li>\n<li><strong>Manipulaci\u00f3n en superficie:<\/strong> Impresi\u00f3n en huecograbado <\/li>\n<li><strong>Color:<\/strong> Puede imprimir hasta en 13 colores <\/li>\n<li><strong>Mercados destinatarios:<\/strong> En todo el mundo<\/li>\n<\/ul>","protected":false},"featured_media":2837,"comment_status":"closed","ping_status":"closed","template":"","meta":{"_acf_changed":false},"flexible-packaging":[32],"solution":[66,38,67,51,36,37],"product_brand":[],"product_cat":[18,52],"product_tag":[],"class_list":{"0":"post-2832","1":"product","2":"type-product","3":"status-publish","4":"has-post-thumbnail","6":"flexible-packaging-custom-roll-stock-film","7":"solution-bpa-free","8":"solution-high-barrier","9":"solution-leak-proof","10":"solution-moisture-proof","11":"solution-oil-resistance","12":"solution-puncture-resistance","13":"product_cat-custom-food-packaging-solutions","14":"product_cat-custom-snack-packaging","16":"first","17":"instock","18":"shipping-taxable","19":"product-type-simple"},"acf":[],"_links":{"self":[{"href":"https:\/\/www.packagingofchina.com\/es\/wp-json\/wp\/v2\/product\/2832","targetHints":{"allow":["GET"]}}],"collection":[{"href":"https:\/\/www.packagingofchina.com\/es\/wp-json\/wp\/v2\/product"}],"about":[{"href":"https:\/\/www.packagingofchina.com\/es\/wp-json\/wp\/v2\/types\/product"}],"replies":[{"embeddable":true,"href":"https:\/\/www.packagingofchina.com\/es\/wp-json\/wp\/v2\/comments?post=2832"}],"wp:featuredmedia":[{"embeddable":true,"href":"https:\/\/www.packagingofchina.com\/es\/wp-json\/wp\/v2\/media\/2837"}],"wp:attachment":[{"href":"https:\/\/www.packagingofchina.com\/es\/wp-json\/wp\/v2\/media?parent=2832"}],"wp:term":[{"taxonomy":"flexible-packaging","embeddable":true,"href":"https:\/\/www.packagingofchina.com\/es\/wp-json\/wp\/v2\/flexible-packaging?post=2832"},{"taxonomy":"solution","embeddable":true,"href":"https:\/\/www.packagingofchina.com\/es\/wp-json\/wp\/v2\/solution?post=2832"},{"taxonomy":"product_brand","embeddable":true,"href":"https:\/\/www.packagingofchina.com\/es\/wp-json\/wp\/v2\/product_brand?post=2832"},{"taxonomy":"product_cat","embeddable":true,"href":"https:\/\/www.packagingofchina.com\/es\/wp-json\/wp\/v2\/product_cat?post=2832"},{"taxonomy":"product_tag","embeddable":true,"href":"https:\/\/www.packagingofchina.com\/es\/wp-json\/wp\/v2\/product_tag?post=2832"}],"curies":[{"name":"wp","href":"https:\/\/api.w.org\/{rel}","templated":true}]}}