{"id":3181,"date":"2026-01-05T01:45:38","date_gmt":"2026-01-05T01:45:38","guid":{"rendered":"https:\/\/www.packagingofchina.com\/?post_type=product&#038;p=3181"},"modified":"2026-01-05T01:45:39","modified_gmt":"2026-01-05T01:45:39","slug":"wholesale-laundry-detergent-bag","status":"publish","type":"product","link":"https:\/\/www.packagingofchina.com\/es\/product\/wholesale-laundry-detergent-bag\/","title":{"rendered":"Venta al por mayor de detergente de lavander\u00eda bolsa de f\u00e1brica, 1.8KG bolsas de recarga reciclables para el envasado de l\u00edquidos"},"content":{"rendered":"<div class=\"wp-block-columns is-layout-flex wp-container-core-columns-is-layout-9d6595d7 wp-block-columns-is-layout-flex\">\n<div class=\"wp-block-column is-layout-flow wp-block-column-is-layout-flow\">\n<h2 class=\"wp-block-heading\">Bolsa de detergente al por mayor Caracter\u00edsticas<\/h2>\n\n\n\n<p><strong>Cuantificaci\u00f3n precisa - A prueba de fugas y duradero<\/strong>: El pico se abre y se cierra suavemente con un fuerte rendimiento de sellado, evitando eficazmente las fugas. Dise\u00f1ada por una experimentada f\u00e1brica de bolsas con boquilla, esta bolsa de detergente para ropa al por mayor permite un control preciso de la salida de l\u00edquido para reducir los residuos y el desperdicio, por lo que es ideal para productos de lavado de alta concentraci\u00f3n.<\/p>\n\n\n\n<p><strong>Se mantiene firme - Ahorra espacio<\/strong>: El soporte inferior reforzado permite que la bolsa se mantenga en posici\u00f3n vertical tras el llenado, lo que mejora la exposici\u00f3n en los estantes y la eficacia del almacenamiento dom\u00e9stico. Como bolsa de detergente al por mayor que ahorra espacio, la estructura plana de pie mejora significativamente el almacenamiento y la utilizaci\u00f3n del transporte.<\/p>\n\n\n\n<p><strong>F\u00e1cil de exprimir - Experiencia de cero residuos<\/strong>: El cuerpo blando de la bolsa es f\u00e1cil de apretar, lo que permite vaciar por completo incluso los l\u00edquidos de alta viscosidad sin necesidad de verter o cortar repetidamente. Este dise\u00f1o f\u00e1cil de usar refleja la experiencia pr\u00e1ctica de una f\u00e1brica profesional de bolsas con boquilla.<\/p>\n\n\n\n<p><strong>Compatible con el llenado autom\u00e1tico de alta velocidad<\/strong>: La estructura de la bolsa est\u00e1 dise\u00f1ada para adaptarse a los principales equipos de llenado autom\u00e1tico, lo que permite satisfacer los requisitos de producci\u00f3n a gran escala y de alta eficacia.<\/p>\n\n\n\n<p><strong>Totalmente personalizable<\/strong>: Como f\u00e1brica fiable de bolsas con boquilla, ofrecemos soluciones OEM\/ODM y de marca blanca, con m\u00faltiples opciones de tama\u00f1o e impresi\u00f3n a todo color para ayudar a las marcas a crear un fuerte impacto en los estantes con envases personalizados al por mayor para detergentes.<\/p>\n<\/div>\n\n\n\n<div class=\"wp-block-column is-layout-flow wp-block-column-is-layout-flow\">\n<figure class=\"wp-block-image size-full\"><img decoding=\"async\" width=\"2269\" height=\"1794\" src=\"https:\/\/www.packagingofchina.com\/wp-content\/uploads\/2025\/12\/Custom-Spout-Pouch-for-Laundry-Detergent-Packaging-Manufacturer-DQ-PACK-4.webp\" alt=\"Bolsa con boquilla personalizada para el envasado de detergente para ropa - DQ PACK (4)\" class=\"wp-image-3186\" srcset=\"https:\/\/www.packagingofchina.com\/wp-content\/uploads\/2025\/12\/Custom-Spout-Pouch-for-Laundry-Detergent-Packaging-Manufacturer-DQ-PACK-4.webp 2269w, https:\/\/www.packagingofchina.com\/wp-content\/uploads\/2025\/12\/Custom-Spout-Pouch-for-Laundry-Detergent-Packaging-Manufacturer-DQ-PACK-4-300x237.webp 300w, https:\/\/www.packagingofchina.com\/wp-content\/uploads\/2025\/12\/Custom-Spout-Pouch-for-Laundry-Detergent-Packaging-Manufacturer-DQ-PACK-4-768x607.webp 768w, https:\/\/www.packagingofchina.com\/wp-content\/uploads\/2025\/12\/Custom-Spout-Pouch-for-Laundry-Detergent-Packaging-Manufacturer-DQ-PACK-4-15x12.webp 15w, https:\/\/www.packagingofchina.com\/wp-content\/uploads\/2025\/12\/Custom-Spout-Pouch-for-Laundry-Detergent-Packaging-Manufacturer-DQ-PACK-4-1200x949.webp 1200w, https:\/\/www.packagingofchina.com\/wp-content\/uploads\/2025\/12\/Custom-Spout-Pouch-for-Laundry-Detergent-Packaging-Manufacturer-DQ-PACK-4-600x474.webp 600w\" sizes=\"(max-width: 2269px) 100vw, 2269px\" \/><\/figure>\n<\/div>\n<\/div>\n\n\n\n<p><\/p>","protected":false},"excerpt":{"rendered":"<p>Dise\u00f1ada para detergente l\u00edquido y suavizante, esta bolsa de detergente al por mayor de 1,8 kg presenta una estructura de bolsa con boquilla que ahorra espacio en las estanter\u00edas. Como f\u00e1brica profesional de bolsas con boquilla, ofrecemos boquillas a prueba de fugas, vertido preciso, dise\u00f1o reutilizable e impresi\u00f3n personalizada a todo color para la visibilidad de la marca: una soluci\u00f3n de envasado de l\u00edquidos eficiente y rentable.<\/p>\n<h2>Par\u00e1metros de la bolsa de detergente para ropa al por mayor<\/h2>\n<ul>\n<li><strong>Material:<\/strong> PET\/PE, PET\/NY\/PE, PET\/AL\/NY\/PE, etc.<\/li>\n<li><strong>Tipo de bolsa:<\/strong> Bolsa de ca\u00f1o<\/li>\n<li><strong>Tama\u00f1o:<\/strong> A medida<\/li>\n<li><strong>Pedido a medida:<\/strong> Aceptamos OEM y ODM<\/li>\n<li><strong>Muestra gratis:<\/strong> Ayuda<\/li>\n<li><strong>Uso:<\/strong> Jab\u00f3n l\u00edquido, detergente, champ\u00fa, detergente en polvo, gel de ducha, etc.<\/li>\n<li><strong>Manipulaci\u00f3n en superficie:<\/strong> Impresi\u00f3n en huecograbado<\/li>\n<li><strong>Color:<\/strong> Puede imprimir hasta en 13 colores<\/li>\n<li><strong>Mercados destinatarios:<\/strong> En todo el mundo<\/li>\n<\/ul>","protected":false},"featured_media":3236,"comment_status":"closed","ping_status":"closed","template":"","meta":{"_acf_changed":false},"flexible-packaging":[25],"solution":[66,38,67,51,36,37,34],"product_brand":[],"product_cat":[17,46],"product_tag":[],"class_list":{"0":"post-3181","1":"product","2":"type-product","3":"status-publish","4":"has-post-thumbnail","6":"flexible-packaging-custom-spout-pouch","7":"solution-bpa-free","8":"solution-high-barrier","9":"solution-leak-proof","10":"solution-moisture-proof","11":"solution-oil-resistance","12":"solution-puncture-resistance","13":"solution-sealing-liquids","14":"product_cat-custom-non-food-packaging-solutions","15":"product_cat-home-care-packaging","17":"first","18":"instock","19":"shipping-taxable","20":"product-type-simple"},"acf":[],"_links":{"self":[{"href":"https:\/\/www.packagingofchina.com\/es\/wp-json\/wp\/v2\/product\/3181","targetHints":{"allow":["GET"]}}],"collection":[{"href":"https:\/\/www.packagingofchina.com\/es\/wp-json\/wp\/v2\/product"}],"about":[{"href":"https:\/\/www.packagingofchina.com\/es\/wp-json\/wp\/v2\/types\/product"}],"replies":[{"embeddable":true,"href":"https:\/\/www.packagingofchina.com\/es\/wp-json\/wp\/v2\/comments?post=3181"}],"wp:featuredmedia":[{"embeddable":true,"href":"https:\/\/www.packagingofchina.com\/es\/wp-json\/wp\/v2\/media\/3236"}],"wp:attachment":[{"href":"https:\/\/www.packagingofchina.com\/es\/wp-json\/wp\/v2\/media?parent=3181"}],"wp:term":[{"taxonomy":"flexible-packaging","embeddable":true,"href":"https:\/\/www.packagingofchina.com\/es\/wp-json\/wp\/v2\/flexible-packaging?post=3181"},{"taxonomy":"solution","embeddable":true,"href":"https:\/\/www.packagingofchina.com\/es\/wp-json\/wp\/v2\/solution?post=3181"},{"taxonomy":"product_brand","embeddable":true,"href":"https:\/\/www.packagingofchina.com\/es\/wp-json\/wp\/v2\/product_brand?post=3181"},{"taxonomy":"product_cat","embeddable":true,"href":"https:\/\/www.packagingofchina.com\/es\/wp-json\/wp\/v2\/product_cat?post=3181"},{"taxonomy":"product_tag","embeddable":true,"href":"https:\/\/www.packagingofchina.com\/es\/wp-json\/wp\/v2\/product_tag?post=3181"}],"curies":[{"name":"wp","href":"https:\/\/api.w.org\/{rel}","templated":true}]}}