{"id":3482,"date":"2026-02-25T10:20:23","date_gmt":"2026-02-25T10:20:23","guid":{"rendered":"https:\/\/www.packagingofchina.com\/?post_type=product&#038;p=3482"},"modified":"2026-02-25T10:20:24","modified_gmt":"2026-02-25T10:20:24","slug":"custom-logo-stand-up-zipper-pouch","status":"publish","type":"product","link":"https:\/\/www.packagingofchina.com\/es\/product\/custom-logo-stand-up-zipper-pouch\/","title":{"rendered":"Logotipo de oro personalizado de pie hasta bolsa con cremallera para las semillas de girasol mel\u00f3n, reutilizables Mylar bolsa de pl\u00e1stico"},"content":{"rendered":"<div class=\"wp-block-columns is-layout-flex wp-container-core-columns-is-layout-9d6595d7 wp-block-columns-is-layout-flex\">\n<div class=\"wp-block-column is-layout-flow wp-block-column-is-layout-flow\">\n<h2 class=\"wp-block-heading\">Logotipo personalizado de pie Bolsa con cremallera Caracter\u00edsticas<\/h2>\n\n\n\n<p><strong>Proceso de estampaci\u00f3n en caliente: <\/strong>colores brillantes y duraderos que no se caen, textura de alta calidad, mejora el reconocimiento de la marca y ayuda a que los productos tengan un precio m\u00e1s alto<\/p>\n\n\n\n<p><strong>Estructura expositora autoportante:<\/strong>&nbsp;Dise\u00f1o de fondo ensanchado, centro de gravedad estable tras el llenado, puede mantenerse de pie sin apoyo, muy ventajoso para la exposici\u00f3n en estanter\u00edas terminales.<\/p>\n\n\n\n<p><strong>Barrera antihumedad engrosada:<\/strong>&nbsp;Fabricado con material compuesto de alta calidad, a\u00edsla el ox\u00edgeno y el vapor de agua, evitando eficazmente la oxidaci\u00f3n del aceite y garantizando que las semillas de mel\u00f3n se mantengan crujientes y no recuperen la humedad.<\/p>\n\n\n\n<p><strong>Cremallera ensanchada sellada: <\/strong>Estructura de cremallera sellada, que se abre y se cierra repetidamente sin fugas de aire, bloqueando eficazmente el aire y la humedad, fijando firmemente la textura crujiente de las semillas de mel\u00f3n y prolongando la vida \u00fatil.<\/p>\n<\/div>\n\n\n\n<div class=\"wp-block-column is-layout-flow wp-block-column-is-layout-flow\">\n<figure class=\"wp-block-image size-full\"><img decoding=\"async\" width=\"1476\" height=\"1476\" src=\"https:\/\/www.packagingofchina.com\/wp-content\/uploads\/2026\/02\/Custom-Stand-up-Zipper-Pouch-for-Seed-Packaging-Supplier-DQ-PACK-1.webp\" alt=\"Bolsa con cremallera para el envasado de semillas - DQ PACK (1)\" class=\"wp-image-3488\" srcset=\"https:\/\/www.packagingofchina.com\/wp-content\/uploads\/2026\/02\/Custom-Stand-up-Zipper-Pouch-for-Seed-Packaging-Supplier-DQ-PACK-1.webp 1476w, https:\/\/www.packagingofchina.com\/wp-content\/uploads\/2026\/02\/Custom-Stand-up-Zipper-Pouch-for-Seed-Packaging-Supplier-DQ-PACK-1-300x300.webp 300w, https:\/\/www.packagingofchina.com\/wp-content\/uploads\/2026\/02\/Custom-Stand-up-Zipper-Pouch-for-Seed-Packaging-Supplier-DQ-PACK-1-150x150.webp 150w, https:\/\/www.packagingofchina.com\/wp-content\/uploads\/2026\/02\/Custom-Stand-up-Zipper-Pouch-for-Seed-Packaging-Supplier-DQ-PACK-1-768x768.webp 768w, https:\/\/www.packagingofchina.com\/wp-content\/uploads\/2026\/02\/Custom-Stand-up-Zipper-Pouch-for-Seed-Packaging-Supplier-DQ-PACK-1-12x12.webp 12w, https:\/\/www.packagingofchina.com\/wp-content\/uploads\/2026\/02\/Custom-Stand-up-Zipper-Pouch-for-Seed-Packaging-Supplier-DQ-PACK-1-1200x1200.webp 1200w, https:\/\/www.packagingofchina.com\/wp-content\/uploads\/2026\/02\/Custom-Stand-up-Zipper-Pouch-for-Seed-Packaging-Supplier-DQ-PACK-1-600x600.webp 600w, https:\/\/www.packagingofchina.com\/wp-content\/uploads\/2026\/02\/Custom-Stand-up-Zipper-Pouch-for-Seed-Packaging-Supplier-DQ-PACK-1-100x100.webp 100w\" sizes=\"(max-width: 1476px) 100vw, 1476px\" \/><\/figure>\n<\/div>\n<\/div>\n\n\n\n<div class=\"wp-block-columns is-layout-flex wp-container-core-columns-is-layout-9d6595d7 wp-block-columns-is-layout-flex\">\n<div class=\"wp-block-column is-layout-flow wp-block-column-is-layout-flow\">\n<figure class=\"wp-block-image size-full\"><img decoding=\"async\" width=\"1476\" height=\"1476\" src=\"https:\/\/www.packagingofchina.com\/wp-content\/uploads\/2026\/02\/Custom-Stand-up-Zipper-Pouch-for-Seed-Packaging-Supplier-DQ-PACK-3.webp\" alt=\"Bolsa con cremallera para el envasado de semillas - DQ PACK (3)\" class=\"wp-image-3486\" srcset=\"https:\/\/www.packagingofchina.com\/wp-content\/uploads\/2026\/02\/Custom-Stand-up-Zipper-Pouch-for-Seed-Packaging-Supplier-DQ-PACK-3.webp 1476w, https:\/\/www.packagingofchina.com\/wp-content\/uploads\/2026\/02\/Custom-Stand-up-Zipper-Pouch-for-Seed-Packaging-Supplier-DQ-PACK-3-300x300.webp 300w, https:\/\/www.packagingofchina.com\/wp-content\/uploads\/2026\/02\/Custom-Stand-up-Zipper-Pouch-for-Seed-Packaging-Supplier-DQ-PACK-3-150x150.webp 150w, https:\/\/www.packagingofchina.com\/wp-content\/uploads\/2026\/02\/Custom-Stand-up-Zipper-Pouch-for-Seed-Packaging-Supplier-DQ-PACK-3-768x768.webp 768w, https:\/\/www.packagingofchina.com\/wp-content\/uploads\/2026\/02\/Custom-Stand-up-Zipper-Pouch-for-Seed-Packaging-Supplier-DQ-PACK-3-12x12.webp 12w, https:\/\/www.packagingofchina.com\/wp-content\/uploads\/2026\/02\/Custom-Stand-up-Zipper-Pouch-for-Seed-Packaging-Supplier-DQ-PACK-3-1200x1200.webp 1200w, https:\/\/www.packagingofchina.com\/wp-content\/uploads\/2026\/02\/Custom-Stand-up-Zipper-Pouch-for-Seed-Packaging-Supplier-DQ-PACK-3-600x600.webp 600w, https:\/\/www.packagingofchina.com\/wp-content\/uploads\/2026\/02\/Custom-Stand-up-Zipper-Pouch-for-Seed-Packaging-Supplier-DQ-PACK-3-100x100.webp 100w\" sizes=\"(max-width: 1476px) 100vw, 1476px\" \/><\/figure>\n<\/div>\n\n\n\n<div class=\"wp-block-column is-layout-flow wp-block-column-is-layout-flow\">\n<figure class=\"wp-block-image size-full\"><img decoding=\"async\" width=\"1476\" height=\"1476\" src=\"https:\/\/www.packagingofchina.com\/wp-content\/uploads\/2026\/02\/Custom-Stand-up-Zipper-Pouch-for-Seed-Packaging-Supplier-DQ-PACK-4.webp\" alt=\"Bolsa con cremallera para el envasado de semillas - DQ PACK (4)\" class=\"wp-image-3485\" srcset=\"https:\/\/www.packagingofchina.com\/wp-content\/uploads\/2026\/02\/Custom-Stand-up-Zipper-Pouch-for-Seed-Packaging-Supplier-DQ-PACK-4.webp 1476w, https:\/\/www.packagingofchina.com\/wp-content\/uploads\/2026\/02\/Custom-Stand-up-Zipper-Pouch-for-Seed-Packaging-Supplier-DQ-PACK-4-300x300.webp 300w, https:\/\/www.packagingofchina.com\/wp-content\/uploads\/2026\/02\/Custom-Stand-up-Zipper-Pouch-for-Seed-Packaging-Supplier-DQ-PACK-4-150x150.webp 150w, https:\/\/www.packagingofchina.com\/wp-content\/uploads\/2026\/02\/Custom-Stand-up-Zipper-Pouch-for-Seed-Packaging-Supplier-DQ-PACK-4-768x768.webp 768w, https:\/\/www.packagingofchina.com\/wp-content\/uploads\/2026\/02\/Custom-Stand-up-Zipper-Pouch-for-Seed-Packaging-Supplier-DQ-PACK-4-12x12.webp 12w, https:\/\/www.packagingofchina.com\/wp-content\/uploads\/2026\/02\/Custom-Stand-up-Zipper-Pouch-for-Seed-Packaging-Supplier-DQ-PACK-4-1200x1200.webp 1200w, https:\/\/www.packagingofchina.com\/wp-content\/uploads\/2026\/02\/Custom-Stand-up-Zipper-Pouch-for-Seed-Packaging-Supplier-DQ-PACK-4-600x600.webp 600w, https:\/\/www.packagingofchina.com\/wp-content\/uploads\/2026\/02\/Custom-Stand-up-Zipper-Pouch-for-Seed-Packaging-Supplier-DQ-PACK-4-100x100.webp 100w\" sizes=\"(max-width: 1476px) 100vw, 1476px\" \/><\/figure>\n<\/div>\n<\/div>\n\n\n\n<figure class=\"wp-block-image size-full\"><img decoding=\"async\" width=\"1200\" height=\"400\" src=\"https:\/\/www.packagingofchina.com\/wp-content\/uploads\/2025\/09\/other-detail.webp\" alt=\"Detalle de embalaje personalizado-DQ PACK\" class=\"wp-image-2576\" srcset=\"https:\/\/www.packagingofchina.com\/wp-content\/uploads\/2025\/09\/other-detail.webp 1200w, https:\/\/www.packagingofchina.com\/wp-content\/uploads\/2025\/09\/other-detail-300x100.webp 300w, https:\/\/www.packagingofchina.com\/wp-content\/uploads\/2025\/09\/other-detail-768x256.webp 768w, https:\/\/www.packagingofchina.com\/wp-content\/uploads\/2025\/09\/other-detail-18x6.webp 18w, https:\/\/www.packagingofchina.com\/wp-content\/uploads\/2025\/09\/other-detail-600x200.webp 600w\" sizes=\"(max-width: 1200px) 100vw, 1200px\" \/><\/figure>","protected":false},"excerpt":{"rendered":"<p>\u00a0Esta bolsa con cremallera de pie est\u00e1 dise\u00f1ada espec\u00edficamente para salteados de gama alta y utiliza tecnolog\u00eda de estampaci\u00f3n en caliente para realzar la altura visual de la marca. El material compuesto engrosado tiene una excelente resistencia al ox\u00edgeno y la humedad, lo que garantiza que las semillas de mel\u00f3n est\u00e9n siempre crujientes y fragantes. Viene con una cremallera sellada, soporta la apertura repetida, y cuenta con una amplia estructura autoportante en la parte inferior para una exposici\u00f3n estable y ahorro de espacio. No es s\u00f3lo un envase, sino tambi\u00e9n una herramienta de marketing para aumentar el valor del producto.<\/p>\n<h2>Par\u00e1metros de<strong><b>\u00a0<\/b><\/strong><strong><b>Cremallera de pie<\/b><\/strong><strong><b>\u00a0Bolsa<\/b><\/strong><\/h2>\n<ul>\n<li><b><\/b><strong><b>Material: <\/b><\/strong>PET\/PE, PET\/NY\/PE, PET\/AL\/NY\/PE, etc.<\/li>\n<li><b><\/b><strong><b>Tipo de bolsa: <\/b><\/strong>Bolsa con cremallera<\/li>\n<li><b><\/b><strong><b>Pedido a medida: <\/b><\/strong>Aceptamos OEM y ODM<\/li>\n<li><b><\/b><strong><b>Muestra gratis: <\/b><\/strong>Ayuda<\/li>\n<li><b><\/b><strong><b>Uso: <\/b><\/strong>Caramelos, chocolate, frutos secos, productos de panader\u00eda, cecina, comida para mascotas, fruta deshidratada y mucho m\u00e1s<\/li>\n<li><b><\/b><strong><b>Manipulaci\u00f3n en superficie: <\/b><\/strong>Impresi\u00f3n en huecograbado<\/li>\n<li><b><\/b><strong><b>Peces de superficie: <\/b><\/strong>Brillante, Mate, UV , Estampaci\u00f3n<\/li>\n<li><b><\/b><strong><b>Color: <\/b><\/strong>Puede imprimir hasta 13 colores<\/li>\n<li><b><\/b><strong><b>Mercados destinatarios: <\/b><\/strong>En todo el mundo<\/li>\n<\/ul>","protected":false},"featured_media":3488,"comment_status":"closed","ping_status":"closed","template":"","meta":{"_acf_changed":false},"flexible-packaging":[29],"solution":[50,38,67,51,36,37],"product_brand":[],"product_cat":[18,52],"product_tag":[],"class_list":{"0":"post-3482","1":"product","2":"type-product","3":"status-publish","4":"has-post-thumbnail","6":"flexible-packaging-custom-stand-up-zipper-pouch","7":"solution-clear-window","8":"solution-high-barrier","9":"solution-leak-proof","10":"solution-moisture-proof","11":"solution-oil-resistance","12":"solution-puncture-resistance","13":"product_cat-custom-food-packaging-solutions","14":"product_cat-custom-snack-packaging","16":"first","17":"instock","18":"shipping-taxable","19":"product-type-simple"},"acf":[],"_links":{"self":[{"href":"https:\/\/www.packagingofchina.com\/es\/wp-json\/wp\/v2\/product\/3482","targetHints":{"allow":["GET"]}}],"collection":[{"href":"https:\/\/www.packagingofchina.com\/es\/wp-json\/wp\/v2\/product"}],"about":[{"href":"https:\/\/www.packagingofchina.com\/es\/wp-json\/wp\/v2\/types\/product"}],"replies":[{"embeddable":true,"href":"https:\/\/www.packagingofchina.com\/es\/wp-json\/wp\/v2\/comments?post=3482"}],"wp:featuredmedia":[{"embeddable":true,"href":"https:\/\/www.packagingofchina.com\/es\/wp-json\/wp\/v2\/media\/3488"}],"wp:attachment":[{"href":"https:\/\/www.packagingofchina.com\/es\/wp-json\/wp\/v2\/media?parent=3482"}],"wp:term":[{"taxonomy":"flexible-packaging","embeddable":true,"href":"https:\/\/www.packagingofchina.com\/es\/wp-json\/wp\/v2\/flexible-packaging?post=3482"},{"taxonomy":"solution","embeddable":true,"href":"https:\/\/www.packagingofchina.com\/es\/wp-json\/wp\/v2\/solution?post=3482"},{"taxonomy":"product_brand","embeddable":true,"href":"https:\/\/www.packagingofchina.com\/es\/wp-json\/wp\/v2\/product_brand?post=3482"},{"taxonomy":"product_cat","embeddable":true,"href":"https:\/\/www.packagingofchina.com\/es\/wp-json\/wp\/v2\/product_cat?post=3482"},{"taxonomy":"product_tag","embeddable":true,"href":"https:\/\/www.packagingofchina.com\/es\/wp-json\/wp\/v2\/product_tag?post=3482"}],"curies":[{"name":"wp","href":"https:\/\/api.w.org\/{rel}","templated":true}]}}