{"id":954,"date":"2025-01-14T10:51:44","date_gmt":"2025-01-14T10:51:44","guid":{"rendered":"https:\/\/www.packagingofchina.com\/?post_type=product&#038;p=954"},"modified":"2025-01-14T10:51:44","modified_gmt":"2025-01-14T10:51:44","slug":"custom-dog-treat-packaging","status":"publish","type":"product","link":"https:\/\/www.packagingofchina.com\/es\/product\/custom-dog-treat-packaging\/","title":{"rendered":"Envasado de golosinas para perros, 9KG de comida para gatos y mascotas al por mayor - DQ PACK"},"content":{"rendered":"<div class=\"wp-block-columns is-layout-flex wp-container-core-columns-is-layout-9d6595d7 wp-block-columns-is-layout-flex\">\n<div class=\"wp-block-column is-layout-flow wp-block-column-is-layout-flow\">\n<h3 class=\"wp-block-heading\">Caracter\u00edsticas y ventajas de los envases personalizados para golosinas para perros<\/h3>\n\n\n\n<ul class=\"wp-block-list\">\n<li><strong>Dise\u00f1o personalizado y exclusivo de envases de golosinas para perros<\/strong>: Satisfacer las necesidades de personalizaci\u00f3n de la marca y crear envases creativos impresionantes para golosinas para perros.<\/li>\n<\/ul>\n\n\n\n<p><\/p>\n\n\n\n<ul class=\"wp-block-list\">\n<li><strong>Material de alta calidad para bolsas de envasado de golosinas para perros<\/strong>: La estructura laminada de PET+AL+NY+PE proporciona un almacenamiento seguro para las golosinas para perros y mejora el atractivo de la marca.<\/li>\n<\/ul>\n\n\n\n<p><\/p>\n\n\n\n<ul class=\"wp-block-list\">\n<li><strong>Los paquetes de golosinas para perros son muy resistentes a la humedad<\/strong>Para garantizar que las golosinas para perros o los alimentos para mascotas est\u00e9n siempre frescos y sean adecuados para necesidades de almacenamiento a largo plazo.<\/li>\n<\/ul>\n\n\n\n<p><\/p>\n\n\n\n<ul class=\"wp-block-list\">\n<li><strong>Dise\u00f1o de gran capacidad<\/strong>: Varias capacidades est\u00e1n disponibles, especialmente para 9KG bolsa de comida para mascotas, adecuado para el almacenamiento a granel de perro, gato y otros alimentos para mascotas.<\/li>\n<\/ul>\n\n\n\n<p><\/p>\n\n\n\n<ul class=\"wp-block-list\">\n<li><strong>Servicio gratuito de muestras<\/strong>: Permite verificar f\u00e1cilmente la calidad del producto y el efecto del dise\u00f1o.<\/li>\n<\/ul>\n\n\n\n<p><\/p>\n\n\n\n<ul class=\"wp-block-list\">\n<li><strong>Servicio completo de personalizaci\u00f3n OEM y ODM<\/strong>para responder a las necesidades espec\u00edficas de la marca y hacer que el envase personalizado de las golosinas para perros est\u00e9 m\u00e1s en consonancia con el posicionamiento en el mercado.<\/li>\n<\/ul>\n\n\n\n<p><\/p>\n\n\n\n<ul class=\"wp-block-list\">\n<li><strong>Servicio de ventanilla \u00fanica<\/strong>: Proporcionar soluciones de proceso completo desde el dise\u00f1o hasta la producci\u00f3n, simplificando el proceso de adquisici\u00f3n y mejorando la eficiencia.<\/li>\n<\/ul>\n<\/div>\n\n\n\n<div class=\"wp-block-column is-layout-flow wp-block-column-is-layout-flow\">\n<figure class=\"wp-block-image size-full\"><img decoding=\"async\" width=\"1476\" height=\"1476\" src=\"https:\/\/www.packagingofchina.com\/wp-content\/uploads\/2025\/01\/Custom-Dog-Treat-Packaging-wholesale-pet-pouches-3.webp\" alt=\"Envasado personalizado de golosinas para perros: bolsas al por mayor para mascotas (3)\" class=\"wp-image-957\" srcset=\"https:\/\/www.packagingofchina.com\/wp-content\/uploads\/2025\/01\/Custom-Dog-Treat-Packaging-wholesale-pet-pouches-3.webp 1476w, https:\/\/www.packagingofchina.com\/wp-content\/uploads\/2025\/01\/Custom-Dog-Treat-Packaging-wholesale-pet-pouches-3-300x300.webp 300w, https:\/\/www.packagingofchina.com\/wp-content\/uploads\/2025\/01\/Custom-Dog-Treat-Packaging-wholesale-pet-pouches-3-150x150.webp 150w, https:\/\/www.packagingofchina.com\/wp-content\/uploads\/2025\/01\/Custom-Dog-Treat-Packaging-wholesale-pet-pouches-3-768x768.webp 768w, https:\/\/www.packagingofchina.com\/wp-content\/uploads\/2025\/01\/Custom-Dog-Treat-Packaging-wholesale-pet-pouches-3-1200x1200.webp 1200w, https:\/\/www.packagingofchina.com\/wp-content\/uploads\/2025\/01\/Custom-Dog-Treat-Packaging-wholesale-pet-pouches-3-600x600.webp 600w, https:\/\/www.packagingofchina.com\/wp-content\/uploads\/2025\/01\/Custom-Dog-Treat-Packaging-wholesale-pet-pouches-3-100x100.webp 100w\" sizes=\"(max-width: 1476px) 100vw, 1476px\" \/><\/figure>\n<\/div>\n<\/div>","protected":false},"excerpt":{"rendered":"<p><strong>Mejore sus envases con un logotipo personalizado para golosinas para perros.<\/strong> Bolsas de gran capacidad a prueba de humedad para la venta al por mayor. Muestras gratuitas y servicios OEM\/ODM disponibles. \u00a1Cons\u00faltenos ahora!<\/p>\n<h2>Par\u00e1metros de los envases de golosinas para perros<\/h2>\n<p>Material: PET+AL+NY+PE \/ Personalizado<br \/>\nTipo de bolsa: <a href=\"https:\/\/www.packagingofchina.com\/es\/flexible-packaging\/custom-quad-seal-pouch\/\">Bolsa Quad Seal<\/a><br \/>\nTama\u00f1o de la bolsa: Personalizado<br \/>\nPedido a medida:\u00a0<a href=\"https:\/\/www.packagingofchina.com\/es\/custom-flexible-packaging-solutions\/\"><strong>Aceptamos OEM y ODM<\/strong><\/a><br \/>\nMuestra gratuita: Soporte<br \/>\nUtilizaci\u00f3n: Aperitivos, panader\u00eda, confiter\u00eda<br \/>\nTratamiento de superficies: Impresi\u00f3n en huecograbado<br \/>\nColor: Puede imprimir hasta en 10 colores<br \/>\nMercados destinatarios: En todo el mundo<\/p>","protected":false},"featured_media":956,"comment_status":"closed","ping_status":"closed","template":"","meta":{"_acf_changed":false},"flexible-packaging":[28],"solution":[37,35],"product_brand":[],"product_cat":[16,40],"product_tag":[],"class_list":{"0":"post-954","1":"product","2":"type-product","3":"status-publish","4":"has-post-thumbnail","6":"flexible-packaging-custom-quad-seal-pouch","7":"solution-puncture-resistance","8":"solution-superior-resistance","9":"product_cat-custom-pet-care-packaging","10":"product_cat-custom-pet-treat-packaging","12":"first","13":"instock","14":"shipping-taxable","15":"product-type-simple"},"acf":[],"_links":{"self":[{"href":"https:\/\/www.packagingofchina.com\/es\/wp-json\/wp\/v2\/product\/954","targetHints":{"allow":["GET"]}}],"collection":[{"href":"https:\/\/www.packagingofchina.com\/es\/wp-json\/wp\/v2\/product"}],"about":[{"href":"https:\/\/www.packagingofchina.com\/es\/wp-json\/wp\/v2\/types\/product"}],"replies":[{"embeddable":true,"href":"https:\/\/www.packagingofchina.com\/es\/wp-json\/wp\/v2\/comments?post=954"}],"wp:featuredmedia":[{"embeddable":true,"href":"https:\/\/www.packagingofchina.com\/es\/wp-json\/wp\/v2\/media\/956"}],"wp:attachment":[{"href":"https:\/\/www.packagingofchina.com\/es\/wp-json\/wp\/v2\/media?parent=954"}],"wp:term":[{"taxonomy":"flexible-packaging","embeddable":true,"href":"https:\/\/www.packagingofchina.com\/es\/wp-json\/wp\/v2\/flexible-packaging?post=954"},{"taxonomy":"solution","embeddable":true,"href":"https:\/\/www.packagingofchina.com\/es\/wp-json\/wp\/v2\/solution?post=954"},{"taxonomy":"product_brand","embeddable":true,"href":"https:\/\/www.packagingofchina.com\/es\/wp-json\/wp\/v2\/product_brand?post=954"},{"taxonomy":"product_cat","embeddable":true,"href":"https:\/\/www.packagingofchina.com\/es\/wp-json\/wp\/v2\/product_cat?post=954"},{"taxonomy":"product_tag","embeddable":true,"href":"https:\/\/www.packagingofchina.com\/es\/wp-json\/wp\/v2\/product_tag?post=954"}],"curies":[{"name":"wp","href":"https:\/\/api.w.org\/{rel}","templated":true}]}}