{"id":1101,"date":"2025-02-15T07:05:58","date_gmt":"2025-02-15T07:05:58","guid":{"rendered":"https:\/\/www.packagingofchina.com\/?post_type=product&#038;p=1101"},"modified":"2025-02-15T07:05:58","modified_gmt":"2025-02-15T07:05:58","slug":"custom-cat-food-pouches","status":"publish","type":"product","link":"https:\/\/www.packagingofchina.com\/fr\/produit\/custom-cat-food-pouches\/","title":{"rendered":"Pochettes de nourriture pour chats personnalis\u00e9es, solution de sacs d'emballage pour animaux de compagnie de grande capacit\u00e9"},"content":{"rendered":"<div class=\"wp-block-columns is-layout-flex wp-container-core-columns-is-layout-9d6595d7 wp-block-columns-is-layout-flex\">\n<div class=\"wp-block-column is-layout-flow wp-block-column-is-layout-flow\">\n<h3 class=\"wp-block-heading\">Caract\u00e9ristiques des sachets de nourriture pour chats personnalis\u00e9s<\/h3>\n\n\n\n<ul class=\"wp-block-list\">\n<li><strong>Mat\u00e9riaux respectueux de l'environnement<\/strong>: Des sachets d'aliments pour chats sur mesure en plastique recyclable ou biod\u00e9gradable, en phase avec l'environnement, avec des charges plus l\u00e9g\u00e8res sur l'environnement.<\/li>\n<\/ul>\n\n\n\n<p><\/p>\n\n\n\n<ul class=\"wp-block-list\">\n<li><strong>Conception \u00e9tanche<\/strong>: La technologie de scellage de pointe permet de pr\u00e9server la fra\u00eecheur et la valeur nutritionnelle des aliments, d'emp\u00eacher l'air, l'humidit\u00e9 et la lumi\u00e8re du soleil de p\u00e9n\u00e9trer dans l'appareil et de conserver les aliments frais pendant une longue p\u00e9riode.<\/li>\n<\/ul>\n\n\n\n<p><\/p>\n\n\n\n<ul class=\"wp-block-list\">\n<li><strong>Commodit\u00e9<\/strong>: L\u00e9ger et facile \u00e0 ranger, il peut \u00eatre utilis\u00e9 \u00e0 l'ext\u00e9rieur ou en voyage, et est pratique \u00e0 utiliser pour les propri\u00e9taires d'animaux.<\/li>\n<\/ul>\n\n\n\n<ul class=\"wp-block-list\">\n<li><strong>Grande capacit\u00e9<\/strong>: Les sachets de nourriture pour chats personnalis\u00e9s peuvent contenir jusqu'\u00e0 3 kg de nourriture s\u00e8che pour animaux de compagnie, ce qui r\u00e9duit le nombre d'ajouts et vous fait gagner du temps.<\/li>\n<\/ul>\n\n\n\n<ul class=\"wp-block-list\">\n<li><strong>\u00c9tanch\u00e9it\u00e9 \u00e0 l'humidit\u00e9 et \u00e0 la vapeur d'eau<\/strong>: La structure sp\u00e9ciale du film anti-humidit\u00e9 emp\u00eache la nourriture pour chats d'\u00eatre mouill\u00e9e et prolonge la dur\u00e9e de conservation. <\/li>\n<\/ul>\n\n\n\n<p><\/p>\n\n\n\n<ul class=\"wp-block-list\">\n<li><strong>Impression personnalis\u00e9e<\/strong>: Les motifs, les logos et les donn\u00e9es peuvent \u00eatre adapt\u00e9s aux besoins de la marque pour que l'emballage se distingue et renforce l'image de la marque.<\/li>\n<\/ul>\n<\/div>\n\n\n\n<div class=\"wp-block-column is-layout-flow wp-block-column-is-layout-flow\">\n<figure class=\"wp-block-image size-full\"><img decoding=\"async\" width=\"1476\" height=\"1476\" src=\"https:\/\/www.packagingofchina.com\/wp-content\/uploads\/2025\/02\/Custom-Pet-Food-PackagingY2302\uff0806\uff09-3.webp\" alt=\"Pochettes de nourriture pour chats personnalis\u00e9es-Y2302 (3)\" class=\"wp-image-1104\" srcset=\"https:\/\/www.packagingofchina.com\/wp-content\/uploads\/2025\/02\/Custom-Pet-Food-PackagingY2302\uff0806\uff09-3.webp 1476w, https:\/\/www.packagingofchina.com\/wp-content\/uploads\/2025\/02\/Custom-Pet-Food-PackagingY2302\uff0806\uff09-3-300x300.webp 300w, https:\/\/www.packagingofchina.com\/wp-content\/uploads\/2025\/02\/Custom-Pet-Food-PackagingY2302\uff0806\uff09-3-150x150.webp 150w, https:\/\/www.packagingofchina.com\/wp-content\/uploads\/2025\/02\/Custom-Pet-Food-PackagingY2302\uff0806\uff09-3-768x768.webp 768w, https:\/\/www.packagingofchina.com\/wp-content\/uploads\/2025\/02\/Custom-Pet-Food-PackagingY2302\uff0806\uff09-3-12x12.webp 12w, https:\/\/www.packagingofchina.com\/wp-content\/uploads\/2025\/02\/Custom-Pet-Food-PackagingY2302\uff0806\uff09-3-1200x1200.webp 1200w, https:\/\/www.packagingofchina.com\/wp-content\/uploads\/2025\/02\/Custom-Pet-Food-PackagingY2302\uff0806\uff09-3-600x600.webp 600w, https:\/\/www.packagingofchina.com\/wp-content\/uploads\/2025\/02\/Custom-Pet-Food-PackagingY2302\uff0806\uff09-3-100x100.webp 100w\" sizes=\"(max-width: 1476px) 100vw, 1476px\" \/><\/figure>\n<\/div>\n<\/div>\n\n\n\n<p><\/p>","protected":false},"excerpt":{"rendered":"<p>Nos sachets de nourriture pour chats personnalis\u00e9s sont fabriqu\u00e9s \u00e0 l'aide de mat\u00e9riaux \u00e9cologiques et d'une technologie de scellage sophistiqu\u00e9e afin de pr\u00e9server la fra\u00eecheur de la nourriture et les nutriments qu'elle contient. En outre, ils sont imperm\u00e9ables et faciles \u00e0 stocker et \u00e0 transporter. Les designs personnalis\u00e9s renforcent l'image de la marque et constituent la meilleure option pour l'emballage des aliments pour animaux de compagnie. Laissez-nous vous aider \u00e0 cr\u00e9er l'emballage parfait pour votre marque !<\/p>\n<h2>Param\u00e8tres des sachets de nourriture pour chats<\/h2>\n<ul>\n<li>Mat\u00e9riau : PET\/PE, PET\/NY\/PE, PET\/AL\/NY\/PE, etc.<\/li>\n<li>Type de sac : Sachet Quad Seal personnalis\u00e9 pour aliments pour animaux de compagnie<\/li>\n<li>Taille de la pochette : Sur mesure<\/li>\n<li>Commande sur mesure : Accepte les commandes OEM et ODM<\/li>\n<li>\u00c9chantillon gratuit : Support<\/li>\n<li>Utilisation : Snacks, p\u00e2tisseries, confiseries<\/li>\n<li>Traitement des surfaces : Impression en h\u00e9liogravure<\/li>\n<li>Couleur : peut imprimer jusqu'\u00e0 10 couleurs<\/li>\n<li>Certifications : FDA, ISO, BRC, Sedex<\/li>\n<li>March\u00e9s cibles : Partout dans le monde<\/li>\n<\/ul>","protected":false},"featured_media":1104,"comment_status":"closed","ping_status":"closed","template":"","meta":{"_acf_changed":false},"flexible-packaging":[28],"solution":[51,37,35],"product_brand":[],"product_cat":[16,44],"product_tag":[],"class_list":{"0":"post-1101","1":"product","2":"type-product","3":"status-publish","4":"has-post-thumbnail","6":"flexible-packaging-custom-quad-seal-pouch","7":"solution-moisture-proof","8":"solution-puncture-resistance","9":"solution-superior-resistance","10":"product_cat-custom-pet-care-packaging","11":"product_cat-dry-pet-food-packaging-wholesale","13":"first","14":"instock","15":"shipping-taxable","16":"product-type-simple"},"acf":[],"_links":{"self":[{"href":"https:\/\/www.packagingofchina.com\/fr\/wp-json\/wp\/v2\/product\/1101","targetHints":{"allow":["GET"]}}],"collection":[{"href":"https:\/\/www.packagingofchina.com\/fr\/wp-json\/wp\/v2\/product"}],"about":[{"href":"https:\/\/www.packagingofchina.com\/fr\/wp-json\/wp\/v2\/types\/product"}],"replies":[{"embeddable":true,"href":"https:\/\/www.packagingofchina.com\/fr\/wp-json\/wp\/v2\/comments?post=1101"}],"wp:featuredmedia":[{"embeddable":true,"href":"https:\/\/www.packagingofchina.com\/fr\/wp-json\/wp\/v2\/media\/1104"}],"wp:attachment":[{"href":"https:\/\/www.packagingofchina.com\/fr\/wp-json\/wp\/v2\/media?parent=1101"}],"wp:term":[{"taxonomy":"flexible-packaging","embeddable":true,"href":"https:\/\/www.packagingofchina.com\/fr\/wp-json\/wp\/v2\/flexible-packaging?post=1101"},{"taxonomy":"solution","embeddable":true,"href":"https:\/\/www.packagingofchina.com\/fr\/wp-json\/wp\/v2\/solution?post=1101"},{"taxonomy":"product_brand","embeddable":true,"href":"https:\/\/www.packagingofchina.com\/fr\/wp-json\/wp\/v2\/product_brand?post=1101"},{"taxonomy":"product_cat","embeddable":true,"href":"https:\/\/www.packagingofchina.com\/fr\/wp-json\/wp\/v2\/product_cat?post=1101"},{"taxonomy":"product_tag","embeddable":true,"href":"https:\/\/www.packagingofchina.com\/fr\/wp-json\/wp\/v2\/product_tag?post=1101"}],"curies":[{"name":"wp","href":"https:\/\/api.w.org\/{rel}","templated":true}]}}