{"id":1139,"date":"2025-02-15T10:38:54","date_gmt":"2025-02-15T10:38:54","guid":{"rendered":"https:\/\/www.packagingofchina.com\/?post_type=product&#038;p=1139"},"modified":"2025-02-15T10:38:55","modified_gmt":"2025-02-15T10:38:55","slug":"wet-cat-food-pouches-wholesale","status":"publish","type":"product","link":"https:\/\/www.packagingofchina.com\/fr\/produit\/wet-cat-food-pouches-wholesale\/","title":{"rendered":"Emballage pour nourriture humide pour chat, prix de gros, emballage pour nourriture humide pour animaux de compagnie"},"content":{"rendered":"<div class=\"wp-block-columns is-layout-flex wp-container-core-columns-is-layout-9d6595d7 wp-block-columns-is-layout-flex\">\n<div class=\"wp-block-column is-layout-flow wp-block-column-is-layout-flow\">\n<h3 class=\"wp-block-heading\">Features of Custom Wet Cat Food Pouches<\/h3>\n\n\n\n<ul class=\"wp-block-list\">\n<li><strong>Exclusive Custom Shape<\/strong>: Our custom wet cat food pouches wholesale provide innovative custom shape designs, break the traditional packaging shape, enhance brand recognition, improve shelf visibility, and capture more consumer attention.<\/li>\n<\/ul>\n\n\n\n<p><\/p>\n\n\n\n<ul class=\"wp-block-list\">\n<li><strong>135\u00b0c High-Temperature Sterilization Technology<\/strong>: Adopt 135\u00b0C high-temperature sterilization to sterilize the wet cat food, preserve long-term freshness and nutritional value, and extend shelf life effectively.<\/li>\n<\/ul>\n\n\n\n<p><\/p>\n\n\n\n<ul class=\"wp-block-list\">\n<li><strong>Retort Spout Pouch<\/strong>: The new freestanding cat food bag features a convenient filling spout design, convenient for consumers to directly feed, reduce operating trouble, and maintain the sealing of the package. <\/li>\n<\/ul>\n\n\n\n<p><\/p>\n\n\n\n<ul class=\"wp-block-list\">\n<li><strong>Service OEM et ODM<\/strong>: Provide full OEM and ODM services, accept customized customization, e.g., size, style, printing style, and function, and design custom packaging fully based on customer orders.<\/li>\n<\/ul>\n\n\n\n<p><\/p>\n\n\n\n<ul class=\"wp-block-list\">\n<li><strong>Mat\u00e9riaux respectueux de l'environnement<\/strong>: The wet cat food pouches wholesale employ recyclable and eco-friendly materials, according to the direction of sustainable development, to assist brands in lessening their environmental influence.<\/li>\n<\/ul>\n<\/div>\n\n\n\n<div class=\"wp-block-column is-layout-flow wp-block-column-is-layout-flow\">\n<figure class=\"wp-block-image size-full\"><img decoding=\"async\" width=\"1476\" height=\"1476\" src=\"https:\/\/www.packagingofchina.com\/wp-content\/uploads\/2025\/02\/cat-food-bag-Y2205\uff0804\uff09-1.webp\" alt=\"Wholesale Wet Cat Food Pouches -Y2205  (1)\" class=\"wp-image-1140\" srcset=\"https:\/\/www.packagingofchina.com\/wp-content\/uploads\/2025\/02\/cat-food-bag-Y2205\uff0804\uff09-1.webp 1476w, https:\/\/www.packagingofchina.com\/wp-content\/uploads\/2025\/02\/cat-food-bag-Y2205\uff0804\uff09-1-300x300.webp 300w, https:\/\/www.packagingofchina.com\/wp-content\/uploads\/2025\/02\/cat-food-bag-Y2205\uff0804\uff09-1-150x150.webp 150w, https:\/\/www.packagingofchina.com\/wp-content\/uploads\/2025\/02\/cat-food-bag-Y2205\uff0804\uff09-1-768x768.webp 768w, https:\/\/www.packagingofchina.com\/wp-content\/uploads\/2025\/02\/cat-food-bag-Y2205\uff0804\uff09-1-12x12.webp 12w, https:\/\/www.packagingofchina.com\/wp-content\/uploads\/2025\/02\/cat-food-bag-Y2205\uff0804\uff09-1-1200x1200.webp 1200w, https:\/\/www.packagingofchina.com\/wp-content\/uploads\/2025\/02\/cat-food-bag-Y2205\uff0804\uff09-1-600x600.webp 600w, https:\/\/www.packagingofchina.com\/wp-content\/uploads\/2025\/02\/cat-food-bag-Y2205\uff0804\uff09-1-100x100.webp 100w\" sizes=\"(max-width: 1476px) 100vw, 1476px\" \/><\/figure>\n<\/div>\n<\/div>","protected":false},"excerpt":{"rendered":"<p>DQ PACK&#8217;s own-shaped wet cat food pouches wholesale provide innovative design as well as high-performance materials to bring a new option beyond normal packaging. Our packaging bags have good sealing and moisture-proofing to guarantee the freshness and nutrition of pet food. No matter OEM or ODM orders, we can provide flexible customization options to help brands differentiate in the market. The utilization of eco-friendly materials further reinforces the brand&#8217;s green image, thereby making us your perfect pet food packaging partner. Welcome to contact us for free samples and quotes!<\/p>\n<h2>Param\u00e8tres des sachets de nourriture humide pour chats en gros<\/h2>\n<ul>\n<li>Mat\u00e9riau : PET\/PE, PET\/NY\/PE, PET\/AL\/NY\/PE, etc.<\/li>\n<li>Type de sac : Pochette fa\u00e7onn\u00e9e imprim\u00e9e sur mesure avec bec verseur<\/li>\n<li>Taille de la pochette : 12,5*15,4 cm + 4,2 cm \/ sur mesure<\/li>\n<li>Commande sur mesure : Accepte les commandes OEM et ODM<\/li>\n<li>\u00c9chantillon gratuit : Support<\/li>\n<li>Utilisation : Aliments humides, boissons, produits laitiers<\/li>\n<li>Traitement des surfaces : Impression en h\u00e9liogravure<\/li>\n<li>Couleur : peut imprimer jusqu'\u00e0 10 couleurs<\/li>\n<li>March\u00e9s cibles : Partout dans le monde<\/li>\n<\/ul>","protected":false},"featured_media":1143,"comment_status":"closed","ping_status":"closed","template":"","meta":{"_acf_changed":false},"flexible-packaging":[30,24],"solution":[39,51,33,35],"product_brand":[],"product_cat":[16,42],"product_tag":[],"class_list":{"0":"post-1139","1":"product","2":"type-product","3":"status-publish","4":"has-post-thumbnail","6":"flexible-packaging-custom-shaped-pouch","7":"flexible-packaging-custom-stand-up-pouch","8":"solution-135-degree-sterilization","9":"solution-moisture-proof","10":"solution-resist-high-temperature","11":"solution-superior-resistance","12":"product_cat-custom-pet-care-packaging","13":"product_cat-wet-pet-food-packaging-solutions","15":"first","16":"instock","17":"shipping-taxable","18":"product-type-simple"},"acf":[],"_links":{"self":[{"href":"https:\/\/www.packagingofchina.com\/fr\/wp-json\/wp\/v2\/product\/1139","targetHints":{"allow":["GET"]}}],"collection":[{"href":"https:\/\/www.packagingofchina.com\/fr\/wp-json\/wp\/v2\/product"}],"about":[{"href":"https:\/\/www.packagingofchina.com\/fr\/wp-json\/wp\/v2\/types\/product"}],"replies":[{"embeddable":true,"href":"https:\/\/www.packagingofchina.com\/fr\/wp-json\/wp\/v2\/comments?post=1139"}],"wp:featuredmedia":[{"embeddable":true,"href":"https:\/\/www.packagingofchina.com\/fr\/wp-json\/wp\/v2\/media\/1143"}],"wp:attachment":[{"href":"https:\/\/www.packagingofchina.com\/fr\/wp-json\/wp\/v2\/media?parent=1139"}],"wp:term":[{"taxonomy":"flexible-packaging","embeddable":true,"href":"https:\/\/www.packagingofchina.com\/fr\/wp-json\/wp\/v2\/flexible-packaging?post=1139"},{"taxonomy":"solution","embeddable":true,"href":"https:\/\/www.packagingofchina.com\/fr\/wp-json\/wp\/v2\/solution?post=1139"},{"taxonomy":"product_brand","embeddable":true,"href":"https:\/\/www.packagingofchina.com\/fr\/wp-json\/wp\/v2\/product_brand?post=1139"},{"taxonomy":"product_cat","embeddable":true,"href":"https:\/\/www.packagingofchina.com\/fr\/wp-json\/wp\/v2\/product_cat?post=1139"},{"taxonomy":"product_tag","embeddable":true,"href":"https:\/\/www.packagingofchina.com\/fr\/wp-json\/wp\/v2\/product_tag?post=1139"}],"curies":[{"name":"wp","href":"https:\/\/api.w.org\/{rel}","templated":true}]}}