{"id":1293,"date":"2025-02-26T10:27:54","date_gmt":"2025-02-26T10:27:54","guid":{"rendered":"https:\/\/www.packagingofchina.com\/?post_type=product&#038;p=1293"},"modified":"2025-02-26T10:27:55","modified_gmt":"2025-02-26T10:27:55","slug":"custom-cat-litter-bags-wholesale","status":"publish","type":"product","link":"https:\/\/www.packagingofchina.com\/fr\/produit\/custom-cat-litter-bags-wholesale\/","title":{"rendered":"Sacs biod\u00e9gradables pour liti\u00e8re de chat en gros, sacs thermoscell\u00e9s sur mesure Factory"},"content":{"rendered":"<div class=\"wp-block-columns is-layout-flex wp-container-core-columns-is-layout-9d6595d7 wp-block-columns-is-layout-flex\">\n<div class=\"wp-block-column is-layout-flow wp-block-column-is-layout-flow\">\n<h3 class=\"wp-block-heading\">Caract\u00e9ristiques des sacs de liti\u00e8re pour chats personnalis\u00e9s<\/h3>\n\n\n\n<ul class=\"wp-block-list\">\n<li><strong>Mat\u00e9riau environnemental<\/strong>: Les plastiques environnementaux recyclables sont utilis\u00e9s pour r\u00e9pondre aux exigences du d\u00e9veloppement durable et r\u00e9duire les dommages caus\u00e9s \u00e0 l'environnement.<\/li>\n<\/ul>\n\n\n\n<p><\/p>\n\n\n\n<ul class=\"wp-block-list\">\n<li><strong>Technologie de scellage par la chaleur :<\/strong> Une m\u00e9thode efficace de thermoscellage est utilis\u00e9e pour garantir l'\u00e9tanch\u00e9it\u00e9 de la bouche des sacs \u00e0 liti\u00e8re pour chats, et \u00e9viter efficacement les fuites et les odeurs.<\/li>\n<\/ul>\n\n\n\n<p><\/p>\n\n\n\n<ul class=\"wp-block-list\">\n<li><strong>Service sur mesure :<\/strong> Des services de personnalisation OEM et ODM sont propos\u00e9s, avec diff\u00e9rentes tailles, impressions, couleurs, etc. pour r\u00e9pondre aux besoins des diff\u00e9rentes marques. <\/li>\n<\/ul>\n\n\n\n<p><\/p>\n\n\n\n<ul class=\"wp-block-list\">\n<li><strong>R\u00e9sistant aux odeurs et \u00e0 l'humidit\u00e9 :<\/strong> La structure du sac \u00e0 liti\u00e8re personnalis\u00e9 est r\u00e9sistante aux odeurs et \u00e0 l'humidit\u00e9, ce qui permet de garder la liti\u00e8re s\u00e8che et fra\u00eeche et d'\u00e9viter la transmission d'odeurs.<\/li>\n<\/ul>\n\n\n\n<p><\/p>\n\n\n\n<ul class=\"wp-block-list\">\n<li><strong>Durable et \u00e9conomique<\/strong>: Fabriqu\u00e9 en plastique de qualit\u00e9 sup\u00e9rieure, le sac \u00e0 liti\u00e8re pour chat est durable et \u00e9conomique, ce qui le rend adapt\u00e9 \u00e0 une utilisation \u00e0 long terme.<\/li>\n<\/ul>\n<\/div>\n\n\n\n<div class=\"wp-block-column is-layout-flow wp-block-column-is-layout-flow\">\n<figure class=\"wp-block-image size-full\"><img decoding=\"async\" width=\"1476\" height=\"1476\" src=\"https:\/\/www.packagingofchina.com\/wp-content\/uploads\/2025\/02\/Cat-Litter-Bags-Y2110\uff0823\uff09-1.webp\" alt=\"Sacs \u00e0 liti\u00e8re pour chats Y2110\uff0823\uff09 (1)\" class=\"wp-image-1294\" srcset=\"https:\/\/www.packagingofchina.com\/wp-content\/uploads\/2025\/02\/Cat-Litter-Bags-Y2110\uff0823\uff09-1.webp 1476w, https:\/\/www.packagingofchina.com\/wp-content\/uploads\/2025\/02\/Cat-Litter-Bags-Y2110\uff0823\uff09-1-300x300.webp 300w, https:\/\/www.packagingofchina.com\/wp-content\/uploads\/2025\/02\/Cat-Litter-Bags-Y2110\uff0823\uff09-1-150x150.webp 150w, https:\/\/www.packagingofchina.com\/wp-content\/uploads\/2025\/02\/Cat-Litter-Bags-Y2110\uff0823\uff09-1-768x768.webp 768w, https:\/\/www.packagingofchina.com\/wp-content\/uploads\/2025\/02\/Cat-Litter-Bags-Y2110\uff0823\uff09-1-12x12.webp 12w, https:\/\/www.packagingofchina.com\/wp-content\/uploads\/2025\/02\/Cat-Litter-Bags-Y2110\uff0823\uff09-1-1200x1200.webp 1200w, https:\/\/www.packagingofchina.com\/wp-content\/uploads\/2025\/02\/Cat-Litter-Bags-Y2110\uff0823\uff09-1-600x600.webp 600w, https:\/\/www.packagingofchina.com\/wp-content\/uploads\/2025\/02\/Cat-Litter-Bags-Y2110\uff0823\uff09-1-100x100.webp 100w\" sizes=\"(max-width: 1476px) 100vw, 1476px\" \/><\/figure>\n<\/div>\n<\/div>","protected":false},"excerpt":{"rendered":"<p>Nous sommes un fabricant professionnel de sacs plastiques personnalis\u00e9s pour liti\u00e8re de chat. Nous nous engageons \u00e0 fournir \u00e0 nos clients des produits d'emballage pratiques et de haute qualit\u00e9, \u00e0 aider les marques \u00e0 am\u00e9liorer leur comp\u00e9titivit\u00e9 sur le march\u00e9 et \u00e0 promouvoir le d\u00e9veloppement durable. N'h\u00e9sitez pas \u00e0 nous contacter pour obtenir des \u00e9chantillons et des devis gratuits !<\/p>\n<h2>Param\u00e8tres des sacs de liti\u00e8re pour chats<\/h2>\n<p>Mat\u00e9riau : PET\/PE, PET\/NY\/PE, PET\/AL\/NY\/PE, etc.<\/p>\n<p>Type de sac : Stand Up Pouch, Large Volume<\/p>\n<p>Taille de la pochette : Sur mesure<\/p>\n<p>Commande sur mesure : Accepte les commandes OEM et ODM<\/p>\n<p>\u00c9chantillon gratuit : Support<\/p>\n<p>Utilisation : Produits agrochimiques, produits chimiques m\u00e9nagers<\/p>\n<p>Traitement des surfaces : Impression en h\u00e9liogravure<\/p>\n<p>Couleur : peut imprimer jusqu'\u00e0 10 couleurs<\/p>\n<p>March\u00e9s cibles : Partout dans le monde<\/p>\n<p>Certificat : FDA, ISO, BRC, Sedex<\/p>","protected":false},"featured_media":1294,"comment_status":"closed","ping_status":"closed","template":"","meta":{"_acf_changed":false},"flexible-packaging":[24],"solution":[38,51],"product_brand":[],"product_cat":[17,47],"product_tag":[],"class_list":{"0":"post-1293","1":"product","2":"type-product","3":"status-publish","4":"has-post-thumbnail","6":"flexible-packaging-custom-stand-up-pouch","7":"solution-high-barrier","8":"solution-moisture-proof","9":"product_cat-custom-non-food-packaging-solutions","10":"product_cat-agriculture-packaging-solutions","12":"first","13":"instock","14":"shipping-taxable","15":"product-type-simple"},"acf":[],"_links":{"self":[{"href":"https:\/\/www.packagingofchina.com\/fr\/wp-json\/wp\/v2\/product\/1293","targetHints":{"allow":["GET"]}}],"collection":[{"href":"https:\/\/www.packagingofchina.com\/fr\/wp-json\/wp\/v2\/product"}],"about":[{"href":"https:\/\/www.packagingofchina.com\/fr\/wp-json\/wp\/v2\/types\/product"}],"replies":[{"embeddable":true,"href":"https:\/\/www.packagingofchina.com\/fr\/wp-json\/wp\/v2\/comments?post=1293"}],"wp:featuredmedia":[{"embeddable":true,"href":"https:\/\/www.packagingofchina.com\/fr\/wp-json\/wp\/v2\/media\/1294"}],"wp:attachment":[{"href":"https:\/\/www.packagingofchina.com\/fr\/wp-json\/wp\/v2\/media?parent=1293"}],"wp:term":[{"taxonomy":"flexible-packaging","embeddable":true,"href":"https:\/\/www.packagingofchina.com\/fr\/wp-json\/wp\/v2\/flexible-packaging?post=1293"},{"taxonomy":"solution","embeddable":true,"href":"https:\/\/www.packagingofchina.com\/fr\/wp-json\/wp\/v2\/solution?post=1293"},{"taxonomy":"product_brand","embeddable":true,"href":"https:\/\/www.packagingofchina.com\/fr\/wp-json\/wp\/v2\/product_brand?post=1293"},{"taxonomy":"product_cat","embeddable":true,"href":"https:\/\/www.packagingofchina.com\/fr\/wp-json\/wp\/v2\/product_cat?post=1293"},{"taxonomy":"product_tag","embeddable":true,"href":"https:\/\/www.packagingofchina.com\/fr\/wp-json\/wp\/v2\/product_tag?post=1293"}],"curies":[{"name":"wp","href":"https:\/\/api.w.org\/{rel}","templated":true}]}}