{"id":1300,"date":"2025-02-28T09:23:55","date_gmt":"2025-02-28T09:23:55","guid":{"rendered":"https:\/\/www.packagingofchina.com\/?post_type=product&#038;p=1300"},"modified":"2025-02-28T09:23:56","modified_gmt":"2025-02-28T09:23:56","slug":"custom-refillable-pouches","status":"publish","type":"product","link":"https:\/\/www.packagingofchina.com\/fr\/produit\/custom-refillable-pouches\/","title":{"rendered":"Emballage de liquide vaisselle sur mesure, sachets rechargeables Fabricant d'emballage de d\u00e9tergent Stand up"},"content":{"rendered":"<div class=\"wp-block-columns is-layout-flex wp-container-core-columns-is-layout-9d6595d7 wp-block-columns-is-layout-flex\">\n<div class=\"wp-block-column is-layout-flow wp-block-column-is-layout-flow\">\n<h3 class=\"wp-block-heading\">Features of Detergent Packaging<\/h3>\n\n\n\n<ul class=\"wp-block-list\">\n<li><strong>Customized Design<\/strong>: Our manufacturer provides customized packaging solutions, and are able to design various shapes, colors and labels according to customers&#8217; requirements.<\/li>\n<\/ul>\n\n\n\n<p><\/p>\n\n\n\n<ul class=\"wp-block-list\">\n<li><strong>Green Materials<\/strong>: The use of recyclable and degradable materials conforms to the principle of ecological protection in sustainable development, helps companies improve their environmental image, and meets consumers&#8217; demand for green products.<\/li>\n<\/ul>\n\n\n\n<p><\/p>\n\n\n\n<ul class=\"wp-block-list\">\n<li><strong>Sealing-Proof and Leakage-Proof<\/strong>: New-type leakage-proof technology and high-quality sealing materials ensure the detergent packagings are secure during transport, reduce leakage and loss.<\/li>\n<\/ul>\n\n\n\n<p><\/p>\n\n\n\n<ul class=\"wp-block-list\">\n<li><strong>Super-Capacity Packaging:<\/strong> Super-high wear resistance and tensile strength, can be effectively capable of saving the detergent packaging from external environmental factors, extend the shelf life of the product.<\/li>\n<\/ul>\n<\/div>\n\n\n\n<div class=\"wp-block-column is-layout-flow wp-block-column-is-layout-flow\">\n<figure class=\"wp-block-image size-full\"><img decoding=\"async\" width=\"1476\" height=\"1476\" src=\"https:\/\/www.packagingofchina.com\/wp-content\/uploads\/2025\/02\/Detergent-Packaging-Y2205\uff0815\uff09-1.webp\" alt=\"Fabricant de pochettes rechargeables sur mesure-Y2205\uff0815\uff09 (1)\" class=\"wp-image-1301\" srcset=\"https:\/\/www.packagingofchina.com\/wp-content\/uploads\/2025\/02\/Detergent-Packaging-Y2205\uff0815\uff09-1.webp 1476w, https:\/\/www.packagingofchina.com\/wp-content\/uploads\/2025\/02\/Detergent-Packaging-Y2205\uff0815\uff09-1-300x300.webp 300w, https:\/\/www.packagingofchina.com\/wp-content\/uploads\/2025\/02\/Detergent-Packaging-Y2205\uff0815\uff09-1-150x150.webp 150w, https:\/\/www.packagingofchina.com\/wp-content\/uploads\/2025\/02\/Detergent-Packaging-Y2205\uff0815\uff09-1-768x768.webp 768w, https:\/\/www.packagingofchina.com\/wp-content\/uploads\/2025\/02\/Detergent-Packaging-Y2205\uff0815\uff09-1-12x12.webp 12w, https:\/\/www.packagingofchina.com\/wp-content\/uploads\/2025\/02\/Detergent-Packaging-Y2205\uff0815\uff09-1-1200x1200.webp 1200w, https:\/\/www.packagingofchina.com\/wp-content\/uploads\/2025\/02\/Detergent-Packaging-Y2205\uff0815\uff09-1-600x600.webp 600w, https:\/\/www.packagingofchina.com\/wp-content\/uploads\/2025\/02\/Detergent-Packaging-Y2205\uff0815\uff09-1-100x100.webp 100w\" sizes=\"(max-width: 1476px) 100vw, 1476px\" \/><\/figure>\n<\/div>\n<\/div>","protected":false},"excerpt":{"rendered":"<p>Nous sommes un fabricant de premier plan sp\u00e9cialis\u00e9 dans l'emballage de d\u00e9tergents pour les produits liquides tels que les liquides vaisselle, et nous nous engageons \u00e0 fournir des solutions d'emballage personnalis\u00e9es innovantes et de haute qualit\u00e9. N'h\u00e9sitez pas \u00e0 nous contacter pour obtenir des \u00e9chantillons et des devis gratuits !<\/p>\n<h2>Param\u00e8tres de l'emballage des d\u00e9tergents<\/h2>\n<p>Mat\u00e9riau : PET\/PE, PET\/NY\/PE, PET\/AL\/NY\/PE, etc.<\/p>\n<p>Type de sac : Stand Up Pouch<\/p>\n<p>Taille de la pochette : Sur mesure<\/p>\n<p>Commande sur mesure : Accepte les commandes OEM et ODM<\/p>\n<p>\u00c9chantillon gratuit : Support<\/p>\n<p>Utilisation : Savon liquide, liquide de lavage, liquide lave-glace, etc.<\/p>\n<p>Traitement des surfaces : Impression en h\u00e9liogravure<\/p>\n<p>Couleur : peut imprimer jusqu'\u00e0 10 couleurs<\/p>\n<p>March\u00e9s cibles : Partout dans le monde<\/p>","protected":false},"featured_media":1301,"comment_status":"closed","ping_status":"closed","template":"","meta":{"_acf_changed":false},"flexible-packaging":[24],"solution":[38,37,34],"product_brand":[],"product_cat":[17,46],"product_tag":[],"class_list":{"0":"post-1300","1":"product","2":"type-product","3":"status-publish","4":"has-post-thumbnail","6":"flexible-packaging-custom-stand-up-pouch","7":"solution-high-barrier","8":"solution-puncture-resistance","9":"solution-sealing-liquids","10":"product_cat-custom-non-food-packaging-solutions","11":"product_cat-home-care-packaging","13":"first","14":"instock","15":"shipping-taxable","16":"product-type-simple"},"acf":[],"_links":{"self":[{"href":"https:\/\/www.packagingofchina.com\/fr\/wp-json\/wp\/v2\/product\/1300","targetHints":{"allow":["GET"]}}],"collection":[{"href":"https:\/\/www.packagingofchina.com\/fr\/wp-json\/wp\/v2\/product"}],"about":[{"href":"https:\/\/www.packagingofchina.com\/fr\/wp-json\/wp\/v2\/types\/product"}],"replies":[{"embeddable":true,"href":"https:\/\/www.packagingofchina.com\/fr\/wp-json\/wp\/v2\/comments?post=1300"}],"wp:featuredmedia":[{"embeddable":true,"href":"https:\/\/www.packagingofchina.com\/fr\/wp-json\/wp\/v2\/media\/1301"}],"wp:attachment":[{"href":"https:\/\/www.packagingofchina.com\/fr\/wp-json\/wp\/v2\/media?parent=1300"}],"wp:term":[{"taxonomy":"flexible-packaging","embeddable":true,"href":"https:\/\/www.packagingofchina.com\/fr\/wp-json\/wp\/v2\/flexible-packaging?post=1300"},{"taxonomy":"solution","embeddable":true,"href":"https:\/\/www.packagingofchina.com\/fr\/wp-json\/wp\/v2\/solution?post=1300"},{"taxonomy":"product_brand","embeddable":true,"href":"https:\/\/www.packagingofchina.com\/fr\/wp-json\/wp\/v2\/product_brand?post=1300"},{"taxonomy":"product_cat","embeddable":true,"href":"https:\/\/www.packagingofchina.com\/fr\/wp-json\/wp\/v2\/product_cat?post=1300"},{"taxonomy":"product_tag","embeddable":true,"href":"https:\/\/www.packagingofchina.com\/fr\/wp-json\/wp\/v2\/product_tag?post=1300"}],"curies":[{"name":"wp","href":"https:\/\/api.w.org\/{rel}","templated":true}]}}