{"id":1305,"date":"2025-02-25T18:38:43","date_gmt":"2025-02-25T18:38:43","guid":{"rendered":"https:\/\/www.packagingofchina.com\/?post_type=product&#038;p=1305"},"modified":"2025-02-25T18:38:44","modified_gmt":"2025-02-25T18:38:44","slug":"custom-3kg-laundry-detergent-bag","status":"publish","type":"product","link":"https:\/\/www.packagingofchina.com\/fr\/produit\/custom-3kg-laundry-detergent-bag\/","title":{"rendered":"Sac de d\u00e9tergent \u00e0 lessive personnalis\u00e9, poche de liquide de 3,2 kg avec bec grossiste"},"content":{"rendered":"<div class=\"wp-block-columns is-layout-flex wp-container-core-columns-is-layout-9d6595d7 wp-block-columns-is-layout-flex\">\n<div class=\"wp-block-column is-layout-flow wp-block-column-is-layout-flow\">\n<h3 class=\"wp-block-heading\">Caract\u00e9ristiques du sac \u00e0 lessive personnalis\u00e9<\/h3>\n\n\n\n<ul class=\"wp-block-list\">\n<li><strong>Pochette \u00e0 bec<\/strong>: Le design unique du bec am\u00e9liore la facilit\u00e9 d'utilisation.<\/li>\n<\/ul>\n\n\n\n<p><\/p>\n\n\n\n<ul class=\"wp-block-list\">\n<li><strong>Rechargeable<\/strong>: Notre sac de d\u00e9tergent pour le linge utilise un syst\u00e8me rechargeable, qui r\u00e9duit le nombre de contenants en plastique jetables et est tr\u00e8s respectueux de l'environnement.<\/li>\n<\/ul>\n\n\n\n<p><\/p>\n\n\n\n<ul class=\"wp-block-list\">\n<li><strong>R\u00e9utilisable<\/strong>: Les sachets de liquide en gros sont \u00e9galement extr\u00eamement durables. Ils peuvent \u00eatre lav\u00e9s et r\u00e9utilis\u00e9s \u00e0 chaque utilisation.<\/li>\n<\/ul>\n\n\n\n<p><\/p>\n\n\n\n<ul class=\"wp-block-list\">\n<li><strong>\u00c9conomie d'espace<\/strong>: Notre sac de d\u00e9tergent \u00e0 lessive est plus l\u00e9ger et prend moins de place que l'emballage rigide conventionnel. Il est \u00e9galement facile \u00e0 stocker et \u00e0 transporter, ce qui permet de r\u00e9duire consid\u00e9rablement les co\u00fbts logistiques.<\/li>\n<\/ul>\n\n\n\n<p><\/p>\n\n\n\n<ul class=\"wp-block-list\">\n<li><strong>Une meilleure \u00e9tanch\u00e9it\u00e9<\/strong>: Tous les sachets de d\u00e9tergent ont \u00e9t\u00e9 soigneusement test\u00e9s pour garantir l'\u00e9tanch\u00e9it\u00e9 pendant le transport et l'utilisation.<\/li>\n<\/ul>\n<\/div>\n\n\n\n<div class=\"wp-block-column is-layout-flow wp-block-column-is-layout-flow\">\n<figure class=\"wp-block-image size-full\"><img decoding=\"async\" width=\"1476\" height=\"1476\" src=\"https:\/\/www.packagingofchina.com\/wp-content\/uploads\/2025\/02\/Detergent-Pouch-Y2106\uff0868\uff09-5.webp\" alt=\"Fabricant de pochettes de liquide en gros-Y2106\uff0868\uff09 (5)\" class=\"wp-image-1310\" srcset=\"https:\/\/www.packagingofchina.com\/wp-content\/uploads\/2025\/02\/Detergent-Pouch-Y2106\uff0868\uff09-5.webp 1476w, https:\/\/www.packagingofchina.com\/wp-content\/uploads\/2025\/02\/Detergent-Pouch-Y2106\uff0868\uff09-5-300x300.webp 300w, https:\/\/www.packagingofchina.com\/wp-content\/uploads\/2025\/02\/Detergent-Pouch-Y2106\uff0868\uff09-5-150x150.webp 150w, https:\/\/www.packagingofchina.com\/wp-content\/uploads\/2025\/02\/Detergent-Pouch-Y2106\uff0868\uff09-5-768x768.webp 768w, https:\/\/www.packagingofchina.com\/wp-content\/uploads\/2025\/02\/Detergent-Pouch-Y2106\uff0868\uff09-5-12x12.webp 12w, https:\/\/www.packagingofchina.com\/wp-content\/uploads\/2025\/02\/Detergent-Pouch-Y2106\uff0868\uff09-5-1200x1200.webp 1200w, https:\/\/www.packagingofchina.com\/wp-content\/uploads\/2025\/02\/Detergent-Pouch-Y2106\uff0868\uff09-5-600x600.webp 600w, https:\/\/www.packagingofchina.com\/wp-content\/uploads\/2025\/02\/Detergent-Pouch-Y2106\uff0868\uff09-5-100x100.webp 100w\" sizes=\"(max-width: 1476px) 100vw, 1476px\" \/><\/figure>\n<\/div>\n<\/div>\n\n\n\n<p><\/p>","protected":false},"excerpt":{"rendered":"<p>DQ PACK est l'un des principaux fournisseurs de solutions de sacs pour d\u00e9tergents. Il se concentre sur la production de sacs \u00e0 bec et d'emballages de recharge innovants et respectueux de l'environnement, aidant les marques \u00e0 am\u00e9liorer leur comp\u00e9titivit\u00e9 sur le march\u00e9 et \u00e0 r\u00e9pondre aux exigences des consommateurs en mati\u00e8re de protection de l'environnement et de commodit\u00e9. N'h\u00e9sitez pas \u00e0 nous contacter pour obtenir des \u00e9chantillons et des devis gratuits !<\/p>\n<h3>Param\u00e8tres du sac de lessive de 3,2 kg<\/h3>\n<p>Mat\u00e9riau : PET\/PE, PET\/NY\/PE, PET\/AL\/NY\/PE, etc.<\/p>\n<p>Type de sac : Pochette \u00e0 bec, pochette debout<\/p>\n<p>Taille de la pochette : 37*25,5 cm + 14 cm \/ sur mesure<\/p>\n<p>Commande sur mesure : Accepte les commandes OEM et ODM<\/p>\n<p>\u00c9chantillon gratuit : Support<\/p>\n<p>Utilisation : Savon liquide, liquide de lavage, liquide lave-glace, etc.<\/p>\n<p>Traitement des surfaces : Impression en h\u00e9liogravure<\/p>\n<p>Couleur : peut imprimer jusqu'\u00e0 10 couleurs<\/p>\n<p>March\u00e9s cibles : Partout dans le monde<\/p>","protected":false},"featured_media":1307,"comment_status":"closed","ping_status":"closed","template":"","meta":{"_acf_changed":false},"flexible-packaging":[25],"solution":[38,37,34],"product_brand":[],"product_cat":[17,46],"product_tag":[],"class_list":{"0":"post-1305","1":"product","2":"type-product","3":"status-publish","4":"has-post-thumbnail","6":"flexible-packaging-custom-spout-pouch","7":"solution-high-barrier","8":"solution-puncture-resistance","9":"solution-sealing-liquids","10":"product_cat-custom-non-food-packaging-solutions","11":"product_cat-home-care-packaging","13":"first","14":"instock","15":"shipping-taxable","16":"product-type-simple"},"acf":[],"_links":{"self":[{"href":"https:\/\/www.packagingofchina.com\/fr\/wp-json\/wp\/v2\/product\/1305","targetHints":{"allow":["GET"]}}],"collection":[{"href":"https:\/\/www.packagingofchina.com\/fr\/wp-json\/wp\/v2\/product"}],"about":[{"href":"https:\/\/www.packagingofchina.com\/fr\/wp-json\/wp\/v2\/types\/product"}],"replies":[{"embeddable":true,"href":"https:\/\/www.packagingofchina.com\/fr\/wp-json\/wp\/v2\/comments?post=1305"}],"wp:featuredmedia":[{"embeddable":true,"href":"https:\/\/www.packagingofchina.com\/fr\/wp-json\/wp\/v2\/media\/1307"}],"wp:attachment":[{"href":"https:\/\/www.packagingofchina.com\/fr\/wp-json\/wp\/v2\/media?parent=1305"}],"wp:term":[{"taxonomy":"flexible-packaging","embeddable":true,"href":"https:\/\/www.packagingofchina.com\/fr\/wp-json\/wp\/v2\/flexible-packaging?post=1305"},{"taxonomy":"solution","embeddable":true,"href":"https:\/\/www.packagingofchina.com\/fr\/wp-json\/wp\/v2\/solution?post=1305"},{"taxonomy":"product_brand","embeddable":true,"href":"https:\/\/www.packagingofchina.com\/fr\/wp-json\/wp\/v2\/product_brand?post=1305"},{"taxonomy":"product_cat","embeddable":true,"href":"https:\/\/www.packagingofchina.com\/fr\/wp-json\/wp\/v2\/product_cat?post=1305"},{"taxonomy":"product_tag","embeddable":true,"href":"https:\/\/www.packagingofchina.com\/fr\/wp-json\/wp\/v2\/product_tag?post=1305"}],"curies":[{"name":"wp","href":"https:\/\/api.w.org\/{rel}","templated":true}]}}