{"id":1546,"date":"2025-04-06T21:49:17","date_gmt":"2025-04-06T21:49:17","guid":{"rendered":"https:\/\/www.packagingofchina.com\/?post_type=product&#038;p=1546"},"modified":"2025-08-27T08:39:31","modified_gmt":"2025-08-27T08:39:31","slug":"custom-drinking-water-bag","status":"publish","type":"product","link":"https:\/\/www.packagingofchina.com\/fr\/produit\/custom-drinking-water-bag\/","title":{"rendered":"Sachet d'eau potable sur mesure Sachets \u00e0 bec pour l'emballage de liquides"},"content":{"rendered":"<div class=\"wp-block-columns is-layout-flex wp-container-core-columns-is-layout-9d6595d7 wp-block-columns-is-layout-flex\">\n<div class=\"wp-block-column is-layout-flow wp-block-column-is-layout-flow\">\n<h3 class=\"wp-block-heading\">Caract\u00e9ristiques et avantages du sac \u00e0 eau potable personnalis\u00e9<\/h3>\n\n\n\n<ul class=\"wp-block-list\">\n<li><strong>Solutions personnalis\u00e9es de conditionnement de l'eau potable<\/strong>: Nous proposons une vari\u00e9t\u00e9 de sp\u00e9cifications et de mod\u00e8les de poches d'eau potable personnalis\u00e9es, permettant de personnaliser la capacit\u00e9, le mod\u00e8le et la position de la buse, afin de r\u00e9pondre aux diff\u00e9rents besoins du march\u00e9.<\/li>\n\n\n\n<li><span style=\"box-sizing: border-box; margin: 0px; padding: 0px;\"><strong>Conception d'une structure debout<\/strong>: Grossistes<\/span>Les sachets debout \u00e0 bec droit sont \u00e9paissis \u00e0 la base pour am\u00e9liorer la r\u00e9sistance \u00e0 la charge et la stabilit\u00e9 du stand-up. Ils sont \u00e9galement faciles \u00e0 pr\u00e9senter et \u00e0 transporter et renforcent l'effet de pr\u00e9sentation du produit.<\/li>\n\n\n\n<li><strong>Impression personnalis\u00e9e haute d\u00e9finition<\/strong>: Gr\u00e2ce \u00e0 l'utilisation d'une encre respectueuse de l'environnement et d'une technologie d'impression avanc\u00e9e, le sac \u00e0 eau potable personnalis\u00e9 pr\u00e9sente des motifs clairs et des couleurs vives, ce qui permet \u00e0 la marque de se d\u00e9marquer sur le march\u00e9.<\/li>\n\n\n\n<li><strong>Faibles odeurs : <\/strong>L'adoption de mat\u00e9riaux \u00e0 faible odeur et respectueux de l'environnement permet d'\u00e9viter la migration des odeurs et de pr\u00e9server efficacement le go\u00fbt pur et original de l'eau potable, ce qui est id\u00e9al pour l'emballage de produits d'eau haut de gamme.<\/li>\n\n\n\n<li><strong>Mat\u00e9riau s\u00fbr et \u00e9cologique<\/strong>: Le film composite multicouche PET\/PE de qualit\u00e9 alimentaire garantit des produits non toxiques et inodores, largement utilis\u00e9s pour l'eau min\u00e9rale, l'eau purifi\u00e9e et d'autres emballages de liquides.<\/li>\n\n\n\n<li><strong>Haut volume<\/strong> Approvisionnement et livraison rapide : En tant que fournisseur de pochettes \u00e0 bec en gros, nous proposons un service OEM\/ODM, une capacit\u00e9 de livraison efficace et stable et garantissons des commandes sans souci.<\/li>\n<\/ul>\n<\/div>\n\n\n\n<div class=\"wp-block-column is-layout-flow wp-block-column-is-layout-flow\">\n<figure class=\"wp-block-image size-full\"><img decoding=\"async\" width=\"1476\" height=\"1476\" src=\"https:\/\/www.packagingofchina.com\/wp-content\/uploads\/2025\/04\/Custom-Drinking-Water-Bag-Wholeslaer-Y2311\uff0851\uff09-3.webp\" alt=\"Sac \u00e0 eau potable personnalis\u00e9 Wholeslaer-Y2311\uff0851\uff09 (3)\" class=\"wp-image-1549\" srcset=\"https:\/\/www.packagingofchina.com\/wp-content\/uploads\/2025\/04\/Custom-Drinking-Water-Bag-Wholeslaer-Y2311\uff0851\uff09-3.webp 1476w, https:\/\/www.packagingofchina.com\/wp-content\/uploads\/2025\/04\/Custom-Drinking-Water-Bag-Wholeslaer-Y2311\uff0851\uff09-3-300x300.webp 300w, https:\/\/www.packagingofchina.com\/wp-content\/uploads\/2025\/04\/Custom-Drinking-Water-Bag-Wholeslaer-Y2311\uff0851\uff09-3-150x150.webp 150w, https:\/\/www.packagingofchina.com\/wp-content\/uploads\/2025\/04\/Custom-Drinking-Water-Bag-Wholeslaer-Y2311\uff0851\uff09-3-768x768.webp 768w, https:\/\/www.packagingofchina.com\/wp-content\/uploads\/2025\/04\/Custom-Drinking-Water-Bag-Wholeslaer-Y2311\uff0851\uff09-3-12x12.webp 12w, https:\/\/www.packagingofchina.com\/wp-content\/uploads\/2025\/04\/Custom-Drinking-Water-Bag-Wholeslaer-Y2311\uff0851\uff09-3-1200x1200.webp 1200w, https:\/\/www.packagingofchina.com\/wp-content\/uploads\/2025\/04\/Custom-Drinking-Water-Bag-Wholeslaer-Y2311\uff0851\uff09-3-600x600.webp 600w, https:\/\/www.packagingofchina.com\/wp-content\/uploads\/2025\/04\/Custom-Drinking-Water-Bag-Wholeslaer-Y2311\uff0851\uff09-3-100x100.webp 100w\" sizes=\"(max-width: 1476px) 100vw, 1476px\" \/><\/figure>\n<\/div>\n<\/div>\n\n\n\n<p><\/p>","protected":false},"excerpt":{"rendered":"<p>Sacs \u00e0 eau potable personnalis\u00e9s de qualit\u00e9 alimentaire avec structure de poche \u00e0 bec, portable et \u00e9tanche, et impression claire. Les poches \u00e0 bec en gros peuvent \u00eatre personnalis\u00e9es. Obtenez des \u00e9chantillons gratuits !<\/p>\n<h2>Param\u00e8tres de la poche d'eau potable<\/h2>\n<p>Mat\u00e9riau : PET\/PE, PET\/NY\/PE, PET\/AL\/NY\/PE, etc. <br \/>Type de sac : Pochette pour boissons, pochette \u00e0 bec<br \/>Taille de la pochette : Sur mesure<br \/>Commande sur mesure : Accepte les commandes OEM et ODM <br \/>\u00c9chantillon gratuit : Support <br \/>Utilisation : Jus, eau, boissons alcoolis\u00e9es <br \/>Traitement des surfaces : Impression en h\u00e9liogravure <br \/>Couleur : peut imprimer jusqu'\u00e0 10 couleurs <br \/>March\u00e9s cibles : Partout dans le monde<\/p>","protected":false},"featured_media":1547,"comment_status":"closed","ping_status":"closed","template":"","meta":{"_acf_changed":false},"flexible-packaging":[25,24],"solution":[39,38,37,34,35],"product_brand":[],"product_cat":[61],"product_tag":[],"class_list":{"0":"post-1546","1":"product","2":"type-product","3":"status-publish","4":"has-post-thumbnail","6":"flexible-packaging-custom-spout-pouch","7":"flexible-packaging-custom-stand-up-pouch","8":"solution-135-degree-sterilization","9":"solution-high-barrier","10":"solution-puncture-resistance","11":"solution-sealing-liquids","12":"solution-superior-resistance","13":"product_cat-custom-water-packaging","15":"first","16":"instock","17":"shipping-taxable","18":"product-type-simple"},"acf":[],"_links":{"self":[{"href":"https:\/\/www.packagingofchina.com\/fr\/wp-json\/wp\/v2\/product\/1546","targetHints":{"allow":["GET"]}}],"collection":[{"href":"https:\/\/www.packagingofchina.com\/fr\/wp-json\/wp\/v2\/product"}],"about":[{"href":"https:\/\/www.packagingofchina.com\/fr\/wp-json\/wp\/v2\/types\/product"}],"replies":[{"embeddable":true,"href":"https:\/\/www.packagingofchina.com\/fr\/wp-json\/wp\/v2\/comments?post=1546"}],"wp:featuredmedia":[{"embeddable":true,"href":"https:\/\/www.packagingofchina.com\/fr\/wp-json\/wp\/v2\/media\/1547"}],"wp:attachment":[{"href":"https:\/\/www.packagingofchina.com\/fr\/wp-json\/wp\/v2\/media?parent=1546"}],"wp:term":[{"taxonomy":"flexible-packaging","embeddable":true,"href":"https:\/\/www.packagingofchina.com\/fr\/wp-json\/wp\/v2\/flexible-packaging?post=1546"},{"taxonomy":"solution","embeddable":true,"href":"https:\/\/www.packagingofchina.com\/fr\/wp-json\/wp\/v2\/solution?post=1546"},{"taxonomy":"product_brand","embeddable":true,"href":"https:\/\/www.packagingofchina.com\/fr\/wp-json\/wp\/v2\/product_brand?post=1546"},{"taxonomy":"product_cat","embeddable":true,"href":"https:\/\/www.packagingofchina.com\/fr\/wp-json\/wp\/v2\/product_cat?post=1546"},{"taxonomy":"product_tag","embeddable":true,"href":"https:\/\/www.packagingofchina.com\/fr\/wp-json\/wp\/v2\/product_tag?post=1546"}],"curies":[{"name":"wp","href":"https:\/\/api.w.org\/{rel}","templated":true}]}}