{"id":1728,"date":"2025-05-07T02:33:28","date_gmt":"2025-05-07T02:33:28","guid":{"rendered":"https:\/\/www.packagingofchina.com\/?post_type=product&#038;p=1728"},"modified":"2025-05-07T02:33:29","modified_gmt":"2025-05-07T02:33:29","slug":"custom-coffee-bags","status":"publish","type":"product","link":"https:\/\/www.packagingofchina.com\/fr\/produit\/custom-coffee-bags\/","title":{"rendered":"Sacs \u00e0 caf\u00e9 personnalis\u00e9s de qualit\u00e9 sup\u00e9rieure avec fen\u00eatre transparente, Doypack Manufacturer -DQ PACK"},"content":{"rendered":"<div class=\"wp-block-columns is-layout-flex wp-container-core-columns-is-layout-9d6595d7 wp-block-columns-is-layout-flex\">\n<div class=\"wp-block-column is-layout-flow wp-block-column-is-layout-flow\">\n<h3 class=\"wp-block-heading\">Features and Benefits of Custom Coffee Bags with Window for Coffee Powder<\/h3>\n\n\n\n<ol class=\"wp-block-list\">\n<li><strong>Clear Window Display<\/strong><br>Showcase coffee beans or grounds with a sleek transparent window \u2014 build customer trust and enhance the appeal of your custom coffee bags.<\/li>\n\n\n\n<li><strong>Resealable Ziplock Closure<\/strong><br>A convenient ziplock keeps coffee airtight after opening, which is perfect for extending the aroma and flavor of your custom coffee bags.<\/li>\n\n\n\n<li><strong>High-Barrier Protection<\/strong><br>Multi-layer food-grade materials block moisture, oxygen, and UV light \u2014 ideal for maintaining coffee quality.<\/li>\n\n\n\n<li><strong>Customizable Sizes &amp; Finishes<\/strong><br>Choose from matte, gloss, kraft paper, and metallic finishes; available in various sizes to fit coffee beans or grounds perfectly.<\/li>\n\n\n\n<li><strong>Strong &amp; Stable Stand-Up Design<\/strong><br>As a leading doypack manufacturer, our self\u2011standing pouch offers excellent shelf presence and efficient storage, ideal for retail display.<\/li>\n\n\n\n<li><strong>Optional Degassing Valve<\/strong><br>One\u2011way valve allows coffee to degas without letting air in \u2014 featured in our custom coffee bags with valve to preserve peak freshness.<\/li>\n\n\n\n<li><strong>Heat Sealable for Extra Security<\/strong><br>Compatible with heat sealers to ensure tamper\u2011evidence and product integrity during transport and storage; perfect for custom coffee bags with valve.<\/li>\n<\/ol>\n\n\n\n<p><\/p>\n<\/div>\n\n\n\n<div class=\"wp-block-column is-layout-flow wp-block-column-is-layout-flow\">\n<figure class=\"wp-block-image size-full\"><img decoding=\"async\" width=\"1476\" height=\"1476\" src=\"https:\/\/www.packagingofchina.com\/wp-content\/uploads\/2025\/05\/Custom-Coffee-Bag-Munufacturer-DQ-PACK-20210113.webp\" alt=\"Fabrication de sacs \u00e0 caf\u00e9 personnalis\u00e9s - DQ PACK 202101(13)\" class=\"wp-image-1729\" srcset=\"https:\/\/www.packagingofchina.com\/wp-content\/uploads\/2025\/05\/Custom-Coffee-Bag-Munufacturer-DQ-PACK-20210113.webp 1476w, https:\/\/www.packagingofchina.com\/wp-content\/uploads\/2025\/05\/Custom-Coffee-Bag-Munufacturer-DQ-PACK-20210113-300x300.webp 300w, https:\/\/www.packagingofchina.com\/wp-content\/uploads\/2025\/05\/Custom-Coffee-Bag-Munufacturer-DQ-PACK-20210113-150x150.webp 150w, https:\/\/www.packagingofchina.com\/wp-content\/uploads\/2025\/05\/Custom-Coffee-Bag-Munufacturer-DQ-PACK-20210113-768x768.webp 768w, https:\/\/www.packagingofchina.com\/wp-content\/uploads\/2025\/05\/Custom-Coffee-Bag-Munufacturer-DQ-PACK-20210113-12x12.webp 12w, https:\/\/www.packagingofchina.com\/wp-content\/uploads\/2025\/05\/Custom-Coffee-Bag-Munufacturer-DQ-PACK-20210113-1200x1200.webp 1200w, https:\/\/www.packagingofchina.com\/wp-content\/uploads\/2025\/05\/Custom-Coffee-Bag-Munufacturer-DQ-PACK-20210113-600x600.webp 600w, https:\/\/www.packagingofchina.com\/wp-content\/uploads\/2025\/05\/Custom-Coffee-Bag-Munufacturer-DQ-PACK-20210113-100x100.webp 100w\" sizes=\"(max-width: 1476px) 100vw, 1476px\" \/><\/figure>\n<\/div>\n<\/div>","protected":false},"excerpt":{"rendered":"<p><span class=\"Editor_t__added__LtuNJ\">Emphasize<\/span><span class=\"Editor_t__not_edited__WuRP8\">\u00a0<\/span><span class=\"Editor_t__not_edited_long__JuNNx\">your premium custom coffee bags with our clear stand-up windows.\u00a0<\/span><span class=\"Editor_t__added__LtuNJ\">Notre<\/span><span class=\"Editor_t__not_edited__WuRP8\">\u00a0<\/span><span class=\"Editor_t__added__LtuNJ\">transparent-window\u00a0<\/span><span class=\"Editor_t__not_edited__WuRP8\">resealable coffee bags\u00a0<\/span><span class=\"Editor_t__added__LtuNJ\">allow<\/span><span class=\"Editor_t__not_edited__WuRP8\">\u00a0<\/span><span class=\"Editor_t__not_edited__WuRP8\">customers to see the\u00a0<\/span><span class=\"Editor_t__added__LtuNJ\">dark<\/span><span class=\"Editor_t__not_edited_long__JuNNx\">, aromatic coffee beans inside.\u00a0<\/span><span class=\"Editor_t__added__LtuNJ\">Notre<\/span><span class=\"Editor_t__not_edited__WuRP8\">\u00a0<\/span><span class=\"Editor_t__added__LtuNJ\">coffee bags\u00a0<\/span><span class=\"Editor_t__not_edited__WuRP8\">are made\u00a0<\/span><span class=\"Editor_t__added__LtuNJ\">from<\/span><span class=\"Editor_t__not_edited__WuRP8\">\u00a0<\/span><span class=\"Editor_t__added__LtuNJ\">high-quality<\/span><span class=\"Editor_t__not_edited__WuRP8\">\u00a0food-grade materials with\u00a0<\/span><span class=\"Editor_t__added__LtuNJ\">acceptable<\/span><span class=\"Editor_t__not_edited_long__JuNNx\">\u00a0moisture, oxygen, and UV protection to preserve\u00a0<\/span><span class=\"Editor_t__added__LtuNJ\">coffee<\/span><span class=\"Editor_t__not_edited__WuRP8\">\u00a0freshness and\u00a0<\/span><span class=\"Editor_t__added__LtuNJ\">taste<\/span><span class=\"Editor_t__not_edited__WuRP8\">. Les\u00a0<\/span><span class=\"Editor_t__added__LtuNJ\">functional<\/span><span class=\"Editor_t__not_edited__WuRP8\">\u00a0zipper seal\u00a0<\/span><span class=\"Editor_t__added__LtuNJ\">provides<\/span><span class=\"Editor_t__not_edited_long__JuNNx\">\u00a0easy opening and resealing, ideal for preserving coffee quality over time. Our\u00a0<\/span><span class=\"Editor_t__added__LtuNJ\">biodegradable<\/span><span class=\"Editor_t__not_edited__WuRP8\">\u00a0bags are\u00a0<\/span><span class=\"Editor_t__added__LtuNJ\">chic<\/span><span class=\"Editor_t__not_edited__WuRP8\">\u00a0<\/span><span class=\"Editor_t__not_edited__WuRP8\">et\u00a0<\/span><span class=\"Editor_t__added__LtuNJ\">functional<\/span><span class=\"Editor_t__not_edited__WuRP8\">,\u00a0<\/span><span class=\"Editor_t__not_edited__WuRP8\">ideal for\u00a0<\/span><span class=\"Editor_t__added__LtuNJ\">use<\/span><span class=\"Editor_t__not_edited__WuRP8\">\u00a0<\/span><span class=\"Editor_t__added__LtuNJ\">by<\/span><span class=\"Editor_t__not_edited__WuRP8\">\u00a0specialty\u00a0<\/span><span class=\"Editor_t__added__LtuNJ\">coffeehouses<\/span><span class=\"Editor_t__not_edited__WuRP8\">,\u00a0<\/span><span class=\"Editor_t__not_edited__WuRP8\">gourmet food\u00a0<\/span><span class=\"Editor_t__added__LtuNJ\">stores, and coffee roasters<\/span><span class=\"Editor_t__not_edited__WuRP8\">. DQ PACK\u00a0<\/span><span class=\"Editor_t__added__LtuNJ\">is<\/span><span class=\"Editor_t__not_edited__WuRP8\">\u00a0OEM and ODM<\/span><span class=\"Editor_t__added__LtuNJ\">\u00a0compatible<\/span><span class=\"Editor_t__not_edited_long__JuNNx\">, and is available in\u00a0<\/span><span class=\"Editor_t__added__LtuNJ\">numerous<\/span><span class=\"Editor_t__not_edited__WuRP8\">\u00a0<\/span><span class=\"Editor_t__not_edited_long__JuNNx\">sizes and finishes to suit your\u00a0<\/span><span class=\"Editor_t__not_edited__WuRP8\">style.\u00a0<\/span><span class=\"Editor_t__added__LtuNJ\">Buy<\/span><span class=\"Editor_t__not_edited__WuRP8\">\u00a0now to\u00a0<\/span><span class=\"Editor_t__added__LtuNJ\">differentiate<\/span><span class=\"Editor_t__not_edited__WuRP8\">\u00a0your coffee\u00a0<\/span><span class=\"Editor_t__not_edited__WuRP8\">et\u00a0<\/span><span class=\"Editor_t__added__LtuNJ\">extend<\/span><span class=\"Editor_t__not_edited__WuRP8\">\u00a0<\/span><span class=\"Editor_t__added__LtuNJ\">its<\/span><span class=\"Editor_t__not_edited__WuRP8\">\u00a0<\/span><span class=\"Editor_t__added__LtuNJ\">freshness<\/span><span class=\"Editor_t__not_edited__WuRP8\">!<\/span><\/p>\n<h2>Parameters of Stand-up Coffee Bags Packaging<\/h2>\n<p>Mat\u00e9riau : PET\/PE, PET\/NY\/PE, PET\/AL\/NY\/PE, etc. <br \/>Bag Type: Stand Up Pouch with Zipper<br \/>Size: 14*23 cm+8 cm \/ Custom <br \/>Commande sur mesure : Accepte les commandes OEM et ODM <br \/>\u00c9chantillon gratuit : Support <br \/>Usage: Coffee, Snack, Candy, Biscuit, Potato Cracker, Chocolate, Jerky, and more <br \/>Traitement des surfaces : Impression en h\u00e9liogravure <br \/>Couleur : peut imprimer jusqu'\u00e0 13 couleurs <br \/>March\u00e9s cibles : Partout dans le monde<\/p>","protected":false},"featured_media":1729,"comment_status":"closed","ping_status":"closed","template":"","meta":{"_acf_changed":false},"flexible-packaging":[24,29],"solution":[66,50,38,51,37],"product_brand":[],"product_cat":[18,72,64],"product_tag":[],"class_list":{"0":"post-1728","1":"product","2":"type-product","3":"status-publish","4":"has-post-thumbnail","6":"flexible-packaging-custom-stand-up-pouch","7":"flexible-packaging-custom-stand-up-zipper-pouch","8":"solution-bpa-free","9":"solution-clear-window","10":"solution-high-barrier","11":"solution-moisture-proof","12":"solution-puncture-resistance","13":"product_cat-custom-food-packaging-solutions","14":"product_cat-custom-coffee-packaging","15":"product_cat-food-powder-packaging-solutions","17":"first","18":"instock","19":"shipping-taxable","20":"product-type-simple"},"acf":[],"_links":{"self":[{"href":"https:\/\/www.packagingofchina.com\/fr\/wp-json\/wp\/v2\/product\/1728","targetHints":{"allow":["GET"]}}],"collection":[{"href":"https:\/\/www.packagingofchina.com\/fr\/wp-json\/wp\/v2\/product"}],"about":[{"href":"https:\/\/www.packagingofchina.com\/fr\/wp-json\/wp\/v2\/types\/product"}],"replies":[{"embeddable":true,"href":"https:\/\/www.packagingofchina.com\/fr\/wp-json\/wp\/v2\/comments?post=1728"}],"wp:featuredmedia":[{"embeddable":true,"href":"https:\/\/www.packagingofchina.com\/fr\/wp-json\/wp\/v2\/media\/1729"}],"wp:attachment":[{"href":"https:\/\/www.packagingofchina.com\/fr\/wp-json\/wp\/v2\/media?parent=1728"}],"wp:term":[{"taxonomy":"flexible-packaging","embeddable":true,"href":"https:\/\/www.packagingofchina.com\/fr\/wp-json\/wp\/v2\/flexible-packaging?post=1728"},{"taxonomy":"solution","embeddable":true,"href":"https:\/\/www.packagingofchina.com\/fr\/wp-json\/wp\/v2\/solution?post=1728"},{"taxonomy":"product_brand","embeddable":true,"href":"https:\/\/www.packagingofchina.com\/fr\/wp-json\/wp\/v2\/product_brand?post=1728"},{"taxonomy":"product_cat","embeddable":true,"href":"https:\/\/www.packagingofchina.com\/fr\/wp-json\/wp\/v2\/product_cat?post=1728"},{"taxonomy":"product_tag","embeddable":true,"href":"https:\/\/www.packagingofchina.com\/fr\/wp-json\/wp\/v2\/product_tag?post=1728"}],"curies":[{"name":"wp","href":"https:\/\/api.w.org\/{rel}","templated":true}]}}