{"id":1940,"date":"2025-06-20T09:00:13","date_gmt":"2025-06-20T09:00:13","guid":{"rendered":"https:\/\/www.packagingofchina.com\/?post_type=product&#038;p=1940"},"modified":"2025-06-20T09:00:17","modified_gmt":"2025-06-20T09:00:17","slug":"custom-food-pouches-for-powder","status":"publish","type":"product","link":"https:\/\/www.packagingofchina.com\/fr\/produit\/custom-food-pouches-for-powder\/","title":{"rendered":"Sachets alimentaires personnalis\u00e9s 250g 500g pour l'emballage de cr\u00e8me p\u00e2tissi\u00e8re en poudre, fabrication de sachets debout -DQ PACK"},"content":{"rendered":"<div class=\"wp-block-columns is-layout-flex wp-container-core-columns-is-layout-9d6595d7 wp-block-columns-is-layout-flex\">\n<div class=\"wp-block-column is-layout-flow wp-block-column-is-layout-flow\">\n<h3 class=\"wp-block-heading\"><strong><br><\/strong>Caract\u00e9ristiques des sachets alimentaires sur mesure pour la cr\u00e8me p\u00e2tissi\u00e8re en poudre<\/h3>\n\n\n\n<ul class=\"wp-block-list\">\n<li><strong>Protection de la barri\u00e8re de premi\u00e8re qualit\u00e9<\/strong>&nbsp;Le mat\u00e9riau stratifi\u00e9 multicouche bloque l'humidit\u00e9, l'oxyg\u00e8ne et la lumi\u00e8re UV pour une dur\u00e9e de conservation prolong\u00e9e.<\/li>\n\n\n\n<li><strong>Conception robuste<\/strong>&nbsp;Base autoportante pour une meilleure pr\u00e9sence sur les \u00e9tag\u00e8res et une meilleure efficacit\u00e9 de l'espace<\/li>\n\n\n\n<li><strong>S\u00e9curit\u00e9 alimentaire<\/strong>&nbsp;Mat\u00e9riaux certifi\u00e9s conformes \u00e0 la FDA et exempts de produits chimiques nocifs tels que le BPA<\/li>\n\n\n\n<li><strong>Surface d'impression de haute qualit\u00e9<\/strong>&nbsp;Graphiques personnalis\u00e9s \u00e9clatants avec rev\u00eatement r\u00e9sistant aux rayures pour une meilleure visibilit\u00e9 de la marque<\/li>\n\n\n\n<li><strong>Encoche de d\u00e9chirure facile \u00e0 utiliser<\/strong>&nbsp;Syst\u00e8me d'ouverture \u00e0 coupe pr\u00e9cise pour un acc\u00e8s propre et facile<\/li>\n\n\n\n<li><strong>Int\u00e9grit\u00e9 durable du joint<\/strong>&nbsp;La construction thermosoud\u00e9e emp\u00eache les fuites et la contamination<\/li>\n\n\n\n<li><strong>Options de dimensionnement sur mesure<\/strong>&nbsp;Disponible en plusieurs capacit\u00e9s pour s'adapter \u00e0 diff\u00e9rents volumes de produits<\/li>\n\n\n\n<li><strong>Mat\u00e9riaux respectueux de l'environnement<\/strong>&nbsp;Les composants recyclables r\u00e9pondent aux exigences de l'emballage durable<\/li>\n\n\n\n<li><strong>Une solution rentable<\/strong>&nbsp;L'\u00e9paisseur optimis\u00e9e du mat\u00e9riau r\u00e9duit les d\u00e9chets sans protection du compostage<\/li>\n<\/ul>\n<\/div>\n\n\n\n<div class=\"wp-block-column is-layout-flow wp-block-column-is-layout-flow\">\n<figure class=\"wp-block-image size-full\"><img decoding=\"async\" width=\"1476\" height=\"1476\" src=\"https:\/\/www.packagingofchina.com\/wp-content\/uploads\/2025\/06\/Custom-Food-Pouch-Supplier-DQ-PACK-C250650.webp\" alt=\"Fournisseur de sachets alimentaires personnalis\u00e9s - DQ PACK C2506(50)\" class=\"wp-image-1942\" srcset=\"https:\/\/www.packagingofchina.com\/wp-content\/uploads\/2025\/06\/Custom-Food-Pouch-Supplier-DQ-PACK-C250650.webp 1476w, https:\/\/www.packagingofchina.com\/wp-content\/uploads\/2025\/06\/Custom-Food-Pouch-Supplier-DQ-PACK-C250650-300x300.webp 300w, https:\/\/www.packagingofchina.com\/wp-content\/uploads\/2025\/06\/Custom-Food-Pouch-Supplier-DQ-PACK-C250650-150x150.webp 150w, https:\/\/www.packagingofchina.com\/wp-content\/uploads\/2025\/06\/Custom-Food-Pouch-Supplier-DQ-PACK-C250650-768x768.webp 768w, https:\/\/www.packagingofchina.com\/wp-content\/uploads\/2025\/06\/Custom-Food-Pouch-Supplier-DQ-PACK-C250650-12x12.webp 12w, https:\/\/www.packagingofchina.com\/wp-content\/uploads\/2025\/06\/Custom-Food-Pouch-Supplier-DQ-PACK-C250650-1200x1200.webp 1200w, https:\/\/www.packagingofchina.com\/wp-content\/uploads\/2025\/06\/Custom-Food-Pouch-Supplier-DQ-PACK-C250650-600x600.webp 600w, https:\/\/www.packagingofchina.com\/wp-content\/uploads\/2025\/06\/Custom-Food-Pouch-Supplier-DQ-PACK-C250650-100x100.webp 100w\" sizes=\"(max-width: 1476px) 100vw, 1476px\" \/><\/figure>\n<\/div>\n<\/div>\n\n\n\n<div class=\"wp-block-columns is-layout-flex wp-container-core-columns-is-layout-9d6595d7 wp-block-columns-is-layout-flex\">\n<div class=\"wp-block-column is-layout-flow wp-block-column-is-layout-flow\">\n<figure class=\"wp-block-image size-full\"><img decoding=\"async\" width=\"1476\" height=\"1476\" src=\"https:\/\/www.packagingofchina.com\/wp-content\/uploads\/2025\/06\/Custom-Food-Pouch-Supplier-DQ-PACK-C250652.webp\" alt=\"Fournisseur de sachets alimentaires personnalis\u00e9s - DQ PACK C2506(52)\" class=\"wp-image-1944\" srcset=\"https:\/\/www.packagingofchina.com\/wp-content\/uploads\/2025\/06\/Custom-Food-Pouch-Supplier-DQ-PACK-C250652.webp 1476w, https:\/\/www.packagingofchina.com\/wp-content\/uploads\/2025\/06\/Custom-Food-Pouch-Supplier-DQ-PACK-C250652-300x300.webp 300w, https:\/\/www.packagingofchina.com\/wp-content\/uploads\/2025\/06\/Custom-Food-Pouch-Supplier-DQ-PACK-C250652-150x150.webp 150w, https:\/\/www.packagingofchina.com\/wp-content\/uploads\/2025\/06\/Custom-Food-Pouch-Supplier-DQ-PACK-C250652-768x768.webp 768w, https:\/\/www.packagingofchina.com\/wp-content\/uploads\/2025\/06\/Custom-Food-Pouch-Supplier-DQ-PACK-C250652-12x12.webp 12w, https:\/\/www.packagingofchina.com\/wp-content\/uploads\/2025\/06\/Custom-Food-Pouch-Supplier-DQ-PACK-C250652-1200x1200.webp 1200w, https:\/\/www.packagingofchina.com\/wp-content\/uploads\/2025\/06\/Custom-Food-Pouch-Supplier-DQ-PACK-C250652-600x600.webp 600w, https:\/\/www.packagingofchina.com\/wp-content\/uploads\/2025\/06\/Custom-Food-Pouch-Supplier-DQ-PACK-C250652-100x100.webp 100w\" sizes=\"(max-width: 1476px) 100vw, 1476px\" \/><\/figure>\n<\/div>\n\n\n\n<div class=\"wp-block-column is-layout-flow wp-block-column-is-layout-flow\">\n<figure class=\"wp-block-image size-full\"><img decoding=\"async\" width=\"1416\" height=\"1416\" src=\"https:\/\/www.packagingofchina.com\/wp-content\/uploads\/2025\/06\/Custom-Food-Pouch-Supplier-DQ-PACK-C250653.webp\" alt=\"Fournisseur de sachets alimentaires personnalis\u00e9s - DQ PACK C2506(53)\" class=\"wp-image-1941\" srcset=\"https:\/\/www.packagingofchina.com\/wp-content\/uploads\/2025\/06\/Custom-Food-Pouch-Supplier-DQ-PACK-C250653.webp 1416w, https:\/\/www.packagingofchina.com\/wp-content\/uploads\/2025\/06\/Custom-Food-Pouch-Supplier-DQ-PACK-C250653-300x300.webp 300w, https:\/\/www.packagingofchina.com\/wp-content\/uploads\/2025\/06\/Custom-Food-Pouch-Supplier-DQ-PACK-C250653-150x150.webp 150w, https:\/\/www.packagingofchina.com\/wp-content\/uploads\/2025\/06\/Custom-Food-Pouch-Supplier-DQ-PACK-C250653-768x768.webp 768w, https:\/\/www.packagingofchina.com\/wp-content\/uploads\/2025\/06\/Custom-Food-Pouch-Supplier-DQ-PACK-C250653-12x12.webp 12w, https:\/\/www.packagingofchina.com\/wp-content\/uploads\/2025\/06\/Custom-Food-Pouch-Supplier-DQ-PACK-C250653-1200x1200.webp 1200w, https:\/\/www.packagingofchina.com\/wp-content\/uploads\/2025\/06\/Custom-Food-Pouch-Supplier-DQ-PACK-C250653-600x600.webp 600w, https:\/\/www.packagingofchina.com\/wp-content\/uploads\/2025\/06\/Custom-Food-Pouch-Supplier-DQ-PACK-C250653-100x100.webp 100w\" sizes=\"(max-width: 1416px) 100vw, 1416px\" \/><\/figure>\n<\/div>\n<\/div>","protected":false},"excerpt":{"rendered":"<p>Emballage pour poudre de cr\u00e8me p\u00e2tissi\u00e8re, sachet debout fabriqu\u00e9 \u00e0 partir d'un mat\u00e9riau de qualit\u00e9 alimentaire, avec fermeture \u00e0 glissi\u00e8re refermable et thermoscellage solide. Dimensions et impression personnalis\u00e9es disponibles. Id\u00e9al pour les fabricants de produits alimentaires \u00e0 la recherche d'un emballage fiable et r\u00e9sistant \u00e0 l'humidit\u00e9. Production rapide, faible MOQ, assistance gratuite \u00e0 la conception. Am\u00e9liorez la visibilit\u00e9 de votre marque gr\u00e2ce \u00e0 des solutions d'emballage flexibles professionnelles.<\/p>\n<h2>Param\u00e8tres des sachets alimentaires sur mesure<\/h2>\n<p>Mat\u00e9riau : PET+PE \/ Sac personnalis\u00e9<\/p>\n<p>Type : Pochette sur pied<\/p>\n<p>Taille : 11*21+ 7CM\/ sur mesure<\/p>\n<p>\u00c9paisseur : 112 microns<\/p>\n<p>Commande sur mesure : Accepte les commandes OEM et ODM<\/p>\n<p>\u00c9chantillon gratuit : Support<\/p>\n<p>Utilisation : Grains de caf\u00e9, poudre, snacks, fruits secs, aliments pour animaux, bonbons, biscuits, etc.<\/p>\n<p>Traitement des surfaces : Impression en h\u00e9liogravure<\/p>\n<p>Couleur : peut imprimer jusqu'\u00e0 13 couleurs<\/p>\n<p>March\u00e9s cibles : Partout dans le monde<\/p>","protected":false},"featured_media":1942,"comment_status":"closed","ping_status":"closed","template":"","meta":{"_acf_changed":false},"flexible-packaging":[24],"solution":[66,38,51,37],"product_brand":[],"product_cat":[18,58,64],"product_tag":[],"class_list":{"0":"post-1940","1":"product","2":"type-product","3":"status-publish","4":"has-post-thumbnail","6":"flexible-packaging-custom-stand-up-pouch","7":"solution-bpa-free","8":"solution-high-barrier","9":"solution-moisture-proof","10":"solution-puncture-resistance","11":"product_cat-custom-food-packaging-solutions","12":"product_cat-bakery-packaging-bags-wholesale","13":"product_cat-food-powder-packaging-solutions","15":"first","16":"instock","17":"shipping-taxable","18":"product-type-simple"},"acf":[],"_links":{"self":[{"href":"https:\/\/www.packagingofchina.com\/fr\/wp-json\/wp\/v2\/product\/1940","targetHints":{"allow":["GET"]}}],"collection":[{"href":"https:\/\/www.packagingofchina.com\/fr\/wp-json\/wp\/v2\/product"}],"about":[{"href":"https:\/\/www.packagingofchina.com\/fr\/wp-json\/wp\/v2\/types\/product"}],"replies":[{"embeddable":true,"href":"https:\/\/www.packagingofchina.com\/fr\/wp-json\/wp\/v2\/comments?post=1940"}],"wp:featuredmedia":[{"embeddable":true,"href":"https:\/\/www.packagingofchina.com\/fr\/wp-json\/wp\/v2\/media\/1942"}],"wp:attachment":[{"href":"https:\/\/www.packagingofchina.com\/fr\/wp-json\/wp\/v2\/media?parent=1940"}],"wp:term":[{"taxonomy":"flexible-packaging","embeddable":true,"href":"https:\/\/www.packagingofchina.com\/fr\/wp-json\/wp\/v2\/flexible-packaging?post=1940"},{"taxonomy":"solution","embeddable":true,"href":"https:\/\/www.packagingofchina.com\/fr\/wp-json\/wp\/v2\/solution?post=1940"},{"taxonomy":"product_brand","embeddable":true,"href":"https:\/\/www.packagingofchina.com\/fr\/wp-json\/wp\/v2\/product_brand?post=1940"},{"taxonomy":"product_cat","embeddable":true,"href":"https:\/\/www.packagingofchina.com\/fr\/wp-json\/wp\/v2\/product_cat?post=1940"},{"taxonomy":"product_tag","embeddable":true,"href":"https:\/\/www.packagingofchina.com\/fr\/wp-json\/wp\/v2\/product_tag?post=1940"}],"curies":[{"name":"wp","href":"https:\/\/api.w.org\/{rel}","templated":true}]}}