{"id":2248,"date":"2025-08-15T08:20:23","date_gmt":"2025-08-15T08:20:23","guid":{"rendered":"https:\/\/www.packagingofchina.com\/?post_type=product&#038;p=2248"},"modified":"2025-08-15T08:20:24","modified_gmt":"2025-08-15T08:20:24","slug":"oem-detergent-refill-spout-pouch","status":"publish","type":"product","link":"https:\/\/www.packagingofchina.com\/fr\/produit\/oem-detergent-refill-spout-pouch\/","title":{"rendered":"OEM 120ml Detergent Refill Spout Pouch Factory , Reclosable, Lightweight Packaging"},"content":{"rendered":"<div class=\"wp-block-columns is-layout-flex wp-container-core-columns-is-layout-9d6595d7 wp-block-columns-is-layout-flex\">\n<div class=\"wp-block-column is-layout-flow wp-block-column-is-layout-flow\">\n<h2 class=\"wp-block-heading\">Features of Detergent Refill Spout Pouch<\/h2>\n\n\n\n<ul class=\"wp-block-list\">\n<li><strong>Customizable Material Options<\/strong>: Our custom detergent refill nozzle bags offer a variety of material choices, such as polyethylene (PE) and aluminum foil composite materials, to meet different storage requirements for the product (e.g., moisture-proof, light-proof, or barrier properties).<\/li>\n<\/ul>\n\n\n\n<ul class=\"wp-block-list\">\n<li><strong>Leak-Proof Spout Design<\/strong>: The detergent bags feature a precision-engineered spout that ensures no dripping during pouring, preventing spills and waste during refilling.<\/li>\n<\/ul>\n\n\n\n<ul class=\"wp-block-list\">\n<li><strong>Reusable Twit-Lock Cap<\/strong>: DQ PACK&#8217;s advanced equipment ensures the spout bags maintain a secure seal, keeping the detergent fresh, preventing evaporation, and maintaining its concentrated strength, thereby extending its shelf life.<\/li>\n<\/ul>\n\n\n\n<ul class=\"wp-block-list\">\n<li><strong>Eco-friendly Detergent Packaging Bags<\/strong>: Compared to standard detergent bottles, lightweight, recyclable materials reduce plastic waste by up to 80%. High-Flow Wide-Mouth Spout: Enables quick, clog-free dispensing of detergent, ideal for ultra-concentrated or thick detergents.<\/li>\n<\/ul>\n\n\n\n<ul class=\"wp-block-list\">\n<li><strong>Space-saving<\/strong>: The flat packaging design fits easily into tight spaces, and standing spout pouches can be designed for bulk purchases or small laundry rooms.<\/li>\n<\/ul>\n<\/div>\n\n\n\n<div class=\"wp-block-column is-layout-flow wp-block-column-is-layout-flow\">\n<figure class=\"wp-block-image size-full\"><img decoding=\"async\" width=\"1476\" height=\"1476\" src=\"https:\/\/www.packagingofchina.com\/wp-content\/uploads\/2025\/08\/OEM-Detergent-Refill-Spout-Pouch-Factory-DQ-PACK-1.webp\" alt=\"Pochette de recharge de d\u00e9tergent OEM Factory- DQ PACK (1)\" class=\"wp-image-2249\" srcset=\"https:\/\/www.packagingofchina.com\/wp-content\/uploads\/2025\/08\/OEM-Detergent-Refill-Spout-Pouch-Factory-DQ-PACK-1.webp 1476w, https:\/\/www.packagingofchina.com\/wp-content\/uploads\/2025\/08\/OEM-Detergent-Refill-Spout-Pouch-Factory-DQ-PACK-1-300x300.webp 300w, https:\/\/www.packagingofchina.com\/wp-content\/uploads\/2025\/08\/OEM-Detergent-Refill-Spout-Pouch-Factory-DQ-PACK-1-150x150.webp 150w, https:\/\/www.packagingofchina.com\/wp-content\/uploads\/2025\/08\/OEM-Detergent-Refill-Spout-Pouch-Factory-DQ-PACK-1-768x768.webp 768w, https:\/\/www.packagingofchina.com\/wp-content\/uploads\/2025\/08\/OEM-Detergent-Refill-Spout-Pouch-Factory-DQ-PACK-1-12x12.webp 12w, https:\/\/www.packagingofchina.com\/wp-content\/uploads\/2025\/08\/OEM-Detergent-Refill-Spout-Pouch-Factory-DQ-PACK-1-1200x1200.webp 1200w, https:\/\/www.packagingofchina.com\/wp-content\/uploads\/2025\/08\/OEM-Detergent-Refill-Spout-Pouch-Factory-DQ-PACK-1-600x600.webp 600w, https:\/\/www.packagingofchina.com\/wp-content\/uploads\/2025\/08\/OEM-Detergent-Refill-Spout-Pouch-Factory-DQ-PACK-1-100x100.webp 100w\" sizes=\"(max-width: 1476px) 100vw, 1476px\" \/><\/figure>\n<\/div>\n<\/div>\n\n\n\n<div class=\"wp-block-columns is-layout-flex wp-container-core-columns-is-layout-9d6595d7 wp-block-columns-is-layout-flex\">\n<div class=\"wp-block-column is-layout-flow wp-block-column-is-layout-flow\">\n<figure class=\"wp-block-image size-full\"><img decoding=\"async\" width=\"1476\" height=\"1476\" src=\"https:\/\/www.packagingofchina.com\/wp-content\/uploads\/2025\/08\/OEM-Detergent-Refill-Spout-Pouch-Factory-DQ-PACK-2.webp\" alt=\"OEM Detergent Refill Spout Pouch Factory- DQ PACK (2)\" class=\"wp-image-2251\" srcset=\"https:\/\/www.packagingofchina.com\/wp-content\/uploads\/2025\/08\/OEM-Detergent-Refill-Spout-Pouch-Factory-DQ-PACK-2.webp 1476w, https:\/\/www.packagingofchina.com\/wp-content\/uploads\/2025\/08\/OEM-Detergent-Refill-Spout-Pouch-Factory-DQ-PACK-2-300x300.webp 300w, https:\/\/www.packagingofchina.com\/wp-content\/uploads\/2025\/08\/OEM-Detergent-Refill-Spout-Pouch-Factory-DQ-PACK-2-150x150.webp 150w, https:\/\/www.packagingofchina.com\/wp-content\/uploads\/2025\/08\/OEM-Detergent-Refill-Spout-Pouch-Factory-DQ-PACK-2-768x768.webp 768w, https:\/\/www.packagingofchina.com\/wp-content\/uploads\/2025\/08\/OEM-Detergent-Refill-Spout-Pouch-Factory-DQ-PACK-2-12x12.webp 12w, https:\/\/www.packagingofchina.com\/wp-content\/uploads\/2025\/08\/OEM-Detergent-Refill-Spout-Pouch-Factory-DQ-PACK-2-1200x1200.webp 1200w, https:\/\/www.packagingofchina.com\/wp-content\/uploads\/2025\/08\/OEM-Detergent-Refill-Spout-Pouch-Factory-DQ-PACK-2-600x600.webp 600w, https:\/\/www.packagingofchina.com\/wp-content\/uploads\/2025\/08\/OEM-Detergent-Refill-Spout-Pouch-Factory-DQ-PACK-2-100x100.webp 100w\" sizes=\"(max-width: 1476px) 100vw, 1476px\" \/><\/figure>\n<\/div>\n\n\n\n<div class=\"wp-block-column is-layout-flow wp-block-column-is-layout-flow\">\n<figure class=\"wp-block-image size-full\"><img decoding=\"async\" width=\"1476\" height=\"1476\" src=\"https:\/\/www.packagingofchina.com\/wp-content\/uploads\/2025\/08\/OEM-Detergent-Refill-Spout-Pouch-Factory-DQ-PACK-4.webp\" alt=\"OEM Detergent Refill Spout Pouch Factory- DQ PACK (4)\" class=\"wp-image-2250\" srcset=\"https:\/\/www.packagingofchina.com\/wp-content\/uploads\/2025\/08\/OEM-Detergent-Refill-Spout-Pouch-Factory-DQ-PACK-4.webp 1476w, https:\/\/www.packagingofchina.com\/wp-content\/uploads\/2025\/08\/OEM-Detergent-Refill-Spout-Pouch-Factory-DQ-PACK-4-300x300.webp 300w, https:\/\/www.packagingofchina.com\/wp-content\/uploads\/2025\/08\/OEM-Detergent-Refill-Spout-Pouch-Factory-DQ-PACK-4-150x150.webp 150w, https:\/\/www.packagingofchina.com\/wp-content\/uploads\/2025\/08\/OEM-Detergent-Refill-Spout-Pouch-Factory-DQ-PACK-4-768x768.webp 768w, https:\/\/www.packagingofchina.com\/wp-content\/uploads\/2025\/08\/OEM-Detergent-Refill-Spout-Pouch-Factory-DQ-PACK-4-12x12.webp 12w, https:\/\/www.packagingofchina.com\/wp-content\/uploads\/2025\/08\/OEM-Detergent-Refill-Spout-Pouch-Factory-DQ-PACK-4-1200x1200.webp 1200w, https:\/\/www.packagingofchina.com\/wp-content\/uploads\/2025\/08\/OEM-Detergent-Refill-Spout-Pouch-Factory-DQ-PACK-4-600x600.webp 600w, https:\/\/www.packagingofchina.com\/wp-content\/uploads\/2025\/08\/OEM-Detergent-Refill-Spout-Pouch-Factory-DQ-PACK-4-100x100.webp 100w\" sizes=\"(max-width: 1476px) 100vw, 1476px\" \/><\/figure>\n<\/div>\n<\/div>","protected":false},"excerpt":{"rendered":"<p>Notre pochette \u00e0 bec pour recharge de 120 ml est con\u00e7ue pour les march\u00e9s de l'UE et des \u00c9tats-Unis, et la personnalisation est au c\u0153ur de ses pr\u00e9occupations. Choisissez parmi les options de personnalisation de la marque : \u00e9tiquettes imprim\u00e9es avec le logo (avec impression CMYK) et mod\u00e8les de pochettes (avec ajustements de taille et finitions mates\/brillantes). Nous prenons en compte les normes r\u00e9gionales - y compris la conformit\u00e9 \u00e0 la FDA am\u00e9ricaine. Les <strong><b>bec refermable<\/b><\/strong>\u00a0garantit qu'il n'y a pas de d\u00e9versement, et le\u00a0<strong><b>conception compacte<\/b><\/strong>\u00a0r\u00e9duit l'espace de stockage. Passez \u00e0 un\u00a0<strong><b>solution de blanchisserie durable<\/b><\/strong>-Obtenez votre\u00a0<strong><b>pochette de recharge de d\u00e9tergent \u00e9cologique<\/b><\/strong>\u00a0aujourd'hui !<\/p>\n<h2>Param\u00e8tres de la pochette \u00e0 bec pour recharge de d\u00e9tergent<\/h2>\n<p><strong>Mat\u00e9riau :<\/strong> PET\/PE, PET\/NY\/PE, PET\/AL\/NY\/PE, etc. <br \/><strong>Type de sac<\/strong>: <a href=\"https:\/\/www.packagingofchina.com\/fr\/flexible-packaging\/custom-spout-pouch\/\"><em>Pochette \u00e0 bec<\/em><\/a> <br \/><strong>Taille<\/strong>8*14,5cm + 5cm \/ sur mesure <br \/><strong>\u00c9paisseur :<\/strong>105 microns <br \/><strong>Commande sur mesure :<\/strong> Acceptation des OEM et ODM <br \/><strong>\u00c9chantillon gratuit :<\/strong> Soutien <br \/><strong>Utilisation :<\/strong> Gel douche, shampoing, d\u00e9sinfectant pour les mains, nettoyant pour le visage, savon liquide, liquide de lavage, lave-glace, etc. <br \/><strong>Manipulation en surface :<\/strong> Impression en h\u00e9liogravure <br \/><strong>Couleur :<\/strong> Peut imprimer jusqu'\u00e0 13 couleurs <br \/><strong>March\u00e9s cibles :<\/strong> Partout dans le monde<\/p>","protected":false},"featured_media":2249,"comment_status":"closed","ping_status":"closed","template":"","meta":{"_acf_changed":false},"flexible-packaging":[25,24],"solution":[66,38,67,51,37,34],"product_brand":[],"product_cat":[17,46],"product_tag":[],"class_list":{"0":"post-2248","1":"product","2":"type-product","3":"status-publish","4":"has-post-thumbnail","6":"flexible-packaging-custom-spout-pouch","7":"flexible-packaging-custom-stand-up-pouch","8":"solution-bpa-free","9":"solution-high-barrier","10":"solution-leak-proof","11":"solution-moisture-proof","12":"solution-puncture-resistance","13":"solution-sealing-liquids","14":"product_cat-custom-non-food-packaging-solutions","15":"product_cat-home-care-packaging","17":"first","18":"instock","19":"shipping-taxable","20":"product-type-simple"},"acf":[],"_links":{"self":[{"href":"https:\/\/www.packagingofchina.com\/fr\/wp-json\/wp\/v2\/product\/2248","targetHints":{"allow":["GET"]}}],"collection":[{"href":"https:\/\/www.packagingofchina.com\/fr\/wp-json\/wp\/v2\/product"}],"about":[{"href":"https:\/\/www.packagingofchina.com\/fr\/wp-json\/wp\/v2\/types\/product"}],"replies":[{"embeddable":true,"href":"https:\/\/www.packagingofchina.com\/fr\/wp-json\/wp\/v2\/comments?post=2248"}],"wp:featuredmedia":[{"embeddable":true,"href":"https:\/\/www.packagingofchina.com\/fr\/wp-json\/wp\/v2\/media\/2249"}],"wp:attachment":[{"href":"https:\/\/www.packagingofchina.com\/fr\/wp-json\/wp\/v2\/media?parent=2248"}],"wp:term":[{"taxonomy":"flexible-packaging","embeddable":true,"href":"https:\/\/www.packagingofchina.com\/fr\/wp-json\/wp\/v2\/flexible-packaging?post=2248"},{"taxonomy":"solution","embeddable":true,"href":"https:\/\/www.packagingofchina.com\/fr\/wp-json\/wp\/v2\/solution?post=2248"},{"taxonomy":"product_brand","embeddable":true,"href":"https:\/\/www.packagingofchina.com\/fr\/wp-json\/wp\/v2\/product_brand?post=2248"},{"taxonomy":"product_cat","embeddable":true,"href":"https:\/\/www.packagingofchina.com\/fr\/wp-json\/wp\/v2\/product_cat?post=2248"},{"taxonomy":"product_tag","embeddable":true,"href":"https:\/\/www.packagingofchina.com\/fr\/wp-json\/wp\/v2\/product_tag?post=2248"}],"curies":[{"name":"wp","href":"https:\/\/api.w.org\/{rel}","templated":true}]}}