{"id":2255,"date":"2025-08-12T17:42:45","date_gmt":"2025-08-12T17:42:45","guid":{"rendered":"https:\/\/www.packagingofchina.com\/?post_type=product&#038;p=2255"},"modified":"2025-08-15T18:25:34","modified_gmt":"2025-08-15T18:25:34","slug":"oem-baby-fruit-puree-pouch","status":"publish","type":"product","link":"https:\/\/www.packagingofchina.com\/fr\/produit\/oem-baby-fruit-puree-pouch\/","title":{"rendered":"OEM Poche de pur\u00e9e de fruits pour b\u00e9b\u00e9 90g avec bouchon \u00e0 bec, option bouchon de s\u00e9curit\u00e9 enfant"},"content":{"rendered":"<div class=\"wp-block-columns is-layout-flex wp-container-core-columns-is-layout-9d6595d7 wp-block-columns-is-layout-flex\">\n<div class=\"wp-block-column is-layout-flow wp-block-column-is-layout-flow\">\n<h3 class=\"wp-block-heading\">Features of OEM Baby Fruit Puree Pouch<\/h3>\n\n\n\n<p><strong>Premium Spout Functionality<\/strong><strong>: <\/strong>Precision-molded, food-safe spout with smooth-flow design prevents clogging and enables controlled dispensing<\/p>\n\n\n\n<p><strong>Enhanced Shelf Appeal<\/strong><strong>: <\/strong>High-resolution flexo printing (up to 13&nbsp;colors) with CMYK+Pantone matching for vibrant brand presentation<\/p>\n\n\n\n<p><strong>High quality material:<\/strong>&nbsp;Made of PET\/AL\/NY\/PE composite material, with strong barrier properties, effectively locking fresh and moisture-proof, ensuring the quality of fruit puree. \u200b<\/p>\n\n\n\n<p><strong>Thoughtful design: <\/strong>Vertical suction nozzle design, leak proof and easy to suck, suitable for infants and adults, easy to use. \u200b<\/p>\n\n\n\n<p><strong>Wide adaptability:<\/strong>&nbsp;designed specifically for 90g fruit puree, suitable for various types of puree pr both complementary and snack scenes. \u200b<\/p>\n\n\n\n<p><strong>Exquisite craftsmanship: <\/strong>Produced through multiple processes and strictly controlled for quality, ensuring durable, safe, and reliable packaging. \u200b<\/p>\n\n\n\n<p><strong>Fonction pratique :<\/strong>&nbsp;L\u00e9ger et facile \u00e0 transporter, il r\u00e9pond aux besoins de divers sc\u00e9narios tels que les sorties et le travail, et am\u00e9liore l'exp\u00e9rience de l'utilisateur.<\/p>\n<\/div>\n\n\n\n<div class=\"wp-block-column is-layout-flow wp-block-column-is-layout-flow\">\n<figure class=\"wp-block-image size-full\"><img decoding=\"async\" width=\"1416\" height=\"1416\" src=\"https:\/\/www.packagingofchina.com\/wp-content\/uploads\/2025\/08\/OEM-Baby-Fruit-Spout-Pouch-DQ-PACK-8.webp\" alt=\"OEM Baby Fruit Spout Pouch - DQ PACK (8)\" class=\"wp-image-2263\" srcset=\"https:\/\/www.packagingofchina.com\/wp-content\/uploads\/2025\/08\/OEM-Baby-Fruit-Spout-Pouch-DQ-PACK-8.webp 1416w, https:\/\/www.packagingofchina.com\/wp-content\/uploads\/2025\/08\/OEM-Baby-Fruit-Spout-Pouch-DQ-PACK-8-300x300.webp 300w, https:\/\/www.packagingofchina.com\/wp-content\/uploads\/2025\/08\/OEM-Baby-Fruit-Spout-Pouch-DQ-PACK-8-150x150.webp 150w, https:\/\/www.packagingofchina.com\/wp-content\/uploads\/2025\/08\/OEM-Baby-Fruit-Spout-Pouch-DQ-PACK-8-768x768.webp 768w, https:\/\/www.packagingofchina.com\/wp-content\/uploads\/2025\/08\/OEM-Baby-Fruit-Spout-Pouch-DQ-PACK-8-12x12.webp 12w, https:\/\/www.packagingofchina.com\/wp-content\/uploads\/2025\/08\/OEM-Baby-Fruit-Spout-Pouch-DQ-PACK-8-1200x1200.webp 1200w, https:\/\/www.packagingofchina.com\/wp-content\/uploads\/2025\/08\/OEM-Baby-Fruit-Spout-Pouch-DQ-PACK-8-600x600.webp 600w, https:\/\/www.packagingofchina.com\/wp-content\/uploads\/2025\/08\/OEM-Baby-Fruit-Spout-Pouch-DQ-PACK-8-100x100.webp 100w\" sizes=\"(max-width: 1416px) 100vw, 1416px\" \/><\/figure>\n<\/div>\n<\/div>","protected":false},"excerpt":{"rendered":"<p>Customized 90g baby fruit puree pouch, made of PET\/AL\/NY\/PE composite material, with strong barrier properties, effectively locking freshness and moisture resistance. Vertical suction nozzle design, leak-proof and easy to suck, suitable for infant and toddler complementary food and adult leisure fruit puree. Support customized printing, capable of printing brand logos and patterns to enhance product recognition. Exquisite craftsmanship, durable and safe, providing high-quality packaging solutions for fruit puree products. \u00a0<\/p>\n<h2>Parameters of Baby Fruit Puree Pouch<\/h2>\n<p><strong>Mat\u00e9riau<\/strong>: PET+AL+NY+PE \/ Sur mesure <br \/><strong>Type de sac<\/strong>:<a href=\"https:\/\/www.packagingofchina.com\/fr\/flexible-packaging\/custom-spout-pouch\/\"><em><strong> Pochette \u00e0 bec<\/strong><\/em><\/a> <br \/><strong>Taille<\/strong>:8.4*13cm + 5cm \/ Custom <br \/><strong>\u00c9paisseur<\/strong>:124 microns <br \/><strong>Commande sur mesure :<\/strong> Acceptation des OEM et ODM <br \/><strong>\u00c9chantillon gratuit<\/strong>: Support <br \/><strong>Utilisation<\/strong>: Produits laitiers, jus, eau, sauce, ketchup, lait, p\u00e2te, th\u00e9, caf\u00e9, huile alimentaire, etc. <br \/><strong>Manipulation de surface<\/strong>: Impression en h\u00e9liogravure <br \/><strong>Couleur<\/strong>: Peut imprimer jusqu'\u00e0 13 couleurs <br \/><strong>March\u00e9s cibles :<\/strong> Partout dans le monde<\/p>","protected":false},"featured_media":2262,"comment_status":"closed","ping_status":"closed","template":"","meta":{"_acf_changed":false},"flexible-packaging":[25],"solution":[66,67,33],"product_brand":[],"product_cat":[20,62],"product_tag":[],"class_list":{"0":"post-2255","1":"product","2":"type-product","3":"status-publish","4":"has-post-thumbnail","6":"flexible-packaging-custom-spout-pouch","7":"solution-bpa-free","8":"solution-leak-proof","9":"solution-resist-high-temperature","10":"product_cat-baby-food-packaging-solutions","11":"product_cat-custom-dairy-packaging","13":"first","14":"instock","15":"shipping-taxable","16":"product-type-simple"},"acf":[],"_links":{"self":[{"href":"https:\/\/www.packagingofchina.com\/fr\/wp-json\/wp\/v2\/product\/2255","targetHints":{"allow":["GET"]}}],"collection":[{"href":"https:\/\/www.packagingofchina.com\/fr\/wp-json\/wp\/v2\/product"}],"about":[{"href":"https:\/\/www.packagingofchina.com\/fr\/wp-json\/wp\/v2\/types\/product"}],"replies":[{"embeddable":true,"href":"https:\/\/www.packagingofchina.com\/fr\/wp-json\/wp\/v2\/comments?post=2255"}],"wp:featuredmedia":[{"embeddable":true,"href":"https:\/\/www.packagingofchina.com\/fr\/wp-json\/wp\/v2\/media\/2262"}],"wp:attachment":[{"href":"https:\/\/www.packagingofchina.com\/fr\/wp-json\/wp\/v2\/media?parent=2255"}],"wp:term":[{"taxonomy":"flexible-packaging","embeddable":true,"href":"https:\/\/www.packagingofchina.com\/fr\/wp-json\/wp\/v2\/flexible-packaging?post=2255"},{"taxonomy":"solution","embeddable":true,"href":"https:\/\/www.packagingofchina.com\/fr\/wp-json\/wp\/v2\/solution?post=2255"},{"taxonomy":"product_brand","embeddable":true,"href":"https:\/\/www.packagingofchina.com\/fr\/wp-json\/wp\/v2\/product_brand?post=2255"},{"taxonomy":"product_cat","embeddable":true,"href":"https:\/\/www.packagingofchina.com\/fr\/wp-json\/wp\/v2\/product_cat?post=2255"},{"taxonomy":"product_tag","embeddable":true,"href":"https:\/\/www.packagingofchina.com\/fr\/wp-json\/wp\/v2\/product_tag?post=2255"}],"curies":[{"name":"wp","href":"https:\/\/api.w.org\/{rel}","templated":true}]}}